{"id":10851,"date":"2018-02-18T00:53:23","date_gmt":"2018-02-17T23:53:23","guid":{"rendered":"http:\/\/absi.ch\/new\/?page_id=10851"},"modified":"2023-04-29T14:02:09","modified_gmt":"2023-04-29T12:02:09","slug":"quaresima-2018","status":"publish","type":"page","link":"https:\/\/absi.ch\/new\/quaresima-2018\/","title":{"rendered":"Quaresima 2018"},"content":{"rendered":"<p>\u00a0<\/p>\n<h2 style=\"text-align: center;\">\u00a0<\/h2>\n<h5 style=\"text-align: center;\"><em>Testi quaresimali di Renzo Petraglio <\/em><\/h5>\n<p><img loading=\"lazy\" decoding=\"async\" class=\"size-full wp-image-10852 aligncenter\" src=\"http:\/\/absi.ch\/new\/wp-content\/uploads\/2018\/02\/Immenraet-Tentazione.jpg\" alt=\"\" width=\"845\" height=\"622\" srcset=\"https:\/\/absi.ch\/new\/wp-content\/uploads\/2018\/02\/Immenraet-Tentazione.jpg 845w, https:\/\/absi.ch\/new\/wp-content\/uploads\/2018\/02\/Immenraet-Tentazione-300x221.jpg 300w, https:\/\/absi.ch\/new\/wp-content\/uploads\/2018\/02\/Immenraet-Tentazione-768x565.jpg 768w\" sizes=\"auto, (max-width: 845px) 100vw, 845px\" \/><\/p>\n<h5>\u00a0<\/h5>\n<h5 style=\"text-align: center;\">Tentazione di Ges\u00f9<\/h5>\n<p style=\"text-align: center;\"><em>Philips Augustijn Immenraet (1627 &#8211; 1679)<\/em><\/p>\n<p>\u00a0<\/p>\n<p><strong id=\"yui_3_16_0_ym19_1_1518901376713_44051\">DALLA BIBBIA AL CORANO: QUARESIMA 2018<\/strong><br \/><em id=\"yui_3_16_0_ym19_1_1518901376713_44059\">Riprendono ancora una volta, in occasione dell&#8217;inizio del\u00a0percorso quaresimale 2018, le letture esistenziali biblico-coraniche di Renzo Petraglio, indirizzate al Centro Giovani Kamenge di Bujumbura (Burundi) e chiunque sia in grado di leggere il francese. Saranno ancora frammenti stimolanti verso una vita di relazione, tra cielo e terra, che aiuti lettrici e lettori ad essere persone pi\u00f9 aperte nel cuore e nella mente ad una quotidianit\u00e0 pi\u00f9 vitale e umanizzante. Buona lettura a tutte e a tutti!<\/em><\/p>\n<p>\u00a0<\/p>\n<p>[\/one_fourth][one_fourth]<\/p>\n<p>\u00a0<\/p>\n<ul>\n<li>premi\u00e8re semaine<\/li>\n<\/ul>\n<h6><a href=\"http:\/\/absi.ch\/new\/2018\/02\/careme-2018-premiere-semaine10865\/\">\u00ab Tu reviendras \u00e0 Yahv\u00e9h, ton Dieu, de tout ton c\u0153ur<\/a><br \/><a href=\"http:\/\/absi.ch\/new\/2018\/02\/careme-2018-premiere-semaine10865\/\">et de tout ton \u00eatre \u00bb (Deut 30,10).<\/a><\/h6>\n<ul>\n<li>deuxi\u00e8me semaine<\/li>\n<\/ul>\n<h6><a href=\"http:\/\/absi.ch\/new\/2018\/02\/careme-2018-deuxieme-semaine\/\">\u00ab Recherchez Yhwh car il se laisse trouver,<br \/>appelez-le car il est proche \u00bb.<\/a><\/h6>\n<ul>\n<li>troisi\u00e8me semaine<\/li>\n<\/ul>\n<h6><a href=\"http:\/\/absi.ch\/new\/2018\/03\/careme-2018-troisieme-semaine\/\" target=\"_blank\" rel=\"noopener\">Revenez \u00e0 Dieu \u00ab dans tout votre c\u0153ur \u00bb (Jo\u00ebl 2,12)<\/a><\/h6>\n<ul>\n<li>quatri\u00e8me semaine<\/li>\n<\/ul>\n<h6><a href=\"http:\/\/absi.ch\/new\/2018\/03\/careme-2018-quatrieme-semaine\/\">\u00ab S\u2019ils cherchent mon visage et reviennent de leurs voies mauvaises\u2026 \u00bb (2 Chr 7,14)<\/a><\/h6>\n<ul>\n<li>cinqui\u00e8me<\/li>\n<\/ul>\n<h6><a href=\"http:\/\/absi.ch\/new\/2018\/03\/careme-2018-cinquieme-semaine\/\">\u00abQue chacun revienne de son mauvais chemin et de la violence qui colle \u00e0 ses mains \u00ab (Jonas 3,8)<\/a><\/h6>\n<p>\u00a0<\/p>\n<p>\u00a0<\/p>\n<p><span style=\"border-radius: 2px; text-indent: 20px; width: auto; padding: 0px 4px 0px 0px; text-align: center; font: bold 11px\/20px 'Helvetica Neue',Helvetica,sans-serif; color: #ffffff; background: #bd081c no-repeat scroll 3px 50% \/ 14px 14px; position: absolute; opacity: 1; z-index: 8675309; display: none; cursor: pointer; top: 180px; left: 20px;\">Save<\/span><\/p>\n<p><span style=\"border-radius: 2px; text-indent: 20px; width: auto; padding: 0px 4px 0px 0px; text-align: center; font: bold 11px\/20px 'Helvetica Neue',Helvetica,sans-serif; color: #ffffff; background: #bd081c no-repeat scroll 3px 50% \/ 14px 14px; position: absolute; opacity: 1; z-index: 8675309; display: none; cursor: pointer; top: 180px; left: 20px;\">Save<\/span><\/p>\n<p><span style=\"border-radius: 2px; text-indent: 20px; width: auto; padding: 0px 4px 0px 0px; text-align: center; font: bold 11px\/20px 'Helvetica Neue',Helvetica,sans-serif; color: #ffffff; background: #bd081c no-repeat scroll 3px 50% \/ 14px 14px; position: absolute; opacity: 1; z-index: 8675309; display: none; cursor: pointer;\">Save<\/span><\/p>\n<p><span style=\"border-radius: 2px; text-indent: 20px; width: auto; padding: 0px 4px 0px 0px; text-align: center; font: bold 11px\/20px 'Helvetica Neue',Helvetica,sans-serif; color: #ffffff; background: #bd081c no-repeat scroll 3px 50% \/ 14px 14px; position: absolute; opacity: 1; z-index: 8675309; display: none; cursor: pointer; top: 180px; left: 64px;\">Save<\/span><\/p>\n\n<div id=\"themify_builder_content-10851\" data-postid=\"10851\" class=\"themify_builder_content themify_builder_content-10851 themify_builder\">\n    <\/div>\n\n","protected":false},"excerpt":{"rendered":"<p>\u00a0 \u00a0 Testi quaresimali di Renzo Petraglio \u00a0 Tentazione di Ges\u00f9 Philips Augustijn Immenraet (1627 &#8211; 1679) \u00a0 DALLA BIBBIA AL CORANO: QUARESIMA 2018Riprendono ancora una volta, in occasione dell&#8217;inizio del\u00a0percorso quaresimale 2018, le letture esistenziali biblico-coraniche di Renzo Petraglio, indirizzate al Centro Giovani Kamenge di Bujumbura (Burundi) e chiunque sia in grado di leggere [&hellip;]<\/p>\n","protected":false},"author":1,"featured_media":0,"parent":0,"menu_order":0,"comment_status":"closed","ping_status":"closed","template":"","meta":{"footnotes":""},"class_list":["post-10851","page","type-page","status-publish","hentry","has-post-title","no-post-date","has-post-category","has-post-tag","has-post-comment","has-post-author",""],"builder_content":"","_links":{"self":[{"href":"https:\/\/absi.ch\/new\/wp-json\/wp\/v2\/pages\/10851","targetHints":{"allow":["GET"]}}],"collection":[{"href":"https:\/\/absi.ch\/new\/wp-json\/wp\/v2\/pages"}],"about":[{"href":"https:\/\/absi.ch\/new\/wp-json\/wp\/v2\/types\/page"}],"author":[{"embeddable":true,"href":"https:\/\/absi.ch\/new\/wp-json\/wp\/v2\/users\/1"}],"replies":[{"embeddable":true,"href":"https:\/\/absi.ch\/new\/wp-json\/wp\/v2\/comments?post=10851"}],"version-history":[{"count":20,"href":"https:\/\/absi.ch\/new\/wp-json\/wp\/v2\/pages\/10851\/revisions"}],"predecessor-version":[{"id":17893,"href":"https:\/\/absi.ch\/new\/wp-json\/wp\/v2\/pages\/10851\/revisions\/17893"}],"wp:attachment":[{"href":"https:\/\/absi.ch\/new\/wp-json\/wp\/v2\/media?parent=10851"}],"curies":[{"name":"wp","href":"https:\/\/api.w.org\/{rel}","templated":true}]}}