{"id":10952,"date":"2018-02-25T21:47:22","date_gmt":"2018-02-25T20:47:22","guid":{"rendered":"http:\/\/absi.ch\/new\/?page_id=10952"},"modified":"2020-11-29T02:28:07","modified_gmt":"2020-11-29T01:28:07","slug":"lectures-pour-lafrique-et-toute-la-terre_2018","status":"publish","type":"page","link":"https:\/\/absi.ch\/new\/lectures-pour-lafrique-et-toute-la-terre_2018\/","title":{"rendered":"Lectures pour l&#8217;Afrique<br> et &#8230; toute la Terre &#8211; 2018"},"content":{"rendered":"<h4 style=\"text-align: left;\">di Renzo Petraglio<\/h4>\n<p><\/p>\n<h4>2018<\/h4>\n<ul>\n<li>Eucharistie :30 d\u00e9cembre 2018<\/li>\n<\/ul>\n<p><a href=\"http:\/\/absi.ch\/new\/2019\/01\/eucharistie-30-decembre-2018\/\">La famille de Nazareth et nos familles<\/a><\/p>\n<ul>\n<li>Eucharistie : 25 d\u00e9cembre 2018<\/li>\n<\/ul>\n<p><a href=\"http:\/\/absi.ch\/new\/2018\/12\/natale-2018\/\">\u00ab Nous avons tous \u00e9t\u00e9 remplis de son amour \u00bb (Jean 1,16)<\/a><\/p>\n<ul>\n<li>Eucharistie : 23 d\u00e9cembre 2018<\/li>\n<\/ul>\n<p><a href=\"http:\/\/absi.ch\/new\/2018\/12\/eucharistie-23-decembre-2018\/\">\u00ab Fais briller sur nous ton visage et nous serons sauv\u00e9s \u00bb (Psaume 80,4)<\/a><\/p>\n<ul>\n<li>Eucharistie : 9 d\u00e9cembre 2018<\/li>\n<\/ul>\n<p><a href=\"http:\/\/absi.ch\/new\/2018\/12\/eucharistie-9-decembre-2018\/\">Dieu intervient, et nous devons changer<\/a><\/p>\n<ul>\n<li>Eucharistie : 26 novembre 2018<\/li>\n<\/ul>\n<p><a href=\"http:\/\/absi.ch\/new\/2018\/11\/eucharistie-25-novembre-2018\/\" target=\"_blank\" rel=\"noopener noreferrer\">Elle a donn\u00e9 \u00ab sa vie tout enti\u00e8re \u00bb (Marc 12,44)<\/a><\/p>\n<ul>\n<li>Eucharistie : 11 novembre 2018<\/li>\n<\/ul>\n<p><a href=\"http:\/\/absi.ch\/new\/2018\/11\/eucharistie-11-novembre-2018\/\">Elle a donn\u00e9 \u00ab sa vie tout enti\u00e8re \u00bb (Marc 12,44)<\/a><\/p>\n<ul>\n<li>Eucharistie : 4 novembre 2018<\/li>\n<\/ul>\n<p><a href=\"http:\/\/absi.ch\/new\/2018\/11\/eucharistie-4-novembre-2018\/\">\u00ab Tu aimeras Yahv\u00e9h, ton Dieu, de tout ton c\u0153ur \u00bb (Deut\u00e9ronome 6,5)<\/a><\/p>\n<ul>\n<li>Eucharistie : 1 novembre 2018<\/li>\n<\/ul>\n<p><a href=\"http:\/\/absi.ch\/new\/2018\/10\/eucharistie-1-novembre-2018\/\">La Toussaint : des hommes et des femmes qui nous encouragent<\/a><\/p>\n<ul>\n<li>Eucharistie : 28 octobre 2018<\/li>\n<\/ul>\n<p style=\"text-align: left;\" align=\"CENTER\"><a href=\"http:\/\/absi.ch\/new\/2018\/10\/eucharistie-28-octobre-2018\/\">\u00ab Ceux qui ont sem\u00e9 dans les larmes \u00bb (Ps 126,5)<\/a><\/p>\n<ul>\n<li>Eucharistie : 14 octobre 2018<\/li>\n<\/ul>\n<p style=\"text-align: left;\" align=\"CENTER\"><a href=\"http:\/\/absi.ch\/new\/2018\/10\/eucharistie-14-octobre-2018\/\">Dieu, apprends-nous \u00e0 d\u00e9couvrir ton chemin !<\/a><\/p>\n<ul>\n<li>Eucharistie : 7 octobre 2018<\/li>\n<\/ul>\n<p style=\"text-align: left;\" align=\"CENTER\"><a href=\"http:\/\/absi.ch\/new\/2018\/10\/eucharistie-7-octobre-2018\/\">L\u2019autre : un don, toujours surprenant, de Dieu<\/a><\/p>\n<ul>\n<li>Eucharistie : 12 ao\u00fbt 2018<\/li>\n<\/ul>\n<p><a href=\"http:\/\/absi.ch\/new\/2018\/08\/eucharistie-12-aout-2018\/\">Attir\u00e9(e)s par Dieu et nourri(e)s par lui<\/a><\/p>\n<ul>\n<li>Eucharistie 22 juillet 2018<\/li>\n<\/ul>\n<p><a href=\"http:\/\/absi.ch\/new\/2018\/07\/eucharistie-22-juillet-2018\/\">\u00ab Le Seigneur est mon berger : rien ne saurait me manquer \u00bb (Psaume 23,1)<\/a><\/p>\n<ul>\n<li>Eucharistie : 15 juillet 2018<\/li>\n<\/ul>\n<p><a href=\"http:\/\/absi.ch\/new\/2018\/07\/eucharistie-15-juillet-2018\/\">En chemin vers un changement<\/a><\/p>\n<ul>\n<li>Eucharistie : 17 juin 2018<\/li>\n<\/ul>\n<p><a href=\"http:\/\/absi.ch\/new\/2018\/06\/eucharistie-17-juin-2018\/\">Pour faire m\u00e9moire des jeunes martyrs de l\u2019Ouganda<\/a><\/p>\n<ul>\n<li>Eucharistie : 10 juin 2018<\/li>\n<\/ul>\n<p><a href=\"http:\/\/absi.ch\/new\/2018\/06\/eucharistie-10-juin-2018\/\">10<sup>\u00e8m<\/sup> dimanche du Temps Ordinaire \u2014 Ann\u00e9e B<\/a><\/p>\n<ul>\n<li>Eucharistie : 3 juin 2018<\/li>\n<\/ul>\n<p><a href=\"http:\/\/absi.ch\/new\/2018\/06\/eucharistie-3-juin-2018\/\">Le Corps et le Sang du Christ : une vie donn\u00e9e<\/a><\/p>\n<ul>\n<li>Eucharistie : 20 mai 2018<\/li>\n<\/ul>\n<p><a href=\"http:\/\/absi.ch\/new\/2018\/05\/eucharistie-pentecote-20-mai-2018\/\">Souffle de Dieu, Souffle d\u2019unit\u00e9 entre les personnes et les peuples<\/a><\/p>\n<ul>\n<li>Eucharistie : 8 avril 2018<\/li>\n<\/ul>\n<p><a href=\"http:\/\/absi.ch\/new\/2018\/04\/eucharistie-8-avril-2018-2eme-dimanche-de-paques-annee-b\/\">J\u00e9sus ressuscit\u00e9 nous donne la paix, une vie sans peur et dans le partage<\/a><\/p>\n<ul>\n<li>Eucharistie, 25 mars 2018<\/li>\n<\/ul>\n<p><a href=\"http:\/\/absi.ch\/new\/2018\/03\/25-mars-2018-dimanche-des-rameaux-et-de-la-passion-du-seigneur\/\">Dimanche des Rameaux et de la Passion du Seigneur<\/a><\/p>\n<ul>\n<li>Eucharistie, 18 mars 2018<\/li>\n<\/ul>\n<p><a href=\"http:\/\/absi.ch\/new\/2018\/03\/eucharistie-18-mars-2018\/\">Le don de la nouvelle alliance, le don de la vie<\/a><\/p>\n<ul>\n<li>Eucharistie, 11 mars 2018<\/li>\n<\/ul>\n<p><a href=\"http:\/\/absi.ch\/new\/2018\/03\/eucharistie-11-mars-2018-4eme-dimanche-de-careme-annee-b\/\">\u00ab Tous ceux qui croient en lui vivront avec lui pour toujours \u00bb (Jean 3,16)<\/a><\/p>\n<ul>\n<li>Eucharistie, 4 mars 2018<\/li>\n<\/ul>\n<p><a href=\"http:\/\/absi.ch\/new\/2018\/03\/4-mars-2018-3eme-dimanche-de-careme-annee-b\/\">La parole de Dieu nous \u00ab redonne la force de vivre \u00bb (Psaume 19,8<\/a>)<\/p>\n<ul>\n<li>Eucharistie: 25 f\u00e9vrier 2018<\/li>\n<\/ul>\n<p><a href=\"http:\/\/absi.ch\/new\/2018\/02\/eucharistie-25-fevrier-2018-2eme-dimanche-de-careme-annee-b\/\">Confront\u00e9(e)s \u00e0 la mort et aim\u00e9(e)s par Dieu<\/a><\/p>\n<ul>\n<li>Eucharistie: 18 f\u00e9vrier 2018<\/li>\n<\/ul>\n<p><a href=\"http:\/\/absi.ch\/new\/2018\/02\/eucharistie-18-fevrier-2018\/\">C\u2019est le moment : changeons, mettons notre confiance dans l\u2019Evangile !<\/a><\/p>\n<ul>\n<li>Eucharistie, 11 f\u00e9vrier 2018<\/li>\n<\/ul>\n<p><a href=\"http:\/\/absi.ch\/new\/2018\/02\/eucharistie-11-fevrier-2018\/\">Maladie et gu\u00e9rison, marginalisation et mort<\/a><\/p>\n<ul>\n<li>Eucharistie, 21 janvier 2018<\/li>\n<\/ul>\n<p><a href=\"http:\/\/absi.ch\/new\/2018\/01\/eucharistie-21-janvier-2018\/\">\u00ab Yhwh, fais-moi conna\u00eetre tes chemins \u00bb (Psaume 25,4)<\/a><\/p>\n<ul>\n<li>Eucharistie, 7 janvier 2018: L\u2019\u00c9piphanie du Seigneur<\/li>\n<\/ul>\n<p><a href=\"http:\/\/absi.ch\/new\/2018\/01\/eucharistie-7-janvier-2018-lepiphanie-du-seigneur\/\">S\u2019ouvrir \u00e0 l\u2019Autre et aux autres<\/a><\/p>\n<ul>\n<li>Eucharistie 1 janvier 2018<\/li>\n<\/ul>\n<p><a href=\"http:\/\/absi.ch\/new\/2017\/12\/eucharistie-1-janvier-2018\/\">Un beau message pour les plus d\u00e9muni(e)s<\/a><\/p>\n<p><span style=\"border-radius: 2px; text-indent: 20px; width: auto; padding: 0px 4px 0px 0px; text-align: center; font: bold 11px\/20px 'Helvetica Neue',Helvetica,sans-serif; color: #ffffff; background: #bd081c no-repeat scroll 3px 50% \/ 14px 14px; position: absolute; opacity: 1; z-index: 8675309; display: none; cursor: pointer; top: 222px; left: 329px;\">Save<\/span><\/p>\n<p><span style=\"border-radius: 2px; text-indent: 20px; width: auto; padding: 0px 4px 0px 0px; text-align: center; font: bold 11px\/20px 'Helvetica Neue',Helvetica,sans-serif; color: #ffffff; background: #bd081c no-repeat scroll 3px 50% \/ 14px 14px; position: absolute; opacity: 1; z-index: 8675309; display: none; cursor: pointer; top: 182px; left: 180px;\">Save<\/span><\/p>\n<p><span style=\"border-radius: 2px; text-indent: 20px; width: auto; padding: 0px 4px 0px 0px; text-align: center; font: bold 11px\/20px 'Helvetica Neue',Helvetica,sans-serif; color: #ffffff; background: #bd081c no-repeat scroll 3px 50% \/ 14px 14px; position: absolute; opacity: 1; z-index: 8675309; display: none; cursor: pointer;\">Save<\/span><\/p>\n<p><span style=\"border-radius: 2px; text-indent: 20px; width: auto; padding: 0px 4px 0px 0px; text-align: center; font: bold 11px\/20px 'Helvetica Neue',Helvetica,sans-serif; color: #ffffff; background: #bd081c no-repeat scroll 3px 50% \/ 14px 14px; position: absolute; opacity: 1; z-index: 8675309; display: none; cursor: pointer;\">Save<\/span><\/p>\n<p><span style=\"border-radius: 2px; text-indent: 20px; width: auto; padding: 0px 4px 0px 0px; text-align: center; font: bold 11px\/20px 'Helvetica Neue',Helvetica,sans-serif; color: #ffffff; background: #bd081c no-repeat scroll 3px 50% \/ 14px 14px; position: absolute; opacity: 1; z-index: 8675309; display: none; cursor: pointer;\">Save<\/span><\/p>\n<p><span style=\"border-radius: 2px; text-indent: 20px; width: auto; padding: 0px 4px 0px 0px; text-align: center; font: bold 11px\/20px 'Helvetica Neue',Helvetica,sans-serif; color: #ffffff; background: #bd081c no-repeat scroll 3px 50% \/ 14px 14px; position: absolute; opacity: 1; z-index: 8675309; display: none; cursor: pointer; top: 230px; left: 180px;\">Save<\/span><\/p>\n<p><span style=\"border-radius: 2px; text-indent: 20px; width: auto; padding: 0px 4px 0px 0px; text-align: center; font: bold 11px\/20px 'Helvetica Neue',Helvetica,sans-serif; color: #ffffff; background: #bd081c no-repeat scroll 3px 50% \/ 14px 14px; position: absolute; opacity: 1; z-index: 8675309; display: none; cursor: pointer; top: 182px; left: 20px;\">Save<\/span><\/p>\n<p><span style=\"border-radius: 2px; text-indent: 20px; width: auto; padding: 0px 4px 0px 0px; text-align: center; font: bold 11px\/20px 'Helvetica Neue',Helvetica,sans-serif; color: #ffffff; background: #bd081c no-repeat scroll 3px 50% \/ 14px 14px; position: absolute; opacity: 1; z-index: 8675309; display: none; cursor: pointer; top: 182px; left: 20px;\">Save<\/span><\/p>\n<p><span style=\"border-radius: 2px; text-indent: 20px; width: auto; padding: 0px 4px 0px 0px; text-align: center; font: bold 11px\/20px 'Helvetica Neue',Helvetica,sans-serif; color: #ffffff; background: #bd081c no-repeat scroll 3px 50% \/ 14px 14px; position: absolute; opacity: 1; z-index: 8675309; display: none; cursor: pointer; top: 182px; left: 87px;\">Save<\/span><\/p>\n<p><span style=\"border-radius: 2px; text-indent: 20px; width: auto; padding: 0px 4px 0px 0px; text-align: center; font: bold 11px\/20px 'Helvetica Neue',Helvetica,sans-serif; color: #ffffff; background: #bd081c no-repeat scroll 3px 50% \/ 14px 14px; position: absolute; opacity: 1; z-index: 8675309; display: none; cursor: pointer; top: 182px; left: 20px;\">Save<\/span><\/p>\n<p><span style=\"border-radius: 2px; text-indent: 20px; width: auto; padding: 0px 4px 0px 0px; text-align: center; font: bold 11px\/20px 'Helvetica Neue',Helvetica,sans-serif; color: #ffffff; background: #bd081c no-repeat scroll 3px 50% \/ 14px 14px; position: absolute; opacity: 1; z-index: 8675309; display: none; cursor: pointer; top: 182px; left: 126px;\">Save<\/span><\/p>\n<p><span style=\"border-radius: 2px; text-indent: 20px; width: auto; padding: 0px 4px 0px 0px; text-align: center; font: bold 11px\/20px 'Helvetica Neue',Helvetica,sans-serif; color: #ffffff; background: #bd081c no-repeat scroll 3px 50% \/ 14px 14px; position: absolute; opacity: 1; z-index: 8675309; display: none; cursor: pointer; top: 182px; left: 20px;\">Save<\/span><\/p>\n<p><span style=\"border-radius: 2px; text-indent: 20px; width: auto; padding: 0px 4px 0px 0px; text-align: center; font: bold 11px\/20px 'Helvetica Neue',Helvetica,sans-serif; color: #ffffff; background: #bd081c no-repeat scroll 3px 50% \/ 14px 14px; position: absolute; opacity: 1; z-index: 8675309; display: none; cursor: pointer;\">Save<\/span><\/p>\n<p><span style=\"border-radius: 2px; text-indent: 20px; width: auto; padding: 0px 4px 0px 0px; text-align: center; font: bold 11px\/20px 'Helvetica Neue',Helvetica,sans-serif; color: #ffffff; background: #bd081c no-repeat scroll 3px 50% \/ 14px 14px; position: absolute; opacity: 1; z-index: 8675309; display: none; cursor: pointer; top: 182px; left: 35px;\">Save<\/span><\/p>\n<p><span style=\"border-radius: 2px; text-indent: 20px; width: auto; padding: 0px 4px 0px 0px; text-align: center; font: bold 11px\/20px 'Helvetica Neue',Helvetica,sans-serif; color: #ffffff; background: #bd081c no-repeat scroll 3px 50% \/ 14px 14px; position: absolute; opacity: 1; z-index: 8675309; display: none; cursor: pointer; top: 182px; left: 20px;\">Save<\/span><\/p>\n<p><span style=\"border-radius: 2px; text-indent: 20px; width: auto; padding: 0px 4px 0px 0px; text-align: center; font: bold 11px\/20px 'Helvetica Neue',Helvetica,sans-serif; color: #ffffff; background: #bd081c no-repeat scroll 3px 50% \/ 14px 14px; position: absolute; opacity: 1; z-index: 8675309; display: none; cursor: pointer;\">Save<\/span><\/p>\n<p><span style=\"border-radius: 2px; text-indent: 20px; width: auto; padding: 0px 4px 0px 0px; text-align: center; font: bold 11px\/20px 'Helvetica Neue',Helvetica,sans-serif; color: #ffffff; background: #bd081c no-repeat scroll 3px 50% \/ 14px 14px; position: absolute; opacity: 1; z-index: 8675311; display: none; cursor: pointer; top: 182px; left: 20px;\">Save<\/span><\/p>\n<p><span style=\"border-radius: 2px; text-indent: 20px; width: auto; padding: 0px 4px 0px 0px; text-align: center; font: bold 11px\/20px 'Helvetica Neue',Helvetica,sans-serif; color: #ffffff; background: #bd081c no-repeat scroll 3px 50% \/ 14px 14px; position: absolute; opacity: 1; z-index: 8675311; display: none; cursor: pointer; top: 182px; left: 20px;\">Save<\/span><\/p>\n<p><span style=\"border-radius: 2px; text-indent: 20px; width: auto; padding: 0px 4px 0px 0px; text-align: center; font: bold 11px\/20px 'Helvetica Neue',Helvetica,sans-serif; color: #ffffff; background: #bd081c no-repeat scroll 3px 50% \/ 14px 14px; position: absolute; opacity: 1; z-index: 8675311; display: none; cursor: pointer; top: 182px; left: 20px;\">Save<\/span><\/p>\n<p><span style=\"border-radius: 2px; text-indent: 20px; width: auto; padding: 0px 4px 0px 0px; text-align: center; font: bold 11px\/20px 'Helvetica Neue',Helvetica,sans-serif; color: #ffffff; background: #bd081c no-repeat scroll 3px 50% \/ 14px 14px; position: absolute; opacity: 1; z-index: 8675311; display: none; cursor: pointer; top: 182px; left: 71px;\">Save<\/span><\/p>\n<p><span style=\"border-radius: 2px; text-indent: 20px; width: auto; padding: 0px 4px 0px 0px; text-align: center; font: bold 11px\/20px 'Helvetica Neue',Helvetica,sans-serif; color: #ffffff; background: #bd081c no-repeat scroll 3px 50% \/ 14px 14px; position: absolute; opacity: 1; z-index: 8675311; display: none; cursor: pointer; top: 182px; left: 71px;\">Save<\/span><\/p>\n\n<div id=\"themify_builder_content-10952\" data-postid=\"10952\" class=\"themify_builder_content themify_builder_content-10952 themify_builder\">\n    <\/div>\n\n\n\n\n<p><\/p>\n","protected":false},"excerpt":{"rendered":"<p>di Renzo Petraglio 2018 Eucharistie :30 d\u00e9cembre 2018 La famille de Nazareth et nos familles Eucharistie : 25 d\u00e9cembre 2018 \u00ab Nous avons tous \u00e9t\u00e9 remplis de son amour \u00bb (Jean 1,16) Eucharistie : 23 d\u00e9cembre 2018 \u00ab Fais briller sur nous ton visage et nous serons sauv\u00e9s \u00bb (Psaume 80,4) Eucharistie : 9 d\u00e9cembre [&hellip;]<\/p>\n","protected":false},"author":1,"featured_media":10530,"parent":0,"menu_order":0,"comment_status":"closed","ping_status":"closed","template":"","meta":{"footnotes":""},"class_list":["post-10952","page","type-page","status-publish","has-post-thumbnail","hentry","has-post-title","no-post-date","has-post-category","has-post-tag","has-post-comment","has-post-author",""],"builder_content":"","_links":{"self":[{"href":"https:\/\/absi.ch\/new\/wp-json\/wp\/v2\/pages\/10952","targetHints":{"allow":["GET"]}}],"collection":[{"href":"https:\/\/absi.ch\/new\/wp-json\/wp\/v2\/pages"}],"about":[{"href":"https:\/\/absi.ch\/new\/wp-json\/wp\/v2\/types\/page"}],"author":[{"embeddable":true,"href":"https:\/\/absi.ch\/new\/wp-json\/wp\/v2\/users\/1"}],"replies":[{"embeddable":true,"href":"https:\/\/absi.ch\/new\/wp-json\/wp\/v2\/comments?post=10952"}],"version-history":[{"count":64,"href":"https:\/\/absi.ch\/new\/wp-json\/wp\/v2\/pages\/10952\/revisions"}],"predecessor-version":[{"id":15630,"href":"https:\/\/absi.ch\/new\/wp-json\/wp\/v2\/pages\/10952\/revisions\/15630"}],"wp:featuredmedia":[{"embeddable":true,"href":"https:\/\/absi.ch\/new\/wp-json\/wp\/v2\/media\/10530"}],"wp:attachment":[{"href":"https:\/\/absi.ch\/new\/wp-json\/wp\/v2\/media?parent=10952"}],"curies":[{"name":"wp","href":"https:\/\/api.w.org\/{rel}","templated":true}]}}