{"id":1100,"date":"2014-04-10T15:30:07","date_gmt":"2014-04-10T15:30:07","guid":{"rendered":"http:\/\/absi.ch\/new\/?page_id=1100"},"modified":"2020-11-17T11:45:01","modified_gmt":"2020-11-17T10:45:01","slug":"link-2","status":"publish","type":"page","link":"https:\/\/absi.ch\/new\/link-2\/","title":{"rendered":"Links"},"content":{"rendered":"<div id=\"themify_builder_content-1100\" data-postid=\"1100\" class=\"themify_builder_content themify_builder_content-1100 themify_builder\">\n    \t<!-- module_row -->\n\t<div   class=\"themify_builder_row module_row clearfix bianco fullwidth module_row_0 themify_builder_1100_row module_row_1100-0 tb_9mhm277\">\n\t    \t    <div class=\"row_inner col_align_top gutter-none\" >\n\t\t\t<div  class=\"module_column tb-column col4-2 first tb_1100_column module_column_0 module_column_1100-0-0 tb_fiou277 fullcover\" >\n\t    \t    \t        <div class=\"tb-column-inner\">\n\t\t    <!-- module text -->\n<div  class=\"module module-text tb_ekta277    \">\n                <h3 class=\"module-title\">Links<\/h3>        <div  class=\"tb_text_wrap\">\n    <h2>L\u2019importanza della conoscenza biblica per la formazione culturale<\/h2>    <\/div>\n<\/div>\n<!-- \/module text -->\n\t        <\/div>\n\t    \t<\/div>\n\t\t<div  class=\"module_column tb-column col4-2 last tb_1100_column module_column_1 module_column_1100-0-1 tb_otxp277 fullcover\" >\n\t    \t    \t<\/div>\n\t\t    <\/div>\n\t    <!-- \/row_inner -->\n\t<\/div>\n\t<!-- \/module_row -->\n\t\t<!-- module_row -->\n\t<div  class=\"themify_builder_row module_row clearfix module_row_1 themify_builder_1100_row module_row_1100-1 tb_xyoz246\">\n\t    \t    <div class=\"row_inner col_align_top\" >\n\t\t\t<div  class=\"module_column tb-column col-full first tb_1100_column module_column_0 module_column_1100-1-0 tb_sw12246\">\n\t    \t    \t        <div class=\"tb-column-inner\">\n\t\t    <!-- module text -->\n<div  class=\"module module-text tb_bxry32    \">\n            <div  class=\"tb_text_wrap\">\n    <p>\u00a0<\/p>\n<h2>La Bibbia Online<\/h2>\n<p>\u00a0<\/p>\n<ul>\n<li><a href=\"http:\/\/www.bibbiaedu.it\/\">Bibbia Edu<\/a><\/li>\n<\/ul>\n<p>\u00a0<\/p>\n<h2>Associazioni, Istituzioni,&#8230;<\/h2>\n<p>\u00a0<\/p>\n<ul>\n<li><a href=\"http:\/\/www.aecroma.it.\/\">Amicizia Ebraico-Cristiana di Roma<\/a><\/li>\n<\/ul>\n<ul>\n<li><a href=\"http:\/\/www.lasinadibalaam.it\/\">Associazione l&#8217;Asina di Balaam<\/a><\/li>\n<\/ul>\n<ul>\n<li><a href=\"http:\/\/www.associazionebiblica.it\/\" target=\"_blank\" rel=\"noopener\">Associazione Biblica Italiana\u00a0 ABI<\/a><\/li>\n<\/ul>\n<ul>\n<li><a href=\"http:\/\/www.aisg.it\/\" target=\"_blank\" rel=\"noopener\">Associazione Italiana per lo Studio del Giudaismo AISG<\/a><\/li>\n<\/ul>\n<ul>\n<li><a href=\"http:\/\/www.biblia.org\/\" target=\"_blank\" rel=\"noopener\">BIBLIA Associazione Laica di Cultura Biblica<\/a><\/li>\n<\/ul>\n<ul>\n<li><a href=\"http:\/\/www.monasterodibose.it\/\" target=\"_blank\" rel=\"noopener\">Monastero di Bose<\/a><\/li>\n<\/ul>\n<ul>\n<li><a href=\"http:\/\/www.studibiblici.it\/\" target=\"_blank\" rel=\"noopener\">Centro Studi Biblici &#8220;G.Vannucci&#8221;<\/a><\/li>\n<\/ul>\n<ul>\n<li><a href=\"http:\/\/www.chiesacattolica.it\/cci2009\/index.html\" target=\"_blank\" rel=\"noopener\">Chiesa Cattolica Italiana<\/a><\/li>\n<\/ul>\n<ul>\n<li><a href=\"http:\/\/www.chiesecristianeticinesi.ch\/Galleria.html\" target=\"_blank\" rel=\"noopener\">Comunit\u00e0 di lavoro delle Chiese Cristiane nel Ticino <\/a><\/li>\n<\/ul>\n<ul>\n<li><a href=\"http:\/\/www.voce-evangelica.ch\/rivista\/articolo.cfm?articolo=1434\" target=\"_blank\" rel=\"noopener\">Voce evangelica<\/a><\/li>\n<\/ul>\n<ul>\n<li><a href=\"http:\/\/www.kath.ch\/sbk-ces-cvs\/\" target=\"_blank\" rel=\"noopener\">Conferenza dei vescovi svizzeri CVS<\/a><\/li>\n<\/ul>\n<ul>\n<li><a href=\"http:\/\/www.teologiacati.it\/index.htm\" target=\"_blank\" rel=\"noopener\">Coordinamento Associazioni Teologiche Italiane CATI<\/a><\/li>\n<\/ul>\n<ul>\n<li><a href=\"http:\/\/www.c-b-f.org\/\" target=\"_blank\" rel=\"noopener\">Federazione Biblica Cattolica<\/a><\/li>\n<\/ul>\n<ul>\n<li><a href=\"http:\/\/elenalea.webnode.it\/\" target=\"_blank\" rel=\"noopener\">Elenalea<\/a><\/li>\n<\/ul>\n<ul>\n<li><a href=\"http:\/\/users.south-tyrolean.net\/altkatholiken\/partnersein\/psi.html\" target=\"_blank\" rel=\"noopener\">Essere Solidali<\/a><\/li>\n<\/ul>\n<ul>\n<li><a href=\"http:\/\/www.fundacao-betania.org\/\" target=\"_blank\" rel=\"noopener\">Fundacao betania<\/a><\/li>\n<\/ul>\n<ul>\n<li><a href=\"http:\/\/www.gioba.it\/\" target=\"_blank\" rel=\"noopener\">gioba.it<\/a><\/li>\n<\/ul>\n<ul>\n<li><a href=\"http:\/\/www.finesettimana.org\/pmwiki\/\" target=\"_blank\" rel=\"noopener\">Incontri di Fine Settimana<\/a><\/li>\n<\/ul>\n<ul>\n<li><a href=\"http:\/\/www.istitutosvizzero.it\/\" target=\"_blank\" rel=\"noopener\">Istituto Svizzero<\/a><\/li>\n<\/ul>\n<ul>\n<li><a href=\"http:\/\/www.die-bibel.ch\/indexf.php\" target=\"_blank\" rel=\"noopener\">La Bible<\/a><\/li>\n<\/ul>\n<ul>\n<li><a href=\"http:\/\/www.lanuovaregaldi.it\/\" target=\"_blank\" rel=\"noopener\">La Nuova Regaldi<\/a><\/li>\n<\/ul>\n<ul>\n<li><a href=\"http:\/\/alt.bibelwerk.de\/\" target=\"_blank\" rel=\"noopener\">Katolisches Bibelwerk<\/a><\/li>\n<\/ul>\n<ul>\n<li><a href=\"http:\/\/www.noisiamochiesa.org\/\" target=\"_blank\" rel=\"noopener\">Noi Siamo Chiesa<\/a><\/li>\n<\/ul>\n<ul>\n<li><a href=\"http:\/\/www.ppp.ch\/fr\/francais\/\" target=\"_blank\" rel=\"noopener\">Pane per tutti<\/a><\/li>\n<\/ul>\n<ul>\n<li><a href=\"http:\/\/www.parrocchia-giubiasco.ch\/index.html\" target=\"_blank\" rel=\"noopener\">Parrocchia di Giubiasco<\/a><\/li>\n<\/ul>\n<ul>\n<li><a href=\"http:\/\/www.religiocando.it\/\" target=\"_blank\" rel=\"noopener\">Religiocando.it<\/a><\/li>\n<\/ul>\n<ul>\n<li><a href=\"http:\/\/www.sacrificioquaresimale.ch\/sites\/home\/index.html?lang2=it\" target=\"_blank\" rel=\"noopener\">Sacrificio quaresimale<\/a><\/li>\n<\/ul>\n<ul>\n<li><a href=\"http:\/\/www.societabiblica.it\/\" target=\"_blank\" rel=\"noopener\">Societ\u00e0 Biblica Britannica e Forestiera<\/a><\/li>\n<\/ul>\n<ul>\n<li><a href=\"http:\/\/www.retoricabiblicaesemitica.org\/\">RBS<\/a><\/li>\n<\/ul>\n<ul>\n<li><a href=\"http:\/\/www.taize.fr\/\">Taiz\u00e9<\/a><\/li>\n<\/ul>\n<ul>\n<li><a href=\"http:\/\/www.taize-ticino.ch\/index.html\">Taiz\u00e9-ticino.ch<\/a><\/li>\n<\/ul>\n<p>\u00a0<\/p>\n<h2>Universit\u00e0 e Biblioteche<\/h2>\n<p>\u00a0<\/p>\n<ul>\n<li><a href=\"http:\/\/www.ebaf.info\/\">\u00c8cole Biblique et Arch\u00e9ologique francaise de J\u00e9rusalem<\/a><\/li>\n<\/ul>\n<ul>\n<li><a href=\"http:\/\/www.teologialugano.ch\/index.php\">Facolt\u00e0 di teologia di Lugano<\/a><\/li>\n<\/ul>\n<ul>\n<li><a href=\"http:\/\/www.dds.unibo.it\/DisciplineStoriche\/Ricerca\/Dottorati\/studireligiosi\/default.htm\">Universit\u00e0 di Bologna, Dipartimento Discipline Storiche<\/a><\/li>\n<\/ul>\n<ul>\n<li><a href=\"http:\/\/198.62.75.4\/www1\/ofm\/sbf\/segr\/profs\/Allegra\/SBFallegra_it.html\">Studium Biblicum Franciscanum<\/a><\/li>\n<\/ul>\n<ul>\n<li><a href=\"http:\/\/www.uni-freiburg.de\/\">Uni Freiburg<\/a><\/li>\n<\/ul>\n<ul>\n<li><a href=\"http:\/\/www.uibk.ac.at\/bibhist\">Universitat innsbruck<\/a><\/li>\n<li><a href=\"http:\/\/www.biblico.it\/\" target=\"_blank\" rel=\"noopener\">Pontificio Istituto Biblico<\/a><\/li>\n<\/ul>\n<p>\u00a0<\/p>\n<h2>Risorse<\/h2>\n<p>\u00a0<\/p>\n<ul>\n<li><a href=\"http:\/\/www.mechon-mamre.org\/p\/pt\/pt0.htm\">A Hebrew- English Bible<\/a><\/li>\n<\/ul>\n<ul>\n<li><a href=\"http:\/\/bibledatabase.com\/index.php\">Bible Database<\/a><\/li>\n<\/ul>\n<ul>\n<li><a href=\"http:\/\/www.biblegateway.com\/\">Bible Gateway<\/a><\/li>\n<\/ul>\n<ul>\n<li><a href=\"http:\/\/www.bibletheology.com\/default.aspx\">Bible and Theology<\/a><\/li>\n<\/ul>\n<ul>\n<li><a href=\"http:\/\/www.bibleworks.com\/\">BibleWorks<\/a><\/li>\n<\/ul>\n<ul>\n<li><a href=\"http:\/\/www.bicudi.net\/\">Bicudi<\/a><\/li>\n<\/ul>\n<ul>\n<li><a href=\"http:\/\/www.bsw.org\/\">BSW<\/a><\/li>\n<\/ul>\n<ul>\n<li><a href=\"http:\/\/www.christianismus.it\/index.php\">Cristianimus.it<\/a><\/li>\n<\/ul>\n<ul>\n<li><a href=\"http:\/\/www.ibiblio.org\/expo\/deadsea.scrolls.exhibit\/intro.html\">Biblio.org<\/a><\/li>\n<\/ul>\n<ul>\n<li><a href=\"http:\/\/www.cibmaredsous.be\/\">Informatique &amp; Bible asbl<\/a><\/li>\n<\/ul>\n<ul>\n<li><a href=\"http:\/\/www.logos.com\/\">Logos Bible Software 4<\/a><\/li>\n<\/ul>\n<ul>\n<li><a href=\"http:\/\/www.shamash.org\/trb\/judaism.html\">Judaism and Jewis Resourches<\/a><\/li>\n<\/ul>\n<ul>\n<li><a href=\"http:\/\/www.vivailconcilio.it\/\">Vivailconcilio.it<\/a><\/li>\n<\/ul>\n<p>\u00a0<\/p>\n<h2>Diocesi<\/h2>\n<p>\u00a0<\/p>\n<ul>\n<li><a href=\"http:\/\/www.bistum-chur.ch\/\">Bistum Chur<\/a><\/li>\n<\/ul>\n<ul>\n<li><a href=\"http:\/\/www.diocesidicomo.it\/\">Diocesi di Como<\/a><\/li>\n<\/ul>\n<ul>\n<li><a href=\"http:\/\/www.diocesilanciano.it\/\" target=\"_blank\" rel=\"noopener\">Diocesi di Lanciano<\/a><\/li>\n<\/ul>\n<ul>\n<li><a href=\"http:\/\/www.diocesilugano.ch\/\">Diocesi di Lugano<\/a><\/li>\n<\/ul>\n<ul>\n<li><a href=\"http:\/\/www.chiesadimilano.it\">Chiesadimilano.it<\/a><\/li>\n<\/ul>\n<ul>\n<li><a href=\"http:\/\/www.diocesinola.it\/web\/\" target=\"_blank\" rel=\"noopener\">Diocesi di Nola<\/a><\/li>\n<\/ul>\n<p>\u00a0<\/p>    <\/div>\n<\/div>\n<!-- \/module text -->\n\t        <\/div>\n\t    \t<\/div>\n\t\t    <\/div>\n\t    <!-- \/row_inner -->\n\t<\/div>\n\t<!-- \/module_row -->\n\t<\/div>\n\n","protected":false},"excerpt":{"rendered":"<p>L\u2019importanza della conoscenza biblica per la formazione culturale<\/p>\n","protected":false},"author":1,"featured_media":0,"parent":0,"menu_order":0,"comment_status":"closed","ping_status":"open","template":"","meta":{"footnotes":""},"class_list":["post-1100","page","type-page","status-publish","hentry","has-post-title","no-post-date","has-post-category","has-post-tag","has-post-comment","has-post-author",""],"builder_content":"<h3>Links<\/h3> <h2>L\u2019importanza della conoscenza biblica per la formazione culturale<\/h2>\n<p>\u00a0<\/p> <h2>La Bibbia Online<\/h2> <p>\u00a0<\/p> <ul> <li><a href=\"http:\/\/www.bibbiaedu.it\/\">Bibbia Edu<\/a><\/li> <\/ul> <p>\u00a0<\/p> <h2>Associazioni, Istituzioni,...<\/h2> <p>\u00a0<\/p> <ul> <li><a href=\"http:\/\/www.aecroma.it.\/\">Amicizia Ebraico-Cristiana di Roma<\/a><\/li> <\/ul> <ul> <li><a href=\"http:\/\/www.lasinadibalaam.it\/\">Associazione l'Asina di Balaam<\/a><\/li> <\/ul> <ul> <li><a href=\"http:\/\/www.associazionebiblica.it\/\" target=\"_blank\" rel=\"noopener\">Associazione Biblica Italiana\u00a0 ABI<\/a><\/li> <\/ul> <ul> <li><a href=\"http:\/\/www.aisg.it\/\" target=\"_blank\" rel=\"noopener\">Associazione Italiana per lo Studio del Giudaismo AISG<\/a><\/li> <\/ul> <ul> <li><a href=\"http:\/\/www.biblia.org\/\" target=\"_blank\" rel=\"noopener\">BIBLIA Associazione Laica di Cultura Biblica<\/a><\/li> <\/ul> <ul> <li><a href=\"http:\/\/www.monasterodibose.it\/\" target=\"_blank\" rel=\"noopener\">Monastero di Bose<\/a><\/li> <\/ul> <ul> <li><a href=\"http:\/\/www.studibiblici.it\/\" target=\"_blank\" rel=\"noopener\">Centro Studi Biblici \"G.Vannucci\"<\/a><\/li> <\/ul> <ul> <li><a href=\"http:\/\/www.chiesacattolica.it\/cci2009\/index.html\" target=\"_blank\" rel=\"noopener\">Chiesa Cattolica Italiana<\/a><\/li> <\/ul> <ul> <li><a href=\"http:\/\/www.chiesecristianeticinesi.ch\/Galleria.html\" target=\"_blank\" rel=\"noopener\">Comunit\u00e0 di lavoro delle Chiese Cristiane nel Ticino <\/a><\/li> <\/ul> <ul> <li><a href=\"http:\/\/www.voce-evangelica.ch\/rivista\/articolo.cfm?articolo=1434\" target=\"_blank\" rel=\"noopener\">Voce evangelica<\/a><\/li> <\/ul> <ul> <li><a href=\"http:\/\/www.kath.ch\/sbk-ces-cvs\/\" target=\"_blank\" rel=\"noopener\">Conferenza dei vescovi svizzeri CVS<\/a><\/li> <\/ul> <ul> <li><a href=\"http:\/\/www.teologiacati.it\/index.htm\" target=\"_blank\" rel=\"noopener\">Coordinamento Associazioni Teologiche Italiane CATI<\/a><\/li> <\/ul> <ul> <li><a href=\"http:\/\/www.c-b-f.org\/\" target=\"_blank\" rel=\"noopener\">Federazione Biblica Cattolica<\/a><\/li> <\/ul> <ul> <li><a href=\"http:\/\/elenalea.webnode.it\/\" target=\"_blank\" rel=\"noopener\">Elenalea<\/a><\/li> <\/ul> <ul> <li><a href=\"http:\/\/users.south-tyrolean.net\/altkatholiken\/partnersein\/psi.html\" target=\"_blank\" rel=\"noopener\">Essere Solidali<\/a><\/li> <\/ul> <ul> <li><a href=\"http:\/\/www.fundacao-betania.org\/\" target=\"_blank\" rel=\"noopener\">Fundacao betania<\/a><\/li> <\/ul> <ul> <li><a href=\"http:\/\/www.gioba.it\/\" target=\"_blank\" rel=\"noopener\">gioba.it<\/a><\/li> <\/ul> <ul> <li><a href=\"http:\/\/www.finesettimana.org\/pmwiki\/\" target=\"_blank\" rel=\"noopener\">Incontri di Fine Settimana<\/a><\/li> <\/ul> <ul> <li><a href=\"http:\/\/www.istitutosvizzero.it\/\" target=\"_blank\" rel=\"noopener\">Istituto Svizzero<\/a><\/li> <\/ul> <ul> <li><a href=\"http:\/\/www.die-bibel.ch\/indexf.php\" target=\"_blank\" rel=\"noopener\">La Bible<\/a><\/li> <\/ul> <ul> <li><a href=\"http:\/\/www.lanuovaregaldi.it\/\" target=\"_blank\" rel=\"noopener\">La Nuova Regaldi<\/a><\/li> <\/ul> <ul> <li><a href=\"http:\/\/alt.bibelwerk.de\/\" target=\"_blank\" rel=\"noopener\">Katolisches Bibelwerk<\/a><\/li> <\/ul> <ul> <li><a href=\"http:\/\/www.noisiamochiesa.org\/\" target=\"_blank\" rel=\"noopener\">Noi Siamo Chiesa<\/a><\/li> <\/ul> <ul> <li><a href=\"http:\/\/www.ppp.ch\/fr\/francais\/\" target=\"_blank\" rel=\"noopener\">Pane per tutti<\/a><\/li> <\/ul> <ul> <li><a href=\"http:\/\/www.parrocchia-giubiasco.ch\/index.html\" target=\"_blank\" rel=\"noopener\">Parrocchia di Giubiasco<\/a><\/li> <\/ul> <ul> <li><a href=\"http:\/\/www.religiocando.it\/\" target=\"_blank\" rel=\"noopener\">Religiocando.it<\/a><\/li> <\/ul> <ul> <li><a href=\"http:\/\/www.sacrificioquaresimale.ch\/sites\/home\/index.html?lang2=it\" target=\"_blank\" rel=\"noopener\">Sacrificio quaresimale<\/a><\/li> <\/ul> <ul> <li><a href=\"http:\/\/www.societabiblica.it\/\" target=\"_blank\" rel=\"noopener\">Societ\u00e0 Biblica Britannica e Forestiera<\/a><\/li> <\/ul> <ul> <li><a href=\"http:\/\/www.retoricabiblicaesemitica.org\/\">RBS<\/a><\/li> <\/ul> <ul> <li><a href=\"http:\/\/www.taize.fr\/\">Taiz\u00e9<\/a><\/li> <\/ul> <ul> <li><a href=\"http:\/\/www.taize-ticino.ch\/index.html\">Taiz\u00e9-ticino.ch<\/a><\/li> <\/ul> <p>\u00a0<\/p> <h2>Universit\u00e0 e Biblioteche<\/h2> <p>\u00a0<\/p> <ul> <li><a href=\"http:\/\/www.ebaf.info\/\">\u00c8cole Biblique et Arch\u00e9ologique francaise de J\u00e9rusalem<\/a><\/li> <\/ul> <ul> <li><a href=\"http:\/\/www.teologialugano.ch\/index.php\">Facolt\u00e0 di teologia di Lugano<\/a><\/li> <\/ul> <ul> <li><a href=\"http:\/\/www.dds.unibo.it\/DisciplineStoriche\/Ricerca\/Dottorati\/studireligiosi\/default.htm\">Universit\u00e0 di Bologna, Dipartimento Discipline Storiche<\/a><\/li> <\/ul> <ul> <li><a href=\"http:\/\/198.62.75.4\/www1\/ofm\/sbf\/segr\/profs\/Allegra\/SBFallegra_it.html\">Studium Biblicum Franciscanum<\/a><\/li> <\/ul> <ul> <li><a href=\"http:\/\/www.uni-freiburg.de\/\">Uni Freiburg<\/a><\/li> <\/ul> <ul> <li><a href=\"http:\/\/www.uibk.ac.at\/bibhist\">Universitat innsbruck<\/a><\/li> <li><a href=\"http:\/\/www.biblico.it\/\" target=\"_blank\" rel=\"noopener\">Pontificio Istituto Biblico<\/a><\/li> <\/ul> <p>\u00a0<\/p> <h2>Risorse<\/h2> <p>\u00a0<\/p> <ul> <li><a href=\"http:\/\/www.mechon-mamre.org\/p\/pt\/pt0.htm\">A Hebrew- English Bible<\/a><\/li> <\/ul> <ul> <li><a href=\"http:\/\/bibledatabase.com\/index.php\">Bible Database<\/a><\/li> <\/ul> <ul> <li><a href=\"http:\/\/www.biblegateway.com\/\">Bible Gateway<\/a><\/li> <\/ul> <ul> <li><a href=\"http:\/\/www.bibletheology.com\/default.aspx\">Bible and Theology<\/a><\/li> <\/ul> <ul> <li><a href=\"http:\/\/www.bibleworks.com\/\">BibleWorks<\/a><\/li> <\/ul> <ul> <li><a href=\"http:\/\/www.bicudi.net\/\">Bicudi<\/a><\/li> <\/ul> <ul> <li><a href=\"http:\/\/www.bsw.org\/\">BSW<\/a><\/li> <\/ul> <ul> <li><a href=\"http:\/\/www.christianismus.it\/index.php\">Cristianimus.it<\/a><\/li> <\/ul> <ul> <li><a href=\"http:\/\/www.ibiblio.org\/expo\/deadsea.scrolls.exhibit\/intro.html\">Biblio.org<\/a><\/li> <\/ul> <ul> <li><a href=\"http:\/\/www.cibmaredsous.be\/\">Informatique &amp; Bible asbl<\/a><\/li> <\/ul> <ul> <li><a href=\"http:\/\/www.logos.com\/\">Logos Bible Software 4<\/a><\/li> <\/ul> <ul> <li><a href=\"http:\/\/www.shamash.org\/trb\/judaism.html\">Judaism and Jewis Resourches<\/a><\/li> <\/ul> <ul> <li><a href=\"http:\/\/www.vivailconcilio.it\/\">Vivailconcilio.it<\/a><\/li> <\/ul> <p>\u00a0<\/p> <h2>Diocesi<\/h2> <p>\u00a0<\/p> <ul> <li><a href=\"http:\/\/www.bistum-chur.ch\/\">Bistum Chur<\/a><\/li> <\/ul> <ul> <li><a href=\"http:\/\/www.diocesidicomo.it\/\">Diocesi di Como<\/a><\/li> <\/ul> <ul> <li><a href=\"http:\/\/www.diocesilanciano.it\/\" target=\"_blank\" rel=\"noopener\">Diocesi di Lanciano<\/a><\/li> <\/ul> <ul> <li><a href=\"http:\/\/www.diocesilugano.ch\/\">Diocesi di Lugano<\/a><\/li> <\/ul> <ul> <li><a href=\"http:\/\/www.chiesadimilano.it\">Chiesadimilano.it<\/a><\/li> <\/ul> <ul> <li><a href=\"http:\/\/www.diocesinola.it\/web\/\" target=\"_blank\" rel=\"noopener\">Diocesi di Nola<\/a><\/li> <\/ul> <p>\u00a0<\/p>","_links":{"self":[{"href":"https:\/\/absi.ch\/new\/wp-json\/wp\/v2\/pages\/1100","targetHints":{"allow":["GET"]}}],"collection":[{"href":"https:\/\/absi.ch\/new\/wp-json\/wp\/v2\/pages"}],"about":[{"href":"https:\/\/absi.ch\/new\/wp-json\/wp\/v2\/types\/page"}],"author":[{"embeddable":true,"href":"https:\/\/absi.ch\/new\/wp-json\/wp\/v2\/users\/1"}],"replies":[{"embeddable":true,"href":"https:\/\/absi.ch\/new\/wp-json\/wp\/v2\/comments?post=1100"}],"version-history":[{"count":15,"href":"https:\/\/absi.ch\/new\/wp-json\/wp\/v2\/pages\/1100\/revisions"}],"predecessor-version":[{"id":15371,"href":"https:\/\/absi.ch\/new\/wp-json\/wp\/v2\/pages\/1100\/revisions\/15371"}],"wp:attachment":[{"href":"https:\/\/absi.ch\/new\/wp-json\/wp\/v2\/media?parent=1100"}],"curies":[{"name":"wp","href":"https:\/\/api.w.org\/{rel}","templated":true}]}}