{"id":11409,"date":"2018-05-21T03:16:17","date_gmt":"2018-05-21T01:16:17","guid":{"rendered":"http:\/\/absi.ch\/new\/?page_id=11409"},"modified":"2021-04-12T18:05:20","modified_gmt":"2021-04-12T16:05:20","slug":"ramadan-2018","status":"publish","type":"page","link":"https:\/\/absi.ch\/new\/ramadan-2018\/","title":{"rendered":"Ramadan 2018"},"content":{"rendered":"<p>\u00a0<\/p>\n<p><span style=\"border-radius: 2px; text-indent: 20px; width: auto; padding: 0px 4px 0px 0px; text-align: center; font: bold 11px\/20px 'Helvetica Neue',Helvetica,sans-serif; color: #ffffff; background: #bd081c no-repeat scroll 3px 50% \/ 14px 14px; position: absolute; opacity: 1; z-index: 8675309; display: none; cursor: pointer; top: 180px; left: 20px;\">Save<\/span><\/p>\n<p><span style=\"border-radius: 2px; text-indent: 20px; width: auto; padding: 0px 4px 0px 0px; text-align: center; font: bold 11px\/20px 'Helvetica Neue',Helvetica,sans-serif; color: #ffffff; background: #bd081c no-repeat scroll 3px 50% \/ 14px 14px; position: absolute; opacity: 1; z-index: 8675309; display: none; cursor: pointer;\">Save<\/span><\/p>\n<p><span style=\"border-radius: 2px; text-indent: 20px; width: auto; padding: 0px 4px 0px 0px; text-align: center; font: bold 11px\/20px 'Helvetica Neue',Helvetica,sans-serif; color: #ffffff; background: #bd081c no-repeat scroll 3px 50% \/ 14px 14px; position: absolute; opacity: 1; z-index: 8675309; display: none; cursor: pointer;\">Save<\/span><\/p>\n<p><span style=\"border-radius: 2px; text-indent: 20px; width: auto; padding: 0px 4px 0px 0px; text-align: center; font: bold 11px\/20px 'Helvetica Neue',Helvetica,sans-serif; color: #ffffff; background: #bd081c no-repeat scroll 3px 50% \/ 14px 14px; position: absolute; opacity: 1; z-index: 8675309; display: none; cursor: pointer; top: 180px; left: 20px;\">Save<\/span><\/p>\n<p><span style=\"border-radius: 2px; text-indent: 20px; width: auto; padding: 0px 4px 0px 0px; text-align: center; font: bold 11px\/20px 'Helvetica Neue',Helvetica,sans-serif; color: #ffffff; background: #bd081c no-repeat scroll 3px 50% \/ 14px 14px; position: absolute; opacity: 1; z-index: 8675309; display: none; cursor: pointer;\">Save<\/span><\/p>\n<p><span style=\"border-radius: 2px; text-indent: 20px; width: auto; padding: 0px 4px 0px 0px; text-align: center; font: bold 11px\/20px 'Helvetica Neue',Helvetica,sans-serif; color: #ffffff; background: #bd081c no-repeat scroll 3px 50% \/ 14px 14px; position: absolute; opacity: 1; z-index: 8675309; display: none; cursor: pointer; top: 180px; left: 20px;\">Save<\/span><\/p>\n<p><span style=\"border-radius: 2px; text-indent: 20px; width: auto; padding: 0px 4px 0px 0px; text-align: center; font: bold 11px\/20px 'Helvetica Neue',Helvetica,sans-serif; color: #ffffff; background: #bd081c no-repeat scroll 3px 50% \/ 14px 14px; position: absolute; opacity: 1; z-index: 8675309; display: none; cursor: pointer; top: 180px; left: 20px;\">Save<\/span><\/p>\n\n<div id=\"themify_builder_content-11409\" data-postid=\"11409\" class=\"themify_builder_content themify_builder_content-11409 themify_builder\">\n    \t<!-- module_row -->\n\t<div  class=\"themify_builder_row module_row clearfix module_row_1 themify_builder_11409_row module_row_11409-1 tb_94b4469\">\n\t    \t    <div class=\"row_inner col_align_top\" >\n\t\t\t<div  class=\"module_column tb-column col-full first tb_11409_column module_column_0 module_column_11409-1-0 tb_zbpd469\">\n\t    \t    \t        <div class=\"tb-column-inner\">\n\t\t    <!-- module text -->\n<div  class=\"module module-text tb_acaa479    \">\n            <div  class=\"tb_text_wrap\">\n    <h5><em>di Renzo Petraglio<br \/><\/em><\/h5>\n<p>\u00a0<\/p>\n<h4>PER VENIRSI INCONTRO NELLA VITA:<\/h4>\n<h4>LETTURE CORANICHE E BIBLICHE A CONFRONTO<\/h4>\n<p>E&#8217; iniziato il Ramadan 2018, periodo di grande rilevanza esistenziale per chi \u00e8 di fede e cultura islamiche. Renzo Petraglio, collega e amico dal cuore grande e dalla mente aperta, propone ancora una volta un prezioso itinerario di letture sul tema dell&#8217;incontro con gli altri dal Corano alla Bibbia. Auguriamo a tutte e a tutti voi una lettura interessante e vi invitiamo cordialmente a far conoscere ovunque possibile questa opportunit\u00e0 formativa ad un tempo, ci sembra, semplice ed intensa.<\/p>\n<p>\u00a0<\/p>\n<ul>\n<li>prima settimana<\/li>\n<\/ul>\n<h5><a href=\"http:\/\/absi.ch\/new\/2018\/05\/ramadan-2018-premiere-semaine\/\">Le r\u00e9cit de Joseph : Comment accueillir ses fr\u00e8res apr\u00e8s un conflit<\/a><\/h5>\n<ul>\n<li>seconda settimana<\/li>\n<\/ul>\n<h5><a href=\"http:\/\/absi.ch\/new\/2018\/05\/ramadan-2018-seconda-settimana\/\">Accogliere l&#8217;altro<\/a><\/h5>\n<ul>\n<li>terza settimana<\/li>\n<\/ul>\n<h5><a href=\"http:\/\/absi.ch\/new\/2018\/06\/ramadan-2018-troisieme-semaine\/\">\u00ab Par sa gr\u00e2ce, vous \u00eates devenus fr\u00e8res \u00bb (Sourate 3,103)<\/a><\/h5>\n<p>\u00a0<\/p>    <\/div>\n<\/div>\n<!-- \/module text -->\n\t        <\/div>\n\t    \t<\/div>\n\t\t    <\/div>\n\t    <!-- \/row_inner -->\n\t<\/div>\n\t<!-- \/module_row -->\n\t<\/div>\n\n","protected":false},"excerpt":{"rendered":"<p>\u00a0 Save Save Save Save Save Save Save di Renzo Petraglio \u00a0 PER VENIRSI INCONTRO NELLA VITA: LETTURE CORANICHE E BIBLICHE A CONFRONTO E&#8217; iniziato il Ramadan 2018, periodo di grande rilevanza esistenziale per chi \u00e8 di fede e cultura islamiche. Renzo Petraglio, collega e amico dal cuore grande e dalla mente aperta, propone ancora [&hellip;]<\/p>\n","protected":false},"author":1,"featured_media":11410,"parent":0,"menu_order":0,"comment_status":"closed","ping_status":"closed","template":"","meta":{"footnotes":""},"class_list":["post-11409","page","type-page","status-publish","has-post-thumbnail","hentry","has-post-title","no-post-date","has-post-category","has-post-tag","has-post-comment","has-post-author",""],"builder_content":"<h5><em>di Renzo Petraglio<br \/><\/em><\/h5> <p>\u00a0<\/p> <h4>PER VENIRSI INCONTRO NELLA VITA:<\/h4> <h4>LETTURE CORANICHE E BIBLICHE A CONFRONTO<\/h4> <p>E' iniziato il Ramadan 2018, periodo di grande rilevanza esistenziale per chi \u00e8 di fede e cultura islamiche. Renzo Petraglio, collega e amico dal cuore grande e dalla mente aperta, propone ancora una volta un prezioso itinerario di letture sul tema dell'incontro con gli altri dal Corano alla Bibbia. Auguriamo a tutte e a tutti voi una lettura interessante e vi invitiamo cordialmente a far conoscere ovunque possibile questa opportunit\u00e0 formativa ad un tempo, ci sembra, semplice ed intensa.<\/p> <p>\u00a0<\/p> <ul> <li>prima settimana<\/li> <\/ul> <h5><a href=\"http:\/\/absi.ch\/new\/2018\/05\/ramadan-2018-premiere-semaine\/\">Le r\u00e9cit de Joseph : Comment accueillir ses fr\u00e8res apr\u00e8s un conflit<\/a><\/h5> <ul> <li>seconda settimana<\/li> <\/ul> <h5><a href=\"http:\/\/absi.ch\/new\/2018\/05\/ramadan-2018-seconda-settimana\/\">Accogliere l'altro<\/a><\/h5> <ul> <li>terza settimana<\/li> <\/ul> <h5><a href=\"http:\/\/absi.ch\/new\/2018\/06\/ramadan-2018-troisieme-semaine\/\">\u00ab Par sa gr\u00e2ce, vous \u00eates devenus fr\u00e8res \u00bb (Sourate 3,103)<\/a><\/h5> <p>\u00a0<\/p>","_links":{"self":[{"href":"https:\/\/absi.ch\/new\/wp-json\/wp\/v2\/pages\/11409","targetHints":{"allow":["GET"]}}],"collection":[{"href":"https:\/\/absi.ch\/new\/wp-json\/wp\/v2\/pages"}],"about":[{"href":"https:\/\/absi.ch\/new\/wp-json\/wp\/v2\/types\/page"}],"author":[{"embeddable":true,"href":"https:\/\/absi.ch\/new\/wp-json\/wp\/v2\/users\/1"}],"replies":[{"embeddable":true,"href":"https:\/\/absi.ch\/new\/wp-json\/wp\/v2\/comments?post=11409"}],"version-history":[{"count":13,"href":"https:\/\/absi.ch\/new\/wp-json\/wp\/v2\/pages\/11409\/revisions"}],"predecessor-version":[{"id":16200,"href":"https:\/\/absi.ch\/new\/wp-json\/wp\/v2\/pages\/11409\/revisions\/16200"}],"wp:featuredmedia":[{"embeddable":true,"href":"https:\/\/absi.ch\/new\/wp-json\/wp\/v2\/media\/11410"}],"wp:attachment":[{"href":"https:\/\/absi.ch\/new\/wp-json\/wp\/v2\/media?parent=11409"}],"curies":[{"name":"wp","href":"https:\/\/api.w.org\/{rel}","templated":true}]}}