{"id":12105,"date":"2018-11-25T16:31:57","date_gmt":"2018-11-25T15:31:57","guid":{"rendered":"http:\/\/absi.ch\/new\/?page_id=12105"},"modified":"2018-12-16T13:34:38","modified_gmt":"2018-12-16T12:34:38","slug":"avvento-2018","status":"publish","type":"page","link":"https:\/\/absi.ch\/new\/avvento-2018\/","title":{"rendered":"Avvento 2018"},"content":{"rendered":"<p>[layout][layout_group][one_third]<\/p>\n<h2 style=\"text-align: center;\">Avvento 2018<\/h2>\n<p style=\"text-align: center;\">Letture di Renzo Petraglio<\/p>\n<p><img loading=\"lazy\" decoding=\"async\" class=\"alignnone wp-image-12106\" src=\"http:\/\/absi.ch\/new\/wp-content\/uploads\/2018\/11\/22851850_1471645026206055_5495696991492676818_n.jpg\" alt=\"\" width=\"960\" height=\"540\" srcset=\"https:\/\/absi.ch\/new\/wp-content\/uploads\/2018\/11\/22851850_1471645026206055_5495696991492676818_n.jpg 960w, https:\/\/absi.ch\/new\/wp-content\/uploads\/2018\/11\/22851850_1471645026206055_5495696991492676818_n-300x168.jpg 300w, https:\/\/absi.ch\/new\/wp-content\/uploads\/2018\/11\/22851850_1471645026206055_5495696991492676818_n-768x432.jpg 768w\" sizes=\"auto, (max-width: 960px) 100vw, 960px\" \/><\/p>\n<p>&nbsp;<\/p>\n<p><strong>DALLA BIBBIA AL CORANO: AVVENTO 2018<\/strong><\/p>\n<ul>\n<li>premi\u00e8re semaine<\/li>\n<\/ul>\n<p><a href=\"http:\/\/absi.ch\/new\/2018\/11\/avent-2018-premiere-semaine\/\">J\u00e9sus, Fils de Marie<\/a><\/p>\n<ul>\n<li>deuxi\u00e8me semaine<\/li>\n<\/ul>\n<p><a href=\"http:\/\/absi.ch\/new\/2018\/12\/avent-2018-deuxieme-semaine\/\">J\u00e9sus et l\u2019Esprit<\/a><\/p>\n<ul>\n<li>troisi\u00e8me semaine<\/li>\n<\/ul>\n<p><a href=\"http:\/\/absi.ch\/new\/2018\/12\/avent-2018-troisieme-semaine\/\">J\u00e9sus serviteur<\/a><\/p>\n<p>&nbsp;<\/p>\n<p><a href=\"http:\/\/absi.ch\/new\/formazione-biblica-2\/\"><em>&gt; formazione biblica<\/em><\/a><\/p>\n<p>[\/one_third][one_third][\/one_third][one_third][\/one_third][\/layout_group][\/layout]<\/p>\n<div id=\"themify_builder_content-12105\" data-postid=\"12105\" class=\"themify_builder_content themify_builder_content-12105 themify_builder\">\n    <\/div>\n<!-- \/themify_builder_content -->\n","protected":false},"excerpt":{"rendered":"<p>[layout][layout_group][one_third] Avvento 2018 Letture di Renzo Petraglio &nbsp; DALLA BIBBIA AL CORANO: AVVENTO 2018 premi\u00e8re semaine J\u00e9sus, Fils de Marie deuxi\u00e8me semaine J\u00e9sus et l\u2019Esprit troisi\u00e8me semaine J\u00e9sus serviteur &nbsp; &gt; formazione biblica [\/one_third][one_third][\/one_third][one_third][\/one_third][\/layout_group][\/layout]<\/p>\n","protected":false},"author":1,"featured_media":0,"parent":0,"menu_order":0,"comment_status":"closed","ping_status":"closed","template":"","meta":{"footnotes":""},"class_list":["post-12105","page","type-page","status-publish","hentry","has-post-title","no-post-date","has-post-category","has-post-tag","has-post-comment","has-post-author",""],"builder_content":"","_links":{"self":[{"href":"https:\/\/absi.ch\/new\/wp-json\/wp\/v2\/pages\/12105","targetHints":{"allow":["GET"]}}],"collection":[{"href":"https:\/\/absi.ch\/new\/wp-json\/wp\/v2\/pages"}],"about":[{"href":"https:\/\/absi.ch\/new\/wp-json\/wp\/v2\/types\/page"}],"author":[{"embeddable":true,"href":"https:\/\/absi.ch\/new\/wp-json\/wp\/v2\/users\/1"}],"replies":[{"embeddable":true,"href":"https:\/\/absi.ch\/new\/wp-json\/wp\/v2\/comments?post=12105"}],"version-history":[{"count":5,"href":"https:\/\/absi.ch\/new\/wp-json\/wp\/v2\/pages\/12105\/revisions"}],"predecessor-version":[{"id":12167,"href":"https:\/\/absi.ch\/new\/wp-json\/wp\/v2\/pages\/12105\/revisions\/12167"}],"wp:attachment":[{"href":"https:\/\/absi.ch\/new\/wp-json\/wp\/v2\/media?parent=12105"}],"curies":[{"name":"wp","href":"https:\/\/api.w.org\/{rel}","templated":true}]}}