{"id":12258,"date":"2019-01-07T12:18:47","date_gmt":"2019-01-07T11:18:47","guid":{"rendered":"http:\/\/absi.ch\/new\/?page_id=12258"},"modified":"2020-11-06T14:09:40","modified_gmt":"2020-11-06T13:09:40","slug":"lectures-pour-lafrique-et-toute-la-terre_2019","status":"publish","type":"page","link":"https:\/\/absi.ch\/new\/lectures-pour-lafrique-et-toute-la-terre_2019\/","title":{"rendered":"Lectures pour l&#8217;Afrique et&#8230;toute la Terre_2019"},"content":{"rendered":"\n<p><\/p>\n\n\n\n<h4 class=\"wp-block-heading\">di Renzo Petraglio<\/h4>\n\n\n\n<figure class=\"wp-block-image\"><img loading=\"lazy\" decoding=\"async\" width=\"800\" height=\"533\" src=\"http:\/\/absi.ch\/new\/wp-content\/uploads\/2019\/01\/eucharistie2019.jpg\" alt=\"\" class=\"wp-image-12256\" srcset=\"https:\/\/absi.ch\/new\/wp-content\/uploads\/2019\/01\/eucharistie2019.jpg 800w, https:\/\/absi.ch\/new\/wp-content\/uploads\/2019\/01\/eucharistie2019-300x200.jpg 300w, https:\/\/absi.ch\/new\/wp-content\/uploads\/2019\/01\/eucharistie2019-768x512.jpg 768w, https:\/\/absi.ch\/new\/wp-content\/uploads\/2019\/01\/eucharistie2019-400x266.jpg 400w\" sizes=\"auto, (max-width: 800px) 100vw, 800px\" \/><\/figure>\n\n\n\n<h4 class=\"wp-block-heading\">2019<\/h4>\n\n\n\n<ul class=\"wp-block-list\"><li>Eucharistie, 29 d\u00e9cembre 2019<\/li><\/ul>\n\n\n\n<p><a href=\"http:\/\/absi.ch\/new\/2019\/12\/eucharistie-29-decembre-2019-2\/\">La famille de Nazareth et nos familles<\/a><\/p>\n\n\n\n<ul class=\"wp-block-list\"><li>Eucharistie, 25 d\u00e9cembre 2019<\/li><\/ul>\n\n\n\n<p><a href=\"http:\/\/absi.ch\/new\/2019\/12\/eucharistie-25-decembre-2019\/\">\u00ab Nous avons tous \u00e9t\u00e9 remplis de son amour \u00bb (Jean 1,16)<\/a><\/p>\n\n\n\n<ul class=\"wp-block-list\"><li>Eucharistie, 22 d\u00e9cembre 2019<\/li><\/ul>\n\n\n\n<p><a href=\"http:\/\/absi.ch\/new\/2019\/12\/eucharistie-22-decembre-2019\/\">\u00catre juste et s\u2019ouvrir \u00e0 Dieu<\/a><\/p>\n\n\n\n<ul class=\"wp-block-list\"><li>Eucharistie, 8 d\u00e9cembre 2019<\/li><\/ul>\n\n\n\n<p><a href=\"http:\/\/absi.ch\/new\/2019\/12\/eucharistie-8-decembre-201913545\/\">\u00ab Pr\u00e9parez le chemin du Seigneur \u00bb (Matthieu 3,3)<\/a><\/p>\n\n\n\n<ul class=\"wp-block-list\"><li>Eucharistia: 8 dicembre 2019<\/li><\/ul>\n\n\n\n<p><a href=\"http:\/\/absi.ch\/new\/2019\/12\/eucaristia-8-dicembre-2019\/\">L\u2019Immacolata<\/a><\/p>\n\n\n\n<ul class=\"wp-block-list\"><li>Eucharistie: 1 d\u00e9cembre 2019<\/li><\/ul>\n\n\n\n<p><a href=\"http:\/\/absi.ch\/new\/2019\/12\/eucharistie-1-decembre-2019\/\">Le Fils de l\u2019homme va retourner : soyons pr\u00e9par\u00e9(e)s<\/a><\/p>\n\n\n\n<ul class=\"wp-block-list\"><li>Eucharistie: 13 octobre 2019<\/li><\/ul>\n\n\n\n<p><a href=\"http:\/\/absi.ch\/new\/2019\/10\/eucharistie-13-octobre-2019\/\" target=\"_blank\" rel=\"noreferrer noopener\">Des rencontres qui peuvent tout changer<\/a><\/p>\n\n\n\n<ul class=\"wp-block-list\"><li>Eucharistie: 29 septembre 2019<\/li><\/ul>\n\n\n\n<p><a href=\"http:\/\/absi.ch\/new\/2019\/09\/13409\/\">La richesse ne dure pas<\/a><\/p>\n\n\n\n<ul class=\"wp-block-list\"><li>Eucharistie: 8 septembret 2019<\/li><\/ul>\n\n\n\n<p><a href=\"http:\/\/absi.ch\/new\/2019\/09\/eucharistie-8-septembre-2019\/\">R\u00e9fl\u00e9chir, d\u00e9cider, suivre\u2026<\/a><\/p>\n\n\n\n<ul class=\"wp-block-list\"><li>Eucharistie: 1 septembret 2019<\/li><\/ul>\n\n\n\n<p><a href=\"http:\/\/absi.ch\/new\/2019\/09\/eucharistie-1-septembre-2019\/\">\u00ab Sois humble, conscient de tes limites \u00bb (Si 3,18)<\/a><\/p>\n\n\n\n<ul class=\"wp-block-list\"><li>Eucharistie: 25 ao\u00fbt 2019<\/li><\/ul>\n\n\n\n<p><a href=\"http:\/\/absi.ch\/new\/2019\/08\/eucharistie-25-aout-2019\/\">\u00ab Son amour envers nous est le plus fort \u00bb (Psaume 117,2)<\/a><\/p>\n\n\n\n<ul class=\"wp-block-list\"><li>Eucharistie: 18 ao\u00fbt 2019<\/li><\/ul>\n\n\n\n<p><a href=\"http:\/\/absi.ch\/new\/2019\/08\/eucharistie-18-aout-2019\/\">Rester fid\u00e8les et confiant(e)s m\u00eame dans les \u00e9preuves<\/a><\/p>\n\n\n\n<ul class=\"wp-block-list\"><li>Eucharistie: 15 ao\u00fbt 2019<\/li><\/ul>\n\n\n\n<p><a href=\"http:\/\/absi.ch\/new\/2019\/08\/eucharistie-15-aout-2019-lassomption-de-marie\/\">L\u2019Assomption de Marie : un signe pour l\u2019avenir des croyants<\/a><\/p>\n\n\n\n<ul class=\"wp-block-list\"><li>Eucharistie: 11 ao\u00fbt 2019<\/li><\/ul>\n\n\n\n<p><a href=\"http:\/\/absi.ch\/new\/2019\/08\/eucharistie-11-aout-2019\/\">\u00abTravaillons, le regard tendu vers l\u2019avenir de Dieu\u00bb<\/a><\/p>\n\n\n\n<ul class=\"wp-block-list\"><li>Eucharistie: 28 juillet 2019<\/li><\/ul>\n\n\n\n<p>\u00ab<a href=\"http:\/\/absi.ch\/new\/2019\/07\/eucharistie-28-juillet-2019\/\"> Le jour o\u00f9 je t\u2019ai appel\u00e9, tu m\u2019as r\u00e9pondu \u00bb<br>(Psaume 138,3)<\/a><\/p>\n\n\n\n<ul class=\"wp-block-list\"><li>Eucharistie: 30 juin 2019<\/li><\/ul>\n\n\n\n<p><a href=\"http:\/\/absi.ch\/new\/2019\/06\/eucharistie30-6-2019\/\" target=\"_blank\" rel=\"noreferrer noopener\">\u00ab Tu me feras conna\u00eetre le chemin de la vie \u00bb<br>(Psaume 16,11)<\/a><\/p>\n\n\n\n<ul class=\"wp-block-list\"><li>Eucharistie: 23 juin 2019 : \u00ab&nbsp;F\u00eate du Saint Sacrement&nbsp;\u00bb<\/li><\/ul>\n\n\n\n<p><a href=\"http:\/\/absi.ch\/new\/2019\/06\/eucharistie-23-juin-2019\/\">Le corps et le sang du Christ : une vie donn\u00e9e<\/a><\/p>\n\n\n\n<ul class=\"wp-block-list\"><li>Eucharistie: 16 juin 2019 : Pentec\u00f4te<\/li><\/ul>\n\n\n\n<p><a href=\"http:\/\/absi.ch\/new\/2019\/06\/fete-de-la-sainte-trinite\/\">F\u00eate de la Sainte Trinit\u00e9<\/a><\/p>\n\n\n\n<ul class=\"wp-block-list\"><li>Eucharistie: 9 juin 2019 : Pentec\u00f4te<\/li><\/ul>\n\n\n\n<p><a href=\"http:\/\/absi.ch\/new\/2019\/06\/eucharistie-9-juin-2019\/\">Souffle de Dieu,<\/a><br><a href=\"http:\/\/absi.ch\/new\/2019\/06\/eucharistie-9-juin-2019\/\">nous t\u2019appelons avec des noms humains<\/a><\/p>\n\n\n\n<ul class=\"wp-block-list\"><li>Eucharistie: 26 mai 2019<\/li><\/ul>\n\n\n\n<p><a href=\"http:\/\/absi.ch\/new\/2019\/05\/eucharistie-26-mai-2019\/\">Une paix \u00ab non \u00e0 la mani\u00e8re du monde \u00bb (Jean 14,27)<\/a><\/p>\n\n\n\n<ul class=\"wp-block-list\"><li>Eucharistie: 19 mai 2019<\/li><\/ul>\n\n\n\n<p><a href=\"http:\/\/absi.ch\/new\/2019\/05\/eucharistie-19-mai-2019\/\">L\u2019\u0153uvre de Dieu dans notre vie, une \u0153uvre toujours surprenante<\/a><\/p>\n\n\n\n<ul class=\"wp-block-list\"><li>Eucharistie: 12 mai 2019<\/li><\/ul>\n\n\n\n<p><a href=\"http:\/\/absi.ch\/new\/2019\/05\/eucharistie-12-mai-2019\/\">\u00ab Nous sommes son peuple, le troupeau dont il est le berger \u00bb (Psaume 100,3)<\/a><\/p>\n\n\n\n<ul class=\"wp-block-list\"><li>Eucharistie: 5 mai 2019<\/li><\/ul>\n\n\n\n<p><a href=\"http:\/\/absi.ch\/new\/2019\/05\/eucharistie-5-mai-2019\/\">\u00ab Je t\u2019exalte, Yhwh, car tu m\u2019as remis debout \u00bb (Psaume 30,2)<\/a><\/p>\n\n\n\n<p>[\/one_sixth][one_sixth]<\/p>\n\n\n\n<ul class=\"wp-block-list\"><li>Eucharistie: 21 avril 2019<\/li><\/ul>\n\n\n\n<p><a href=\"http:\/\/absi.ch\/new\/2019\/04\/pasqua-21-aprile-2019\/\">\u00ab Dieu vous a ressuscit\u00e9s avec le Christ \u00bb (Colossiens 3,1)<\/a><\/p>\n\n\n\n<ul class=\"wp-block-list\"><li>Eucharistie: 7 avril 2019<\/li><\/ul>\n\n\n\n<p><a href=\"http:\/\/absi.ch\/new\/2019\/04\/eucharistie-7-avril-2019\/\">\u00ab Voici : moi je fais une (chose) nouvelle, elle bourgeonne maintenant \u00bb (Isa\u00efe 43,19)<\/a><\/p>\n\n\n\n<ul class=\"wp-block-list\"><li>Eucharistie: 31 mars 2019<\/li><\/ul>\n\n\n\n<p><a href=\"http:\/\/absi.ch\/new\/2019\/03\/eucharistie-31-mars-2019\/\">Nous \u00e9tions perdu(e)s et il nous a retrouv\u00e9(e)s<\/a><\/p>\n\n\n\n<ul class=\"wp-block-list\"><li>Eucharistie: 24 mars 2019<\/li><\/ul>\n\n\n\n<p><a href=\"http:\/\/absi.ch\/new\/2019\/03\/eucharistie-24-mars-2019\/\">Dieu nous est proche&#8230; d\u2019une fa\u00e7on toujours surprenante<\/a><\/p>\n\n\n\n<ul class=\"wp-block-list\"><li>Eucharistie: 17 mars 2019<\/li><\/ul>\n\n\n\n<p><a href=\"http:\/\/absi.ch\/new\/2019\/03\/eucharistie-17-mars-201\/\">\u00ab Celui-ci est mon Fils, celui que j\u2019ai choisi pour toujours, \u00e9coutez-le \u00bb (Luc 9,35)<\/a><\/p>\n\n\n\n<ul class=\"wp-block-list\"><li>Eucharistie: 10 mars 2019<\/li><\/ul>\n\n\n\n<p><a href=\"http:\/\/absi.ch\/new\/2019\/03\/eucharistie-10-mars-2019\/\">\u00ab Mon Dieu en qui je mets ma confiance \u00bb (Psaume 91,2)<\/a><\/p>\n\n\n\n<ul class=\"wp-block-list\"><li>Eucharistie: 3 mars 2019<\/li><\/ul>\n\n\n\n<p><a href=\"http:\/\/absi.ch\/new\/2019\/03\/eucharistie-3-mars-2019\/\">\u00ab L\u2019homme bon, du bon tr\u00e9sor de son c\u0153ur, fait sortir de bonnes choses \u00bb (Luc 6,45)<\/a><\/p>\n\n\n\n<ul class=\"wp-block-list\"><li>Eucharistie: 24 f\u00e9vrier 2019<\/li><\/ul>\n\n\n\n<p><a href=\"http:\/\/absi.ch\/new\/2019\/02\/eucharistie-17-2-2019\/\">\u00ab Soyez mis\u00e9ricordieux comme aussi votre P\u00e8re est mis\u00e9ricordieux \u00bb (Luc 6,36)<\/a><\/p>\n\n\n\n<ul class=\"wp-block-list\"><li>Eucharistie: 17 f\u00e9vrier 2019<\/li><\/ul>\n\n\n\n<p><a href=\"http:\/\/absi.ch\/new\/2019\/02\/eucharistie-17-2-2019\/\">\u00ab Heureux et en marche, vous les pauvres, car le Royaume de Dieu est \u00e0 vous ! \u00bb (Luc 6,20)<\/a><\/p>\n\n\n\n<ul class=\"wp-block-list\"><li>Eucharistie: 10 f\u00e9vrier 2019<\/li><\/ul>\n\n\n\n<p><a href=\"http:\/\/absi.ch\/new\/2019\/02\/eucharistie-10-fevrier-2019\/\">Dieu nous rejoint\u2026 \u00e0 travers des personnes faibles<\/a><\/p>\n\n\n\n<ul class=\"wp-block-list\"><li>Eucharistie: 3 f\u00e9vrier 2019<\/li><\/ul>\n\n\n\n<p><a href=\"http:\/\/absi.ch\/new\/2019\/02\/eucharistie-3-fevrier-2019\/\">\u00ab Avec toi moi je suis, pour te d\u00e9livrer \u00bb (J\u00e9r\u00e9mie 1,8)<\/a><\/p>\n\n\n\n<ul class=\"wp-block-list\"><li>Eucharistie: 27 janvier 2019<\/li><\/ul>\n\n\n\n<p><a href=\"http:\/\/absi.ch\/new\/2019\/01\/eucharistie-27-janvier-2019\/\">\u00abAujourd\u2019hui, cette \u00c9criture a \u00e9t\u00e9 d\u00e9finitivement accomplie\u00bb (Luc 4,21)<\/a><\/p>\n\n\n\n<ul class=\"wp-block-list\"><li>Eucharistie: 20 janvier 2019<\/li><\/ul>\n\n\n\n<p><a href=\"http:\/\/absi.ch\/new\/2019\/01\/eucharistie-20-janvier-2019\/\">\u00ab Tu feras la joie de ton Dieu \u00bb (Isa\u00efe 62,5)<\/a><\/p>\n\n\n\n<ul class=\"wp-block-list\"><li>Eucharistie: 13 janvier 2019<\/li><\/ul>\n\n\n\n<p><a href=\"http:\/\/absi.ch\/new\/2019\/01\/eucharistie-13-janvier-2019\/\">Le bapt\u00eame : gr\u00e2ce \u00e0 l\u2019Esprit, se d\u00e9couvrir filles et fils de Dieu<\/a><\/p>\n\n\n\n<ul class=\"wp-block-list\"><li>Eucharistie: 6 janvier 2019<\/li><\/ul>\n\n\n\n<p><a href=\"http:\/\/absi.ch\/new\/2019\/01\/eucharistie-6-janvier-2019\/\">Epiphanie : \u00e0 la d\u00e9couverte d\u2019un roi surprenant<\/a>th]<\/p>\n\n\n\n<ul class=\"wp-block-list\"><li>Eucharistie: 1 janvier 2019<\/li><\/ul>\n\n\n\n<p><a href=\"http:\/\/absi.ch\/new\/2019\/01\/eucharistie-1-janvier-2019-solennite-sainte-marie-mere-de-dieu\/\">\u00ab Marie, elle vient de la terre, elle donne son fruit :<\/a><br><a href=\"http:\/\/absi.ch\/new\/2019\/01\/eucharistie-1-janvier-2019-solennite-sainte-marie-mere-de-dieu\/\">le prince de la paix \u00bb (saint J\u00e9r\u00f4me)<\/a><\/p>\n\n\n<div id=\"themify_builder_content-12258\" data-postid=\"12258\" class=\"themify_builder_content themify_builder_content-12258 themify_builder\">\n    <\/div>\n\n","protected":false},"excerpt":{"rendered":"<p>di Renzo Petraglio 2019 Eucharistie, 29 d\u00e9cembre 2019 La famille de Nazareth et nos familles Eucharistie, 25 d\u00e9cembre 2019 \u00ab Nous avons tous \u00e9t\u00e9 remplis de son amour \u00bb (Jean 1,16) Eucharistie, 22 d\u00e9cembre 2019 \u00catre juste et s\u2019ouvrir \u00e0 Dieu Eucharistie, 8 d\u00e9cembre 2019 \u00ab Pr\u00e9parez le chemin du Seigneur \u00bb (Matthieu 3,3) Eucharistia: [&hellip;]<\/p>\n","protected":false},"author":1,"featured_media":0,"parent":0,"menu_order":0,"comment_status":"closed","ping_status":"closed","template":"","meta":{"footnotes":""},"class_list":["post-12258","page","type-page","status-publish","hentry","has-post-title","no-post-date","has-post-category","has-post-tag","has-post-comment","has-post-author",""],"builder_content":"","_links":{"self":[{"href":"https:\/\/absi.ch\/new\/wp-json\/wp\/v2\/pages\/12258","targetHints":{"allow":["GET"]}}],"collection":[{"href":"https:\/\/absi.ch\/new\/wp-json\/wp\/v2\/pages"}],"about":[{"href":"https:\/\/absi.ch\/new\/wp-json\/wp\/v2\/types\/page"}],"author":[{"embeddable":true,"href":"https:\/\/absi.ch\/new\/wp-json\/wp\/v2\/users\/1"}],"replies":[{"embeddable":true,"href":"https:\/\/absi.ch\/new\/wp-json\/wp\/v2\/comments?post=12258"}],"version-history":[{"count":80,"href":"https:\/\/absi.ch\/new\/wp-json\/wp\/v2\/pages\/12258\/revisions"}],"predecessor-version":[{"id":15202,"href":"https:\/\/absi.ch\/new\/wp-json\/wp\/v2\/pages\/12258\/revisions\/15202"}],"wp:attachment":[{"href":"https:\/\/absi.ch\/new\/wp-json\/wp\/v2\/media?parent=12258"}],"curies":[{"name":"wp","href":"https:\/\/api.w.org\/{rel}","templated":true}]}}