{"id":1232,"date":"2014-04-14T01:19:40","date_gmt":"2014-04-14T01:19:40","guid":{"rendered":"http:\/\/absi.ch\/new\/?page_id=1232"},"modified":"2014-04-14T11:31:18","modified_gmt":"2014-04-14T11:31:18","slug":"dimanche-rameaux-cont","status":"publish","type":"page","link":"https:\/\/absi.ch\/new\/dimanche-rameaux-cont\/","title":{"rendered":"Dimanche des rameaux-cont"},"content":{"rendered":"<p align=\"JUSTIFY\">[layout][layout_group][one_sixth]<span style=\"font-family: 'Century Gothic', sans-serif;\"><span style=\"line-height: 1.5em;\">pourquoi ce champ s&#8217;appelle encore aujourd&#8217;hui le \u00ab champ du sang \u00bb. <sup>9<\/sup> Ainsi se r\u00e9alise ce qui avait \u00e9t\u00e9 dit par le proph\u00e8te J\u00e9r\u00e9mie\u00a0: \u00ab Ils ont pris les trente pi\u00e8ces d&#8217;argent &#8211; le prix du pr\u00e9cieux, qu\u2019ont appr\u00e9ci\u00e9 les fils d\u2019Isra\u00ebl &#8211; <sup>10<\/sup> et ils les ont donn\u00e9es pour acheter le champ du potier. C&#8217;est ce que le Seigneur m&#8217;a command\u00e9 de leur dire <\/span><\/span><span style=\"font-family: 'Century Gothic', sans-serif; line-height: 1.5em;\">\u00bb.<\/span><\/p>\n<p align=\"JUSTIFY\"><span style=\"font-family: 'Century Gothic', sans-serif;\"><i>Pilate interroge J\u00e9sus<\/i><\/span><\/p>\n<p align=\"JUSTIFY\"><span style=\"font-family: 'Century Gothic', sans-serif;\"><sup>11<\/sup>\u00a0On am\u00e8ne J\u00e9sus devant Pilate, le gouverneur. Le gouverneur l&#8217;interroge en lui disant : \u00ab Est-ce que tu es le roi des Juifs ? \u00bb J\u00e9sus lui r\u00e9pond : \u00ab C&#8217;est toi qui le dis\u00a0\u00bb.\u00a0<sup>12<\/sup>\u00a0Ensuite, les chefs des pr\u00eatres et les anciens accusent J\u00e9sus, mais il ne r\u00e9pond rien.\u00a0<sup>13<\/sup>\u00a0Alors Pilate lui dit : \u00ab Tu n&#8217;entends pas tout ce qu\u2019ils attestent contre toi\u00a0? \u00bb\u00a0<sup>14<\/sup>\u00a0Mais J\u00e9sus ne lui donne aucune r\u00e9ponse, de sorte que le gouverneur est profond\u00e9ment \u00e9tonn\u00e9.<\/span><\/p>\n<p align=\"JUSTIFY\"><sup style=\"font-family: 'Century Gothic', sans-serif; line-height: 1.5em;\">15<\/sup><span style=\"font-family: 'Century Gothic', sans-serif; line-height: 1.5em;\">\u00a0<\/span><span style=\"font-family: 'Century Gothic', sans-serif; line-height: 1.5em;\">\u00c0 chaque f\u00eate de la P\u00e2que, le gouverneur avait l&#8217;habitude de lib\u00e9rer un prisonnier, celui que la foule voulait.<\/span><span style=\"font-family: 'Century Gothic', sans-serif; line-height: 1.5em;\">\u00a0<\/span><sup style=\"font-family: 'Century Gothic', sans-serif; line-height: 1.5em;\">16<\/sup><span style=\"font-family: 'Century Gothic', sans-serif; line-height: 1.5em;\">\u00a0<\/span><span style=\"font-family: 'Century Gothic', sans-serif; line-height: 1.5em;\">\u00c0 ce moment-l\u00e0, il y avait un prisonnier c\u00e9l\u00e8bre appel\u00e9 J\u00e9sus Barabbas.<\/span><span style=\"font-family: 'Century Gothic', sans-serif; line-height: 1.5em;\">\u00a0<\/span><sup style=\"font-family: 'Century Gothic', sans-serif; line-height: 1.5em;\">17<\/sup><span style=\"font-family: 'Century Gothic', sans-serif; line-height: 1.5em;\">\u00a0<\/span><span style=\"font-family: 'Century Gothic', sans-serif; line-height: 1.5em;\">Les gens se sont rassembl\u00e9s, et Pilate leur dit : \u00ab\u00a0Qui voulez-vous que je vous lib\u00e8re : J\u00e9sus Barabbas ou J\u00e9sus qu&#8217;on appelle le Christ Messie ? \u00bb<\/span><span style=\"font-family: 'Century Gothic', sans-serif; line-height: 1.5em;\">\u00a0<\/span><sup style=\"font-family: 'Century Gothic', sans-serif; line-height: 1.5em;\">18<\/sup><span style=\"font-family: 'Century Gothic', sans-serif; line-height: 1.5em;\">\u00a0<\/span><span style=\"font-family: 'Century Gothic', sans-serif; line-height: 1.5em;\">Pilate sait bien, en effet, qu&#8217;ils lui avaient livr\u00e9 J\u00e9sus par jalousie.<\/span><\/p>\n<p align=\"JUSTIFY\"><span style=\"font-family: 'Century Gothic', sans-serif;\"><sup>19<\/sup>\u00a0Pendant que Pilate est assis au tribunal, sa femme envoie quelqu&#8217;un pour lui dire : \u00ab\u00a0Ne te m\u00eale pas de l\u2019affaire de cet homme juste ! Cette nuit, dans un r\u00eave, j&#8217;ai beaucoup souffert \u00e0 cause de lui \u00bb.<br \/>\n<\/span><\/p>\n<p align=\"JUSTIFY\"><span style=\"font-family: 'Century Gothic', sans-serif;\"><sup>20<\/sup><\/span><span style=\"font-family: 'Century Gothic', sans-serif;\">Les chefs des pr\u00eatres et les anciens poussent les foules \u00e0 demander Barabbas et \u00e0 faire mourir J\u00e9sus.<\/span><span style=\"font-family: 'Century Gothic', sans-serif;\">\u00a0 <sup>21<\/sup>\u00a0Prenant la parole, le gouverneur leur dit : \u00ab\u00a0Lequel des deux voulez-vous que je vous lib\u00e8re ? \u00bb. Ils disent : \u00ab Barabbas \u00bb.\u00a0<sup>22<\/sup>\u00a0Pilate leur dit : \u00ab\u00a0Que ferai-je donc de J\u00e9sus<\/span><\/p>\n<p align=\"JUSTIFY\">[\/one_sixth][one_sixth]<\/p>\n<p align=\"JUSTIFY\"><span style=\"font-family: 'Century Gothic', sans-serif;\">\u00a0qu&#8217;on appelle Messie ? \u00bb. Tous disent\u00a0: \u00ab\u00a0 Qu&#8217;il soit crucifi\u00e9 !\u00a0\u00bb.\u00a0<sup>23<\/sup>\u00a0Pilate leur dit : \u00ab Qu&#8217;est-ce qu&#8217;il a donc fait de mal ? \u00bb. Mais ils se mettent \u00e0 crier encore plus fort en disant : \u00ab\u00a0Qu&#8217;il soit crucifi\u00e9\u00a0! \u00bb\u00a0<sup>24<\/sup>\u00a0Pilate voit qu&#8217;il n&#8217;arrive \u00e0 rien, et l&#8217;agitation est de plus en plus grande. Alors il prend de l&#8217;eau et il se lave les mains devant la foule en disant : \u00a0\u00a0\u00ab Je ne suis<\/span><span style=\"font-family: 'Century Gothic', sans-serif; line-height: 1.5em;\">pas responsable du sang de ce juste. C&#8217;est votre affaire ! \u00bb\u00a0<\/span><sup style=\"font-family: 'Century Gothic', sans-serif; line-height: 1.5em;\">25<\/sup><span style=\"font-family: 'Century Gothic', sans-serif; line-height: 1.5em;\">\u00a0Et tout le peuple lui r\u00e9pond : \u00ab\u00a0Que son sang soit sur nous et sur nos enfants !\u00a0\u00bb\u00a0<\/span><sup style=\"font-family: 'Century Gothic', sans-serif; line-height: 1.5em;\">26<\/sup><span style=\"font-family: 'Century Gothic', sans-serif; line-height: 1.5em;\">\u00a0Alors Pilate leur lib\u00e8re Barabbas. Il fait frapper J\u00e9sus \u00e0 coups de fouet et il le livre (aux soldats) pour qu\u2019il soit crucifi\u00e9.<\/span><\/p>\n<p align=\"JUSTIFY\"><span style=\"font-family: 'Century Gothic', sans-serif;\"><i>Les soldats se moquent de J\u00e9sus<\/i><\/span><\/p>\n<p align=\"JUSTIFY\"><span style=\"font-family: 'Century Gothic', sans-serif;\"><sup>27<\/sup>\u00a0Alors les soldats romains, prenant J\u00e9sus, le conduisent dans le palais du gouverneur. Et ils rassemblent toute la troupe autour de lui.\u00a0<sup>28<\/sup>\u00a0Ils lui enl\u00e8vent ses v\u00eatements et lui mettent un habit rouge.\u00a0<sup>29<\/sup>\u00a0Ils tressent une couronne avec des branches \u00e9pineuses et la posent sur sa t\u00eate. Ils lui placent un roseau dans la main droite. Ensuite, ils se mettent \u00e0 genoux devant lui et ils se moquent de lui en disant : \u00ab Salut, roi des Juifs \u00bb.<\/span><\/p>\n<p align=\"JUSTIFY\"><span style=\"font-family: 'Century Gothic', sans-serif;\"><sup>30<\/sup>\u00a0Ils crachent sur lui, ils prennent le roseau et le frappent sur la t\u00eate.\u00a0<sup>31<\/sup>\u00a0Quand ils ont fini de se moquer de J\u00e9sus, ils lui enl\u00e8vent l&#8217;habit rouge et lui remettent ses v\u00eatements. Apr\u00e8s cela, ils l&#8217;emm\u00e8nent pour le crucifier.<\/span><\/p>\n<p align=\"JUSTIFY\"><i style=\"font-family: 'Century Gothic', sans-serif; line-height: 1.5em;\">J\u00e9sus est crucifi\u00e9<\/i><\/p>\n<p><span style=\"font-family: 'Century Gothic', sans-serif;\"><sup>32<\/sup>\u00a0En sortant, ils rencontrent un homme de Cyr\u00e8ne, appel\u00e9 Simon. Ils l&#8217;obligent \u00e0 porter la croix de J\u00e9sus.\u00a0<sup>33<\/sup>\u00a0Ils arrivent dans un endroit appel\u00e9 Golgotha, ce qui veut dire \u00ab Le lieu du Cr\u00e2ne \u00bb.\u00a0<sup>34<\/sup>\u00a0Ils donnent \u00e0 boire \u00e0 J\u00e9sus du vin m\u00e9lang\u00e9 avec un liquide amer. J\u00e9sus, l\u2019ayant go\u00fbt\u00e9, ne veut pas en boire.\u00a0<sup>35<\/sup>\u00a0Apr\u00e8s l&#8217;avoir crucifi\u00e9, les soldats se partagent ses v\u00eatements, en tirant au sort,\u00a0<sup>36<\/sup>\u00a0et ils s&#8217;assoient l\u00e0 pour garder J\u00e9sus.\u00a0<sup>37<\/sup>\u00a0Au-dessus de sa t\u00eate, ils<\/span><\/p>\n<p align=\"JUSTIFY\"><span style=\"font-family: 'Century Gothic', sans-serif;\">[\/one_sixth][one_sixth] avaient plac\u00e9 le motif de sa condamnation\u00a0: \u00ab Celui-ci est J\u00e9sus, le roi des Juifs \u00bb.<\/span><\/p>\n<p align=\"JUSTIFY\"><sup style=\"font-family: 'Century Gothic', sans-serif; line-height: 1.5em;\">38<\/sup><span style=\"font-family: 'Century Gothic', sans-serif; line-height: 1.5em;\">\u00a0<\/span><span style=\"font-family: 'Century Gothic', sans-serif; line-height: 1.5em;\">Deux bandits sont alors crucifi\u00e9s avec lui, l\u2019un \u00e0 droite, l\u2019autre \u00e0 gauche.<\/span><\/p>\n<p align=\"JUSTIFY\"><span style=\"line-height: 1.5em;\"><sup>39\u00a0<\/sup>Les gens qui passent par l\u00e0 secouent la t\u00eate et ils <\/span><span style=\"font-family: 'Century Gothic', sans-serif; line-height: 1.5em;\">insultent J\u00e9sus\u00a0<\/span><sup style=\"font-family: 'Century Gothic', sans-serif; line-height: 1.5em;\">40\u00a0<\/sup><span style=\"font-family: 'Century Gothic', sans-serif; line-height: 1.5em;\">en disant : \u00ab\u00a0Toi qui d\u00e9truis le temple et qui le reconstruis en trois jours, sauve-toi toi-m\u00eame\u00a0! Si tu es Fils de Dieu, descends de la croix !\u00a0\u00bb<\/span><\/p>\n<p align=\"JUSTIFY\"><sup style=\"line-height: 1.5em; font-family: 'Century Gothic', sans-serif;\">41<\/sup><span style=\"line-height: 1.5em; font-family: 'Century Gothic', sans-serif;\">\u00a0De m\u00eame, les chefs des pr\u00eatres avec les ma\u00eetres de la loi et les anciens se moquent de J\u00e9sus. Ils disent :\u00a0<\/span><sup style=\"line-height: 1.5em; font-family: 'Century Gothic', sans-serif;\">42<\/sup><span style=\"line-height: 1.5em; font-family: 'Century Gothic', sans-serif;\">\u00a0\u00ab Il a sauv\u00e9 les autres, mais il ne peut pas se sauver lui-m\u00eame ! C&#8217;est le roi d&#8217;Isra\u00ebl ! Maintenant, il n&#8217;a qu&#8217;\u00e0 descendre de la croix, alors nous croirons en lui.\u00a0<\/span><sup style=\"line-height: 1.5em; font-family: 'Century Gothic', sans-serif;\">43<\/sup><span style=\"line-height: 1.5em; font-family: 'Century Gothic', sans-serif;\">\u00a0Il s&#8217;est confi\u00e9 en Dieu ; que Dieu le d\u00e9livre maintenant, s&#8217;il l&#8217;aime. Car il a dit : \u00ab Je suis Fils de Dieu ! \u00bb<\/span><\/p>\n<p align=\"JUSTIFY\"><sup style=\"font-family: 'Century Gothic', sans-serif; line-height: 1.5em;\">44<\/sup><span style=\"font-family: 'Century Gothic', sans-serif; line-height: 1.5em;\">\u00a0<\/span><span style=\"font-family: 'Century Gothic', sans-serif; line-height: 1.5em;\">M\u00eame les bandits, crucifi\u00e9s avec lui, l&#8217;insultent de la m\u00eame fa\u00e7on.<\/span><\/p>\n<p align=\"JUSTIFY\"><span style=\"font-family: 'Century Gothic', sans-serif;\"><i>La mort de J\u00e9sus<\/i><\/span><\/p>\n<p align=\"JUSTIFY\"><span style=\"font-family: 'Century Gothic', sans-serif;\"><sup>45<\/sup>\u00a0\u00c0 partir de midi et jusqu&#8217;\u00e0 trois heures de l&#8217;apr\u00e8s-midi, il y a obscurit\u00e9 sur toute la terre.<\/span><\/p>\n<p align=\"JUSTIFY\"><span style=\"font-family: 'Century Gothic', sans-serif;\"><sup>46<\/sup>\u00a0Vers trois heures, J\u00e9sus crie tr\u00e8s fort : \u00ab \u00c9li, \u00c9li, lema sabaktani ? \u00bb Cela veut dire : \u00ab Mon Dieu, mon Dieu, pourquoi m&#8217;as-tu abandonn\u00e9 ? \u00bb<\/span><\/p>\n<p align=\"JUSTIFY\"><sup style=\"line-height: 1.5em; font-family: 'Century Gothic', sans-serif;\">47<\/sup><span style=\"line-height: 1.5em; font-family: 'Century Gothic', sans-serif;\">\u00a0En l\u2019entendant, certains de ceux qui sont l\u00e0, disent : \u00ab Il appelle \u00c9lie \u00bb.\u00a0<\/span><sup style=\"line-height: 1.5em; font-family: 'Century Gothic', sans-serif;\">48\u00a0<\/sup><span style=\"line-height: 1.5em; font-family: 'Century Gothic', sans-serif;\">Aussit\u00f4t, l&#8217;un d&#8217;eux part en courant. Il prend une \u00e9ponge et la remplit de vinaigre. Il met l&#8217;\u00e9ponge au bout d&#8217;un roseau et la pr\u00e9sente \u00e0 J\u00e9sus pour qu&#8217;il boive.\u00a0<\/span><sup style=\"line-height: 1.5em; font-family: 'Century Gothic', sans-serif;\">49<\/sup><span style=\"line-height: 1.5em; font-family: 'Century Gothic', sans-serif;\">\u00a0Mais les autres disent : \u00ab Attends ! Nous allons voir si \u00c9lie vient le sauver ! \u00bb<\/span><\/p>\n<p align=\"JUSTIFY\"><sup style=\"line-height: 1.5em; font-family: 'Century Gothic', sans-serif;\">50<\/sup><span style=\"line-height: 1.5em; font-family: 'Century Gothic', sans-serif;\">\u00a0De nouveau, J\u00e9sus pousse un grand cri et rend l&#8217;esprit.<\/span><\/p>\n<p align=\"JUSTIFY\"><sup style=\"line-height: 1.5em; font-family: 'Century Gothic', sans-serif;\">51<\/sup><span style=\"line-height: 1.5em; font-family: 'Century Gothic', sans-serif;\">\u00a0Et voici que le grand rideau qui est dans le temple se\u00a0 [\/one_sixth]<\/span><\/p>\n<p align=\"JUSTIFY\"><span style=\"line-height: 1.5em; font-family: 'Century Gothic', sans-serif;\">[one_sixth]<\/span><span style=\"line-height: 1.5em; font-family: 'Century Gothic', sans-serif;\">d\u00e9chire en deux morceaux, depuis le haut jusqu&#8217;en bas. <\/span><span style=\"line-height: 1.5em; font-family: 'Century Gothic', sans-serif;\">Et la terre tremble, et les rochers se d\u00e9chirent.\u00a0<\/span><sup style=\"line-height: 1.5em; font-family: 'Century Gothic', sans-serif;\">52<\/sup><span style=\"line-height: 1.5em; font-family: 'Century Gothic', sans-serif;\">\u00a0Et les tombes s&#8217;ouvrent, et les corps de beaucoup d&#8217;amis de Dieu, qui \u00e9taient morts, sont ressuscit\u00e9s par Dieu,\u00a0<\/span><sup style=\"line-height: 1.5em; font-family: 'Century Gothic', sans-serif;\">53<\/sup><span style=\"line-height: 1.5em; font-family: 'Century Gothic', sans-serif;\">\u00a0et, sortis des tombeaux, apr\u00e8s sa r\u00e9surrection,<\/span><span style=\"font-family: 'Century Gothic', sans-serif; line-height: 1.5em;\">\u00a0ils entrent dans J\u00e9rusalem, la ville sainte, et se manifestent \u00e0 un grand\u00a0<\/span><\/p>\n<p align=\"JUSTIFY\"><span style=\"line-height: 1.5em; font-family: 'Century Gothic', sans-serif;\">nombre de gens.\u00a0<\/span><\/p>\n<p align=\"JUSTIFY\"><span style=\"font-family: 'Century Gothic', sans-serif;\"><sup>54<\/sup>\u00a0L&#8217;officier romain et les soldats qui &#8211; ensemble avec lui &#8211; gardent J\u00e9sus voient que la terre tremble. Ils voient aussi tout ce qui se passe. Alors ils sont pris, intens\u00e9ment, par la crainte et ils disent : \u00ab Vraiment, cet homme \u00e9tait Fils de Dieu ! \u00bb<\/span><\/p>\n<p align=\"JUSTIFY\"><span style=\"font-family: 'Century Gothic', sans-serif;\"><sup>55<\/sup>\u00a0Beaucoup de femmes sont l\u00e0, elles regardent de loin. Elles ont suivi J\u00e9sus depuis la Galil\u00e9e en le servant.\u00a0<sup>56\u00a0<\/sup>Parmi elles, il y a Marie du village de Magdala, Marie la m\u00e8re de Jacques et de Joseph, et la m\u00e8re des fils de Z\u00e9b\u00e9d\u00e9e.<\/span><\/p>\n<p align=\"JUSTIFY\"><span style=\"font-family: 'Century Gothic', sans-serif;\"><i>J\u00e9sus est mis dans un tombeau<\/i><\/span><\/p>\n<p align=\"JUSTIFY\"><span style=\"font-family: 'Century Gothic', sans-serif;\"><sup>57<\/sup>\u00a0C&#8217;est le soir, un homme riche arrive. Il est de la ville d&#8217;Arimath\u00e9e et s&#8217;appelle Joseph. Lui aussi est devenu disciple de J\u00e9sus.\u00a0<sup>58<\/sup>\u00a0Il va voir Pilate, le gouverneur, et lui demande le corps de J\u00e9sus. Alors Pilate commande de lui donner le corps.\u00a0<sup>59<\/sup>\u00a0Joseph prend le corps et l&#8217;enveloppe dans un drap propre.\u00a0<sup>60<\/sup>\u00a0Il met le corps dans le tombeau tout neuf qu&#8217;il vient de faire creuser pour lui-m\u00eame dans le rocher. Ensuite, il roule une grosse pierre pour fermer l&#8217;entr\u00e9e de la tombe, et il s&#8217;en va.<\/span><\/p>\n<p><span style=\"font-family: 'Century Gothic', sans-serif;\"><sup>61\u00a0<\/sup>Marie de Magdala et l&#8217;autre Marie sont l\u00e0, assises en face de la tombe.<\/span><\/p>\n<p><a href=\"http:\/\/absi.ch\/new\/dimanche-des-rameaux-cont2-2\/\"><em>\u00a0&gt; continua<\/em><\/a><\/p>\n<p><span style=\"font-family: 'Century Gothic', sans-serif;\">[\/one_sixth][one_sixth]<\/span><\/p>\n<p>[\/one_sixth][\/layout_group][\/layout<em>]<\/em><\/p>\n<p align=\"JUSTIFY\"><span style=\"line-height: 1.5em;\"><em>\u00a0<\/em><\/span><\/p>\n<p>&nbsp;<\/p>\n<div id=\"themify_builder_content-1232\" data-postid=\"1232\" class=\"themify_builder_content themify_builder_content-1232 themify_builder\">\n    <\/div>\n<!-- \/themify_builder_content -->\n","protected":false},"excerpt":{"rendered":"<p>[layout][layout_group][one_sixth]pourquoi ce champ s&#8217;appelle encore aujourd&#8217;hui le \u00ab champ du sang \u00bb. 9 Ainsi se r\u00e9alise ce qui avait \u00e9t\u00e9 dit par le proph\u00e8te J\u00e9r\u00e9mie\u00a0: \u00ab Ils ont pris les trente pi\u00e8ces d&#8217;argent &#8211; le prix du pr\u00e9cieux, qu\u2019ont appr\u00e9ci\u00e9 les fils d\u2019Isra\u00ebl &#8211; 10 et ils les ont donn\u00e9es pour acheter le champ du [&hellip;]<\/p>\n","protected":false},"author":1,"featured_media":0,"parent":0,"menu_order":0,"comment_status":"closed","ping_status":"open","template":"","meta":{"footnotes":""},"class_list":["post-1232","page","type-page","status-publish","hentry","has-post-title","no-post-date","has-post-category","has-post-tag","has-post-comment","has-post-author",""],"builder_content":"","_links":{"self":[{"href":"https:\/\/absi.ch\/new\/wp-json\/wp\/v2\/pages\/1232","targetHints":{"allow":["GET"]}}],"collection":[{"href":"https:\/\/absi.ch\/new\/wp-json\/wp\/v2\/pages"}],"about":[{"href":"https:\/\/absi.ch\/new\/wp-json\/wp\/v2\/types\/page"}],"author":[{"embeddable":true,"href":"https:\/\/absi.ch\/new\/wp-json\/wp\/v2\/users\/1"}],"replies":[{"embeddable":true,"href":"https:\/\/absi.ch\/new\/wp-json\/wp\/v2\/comments?post=1232"}],"version-history":[{"count":78,"href":"https:\/\/absi.ch\/new\/wp-json\/wp\/v2\/pages\/1232\/revisions"}],"predecessor-version":[{"id":1371,"href":"https:\/\/absi.ch\/new\/wp-json\/wp\/v2\/pages\/1232\/revisions\/1371"}],"wp:attachment":[{"href":"https:\/\/absi.ch\/new\/wp-json\/wp\/v2\/media?parent=1232"}],"curies":[{"name":"wp","href":"https:\/\/api.w.org\/{rel}","templated":true}]}}