{"id":1351,"date":"2014-04-14T10:02:01","date_gmt":"2014-04-14T10:02:01","guid":{"rendered":"http:\/\/absi.ch\/new\/?page_id=1351"},"modified":"2014-04-14T10:19:13","modified_gmt":"2014-04-14T10:19:13","slug":"dimanche-des-rameaux-cont2-2","status":"publish","type":"page","link":"https:\/\/absi.ch\/new\/dimanche-des-rameaux-cont2-2\/","title":{"rendered":"Dimanche des rameaux-cont2"},"content":{"rendered":"<p>[layout][layout_group][one_sixth]<\/p>\n<p><strong>Pri\u00e8re d\u2019ouverture<\/strong><\/p>\n<p align=\"JUSTIFY\">J\u00e9sus, tu as manifest\u00e9 la force en choisissant l\u2019indigence.<br \/>\nTu as voulu t\u2019asseoir sur un \u00e2non en signe de ta pauvret\u00e9,<br \/>\nmais avec ta gloire tu r\u00e9ussis \u00e0 conqu\u00e9rir Sion.<br \/>\nLes habits de tes disciples \u00e9taient des habits pauvres,<br \/>\nmais les enfants et la foule te faisaient grand<br \/>\nen chantant\u00a0: Hosanna, sauve-nous,<br \/>\ntoi qui es au plus haut des cieux.<br \/>\nSauve, toi le Tr\u00e8s-Haut, les opprim\u00e9s.<br \/>\nAie piti\u00e9 de nous, pour ces rameaux,<br \/>\ntoi qui viens nous rappeler notre condition terrestre,<br \/>\ncelle des humains devant la mort<sup><a href=\"#sdfootnote3sym\"><sup>3<\/sup><\/a><\/sup>.<\/p>\n<p align=\"JUSTIFY\"><em>[Romain le M\u00e9lode, diacre et po\u00e8te syrien\u00a0: 490-556 environs]<\/em><\/p>\n<p>&nbsp;<\/p>\n<p align=\"JUSTIFY\"><strong>Pri\u00e8re finale<\/strong><\/p>\n<p align=\"JUSTIFY\">Seigneur, toi qui entres \u00e0 J\u00e9rusalem,<br \/>\ntoi qui entres dans notre ville,<br \/>\ndonne-nous la force d\u2019ouvrir les portes de notre c\u0153ur<br \/>\net de sortir de nos mentalit\u00e9s ferm\u00e9es et tr\u00e8s \u00e9troites.<br \/>\nAide-nous \u00e0 partager avec toi<br \/>\nles souffrances de la ville avec humilit\u00e9,<br \/>\nen sachant que nos fautes, elles aussi,<br \/>\nont contribu\u00e9 \u00e0 rendre pire notre soci\u00e9t\u00e9.<br \/>\nAide-nous \u00e0 partager avec toi<br \/>\nton engagement pour la paix,<br \/>\nsans des sentiments de vengeance et de haine,<br \/>\nmais avec cette paix qui est un fruit<br \/>\nde la foi et de l\u2019esp\u00e9rance.<\/p>\n<p>[Carlo Maria Martini, cardinal, Italie: 1927-2012]<sup><a href=\"#sdfootnote4sym\"><sup>4<\/sup><\/a><\/sup>.<\/p>\n<p>&nbsp;<\/p>\n<p>[\/one_sixth][one_sixth]<\/p>\n<p><a href=\"http:\/\/absi.ch\/new\/2014\/04\/dimanche-des-rameaux\/sdfootnote1anc\">1<\/a>\u00a0J. Gnilka,\u00a0<i>Il Vangelo di Matteo. Parte seconda<\/i>,<br \/>\nBrescia, Paideia, 1991, p. 664.<\/p>\n<div>\n<p><a href=\"#sdfootnote2anc\">2<\/a>\u00a0D. M. Turoldo &#8211; G. Ravasi,\u00a0<i>\u00ab Convertitevi e credete<br \/>\nal vangelo \u00bb, Tempo di quaresima, triduo pasquale,<br \/>\ntempo di Pasqua. Commento alle letture liturgiche &#8211;<\/i><br \/>\nSan Paolo, Cinisello Balsamo, 2003, p. 140.<\/p>\n<\/div>\n<div>\n<p><a href=\"#sdfootnote3anc\">3<\/a>\u00a0A. Zarri,\u00a0<i>Il pozzo di Giacobbe. Raccolta di preghiere<br \/>\nda tutte le fedi &#8211;\u00a0<\/i>\u00a0Gribaudi, Torino 1992, p. 140.<\/p>\n<\/div>\n<p><a href=\"#sdfootnote4anc\">4<\/a>\u00a0C. M. Martini,\u00a0<i>Invocare il Padre. Preghiere<\/i>,<br \/>\nEDB, Bologna, 2012, p. 105. Hom\u00e9lie pour le dimanche<br \/>\ndes rameaux &#8211;\u00a0Milan, le 4 avril 1993.<\/p>\n<p>&nbsp;<\/p>\n<p><a href=\"http:\/\/absi.ch\/new\/wp-content\/uploads\/2014\/04\/Eucharistie_13avril2014.pdf\" target=\"_blank\"><em>&gt; scarica il pdf<\/em><\/a><\/p>\n<p><a href=\"http:\/\/absi.ch\/new\/lectures-pour-lafrique-et-toute-la-terre\/\"><em>&gt; torna a &#8220;Lectures pour l\u2019Afrique et\u2026toute la Terre&#8221;<\/em><\/a><\/p>\n<p>[\/one_sixth][one_sixth][\/one_sixth][one_sixth][\/one_sixth][one_sixth][\/one_sixth][one_sixth][\/one_sixth][\/layout_group][\/layout]<\/p>\n<div id=\"themify_builder_content-1351\" data-postid=\"1351\" class=\"themify_builder_content themify_builder_content-1351 themify_builder\">\n    <\/div>\n<!-- \/themify_builder_content -->\n","protected":false},"excerpt":{"rendered":"<p>[layout][layout_group][one_sixth] Pri\u00e8re d\u2019ouverture J\u00e9sus, tu as manifest\u00e9 la force en choisissant l\u2019indigence. Tu as voulu t\u2019asseoir sur un \u00e2non en signe de ta pauvret\u00e9, mais avec ta gloire tu r\u00e9ussis \u00e0 conqu\u00e9rir Sion. Les habits de tes disciples \u00e9taient des habits pauvres, mais les enfants et la foule te faisaient grand en chantant\u00a0: Hosanna, sauve-nous, [&hellip;]<\/p>\n","protected":false},"author":1,"featured_media":0,"parent":0,"menu_order":0,"comment_status":"closed","ping_status":"open","template":"","meta":{"footnotes":""},"class_list":["post-1351","page","type-page","status-publish","hentry","has-post-title","no-post-date","has-post-category","has-post-tag","has-post-comment","has-post-author",""],"builder_content":"","_links":{"self":[{"href":"https:\/\/absi.ch\/new\/wp-json\/wp\/v2\/pages\/1351","targetHints":{"allow":["GET"]}}],"collection":[{"href":"https:\/\/absi.ch\/new\/wp-json\/wp\/v2\/pages"}],"about":[{"href":"https:\/\/absi.ch\/new\/wp-json\/wp\/v2\/types\/page"}],"author":[{"embeddable":true,"href":"https:\/\/absi.ch\/new\/wp-json\/wp\/v2\/users\/1"}],"replies":[{"embeddable":true,"href":"https:\/\/absi.ch\/new\/wp-json\/wp\/v2\/comments?post=1351"}],"version-history":[{"count":16,"href":"https:\/\/absi.ch\/new\/wp-json\/wp\/v2\/pages\/1351\/revisions"}],"predecessor-version":[{"id":1368,"href":"https:\/\/absi.ch\/new\/wp-json\/wp\/v2\/pages\/1351\/revisions\/1368"}],"wp:attachment":[{"href":"https:\/\/absi.ch\/new\/wp-json\/wp\/v2\/media?parent=1351"}],"curies":[{"name":"wp","href":"https:\/\/api.w.org\/{rel}","templated":true}]}}