{"id":13655,"date":"2019-12-30T21:45:40","date_gmt":"2019-12-30T20:45:40","guid":{"rendered":"http:\/\/absi.ch\/new\/?page_id=13655"},"modified":"2020-12-28T02:59:10","modified_gmt":"2020-12-28T01:59:10","slug":"lectures-pour-lafrique-et-toute-la-terre_2020","status":"publish","type":"page","link":"https:\/\/absi.ch\/new\/lectures-pour-lafrique-et-toute-la-terre_2020\/","title":{"rendered":"Lectures pour l&#8217;Afrique et &#8230;<br>toute la Terre &#8211; 2020"},"content":{"rendered":"<div id=\"themify_builder_content-13655\" data-postid=\"13655\" class=\"themify_builder_content themify_builder_content-13655 themify_builder\">\n    \t<!-- module_row -->\n\t<div  class=\"themify_builder_row module_row clearfix module_row_1 themify_builder_13655_row module_row_13655-1 tb_1pm438\">\n\t    \t    <div class=\"row_inner col_align_top\" >\n\t\t\t<div  class=\"module_column tb-column col-full first tb_13655_column module_column_0 module_column_13655-1-0 tb_r0gg40\">\n\t    \t    \t        <div class=\"tb-column-inner\">\n\t\t    <!-- module text -->\n<div  class=\"module module-text tb_lr3y50    \">\n            <div  class=\"tb_text_wrap\">\n    <h4>di Renzo Petraglio<\/h4>\n<p><img loading=\"lazy\" decoding=\"async\" class=\"alignnone size-full wp-image-15597\" src=\"https:\/\/absi.ch\/new\/wp-content\/uploads\/2020\/11\/lastsupp-valentin-de-boulogne.jpg\" alt=\"\" width=\"1090\" height=\"680\" srcset=\"https:\/\/absi.ch\/new\/wp-content\/uploads\/2020\/11\/lastsupp-valentin-de-boulogne.jpg 1090w, https:\/\/absi.ch\/new\/wp-content\/uploads\/2020\/11\/lastsupp-valentin-de-boulogne-300x187.jpg 300w, https:\/\/absi.ch\/new\/wp-content\/uploads\/2020\/11\/lastsupp-valentin-de-boulogne-768x479.jpg 768w\" sizes=\"auto, (max-width: 1090px) 100vw, 1090px\" \/><\/p>\n<p>\u00a0<\/p>\n<h4>2020<\/h4>\n<ul>\n<li>Eucharistie :\u00a0 27 d\u00e9cembre 2020<\/li>\n<\/ul>\n<p><a href=\"https:\/\/absi.ch\/new\/2020\/12\/eucharistie-27-decembre-2020-annee-b\/\">La Sainte Famille<\/a><\/p>\n<ul>\n<li>Eucharistie :\u00a0 25 d\u00e9cembre 2020<\/li>\n<\/ul>\n<p><a href=\"https:\/\/absi.ch\/new\/2020\/12\/eucharistie-25-decembre-2020\/\">\u00ab\u00a0Nous avons tous \u00e9t\u00e9 remplis de son amour\u00a0\u00bb (Jean 1,16)<\/a><\/p>\n<ul>\n<li>Eucharistie :\u00a0 13 d\u00e9cembre 2020<\/li>\n<\/ul>\n<p><a href=\"https:\/\/absi.ch\/new\/2020\/12\/eucharistie-13-dicembre-2020\/\">Un beau message pour les plus d\u00e9muni(e)s<\/a><\/p>\n<ul>\n<li>Eucharistie :\u00a0 8 d\u00e9cembre 2020<\/li>\n<\/ul>\n<p><a href=\"https:\/\/absi.ch\/new\/2020\/12\/eucaristia-8-dicembre-2020\/\">L\u2019Immacolata<\/a><\/p>\n<ul>\n<li>Eucharistie :\u00a0 6 d\u00e9cembre 2020<\/li>\n<\/ul>\n<p><a href=\"https:\/\/absi.ch\/new\/2020\/12\/eucharistie-6-decembre-2020\/\">\u00ab Pr\u00e9parez le chemin du Seigneur, rendez droits ses sentiers \u00bb (<em>Marc <\/em>1,3)<\/a><\/p>\n<ul>\n<li>Eucharistie :\u00a0 29 novembre 2020<\/li>\n<\/ul>\n<p><a href=\"https:\/\/absi.ch\/new\/2020\/11\/eucharistie-29-novembre-2020\/\">\u00ab\u00a0Ah ! Si tu d\u00e9chirais les cieux, si tu descendais !\u00a0\u00bb (<em>Isa\u00efe<\/em> 63,19b)<\/a><\/p>\n<ul>\n<li>Eucharistie :11 octobre 2020<\/li>\n<\/ul>\n<p><a href=\"https:\/\/absi.ch\/new\/2020\/10\/eucharistie-11-octobre-2020\/\">Une invitation pour tous les peuples<\/a><\/p>\n<ul>\n<li>Eucharistie : 4 octobre 2020<\/li>\n<\/ul>\n<p><a href=\"https:\/\/absi.ch\/new\/2020\/10\/eucharistie-4-octobre-2020\/\">\u00ab Je vous ai choisis, afin que vous portiez du fruit \u00bb (<em>Jean<\/em> 15,16)<\/a><\/p>\n<ul>\n<li>Eucharistie : 27 septembre 2020<\/li>\n<\/ul>\n<p><a href=\"https:\/\/absi.ch\/new\/2020\/09\/eucharistie-27-septembre-2020\/\">Comment r\u00e9pondre \u00e0 l\u2019invitation que le P\u00e8re nous adresse\u00a0?<\/a><\/p>\n<ul>\n<li>Eucharistie :30 aou\u0302t 2020<\/li>\n<\/ul>\n<p><a href=\"https:\/\/absi.ch\/new\/2020\/08\/eucharistie-30-aout-2020\/\">Seigneur, tu m\u2019as fascin\u00e9, tu m\u2019as s\u00e9duit<\/a><\/p>\n<ul>\n<li>Eucharistie :23 aou\u0302t 2020<\/li>\n<\/ul>\n<p><a href=\"https:\/\/absi.ch\/new\/2020\/08\/eucharistie-23-aout-2020\/\">On ne peut servir Dieu qu\u2019en prenant soin des humains<\/a><\/p>\n<ul>\n<li>Eucharistie :16 aou\u0302t 2020<\/li>\n<\/ul>\n<p><a href=\"https:\/\/absi.ch\/new\/2020\/08\/eucharistie-16-aout-2020\/\">Les barri\u00e8res ethniques\u2026 tombent<\/a> !<\/p>\n<ul>\n<li>Eucharistie :15 aou\u0302t 2020<\/li>\n<\/ul>\n<p><a href=\"https:\/\/absi.ch\/new\/2020\/08\/eucharistie-15-aout-2020-lassomption-de-marie\/\">L\u2019Assomption de Marie : un signe pour l\u2019avenir des croyants<\/a><\/p>\n<ul>\n<li>Eucharistie : 9 aou\u0302t 2020<\/li>\n<\/ul>\n<p><a href=\"https:\/\/absi.ch\/new\/2020\/08\/eucharistie-9-aout-2020\/\">Un Dieu toujours surprenant<\/a><\/p>\n<ul>\n<li>Eucharistie : 19 juillet 2020<\/li>\n<\/ul>\n<p><a href=\"https:\/\/absi.ch\/new\/2020\/07\/eucharistie-19-juillet-2020\/\">\u00ab L\u2019Esprit interc\u00e8de &#8211; en nous et \u00e0 notre faveur &#8211;<br \/>par des g\u00e9missements inexprimables \u00bb (Rom 8,26)<\/a><\/p>\n<ul>\n<li>Eucharistie : 5 juillet 2020<\/li>\n<\/ul>\n<p><a href=\"https:\/\/absi.ch\/new\/2020\/07\/eucharistie-5-juillet-2020\/\">\u00ab Ton roi vient \u00e0 toi, lui, humble et doux \u00bb (Za 9,9)<\/a><br \/><a href=\"https:\/\/absi.ch\/new\/2020\/07\/eucharistie-5-juillet-2020\/\">Apprendre de celui qui est doux et non-viol<\/a><\/p>\n<ul>\n<li>Eucharistie : 29 juin 2020<\/li>\n<\/ul>\n<p><a href=\"https:\/\/absi.ch\/new\/2020\/06\/eucharistie-29-juin-2020\/\">Saints Pierre et Paul<\/a><\/p>\n<ul>\n<li>Eucharistie : 28 juin 2020<\/li>\n<\/ul>\n<p><a href=\"https:\/\/absi.ch\/new\/2020\/06\/eucharistie-28-juin-2020\/\">\u00ab Qui donnera \u00e0 boire, m\u00eame un simple verre d\u2019eau fra\u00eeche,<\/a><br \/><a href=\"https:\/\/absi.ch\/new\/2020\/06\/eucharistie-28-juin-2020\/\">\u00e0 l\u2019un de ces petits\u2026 \u00bb (Mt 10,42)<\/a><\/p>\n<ul>\n<li>Eucharistie : 14 juin 2020<\/li>\n<\/ul>\n<p><a href=\"https:\/\/absi.ch\/new\/2020\/06\/eucharistie-14-juin-2020\/\">Solennit\u00e9 du corps et du sang du Christ<\/a><\/p>\n<ul>\n<li>Eucharistie : 31 mai 2020 &#8211; Pentec\u00f4te<\/li>\n<\/ul>\n<p><a href=\"https:\/\/absi.ch\/new\/2020\/06\/eucharistie-31-mai-2020\/\">Souffle de Dieu, Souffle d\u2019unit\u00e9 entre les personnes et les peuples<\/a><\/p>\n<ul>\n<li>Eucharistie : 24 mai 2020<\/li>\n<\/ul>\n<p><a href=\"https:\/\/absi.ch\/new\/2020\/05\/eucharistie-24-mai-2020\/\">Les personnes \u00ab que tu m\u2019as confi\u00e9es ont gard\u00e9 ta parole \u00bb (Jean 17,6)<\/a><\/p>\n<ul>\n<li>Eucharistie : 21 mai 2020<\/li>\n<\/ul>\n<p><a href=\"https:\/\/absi.ch\/new\/2020\/05\/eucharistie-21-mai-2020\/\">L\u2019ascension, la mont\u00e9e de J\u00e9sus vers le ciel, n\u2019emp\u00eache pas J\u00e9sus de rester avec nous<\/a><\/p>\n<ul>\n<li>Eucharistie : 17 mai 2020<\/li>\n<\/ul>\n<p><a href=\"https:\/\/absi.ch\/new\/2020\/05\/eucharistie-17-mai-2020\/\" target=\"_blank\" rel=\"noopener noreferrer\">\u00ab Oui, il vaut mieux souffrir en faisant le bien, plut\u00f4t<br \/>que de souffrir en faisant le mal \u00bb (1 Pi 3,17)<\/a><\/p>\n<ul>\n<li>Eucharistie : 10 mai 2020<\/li>\n<\/ul>\n<p><a href=\"https:\/\/absi.ch\/new\/2020\/05\/eucharistie-10-mai-2020\/\">\u00abQue votre c\u0153ur ne soit pas troubl\u00e9!\u00bb (Jean 14,1)<\/a><\/p>\n<ul>\n<li>Eucharistie : 3 mai 2020<\/li>\n<\/ul>\n<p><a href=\"https:\/\/absi.ch\/new\/2020\/05\/eucharistie-3-mai-2020\/\">\u00ab M\u00eame si je vais dans une vall\u00e9e de profonde obscurit\u00e9, tu es avec moi \u00bb (Ps 22,4)<\/a><\/p>\n<ul>\n<li>Eucharistie : 26 avril 2020<\/li>\n<\/ul>\n<p><a href=\"https:\/\/absi.ch\/new\/2020\/04\/eucharistie-26-avril-2020\/\">\u00ab Tu n\u2019abandonneras pas mon \u00e2me \u00e0 la mort \u00bb<br \/>(Psaume 16,10)<\/a><\/p>\n<ul>\n<li>P\u00e2ques, 12 avril 2020<\/li>\n<\/ul>\n<p><a href=\"https:\/\/absi.ch\/new\/2020\/04\/pasqua-2020\/\">\u00ab Dieu vous a ressuscit\u00e9s avec le Christ \u00bb (Col 3,1)<\/a><\/p>\n<ul>\n<li>Eucharistie : 5 avril 2020, 12 avril 2020<\/li>\n<\/ul>\n<p><a href=\"https:\/\/absi.ch\/new\/2020\/04\/dimanche-des-rameaux-2020\/\">Dimanche des rameaux<\/a><\/p>\n<ul>\n<li>Eucharistie, 29mars 2020<\/li>\n<\/ul>\n<p><a href=\"https:\/\/absi.ch\/new\/2020\/03\/eucharistie-29-mars-2020\/\">\u00ab Celui qui met sa foi en moi, m\u00eame s\u2019il meurt, il vivra \u00bb (Jean 11,25)<\/a><\/p>\n<ul>\n<li>Eucharistie, 22 mars 2020<\/li>\n<\/ul>\n<p><a href=\"https:\/\/absi.ch\/new\/2020\/03\/eucharistie-22-mars-2020\/\">\u00ab Qui d\u00e9cide de me suivre ne marchera pas dans<br \/>l\u2019obscurit\u00e9 mais aura la lumi\u00e8re de la vie \u00bb (Jn 8,12)<\/a><\/p>\n<ul>\n<li>Eucharistie, 15 mars 2020<\/li>\n<\/ul>\n<p><a href=\"https:\/\/absi.ch\/new\/2020\/03\/eucharistie-15-mars-202\/\">J\u00e9sus, nous l\u2019avons entendu nous-m\u00eames (Jean 4,42)<\/a><\/p>\n<ul>\n<li>Eucharistie, 8 mars 2020<\/li>\n<\/ul>\n<p><a href=\"https:\/\/absi.ch\/new\/2020\/03\/eucharistie-8-mars-2020\/\" target=\"_blank\" rel=\"noopener noreferrer\">Celui-ci est mon Fils, le bien-aim\u00e9.<br \/>C\u2019est lui en qui je trouve ma joie. \u00c9coutez-le ! \u00bb (Mt 17,5<\/a><\/p>\n<ul>\n<li>Eucharistie, 1 mars 2020<\/li>\n<\/ul>\n<p><a href=\"https:\/\/absi.ch\/new\/2020\/03\/eucharistie-1-mars-2020\/\">Le car\u00eame : une prise de conscience,<\/a><br \/><a href=\"https:\/\/absi.ch\/new\/2020\/03\/eucharistie-1-mars-2020\/\">une nouvelle orientation<\/a><\/p>\n<ul>\n<li>Eucharistie, 23 f\u00e9vrier 2020<\/li>\n<\/ul>\n<p><a href=\"https:\/\/absi.ch\/new\/2020\/02\/eucharistie-23-fevrier-2020\/\">Une r\u00e9ponse non-violente<\/a><\/p>\n<ul>\n<li>Eucharistie, 9 f\u00e9vrier 2020<\/li>\n<\/ul>\n<p><a href=\"https:\/\/absi.ch\/new\/2020\/02\/eucharistie-9-fevrier-2020\/\">Fais en morceaux ton pain\u2026 et tu seras lumi\u00e8re<\/a><\/p>\n<ul>\n<li>Eucharistie, 2 f\u00e9vrier 2020<\/li>\n<\/ul>\n<p><a href=\"https:\/\/absi.ch\/new\/2020\/02\/eucharistie-2-fevrier-2020\/\">Pr\u00e9sentation du Seigneur au Temple<\/a><\/p>\n<ul>\n<li>Eucharistie, 19 janvier 2020<\/li>\n<\/ul>\n<p><a href=\"https:\/\/absi.ch\/new\/2020\/01\/eucharistie-19-janvier-2020\/\">Je chante ton amour, Seigneur, et je veux faire ta volont\u00e9<\/a><\/p>\n<ul>\n<li>Eucharistie, 1 janvier 2020<\/li>\n<\/ul>\n<p><a href=\"https:\/\/absi.ch\/new\/2019\/12\/eucharistie-1-janvier-2020\/\">\u00ab Marie, elle vient de la terre, elle donne son fruit : <\/a><br \/><a href=\"https:\/\/absi.ch\/new\/2019\/12\/eucharistie-1-janvier-2020\/\">le prince de la paix \u00bb (saint J\u00e9r\u00f4me)<\/a><\/p>\n<p>\u00a0<\/p>    <\/div>\n<\/div>\n<!-- \/module text -->\n\t        <\/div>\n\t    \t<\/div>\n\t\t    <\/div>\n\t    <!-- \/row_inner -->\n\t<\/div>\n\t<!-- \/module_row -->\n\t<\/div>\n\n\n\n\n<p><\/p>\n","protected":false},"excerpt":{"rendered":"<p>di Renzo Petraglio \u00a0 2020 Eucharistie :\u00a0 27 d\u00e9cembre 2020 La Sainte Famille Eucharistie :\u00a0 25 d\u00e9cembre 2020 \u00ab\u00a0Nous avons tous \u00e9t\u00e9 remplis de son amour\u00a0\u00bb (Jean 1,16) Eucharistie :\u00a0 13 d\u00e9cembre 2020 Un beau message pour les plus d\u00e9muni(e)s Eucharistie :\u00a0 8 d\u00e9cembre 2020 L\u2019Immacolata Eucharistie :\u00a0 6 d\u00e9cembre 2020 \u00ab Pr\u00e9parez le chemin [&hellip;]<\/p>\n","protected":false},"author":1,"featured_media":0,"parent":0,"menu_order":0,"comment_status":"closed","ping_status":"closed","template":"","meta":{"footnotes":""},"class_list":["post-13655","page","type-page","status-publish","hentry","has-post-title","no-post-date","has-post-category","has-post-tag","has-post-comment","has-post-author",""],"builder_content":"<h4>di Renzo Petraglio<\/h4> <p><img loading=\"lazy\" decoding=\"async\" src=\"https:\/\/absi.ch\/new\/wp-content\/uploads\/2020\/11\/lastsupp-valentin-de-boulogne.jpg\" alt=\"\" width=\"1090\" height=\"680\" srcset=\"https:\/\/absi.ch\/new\/wp-content\/uploads\/2020\/11\/lastsupp-valentin-de-boulogne.jpg 1090w, https:\/\/absi.ch\/new\/wp-content\/uploads\/2020\/11\/lastsupp-valentin-de-boulogne-300x187.jpg 300w, https:\/\/absi.ch\/new\/wp-content\/uploads\/2020\/11\/lastsupp-valentin-de-boulogne-768x479.jpg 768w\" sizes=\"auto, (max-width: 1090px) 100vw, 1090px\" \/><\/p> <p>\u00a0<\/p> <h4>2020<\/h4> <ul> <li>Eucharistie :\u00a0 27 d\u00e9cembre 2020<\/li> <\/ul> <p><a href=\"https:\/\/absi.ch\/new\/2020\/12\/eucharistie-27-decembre-2020-annee-b\/\">La Sainte Famille<\/a><\/p> <ul> <li>Eucharistie :\u00a0 25 d\u00e9cembre 2020<\/li> <\/ul> <p><a href=\"https:\/\/absi.ch\/new\/2020\/12\/eucharistie-25-decembre-2020\/\">\u00ab\u00a0Nous avons tous \u00e9t\u00e9 remplis de son amour\u00a0\u00bb (Jean 1,16)<\/a><\/p> <ul> <li>Eucharistie :\u00a0 13 d\u00e9cembre 2020<\/li> <\/ul> <p><a href=\"https:\/\/absi.ch\/new\/2020\/12\/eucharistie-13-dicembre-2020\/\">Un beau message pour les plus d\u00e9muni(e)s<\/a><\/p> <ul> <li>Eucharistie :\u00a0 8 d\u00e9cembre 2020<\/li> <\/ul> <p><a href=\"https:\/\/absi.ch\/new\/2020\/12\/eucaristia-8-dicembre-2020\/\">L\u2019Immacolata<\/a><\/p> <ul> <li>Eucharistie :\u00a0 6 d\u00e9cembre 2020<\/li> <\/ul> <p><a href=\"https:\/\/absi.ch\/new\/2020\/12\/eucharistie-6-decembre-2020\/\">\u00ab Pr\u00e9parez le chemin du Seigneur, rendez droits ses sentiers \u00bb (<em>Marc <\/em>1,3)<\/a><\/p> <ul> <li>Eucharistie :\u00a0 29 novembre 2020<\/li> <\/ul> <p><a href=\"https:\/\/absi.ch\/new\/2020\/11\/eucharistie-29-novembre-2020\/\">\u00ab\u00a0Ah ! Si tu d\u00e9chirais les cieux, si tu descendais !\u00a0\u00bb (<em>Isa\u00efe<\/em> 63,19b)<\/a><\/p> <ul> <li>Eucharistie :11 octobre 2020<\/li> <\/ul> <p><a href=\"https:\/\/absi.ch\/new\/2020\/10\/eucharistie-11-octobre-2020\/\">Une invitation pour tous les peuples<\/a><\/p> <ul> <li>Eucharistie : 4 octobre 2020<\/li> <\/ul> <p><a href=\"https:\/\/absi.ch\/new\/2020\/10\/eucharistie-4-octobre-2020\/\">\u00ab Je vous ai choisis, afin que vous portiez du fruit \u00bb (<em>Jean<\/em> 15,16)<\/a><\/p> <ul> <li>Eucharistie : 27 septembre 2020<\/li> <\/ul> <p><a href=\"https:\/\/absi.ch\/new\/2020\/09\/eucharistie-27-septembre-2020\/\">Comment r\u00e9pondre \u00e0 l\u2019invitation que le P\u00e8re nous adresse\u00a0?<\/a><\/p> <ul> <li>Eucharistie :30 aou\u0302t 2020<\/li> <\/ul> <p><a href=\"https:\/\/absi.ch\/new\/2020\/08\/eucharistie-30-aout-2020\/\">Seigneur, tu m\u2019as fascin\u00e9, tu m\u2019as s\u00e9duit<\/a><\/p> <ul> <li>Eucharistie :23 aou\u0302t 2020<\/li> <\/ul> <p><a href=\"https:\/\/absi.ch\/new\/2020\/08\/eucharistie-23-aout-2020\/\">On ne peut servir Dieu qu\u2019en prenant soin des humains<\/a><\/p> <ul> <li>Eucharistie :16 aou\u0302t 2020<\/li> <\/ul> <p><a href=\"https:\/\/absi.ch\/new\/2020\/08\/eucharistie-16-aout-2020\/\">Les barri\u00e8res ethniques\u2026 tombent<\/a> !<\/p> <ul> <li>Eucharistie :15 aou\u0302t 2020<\/li> <\/ul> <p><a href=\"https:\/\/absi.ch\/new\/2020\/08\/eucharistie-15-aout-2020-lassomption-de-marie\/\">L\u2019Assomption de Marie : un signe pour l\u2019avenir des croyants<\/a><\/p> <ul> <li>Eucharistie : 9 aou\u0302t 2020<\/li> <\/ul> <p><a href=\"https:\/\/absi.ch\/new\/2020\/08\/eucharistie-9-aout-2020\/\">Un Dieu toujours surprenant<\/a><\/p> <ul> <li>Eucharistie : 19 juillet 2020<\/li> <\/ul> <p><a href=\"https:\/\/absi.ch\/new\/2020\/07\/eucharistie-19-juillet-2020\/\">\u00ab L\u2019Esprit interc\u00e8de - en nous et \u00e0 notre faveur -<br \/>par des g\u00e9missements inexprimables \u00bb (Rom 8,26)<\/a><\/p> <ul> <li>Eucharistie : 5 juillet 2020<\/li> <\/ul> <p><a href=\"https:\/\/absi.ch\/new\/2020\/07\/eucharistie-5-juillet-2020\/\">\u00ab Ton roi vient \u00e0 toi, lui, humble et doux \u00bb (Za 9,9)<\/a><br \/><a href=\"https:\/\/absi.ch\/new\/2020\/07\/eucharistie-5-juillet-2020\/\">Apprendre de celui qui est doux et non-viol<\/a><\/p> <ul> <li>Eucharistie : 29 juin 2020<\/li> <\/ul> <p><a href=\"https:\/\/absi.ch\/new\/2020\/06\/eucharistie-29-juin-2020\/\">Saints Pierre et Paul<\/a><\/p> <ul> <li>Eucharistie : 28 juin 2020<\/li> <\/ul> <p><a href=\"https:\/\/absi.ch\/new\/2020\/06\/eucharistie-28-juin-2020\/\">\u00ab Qui donnera \u00e0 boire, m\u00eame un simple verre d\u2019eau fra\u00eeche,<\/a><br \/><a href=\"https:\/\/absi.ch\/new\/2020\/06\/eucharistie-28-juin-2020\/\">\u00e0 l\u2019un de ces petits\u2026 \u00bb (Mt 10,42)<\/a><\/p> <ul> <li>Eucharistie : 14 juin 2020<\/li> <\/ul> <p><a href=\"https:\/\/absi.ch\/new\/2020\/06\/eucharistie-14-juin-2020\/\">Solennit\u00e9 du corps et du sang du Christ<\/a><\/p> <ul> <li>Eucharistie : 31 mai 2020 - Pentec\u00f4te<\/li> <\/ul> <p><a href=\"https:\/\/absi.ch\/new\/2020\/06\/eucharistie-31-mai-2020\/\">Souffle de Dieu, Souffle d\u2019unit\u00e9 entre les personnes et les peuples<\/a><\/p> <ul> <li>Eucharistie : 24 mai 2020<\/li> <\/ul> <p><a href=\"https:\/\/absi.ch\/new\/2020\/05\/eucharistie-24-mai-2020\/\">Les personnes \u00ab que tu m\u2019as confi\u00e9es ont gard\u00e9 ta parole \u00bb (Jean 17,6)<\/a><\/p> <ul> <li>Eucharistie : 21 mai 2020<\/li> <\/ul> <p><a href=\"https:\/\/absi.ch\/new\/2020\/05\/eucharistie-21-mai-2020\/\">L\u2019ascension, la mont\u00e9e de J\u00e9sus vers le ciel, n\u2019emp\u00eache pas J\u00e9sus de rester avec nous<\/a><\/p> <ul> <li>Eucharistie : 17 mai 2020<\/li> <\/ul> <p><a href=\"https:\/\/absi.ch\/new\/2020\/05\/eucharistie-17-mai-2020\/\" target=\"_blank\" rel=\"noopener noreferrer\">\u00ab Oui, il vaut mieux souffrir en faisant le bien, plut\u00f4t<br \/>que de souffrir en faisant le mal \u00bb (1 Pi 3,17)<\/a><\/p> <ul> <li>Eucharistie : 10 mai 2020<\/li> <\/ul> <p><a href=\"https:\/\/absi.ch\/new\/2020\/05\/eucharistie-10-mai-2020\/\">\u00abQue votre c\u0153ur ne soit pas troubl\u00e9!\u00bb (Jean 14,1)<\/a><\/p> <ul> <li>Eucharistie : 3 mai 2020<\/li> <\/ul> <p><a href=\"https:\/\/absi.ch\/new\/2020\/05\/eucharistie-3-mai-2020\/\">\u00ab M\u00eame si je vais dans une vall\u00e9e de profonde obscurit\u00e9, tu es avec moi \u00bb (Ps 22,4)<\/a><\/p> <ul> <li>Eucharistie : 26 avril 2020<\/li> <\/ul> <p><a href=\"https:\/\/absi.ch\/new\/2020\/04\/eucharistie-26-avril-2020\/\">\u00ab Tu n\u2019abandonneras pas mon \u00e2me \u00e0 la mort \u00bb<br \/>(Psaume 16,10)<\/a><\/p> <ul> <li>P\u00e2ques, 12 avril 2020<\/li> <\/ul> <p><a href=\"https:\/\/absi.ch\/new\/2020\/04\/pasqua-2020\/\">\u00ab Dieu vous a ressuscit\u00e9s avec le Christ \u00bb (Col 3,1)<\/a><\/p> <ul> <li>Eucharistie : 5 avril 2020, 12 avril 2020<\/li> <\/ul> <p><a href=\"https:\/\/absi.ch\/new\/2020\/04\/dimanche-des-rameaux-2020\/\">Dimanche des rameaux<\/a><\/p> <ul> <li>Eucharistie, 29mars 2020<\/li> <\/ul> <p><a href=\"https:\/\/absi.ch\/new\/2020\/03\/eucharistie-29-mars-2020\/\">\u00ab Celui qui met sa foi en moi, m\u00eame s\u2019il meurt, il vivra \u00bb (Jean 11,25)<\/a><\/p> <ul> <li>Eucharistie, 22 mars 2020<\/li> <\/ul> <p><a href=\"https:\/\/absi.ch\/new\/2020\/03\/eucharistie-22-mars-2020\/\">\u00ab Qui d\u00e9cide de me suivre ne marchera pas dans<br \/>l\u2019obscurit\u00e9 mais aura la lumi\u00e8re de la vie \u00bb (Jn 8,12)<\/a><\/p> <ul> <li>Eucharistie, 15 mars 2020<\/li> <\/ul> <p><a href=\"https:\/\/absi.ch\/new\/2020\/03\/eucharistie-15-mars-202\/\">J\u00e9sus, nous l\u2019avons entendu nous-m\u00eames (Jean 4,42)<\/a><\/p> <ul> <li>Eucharistie, 8 mars 2020<\/li> <\/ul> <p><a href=\"https:\/\/absi.ch\/new\/2020\/03\/eucharistie-8-mars-2020\/\" target=\"_blank\" rel=\"noopener noreferrer\">Celui-ci est mon Fils, le bien-aim\u00e9.<br \/>C\u2019est lui en qui je trouve ma joie. \u00c9coutez-le ! \u00bb (Mt 17,5<\/a><\/p> <ul> <li>Eucharistie, 1 mars 2020<\/li> <\/ul> <p><a href=\"https:\/\/absi.ch\/new\/2020\/03\/eucharistie-1-mars-2020\/\">Le car\u00eame : une prise de conscience,<\/a><br \/><a href=\"https:\/\/absi.ch\/new\/2020\/03\/eucharistie-1-mars-2020\/\">une nouvelle orientation<\/a><\/p> <ul> <li>Eucharistie, 23 f\u00e9vrier 2020<\/li> <\/ul> <p><a href=\"https:\/\/absi.ch\/new\/2020\/02\/eucharistie-23-fevrier-2020\/\">Une r\u00e9ponse non-violente<\/a><\/p> <ul> <li>Eucharistie, 9 f\u00e9vrier 2020<\/li> <\/ul> <p><a href=\"https:\/\/absi.ch\/new\/2020\/02\/eucharistie-9-fevrier-2020\/\">Fais en morceaux ton pain\u2026 et tu seras lumi\u00e8re<\/a><\/p> <ul> <li>Eucharistie, 2 f\u00e9vrier 2020<\/li> <\/ul> <p><a href=\"https:\/\/absi.ch\/new\/2020\/02\/eucharistie-2-fevrier-2020\/\">Pr\u00e9sentation du Seigneur au Temple<\/a><\/p> <ul> <li>Eucharistie, 19 janvier 2020<\/li> <\/ul> <p><a href=\"https:\/\/absi.ch\/new\/2020\/01\/eucharistie-19-janvier-2020\/\">Je chante ton amour, Seigneur, et je veux faire ta volont\u00e9<\/a><\/p> <ul> <li>Eucharistie, 1 janvier 2020<\/li> <\/ul> <p><a href=\"https:\/\/absi.ch\/new\/2019\/12\/eucharistie-1-janvier-2020\/\">\u00ab Marie, elle vient de la terre, elle donne son fruit : <\/a><br \/><a href=\"https:\/\/absi.ch\/new\/2019\/12\/eucharistie-1-janvier-2020\/\">le prince de la paix \u00bb (saint J\u00e9r\u00f4me)<\/a><\/p> <p>\u00a0<\/p>","_links":{"self":[{"href":"https:\/\/absi.ch\/new\/wp-json\/wp\/v2\/pages\/13655","targetHints":{"allow":["GET"]}}],"collection":[{"href":"https:\/\/absi.ch\/new\/wp-json\/wp\/v2\/pages"}],"about":[{"href":"https:\/\/absi.ch\/new\/wp-json\/wp\/v2\/types\/page"}],"author":[{"embeddable":true,"href":"https:\/\/absi.ch\/new\/wp-json\/wp\/v2\/users\/1"}],"replies":[{"embeddable":true,"href":"https:\/\/absi.ch\/new\/wp-json\/wp\/v2\/comments?post=13655"}],"version-history":[{"count":63,"href":"https:\/\/absi.ch\/new\/wp-json\/wp\/v2\/pages\/13655\/revisions"}],"predecessor-version":[{"id":15798,"href":"https:\/\/absi.ch\/new\/wp-json\/wp\/v2\/pages\/13655\/revisions\/15798"}],"wp:attachment":[{"href":"https:\/\/absi.ch\/new\/wp-json\/wp\/v2\/media?parent=13655"}],"curies":[{"name":"wp","href":"https:\/\/api.w.org\/{rel}","templated":true}]}}