{"id":14056,"date":"2020-04-26T01:49:00","date_gmt":"2020-04-25T23:49:00","guid":{"rendered":"http:\/\/absi.ch\/new\/?page_id=14056"},"modified":"2021-04-25T03:24:54","modified_gmt":"2021-04-25T01:24:54","slug":"ramadan-2020","status":"publish","type":"page","link":"https:\/\/absi.ch\/new\/ramadan-2020\/","title":{"rendered":"Ramadan 2020"},"content":{"rendered":"<p style=\"text-align: left;\">\u00a0<\/p>\n<div>\u00a0<\/div>\n<h4><strong>DAL CORANO ALLA BIBBIA: RAMADAN 2020<\/strong><\/h4>\n<div>\u00a0<\/div>\n<div>La preghiera: questo \u00e8 il tema che Renzo Petraglio ha scelto di considerare per la serie di letture di confronto coranico-biblico che saranno proposte durante l&#8217;intero periodo del Ramadan 2020. In questo momento di particolare difficolt\u00e0 planetaria a causa del contagio Covid-19 una riflessione sulle modalit\u00e0 possibili per un rapporto serio ed appassionato tra gli esseri umani e Dio pu\u00f2 essere davvero significativa ad ampio raggio per il cuore, la mente e la vita di tante persone.\u00a0<\/div>\n<div>\u00a0<\/div>\n<p>\u00a0<\/p>\n<ul>\n<li>premi\u00e8re semaine<\/li>\n<\/ul>\n<h5><a href=\"http:\/\/absi.ch\/new\/2020\/04\/ramadan-2020-premiere-semaine\/\">\u00ab Je me r\u00e9fugie aupr\u00e8s du Seigneur de l\u2019aube naissante \u00bb<\/a><\/h5>\n<ul>\n<li>deuxie\u0300me semaine<\/li>\n<\/ul>\n<h5>\u00ab<a href=\"http:\/\/absi.ch\/new\/2020\/05\/ramadan-2020-deuxieme-semaine\/\"> Je me r\u00e9fugie aupr\u00e8s du Seigneur des humains \u00bb<\/a><\/h5>\n<ul>\n<li>troisie\u0300me semaine<\/li>\n<\/ul>\n<h5><a href=\"http:\/\/absi.ch\/new\/2020\/05\/ramadan-2020-troisieme-semaine\/\">\u00abNotre Seigneur, ne nous fais pas porter<br \/>ce dont nous n\u2019avons pas la force\u00bb<\/a><\/h5>\n<ul>\n<li>quarta settimana<\/li>\n<\/ul>\n<h5><a href=\"http:\/\/absi.ch\/new\/2020\/05\/ramadan-2020-quarta-settimana\/\">\u00ab Signore nostro, accordaci quello che tu ci hai promesso \u00bb<\/a><\/h5>\n<ul>\n<li>quatri\u00e8me semaine<\/li>\n<\/ul>\n<h5><a href=\"http:\/\/absi.ch\/new\/2020\/05\/ramadan-2020-quatrieme-semaine\/\">\u00ab Notre Seigneur, accorde-nous ce que tu nous as promis \u00bb<\/a><\/h5>\n<p>\u00a0<\/p>\n\n<div id=\"themify_builder_content-14056\" data-postid=\"14056\" class=\"themify_builder_content themify_builder_content-14056 themify_builder\">\n    <\/div>\n\n","protected":false},"excerpt":{"rendered":"<p>\u00a0 \u00a0 DAL CORANO ALLA BIBBIA: RAMADAN 2020 \u00a0 La preghiera: questo \u00e8 il tema che Renzo Petraglio ha scelto di considerare per la serie di letture di confronto coranico-biblico che saranno proposte durante l&#8217;intero periodo del Ramadan 2020. In questo momento di particolare difficolt\u00e0 planetaria a causa del contagio Covid-19 una riflessione sulle modalit\u00e0 [&hellip;]<\/p>\n","protected":false},"author":1,"featured_media":11410,"parent":0,"menu_order":0,"comment_status":"closed","ping_status":"closed","template":"","meta":{"footnotes":""},"class_list":["post-14056","page","type-page","status-publish","has-post-thumbnail","hentry","has-post-title","no-post-date","has-post-category","has-post-tag","has-post-comment","has-post-author",""],"builder_content":"","_links":{"self":[{"href":"https:\/\/absi.ch\/new\/wp-json\/wp\/v2\/pages\/14056","targetHints":{"allow":["GET"]}}],"collection":[{"href":"https:\/\/absi.ch\/new\/wp-json\/wp\/v2\/pages"}],"about":[{"href":"https:\/\/absi.ch\/new\/wp-json\/wp\/v2\/types\/page"}],"author":[{"embeddable":true,"href":"https:\/\/absi.ch\/new\/wp-json\/wp\/v2\/users\/1"}],"replies":[{"embeddable":true,"href":"https:\/\/absi.ch\/new\/wp-json\/wp\/v2\/comments?post=14056"}],"version-history":[{"count":18,"href":"https:\/\/absi.ch\/new\/wp-json\/wp\/v2\/pages\/14056\/revisions"}],"predecessor-version":[{"id":16271,"href":"https:\/\/absi.ch\/new\/wp-json\/wp\/v2\/pages\/14056\/revisions\/16271"}],"wp:featuredmedia":[{"embeddable":true,"href":"https:\/\/absi.ch\/new\/wp-json\/wp\/v2\/media\/11410"}],"wp:attachment":[{"href":"https:\/\/absi.ch\/new\/wp-json\/wp\/v2\/media?parent=14056"}],"curies":[{"name":"wp","href":"https:\/\/api.w.org\/{rel}","templated":true}]}}