{"id":1522,"date":"2014-04-16T22:55:09","date_gmt":"2014-04-16T22:55:09","guid":{"rendered":"http:\/\/absi.ch\/new\/?page_id=1522"},"modified":"2023-04-29T14:09:29","modified_gmt":"2023-04-29T12:09:29","slug":"quaresima-2","status":"publish","type":"page","link":"https:\/\/absi.ch\/new\/quaresima-2\/","title":{"rendered":"Quaresima"},"content":{"rendered":"\n\n<div id=\"themify_builder_content-1522\" data-postid=\"1522\" class=\"themify_builder_content themify_builder_content-1522 themify_builder\">\n    \t<!-- module_row -->\n\t<div   class=\"themify_builder_row module_row clearfix module_row_1 themify_builder_1522_row module_row_1522-1 tb_n85j214\">\n\t    \t    <div class=\"row_inner col_align_top\" >\n\t\t\t<div  class=\"module_column tb-column col-full first tb_1522_column module_column_0 module_column_1522-1-0 tb_58ua215\" >\n\t    \t    \t        <div class=\"tb-column-inner\">\n\t\t    <!-- module text -->\n<div  class=\"module module-text tb_mz2a220    \">\n            <div  class=\"tb_text_wrap\">\n    <p><em><strong>Testi quaresimali di Renzo Petraglio<\/strong><\/em><\/p>\n<p><a href=\"https:\/\/absi.ch\/new\/wp-content\/uploads\/2014\/04\/The-Temptation.jpg\"><img loading=\"lazy\" decoding=\"async\" class=\"alignnone  wp-image-8691\" src=\"https:\/\/absi.ch\/new\/wp-content\/uploads\/2014\/04\/The-Temptation.jpg\" alt=\"The-Temptation\" width=\"684\" height=\"412\" srcset=\"https:\/\/absi.ch\/new\/wp-content\/uploads\/2014\/04\/The-Temptation.jpg 900w, https:\/\/absi.ch\/new\/wp-content\/uploads\/2014\/04\/The-Temptation-300x181.jpg 300w, https:\/\/absi.ch\/new\/wp-content\/uploads\/2014\/04\/The-Temptation-978x590.jpg 978w, https:\/\/absi.ch\/new\/wp-content\/uploads\/2014\/04\/The-Temptation-200x120.jpg 200w\" sizes=\"auto, (max-width: 684px) 100vw, 684px\" \/><\/a><\/p>\n<p>\u00a0The Temptation in the Wilderness<br \/><em>di Briton Riviere<\/em> \u00a0<\/p>\n<p>\u00a0<\/p>\n<p><a href=\"https:\/\/absi.ch\/new\/quaresima-2023\/\"><strong>2023<\/strong><\/a><\/p>\n<p><a href=\"https:\/\/absi.ch\/new\/quaresima-2022\/\"><strong>2022<\/strong><\/a><\/p>\n<p><strong><a href=\"https:\/\/absi.ch\/new\/quaresima-2021\/\">2021<\/a><\/strong><\/p>\n<p><a href=\"https:\/\/absi.ch\/new\/quaresima-2020\/\"><strong>2020<\/strong><\/a><\/p>\n<p><a href=\"https:\/\/absi.ch\/new\/quaresima-2019\/\"><strong>2019<\/strong><\/a><\/p>\n<p><a href=\"https:\/\/absi.ch\/new\/quaresima-2018\/\"><strong>2018<\/strong><\/a><\/p>\n<p>\u00a0<\/p>\n<p><strong>2015<\/strong><\/p>\n<ul>\n<li>premi\u00e8re semaine<br \/><a href=\"https:\/\/absi.ch\/new\/2015\/02\/careme-2015-premiere-semaine\/\">Distinguer la v\u00e9rit\u00e9 de l\u2019erreur <\/a><a href=\"https:\/\/absi.ch\/new\/2015\/02\/careme-2015-premiere-semaine\/\">et agir en cons\u00e9quence<\/a><\/li>\n<\/ul>\n<ul>\n<li>deuxi\u00e8me semaine<br \/><a href=\"https:\/\/absi.ch\/new\/2015\/03\/careme-2015-deuxieme-semaine\/\">Dieu prend soin de nous et il <\/a><a href=\"https:\/\/absi.ch\/new\/2015\/03\/careme-2015-deuxieme-semaine\/\">nous pousse \u00e0 prendre soin des autres<\/a><\/li>\n<\/ul>\n<ul>\n<li>troisi\u00e8me semaine<br \/><a href=\"https:\/\/absi.ch\/new\/2015\/03\/careme-2015-troisieme-semaine\/\">Chercher Dieu et prendre son chemin<\/a><\/li>\n<\/ul>\n<ul>\n<li>sixi\u00e8me semaine<br \/><a href=\"\u00abApprochez-vous de Dieu et il s\u2019approchera de vous\u00bb (Jacques 4,8a)\">\u00abApprochez-vous de Dieu et il <\/a><a href=\"\u00abApprochez-vous de Dieu et il s\u2019approchera de vous\u00bb (Jacques 4,8a)\">s&#8217;approchera de vous\u00bb (Jacques 4,8a)<\/a><\/li>\n<\/ul>\n<p>\u00a0<\/p>\n<p><strong>2014<\/strong><\/p>\n<ul>\n<li>sixi\u00e8me semaine<br \/><a href=\"https:\/\/absi.ch\/new\/2014\/04\/la-promesse-de-dieu\/\">La promesse de Dieu: <\/a><a href=\"https:\/\/absi.ch\/new\/2014\/04\/la-promesse-de-dieu\/\">une terre\u2026 et une vie nouvelle<\/a><\/li>\n<\/ul>\n<ul>\n<li>\u00a0vendredi saint<br \/><a href=\"https:\/\/absi.ch\/new\/2014\/04\/vendredi-saint-2014-2\/\">La mort de J\u00e9sus, <\/a><a href=\"https:\/\/absi.ch\/new\/2014\/04\/vendredi-saint-2014-2\/\">nos morts du 9 f\u00e9vrier et tous les autres<\/a><\/li>\n<\/ul>\n<p>\u00a0<\/p>    <\/div>\n<\/div>\n<!-- \/module text -->\n\t        <\/div>\n\t    \t<\/div>\n\t\t    <\/div>\n\t    <!-- \/row_inner -->\n\t<\/div>\n\t<!-- \/module_row -->\n\t<\/div>\n\n","protected":false},"excerpt":{"rendered":"<p>Testi quaresimali di Renzo Petraglio \u00a0The Temptation in the Wildernessdi Briton Riviere \u00a0 \u00a0 2023 2022 2021 2020 2019 2018 \u00a0 2015 premi\u00e8re semaineDistinguer la v\u00e9rit\u00e9 de l\u2019erreur et agir en cons\u00e9quence deuxi\u00e8me semaineDieu prend soin de nous et il nous pousse \u00e0 prendre soin des autres troisi\u00e8me semaineChercher Dieu et prendre son chemin sixi\u00e8me [&hellip;]<\/p>\n","protected":false},"author":1,"featured_media":0,"parent":0,"menu_order":0,"comment_status":"closed","ping_status":"open","template":"","meta":{"footnotes":""},"class_list":["post-1522","page","type-page","status-publish","hentry","has-post-title","no-post-date","has-post-category","has-post-tag","has-post-comment","has-post-author",""],"builder_content":"<p><em><strong>Testi quaresimali di Renzo Petraglio<\/strong><\/em><\/p> <p><a href=\"https:\/\/absi.ch\/new\/wp-content\/uploads\/2014\/04\/The-Temptation.jpg\"><img loading=\"lazy\" decoding=\"async\" src=\"https:\/\/absi.ch\/new\/wp-content\/uploads\/2014\/04\/The-Temptation.jpg\" alt=\"The-Temptation\" width=\"684\" height=\"412\" srcset=\"https:\/\/absi.ch\/new\/wp-content\/uploads\/2014\/04\/The-Temptation.jpg 900w, https:\/\/absi.ch\/new\/wp-content\/uploads\/2014\/04\/The-Temptation-300x181.jpg 300w, https:\/\/absi.ch\/new\/wp-content\/uploads\/2014\/04\/The-Temptation-978x590.jpg 978w, https:\/\/absi.ch\/new\/wp-content\/uploads\/2014\/04\/The-Temptation-200x120.jpg 200w\" sizes=\"auto, (max-width: 684px) 100vw, 684px\" \/><\/a><\/p> <p>\u00a0The Temptation in the Wilderness<br \/><em>di Briton Riviere<\/em> \u00a0<\/p> <p>\u00a0<\/p> <p><a href=\"https:\/\/absi.ch\/new\/quaresima-2023\/\"><strong>2023<\/strong><\/a><\/p> <p><a href=\"https:\/\/absi.ch\/new\/quaresima-2022\/\"><strong>2022<\/strong><\/a><\/p> <p><strong><a href=\"https:\/\/absi.ch\/new\/quaresima-2021\/\">2021<\/a><\/strong><\/p> <p><a href=\"https:\/\/absi.ch\/new\/quaresima-2020\/\"><strong>2020<\/strong><\/a><\/p> <p><a href=\"https:\/\/absi.ch\/new\/quaresima-2019\/\"><strong>2019<\/strong><\/a><\/p> <p><a href=\"https:\/\/absi.ch\/new\/quaresima-2018\/\"><strong>2018<\/strong><\/a><\/p> <p>\u00a0<\/p> <p><strong>2015<\/strong><\/p> <ul> <li>premi\u00e8re semaine<br \/><a href=\"https:\/\/absi.ch\/new\/2015\/02\/careme-2015-premiere-semaine\/\">Distinguer la v\u00e9rit\u00e9 de l\u2019erreur <\/a><a href=\"https:\/\/absi.ch\/new\/2015\/02\/careme-2015-premiere-semaine\/\">et agir en cons\u00e9quence<\/a><\/li> <\/ul> <ul> <li>deuxi\u00e8me semaine<br \/><a href=\"https:\/\/absi.ch\/new\/2015\/03\/careme-2015-deuxieme-semaine\/\">Dieu prend soin de nous et il <\/a><a href=\"https:\/\/absi.ch\/new\/2015\/03\/careme-2015-deuxieme-semaine\/\">nous pousse \u00e0 prendre soin des autres<\/a><\/li> <\/ul> <ul> <li>troisi\u00e8me semaine<br \/><a href=\"https:\/\/absi.ch\/new\/2015\/03\/careme-2015-troisieme-semaine\/\">Chercher Dieu et prendre son chemin<\/a><\/li> <\/ul> <ul> <li>sixi\u00e8me semaine<br \/><a href=\"\u00abApprochez-vous de Dieu et il s\u2019approchera de vous\u00bb (Jacques 4,8a)\">\u00abApprochez-vous de Dieu et il <\/a><a href=\"\u00abApprochez-vous de Dieu et il s\u2019approchera de vous\u00bb (Jacques 4,8a)\">s'approchera de vous\u00bb (Jacques 4,8a)<\/a><\/li> <\/ul> <p>\u00a0<\/p> <p><strong>2014<\/strong><\/p> <ul> <li>sixi\u00e8me semaine<br \/><a href=\"https:\/\/absi.ch\/new\/2014\/04\/la-promesse-de-dieu\/\">La promesse de Dieu: <\/a><a href=\"https:\/\/absi.ch\/new\/2014\/04\/la-promesse-de-dieu\/\">une terre\u2026 et une vie nouvelle<\/a><\/li> <\/ul> <ul> <li>\u00a0vendredi saint<br \/><a href=\"https:\/\/absi.ch\/new\/2014\/04\/vendredi-saint-2014-2\/\">La mort de J\u00e9sus, <\/a><a href=\"https:\/\/absi.ch\/new\/2014\/04\/vendredi-saint-2014-2\/\">nos morts du 9 f\u00e9vrier et tous les autres<\/a><\/li> <\/ul> <p>\u00a0<\/p>","_links":{"self":[{"href":"https:\/\/absi.ch\/new\/wp-json\/wp\/v2\/pages\/1522","targetHints":{"allow":["GET"]}}],"collection":[{"href":"https:\/\/absi.ch\/new\/wp-json\/wp\/v2\/pages"}],"about":[{"href":"https:\/\/absi.ch\/new\/wp-json\/wp\/v2\/types\/page"}],"author":[{"embeddable":true,"href":"https:\/\/absi.ch\/new\/wp-json\/wp\/v2\/users\/1"}],"replies":[{"embeddable":true,"href":"https:\/\/absi.ch\/new\/wp-json\/wp\/v2\/comments?post=1522"}],"version-history":[{"count":77,"href":"https:\/\/absi.ch\/new\/wp-json\/wp\/v2\/pages\/1522\/revisions"}],"predecessor-version":[{"id":17897,"href":"https:\/\/absi.ch\/new\/wp-json\/wp\/v2\/pages\/1522\/revisions\/17897"}],"wp:attachment":[{"href":"https:\/\/absi.ch\/new\/wp-json\/wp\/v2\/media?parent=1522"}],"curies":[{"name":"wp","href":"https:\/\/api.w.org\/{rel}","templated":true}]}}