{"id":15251,"date":"2020-11-07T00:10:37","date_gmt":"2020-11-06T23:10:37","guid":{"rendered":"https:\/\/absi.ch\/new\/?page_id=15251"},"modified":"2020-12-09T01:19:27","modified_gmt":"2020-12-09T00:19:27","slug":"i-patricarchi","status":"publish","type":"page","link":"https:\/\/absi.ch\/new\/i-patricarchi\/","title":{"rendered":"Capisci le cose che leggi?"},"content":{"rendered":"<div id=\"themify_builder_content-15251\" data-postid=\"15251\" class=\"themify_builder_content themify_builder_content-15251 themify_builder\">\n    \t<!-- module_row -->\n\t<div   class=\"themify_builder_row module_row clearfix module_row_0 themify_builder_15251_row module_row_15251-0 tb_0pwi908\">\n\t    \t    <div class=\"row_inner col_align_top\" >\n\t\t\t<div  class=\"module_column tb-column col-full first tb_15251_column module_column_0 module_column_15251-0-0 tb_lrfm908\">\n\t    \t    \t        <div class=\"tb-column-inner\">\n\t\t    <!-- module text -->\n<div  class=\"module module-text tb_x8sl919    \">\n            <div  class=\"tb_text_wrap\">\n    <p>di Nicoletta Crosti<\/p>    <\/div>\n<\/div>\n<!-- \/module text -->\n\t        <\/div>\n\t    \t<\/div>\n\t\t    <\/div>\n\t    <!-- \/row_inner -->\n\t<\/div>\n\t<!-- \/module_row -->\n\t\t<!-- module_row -->\n\t<div  class=\"themify_builder_row module_row clearfix module_row_1 themify_builder_15251_row module_row_15251-1 tb_akx2688\">\n\t    \t    <div class=\"row_inner col_align_top\" >\n\t\t\t<div  class=\"module_column tb-column col-full first tb_15251_column module_column_0 module_column_15251-1-0 tb_iflu688\">\n\t    \t    \t        <div class=\"tb-column-inner\">\n\t\t        <!-- module image -->\n    <div  class=\"module module-image tb_c8uq868  image-center  \">\n\t                <div class=\"image-wrap\">\n                            <img decoding=\"async\" src=\"https:\/\/absi.ch\/new\/wp-content\/uploads\/2020\/12\/Porro\u0300-il-mio-arcobaleno-500x562.jpg\" width=\"500\" class=\" wp-post-image wp-image-15699\" title=\"Porro\u0300 il mio arcobaleno\" alt=\"Porro\u0300 il mio arcobaleno\" srcset=\"https:\/\/absi.ch\/new\/wp-content\/uploads\/2020\/12\/Porro\u0300-il-mio-arcobaleno-500x562.jpg 500w, https:\/\/absi.ch\/new\/wp-content\/uploads\/2020\/12\/Porro\u0300-il-mio-arcobaleno-267x300.jpg 267w, https:\/\/absi.ch\/new\/wp-content\/uploads\/2020\/12\/Porro\u0300-il-mio-arcobaleno-768x864.jpg 768w, https:\/\/absi.ch\/new\/wp-content\/uploads\/2020\/12\/Porro\u0300-il-mio-arcobaleno.jpg 964w\" sizes=\"(max-width: 500px) 100vw, 500px\" \/>            \n                        <\/div>\n            <!-- \/image-wrap -->\n        \n        \n        <\/div>\n    <!-- \/module image -->\n\t        <\/div>\n\t    \t<\/div>\n\t\t    <\/div>\n\t    <!-- \/row_inner -->\n\t<\/div>\n\t<!-- \/module_row -->\n\t\t<!-- module_row -->\n\t<div   class=\"themify_builder_row module_row clearfix module_row_2 themify_builder_15251_row module_row_15251-2 tb_b6p6228\">\n\t    \t    <div class=\"row_inner col_align_top\" >\n\t\t\t<div  class=\"module_column tb-column col-full first tb_15251_column module_column_0 module_column_15251-2-0 tb_c8tt228\" >\n\t    \t    \t        <div class=\"tb-column-inner\">\n\t\t    <!-- module text -->\n<div  class=\"module module-text tb_82a4314    \">\n            <div  class=\"tb_text_wrap\">\n    <h5><strong>Capisci le cose che leggi? (Atti 8, 30)<\/strong><\/h5>\n<p class=\"western\">L\u2019Associazione Biblica della Svizzera Italiana (<em>absi<\/em>) \u00e8 stata fondata ed opera, come \u00e8 noto, allo scopo di favorire la lettura e lo studio della Bibbia al livello divulgativo pi\u00f9 ampio e libero possibile. Nell\u2019intento di dare un quadro di riferimento per la lettura\u00a0 dei testi sacri che tenga conto delle nuove aperture esegetiche [<em>L\u2019interpretazione della Bibbia nella Chiesa,<\/em> Pontificia Commissione Biblica, 1993] e della ricchezza delle interpretazioni possibili, l\u2019<em>absi<\/em> nel 2000 ha voluto il convegno <em>Leggere la Bibbia oggi<\/em>.<\/p>\n<p class=\"western\">Quest\u2019anno, 2010, si \u00e8 tenuto un altro convegno \u201cLeggere la Bibbia oggi\u2026 dieci anni dopo\u201d, per sottolineare di nuovo, tra l\u2019altro, che l\u2019interpretazione di un testo e, specificamente, di un testo biblico non pu\u00f2 essere circoscritta e definita una volta per tutte, ma \u00e8 aperta e non mai finita, perch\u00e9 in continua crescita di significati; come dice Gregorio Magno <em>Divina eloquia cum legente crescunt (= le parole di Dio crescono con chi le legge),<\/em> non nel senso che le parole contenute nei testi biblici cambino, ma nella persuasione che, per esempio, ogni persona, in momenti diversi della sua stessa vita personale, possa trovarvi significati differenti, non colti in precedenza.<\/p>\n<p>In questa linea di pensiero si inserisce un gruppo biblico (parrocchia cattolica di Vernate, Malcantone, responsabile Nicoletta Crosti) che dal 1997 vive la situazione descritta negli Atti (8, 28-39), dove si parla di un Etiope, che legge le Scritture, ma, trovandole troppo oscure e difficili, esprime il bisogno di essere aiutato a capire. Come questo personaggio degli Atti degli Apostoli, i partecipanti al gruppo biblico in questione leggono i testi biblici, cercano di capirne significati e sensi, con l\u2019aiuto di chi all\u2019interno del gruppo gi\u00e0 in parte li conosce, e cercano di evidenziarne degli stimoli etici ed estetici efficaci per la propria vita. \u00c8 una lettura continua, accompagnata dalla tecnica di spiegare \u201cla Bibbia con la Bibbia\u201d, cio\u00e8 con continui riferimenti ad altri testi delle Scritture che chiariscono il testo in questione. Questi riferimenti permettono di perseguire seriamente alcuni obiettivi:<\/p>\n<p>\u2022 avere un quadro sempre pi\u00f9 unitario del piano della salvezza umana proposto dalla rivelazione biblica e una conoscenza sempre meno frammentata della Bibbia, escludendo divisioni che appaiono esterne ai testi (per esempio quella tra Antico e Nuovo Testamento);<\/p>\n<p>\u2022 venire a conoscenza dei diversi contesti culturali in cui i testi hanno preso forma.<\/p>\n<p>Al termine di ogni serata al gruppo viene dato un foglio che riassume i temi trattati. Queste schede, pensata originariamente per il gruppo, sono sembrate interessanti anche ad altre persone. Per questo vengono proposte nel sito <em>absi<\/em> e si rivolgono a tutti coloro che, con la Bibbia in mano, desiderino usarle come stimolo per un confronto diretto, culturale ed esistenziale, aperto ed interattivo, con i testi biblici.<\/p>\n<p>Puntualmente, a cominciare da oggi, 1 settembre 2010, ogni primo giorno del mese sotto il titolo <em>Capisci le cose che leggi?<\/em> verr\u00e0 pubblicata una nuova scheda. In internet questi testi sono gi\u00e0 apparsi in lingua portoghese nel sito <a href=\"http:\/\/www.fundacao-betania.org\/\" target=\"_blank\" rel=\"noopener\">http:\/\/www.fundacao-betania.org\/<\/a><\/p>\n<p>Si inizia con la storia dei Patriarchi (Genesi 12-36), una delle sezioni bibliche ad un tempo pi\u00f9 orecchiate e meno conosciute. Per entrarvi, per\u00f2, ci pare necessario anzitutto proporre qualche osservazione introduttiva.<\/p>\n<p>\u00a0<\/p>    <\/div>\n<\/div>\n<!-- \/module text -->\n<!-- module text -->\n<div  class=\"module module-text tb_twvn695    \">\n            <div  class=\"tb_text_wrap\">\n    <p style=\"text-align: center;\">I PATRIARCHI<\/p>    <\/div>\n<\/div>\n<!-- \/module text -->\n    <!-- module image -->\n    <div  class=\"module module-image tb_lqz2441  image-center  \">\n\t                <div class=\"image-wrap\">\n                            <img decoding=\"async\" src=\"https:\/\/absi.ch\/new\/wp-content\/uploads\/2020\/11\/abramo-e-discendenza-1063x1443-368x500.jpg\" height=\"500\" class=\" wp-post-image wp-image-15254\" title=\"abramo e discendenza\" alt=\"abramo e discendenza\" \/>            \n                        <\/div>\n            <!-- \/image-wrap -->\n        \n        \n        <\/div>\n    <!-- \/module image -->\n<!-- module text -->\n<div  class=\"module module-text tb_xt0q233    \">\n            <div  class=\"tb_text_wrap\">\n    <ul>\n<li><a href=\"https:\/\/absi.ch\/new\/2020\/11\/genesi-11-10-32-e-121-dal-mito-alla-storia\/\"><strong>Genesi 11, 10-32 e 12,1<\/strong> &#8211; DAL MITO ALLA STORIA<\/a><\/li>\n<li><a href=\"https:\/\/absi.ch\/new\/2020\/11\/genesi-12-36-i-patriarchi-nella-storia-di-israele\/\"><strong>Genesi 12-36<\/strong> &#8211; I PATRIARCHI NELLA STORIA DI ISRAELE<\/a><\/li>\n<li><a href=\"https:\/\/absi.ch\/new\/wp-content\/uploads\/2020\/11\/Genesi-122-3-ISRAELE-NASCE-DA-UNA-PROMESSA-E-DA-UNA-BENEDIZIONE.pdf\"><strong>Genesi 12,2-3<\/strong> &#8211; ISRAELE NASCE DA UNA PROMESSA E DA UNA BENEDIZIONE<\/a><\/li>\n<li><a href=\"https:\/\/absi.ch\/new\/wp-content\/uploads\/2020\/11\/Genesi-124-9-ABRAMO-SI-METTE-IN-CAMMINO-E-RICEVE-LA-PROMESSA-DELLA-TERRA.pdf\"><strong>Genesi 12,4-9<\/strong> &#8211; ABRAMO SI METTE IN CAMMINO E RICEVE LA PROMESSA DELLA TERRA<\/a><\/li>\n<li><a href=\"https:\/\/absi.ch\/new\/wp-content\/uploads\/2020\/11\/Genesi-13-ABRAMO-E\u0300-GENEROSO-CON-LOT-E-DIO-LO-RICOMPENSA.pdf\"><strong>Genesi 13<\/strong> &#8211; ABRAMO \u00c8 GENEROSO CON LOT E DIO LO RICOMPENSA<\/a><\/li>\n<li><a href=\"https:\/\/absi.ch\/new\/wp-content\/uploads\/2020\/11\/Genesi-17-ADONAI-SI-IMPEGNA-A-FARE-UNA-ALLEANZA-PERENNE-CON-LA-DISCENDENZA-DI-ABRAMO.pdf\"><strong>Genesi 14<\/strong> &#8211; ABRAMO SALVA LOT ED \u00c8 BENEDETTO DAL RE DI SALEM<\/a><\/li>\n<li><a href=\"https:\/\/absi.ch\/new\/wp-content\/uploads\/2020\/11\/Genesi-15-DIO-PROVA-LA-FEDE-DI-ABRAMO-E-FA\u0300-ALLEANZA-CON-LUI.pdf\"><strong>Genesi 15 &#8211;<\/strong> DIO PROVA LA FEDE DI ABRAMO E F\u00c0 ALLEANZA CON LUI<\/a><\/li>\n<li><a href=\"https:\/\/absi.ch\/new\/wp-content\/uploads\/2020\/11\/Genesi-16-ABRAMO-E-SARA-NON-SANNO-AFFIDARSI-AI-TEMPI-DI-DIO.pdf\"><strong>Genesi 16<\/strong> &#8211; ABRAMO E SARA NON SANNO AFFIDARSI AI TEMPI DI DIO<\/a><\/li>\n<li><a href=\"https:\/\/absi.ch\/new\/wp-content\/uploads\/2020\/11\/Genesi-17-ADONAI-SI-IMPEGNA-A-FARE-UNA-ALLEANZA-PERENNE-CON-LA-DISCENDENZA-DI-ABRAMO.pdf\"><strong>Genesi 17<\/strong> &#8211; ADONAI SI IMPEGNA A FARE UNA ALLEANZA PERENNE CON LA DISCENDENZA DI ABRAMO<\/a><\/li>\n<li><a href=\"https:\/\/absi.ch\/new\/wp-content\/uploads\/2020\/11\/Genesi-18-LA-STORIA-E\u0300-NELLE-MANI-DI-UN-DIO-ONNIPOTENTE-GIUSTO-PAZIENTE.pdf\"><strong>Genesi 18<\/strong> &#8211; LA STORIA \u00c8 NELLE MANI DI UN DIO ONNIPOTENTE, GIUSTO, PAZIENTE<\/a><\/li>\n<li><a href=\"https:\/\/absi.ch\/new\/wp-content\/uploads\/2020\/11\/Genesi-191-29-DIO-SALVA-IL-NIPOTE-DI-ABRAMO.pdf\"><strong>Genesi 19,1-29<\/strong> &#8211; DIO SALVA IL NIPOTE DI ABRAMO<\/a><\/li>\n<li><a href=\"https:\/\/absi.ch\/new\/wp-content\/uploads\/2020\/11\/Genesi-1930-38-CRESCETE-E-MOLTIPLICATEVI-E\u0300-UN-COMANDAMENTO.pdf\"><strong>Genesi 19,30-38<em> &#8211;<\/em><\/strong> &#8220;CRESCETE E MOLTIPLICATEVI&#8221; \u00c8 UN COMANDAMENTO<\/a><\/li>\n<li><a href=\"https:\/\/absi.ch\/new\/wp-content\/uploads\/2020\/11\/Genesi-20-ANCHE-I-PAGANI-CONOSCONO-IL-TIMORE-DI-DIO.pdf\"><strong>Genesi 20<\/strong> &#8211; ANCHE I PAGANI CONOSCONO IL TIMORE DI DIO<\/a><\/li>\n<li><a href=\"https:\/\/absi.ch\/new\/wp-content\/uploads\/2020\/11\/Genesi-211-21-DIO-CONDUCE-LA-STORIA-DELLA-SALVEZZA-FACENDO-DELLE-SCELTE-.pdf\"><strong>Genesi 21,1-21<\/strong> &#8211; DIO CONDUCE LA STORIA DELLA SALVEZZA FACENDO DELLE SCELTE<\/a><\/li>\n<li><a href=\"https:\/\/absi.ch\/new\/wp-content\/uploads\/2020\/11\/Genesi-2122-34-NON-CE\u0300-ALLEANZA-DI-PACE-SENZA-GIUSTIZIA.pdf\"><strong>Genesi 21,22-34<\/strong> &#8211; NON C\u2019\u00c8 ALLEANZA DI PACE SENZA GIUSTIZIA<\/a><\/li>\n<li><a href=\"https:\/\/absi.ch\/new\/wp-content\/uploads\/2020\/11\/Genesi-22-1-19-I\u00b0-ADONAI-CHIEDE-DI-ESSERE-AMATO-SEMPRE-E-COMUNQUE.pdf\"><strong>Genesi 22, 1-19 [1\u00b0]<\/strong> &#8211; ADONAI CHIEDE DI ESSERE AMATO SEMPRE E COMUNQUE<\/a><\/li>\n<li><a href=\"https:\/\/absi.ch\/new\/wp-content\/uploads\/2020\/11\/Genesi-22-1-19-I\u00b0-ADONAI-CHIEDE-DI-ESSERE-AMATO-SEMPRE-E-COMUNQUE.pdf\"><strong>Genesi 22, 1-19 [I\u00b0]<\/strong> &#8211; ADONAI CHIEDE DI ESSERE AMATO SEMPRE E COMUNQUE<\/a><\/li>\n<li><a href=\"https:\/\/absi.ch\/new\/wp-content\/uploads\/2020\/12\/Genesi-23-LA-PROMESSA-DELLA-TERRA-COMINCIA-A-REALIZZARSI-.pdf\"><strong>Genesi 23<\/strong> &#8211; LA PROMESSA DELLA TERRA COMINCIA A REALIZZARSI<\/a><\/li>\n<\/ul>\n<p>\u00a0<\/p>    <\/div>\n<\/div>\n<!-- \/module text -->\n\t        <\/div>\n\t    \t<\/div>\n\t\t    <\/div>\n\t    <!-- \/row_inner -->\n\t<\/div>\n\t<!-- \/module_row -->\n\t\t<!-- module_row -->\n\t<div   class=\"themify_builder_row module_row clearfix module_row_3 themify_builder_15251_row module_row_15251-3 tb_q4tg354\">\n\t    \t    <div class=\"row_inner col_align_top\" >\n\t\t\t<div  class=\"module_column tb-column col-full first tb_15251_column module_column_0 module_column_15251-3-0 tb_crp3355\" >\n\t    \t    \t<\/div>\n\t\t    <\/div>\n\t    <!-- \/row_inner -->\n\t<\/div>\n\t<!-- \/module_row -->\n\t\t<!-- module_row -->\n\t<div   class=\"themify_builder_row module_row clearfix module_row_4 themify_builder_15251_row module_row_15251-4 tb_p5ft293\">\n\t    \t    <div class=\"row_inner col_align_top\" >\n\t\t\t<div  class=\"module_column tb-column col-full first tb_15251_column module_column_0 module_column_15251-4-0 tb_d0rj294\" >\n\t    \t    \t<\/div>\n\t\t    <\/div>\n\t    <!-- \/row_inner -->\n\t<\/div>\n\t<!-- \/module_row -->\n\t<\/div>\n\n","protected":false},"excerpt":{"rendered":"<p>di Nicoletta Crosti Capisci le cose che leggi? (Atti 8, 30) L\u2019Associazione Biblica della Svizzera Italiana (absi) \u00e8 stata fondata ed opera, come \u00e8 noto, allo scopo di favorire la lettura e lo studio della Bibbia al livello divulgativo pi\u00f9 ampio e libero possibile. Nell\u2019intento di dare un quadro di riferimento per la lettura\u00a0 dei [&hellip;]<\/p>\n","protected":false},"author":1,"featured_media":0,"parent":0,"menu_order":0,"comment_status":"closed","ping_status":"closed","template":"","meta":{"footnotes":""},"class_list":["post-15251","page","type-page","status-publish","hentry","has-post-title","no-post-date","has-post-category","has-post-tag","has-post-comment","has-post-author",""],"builder_content":"<p>di Nicoletta Crosti<\/p>\n<img decoding=\"async\" src=\"https:\/\/absi.ch\/new\/wp-content\/uploads\/2020\/12\/Porro\u0300-il-mio-arcobaleno-500x562.jpg\" width=\"500\" title=\"Porro\u0300 il mio arcobaleno\" alt=\"Porro\u0300 il mio arcobaleno\" srcset=\"https:\/\/absi.ch\/new\/wp-content\/uploads\/2020\/12\/Porro\u0300-il-mio-arcobaleno-500x562.jpg 500w, https:\/\/absi.ch\/new\/wp-content\/uploads\/2020\/12\/Porro\u0300-il-mio-arcobaleno-267x300.jpg 267w, https:\/\/absi.ch\/new\/wp-content\/uploads\/2020\/12\/Porro\u0300-il-mio-arcobaleno-768x864.jpg 768w, https:\/\/absi.ch\/new\/wp-content\/uploads\/2020\/12\/Porro\u0300-il-mio-arcobaleno.jpg 964w\" sizes=\"(max-width: 500px) 100vw, 500px\" \/>\n<h5><strong>Capisci le cose che leggi? (Atti 8, 30)<\/strong><\/h5> <p>L\u2019Associazione Biblica della Svizzera Italiana (<em>absi<\/em>) \u00e8 stata fondata ed opera, come \u00e8 noto, allo scopo di favorire la lettura e lo studio della Bibbia al livello divulgativo pi\u00f9 ampio e libero possibile. Nell\u2019intento di dare un quadro di riferimento per la lettura\u00a0 dei testi sacri che tenga conto delle nuove aperture esegetiche [<em>L\u2019interpretazione della Bibbia nella Chiesa,<\/em> Pontificia Commissione Biblica, 1993] e della ricchezza delle interpretazioni possibili, l\u2019<em>absi<\/em> nel 2000 ha voluto il convegno <em>Leggere la Bibbia oggi<\/em>.<\/p> <p>Quest\u2019anno, 2010, si \u00e8 tenuto un altro convegno \u201cLeggere la Bibbia oggi\u2026 dieci anni dopo\u201d, per sottolineare di nuovo, tra l\u2019altro, che l\u2019interpretazione di un testo e, specificamente, di un testo biblico non pu\u00f2 essere circoscritta e definita una volta per tutte, ma \u00e8 aperta e non mai finita, perch\u00e9 in continua crescita di significati; come dice Gregorio Magno <em>Divina eloquia cum legente crescunt (= le parole di Dio crescono con chi le legge),<\/em> non nel senso che le parole contenute nei testi biblici cambino, ma nella persuasione che, per esempio, ogni persona, in momenti diversi della sua stessa vita personale, possa trovarvi significati differenti, non colti in precedenza.<\/p> <p>In questa linea di pensiero si inserisce un gruppo biblico (parrocchia cattolica di Vernate, Malcantone, responsabile Nicoletta Crosti) che dal 1997 vive la situazione descritta negli Atti (8, 28-39), dove si parla di un Etiope, che legge le Scritture, ma, trovandole troppo oscure e difficili, esprime il bisogno di essere aiutato a capire. Come questo personaggio degli Atti degli Apostoli, i partecipanti al gruppo biblico in questione leggono i testi biblici, cercano di capirne significati e sensi, con l\u2019aiuto di chi all\u2019interno del gruppo gi\u00e0 in parte li conosce, e cercano di evidenziarne degli stimoli etici ed estetici efficaci per la propria vita. \u00c8 una lettura continua, accompagnata dalla tecnica di spiegare \u201cla Bibbia con la Bibbia\u201d, cio\u00e8 con continui riferimenti ad altri testi delle Scritture che chiariscono il testo in questione. Questi riferimenti permettono di perseguire seriamente alcuni obiettivi:<\/p> <p>\u2022 avere un quadro sempre pi\u00f9 unitario del piano della salvezza umana proposto dalla rivelazione biblica e una conoscenza sempre meno frammentata della Bibbia, escludendo divisioni che appaiono esterne ai testi (per esempio quella tra Antico e Nuovo Testamento);<\/p> <p>\u2022 venire a conoscenza dei diversi contesti culturali in cui i testi hanno preso forma.<\/p> <p>Al termine di ogni serata al gruppo viene dato un foglio che riassume i temi trattati. Queste schede, pensata originariamente per il gruppo, sono sembrate interessanti anche ad altre persone. Per questo vengono proposte nel sito <em>absi<\/em> e si rivolgono a tutti coloro che, con la Bibbia in mano, desiderino usarle come stimolo per un confronto diretto, culturale ed esistenziale, aperto ed interattivo, con i testi biblici.<\/p> <p>Puntualmente, a cominciare da oggi, 1 settembre 2010, ogni primo giorno del mese sotto il titolo <em>Capisci le cose che leggi?<\/em> verr\u00e0 pubblicata una nuova scheda. In internet questi testi sono gi\u00e0 apparsi in lingua portoghese nel sito <a href=\"http:\/\/www.fundacao-betania.org\/\" target=\"_blank\" rel=\"noopener\">http:\/\/www.fundacao-betania.org\/<\/a><\/p> <p>Si inizia con la storia dei Patriarchi (Genesi 12-36), una delle sezioni bibliche ad un tempo pi\u00f9 orecchiate e meno conosciute. Per entrarvi, per\u00f2, ci pare necessario anzitutto proporre qualche osservazione introduttiva.<\/p> <p>\u00a0<\/p>\n<p style=\"text-align: center;\">I PATRIARCHI<\/p>\n<img decoding=\"async\" src=\"https:\/\/absi.ch\/new\/wp-content\/uploads\/2020\/11\/abramo-e-discendenza-1063x1443-368x500.jpg\" height=\"500\" title=\"abramo e discendenza\" alt=\"abramo e discendenza\" \/>\n<ul> <li><a href=\"https:\/\/absi.ch\/new\/2020\/11\/genesi-11-10-32-e-121-dal-mito-alla-storia\/\"><strong>Genesi 11, 10-32 e 12,1<\/strong> - DAL MITO ALLA STORIA<\/a><\/li> <li><a href=\"https:\/\/absi.ch\/new\/2020\/11\/genesi-12-36-i-patriarchi-nella-storia-di-israele\/\"><strong>Genesi 12-36<\/strong> - I PATRIARCHI NELLA STORIA DI ISRAELE<\/a><\/li> <li><a href=\"https:\/\/absi.ch\/new\/wp-content\/uploads\/2020\/11\/Genesi-122-3-ISRAELE-NASCE-DA-UNA-PROMESSA-E-DA-UNA-BENEDIZIONE.pdf\"><strong>Genesi 12,2-3<\/strong> - ISRAELE NASCE DA UNA PROMESSA E DA UNA BENEDIZIONE<\/a><\/li> <li><a href=\"https:\/\/absi.ch\/new\/wp-content\/uploads\/2020\/11\/Genesi-124-9-ABRAMO-SI-METTE-IN-CAMMINO-E-RICEVE-LA-PROMESSA-DELLA-TERRA.pdf\"><strong>Genesi 12,4-9<\/strong> - ABRAMO SI METTE IN CAMMINO E RICEVE LA PROMESSA DELLA TERRA<\/a><\/li> <li><a href=\"https:\/\/absi.ch\/new\/wp-content\/uploads\/2020\/11\/Genesi-13-ABRAMO-E\u0300-GENEROSO-CON-LOT-E-DIO-LO-RICOMPENSA.pdf\"><strong>Genesi 13<\/strong> - ABRAMO \u00c8 GENEROSO CON LOT E DIO LO RICOMPENSA<\/a><\/li> <li><a href=\"https:\/\/absi.ch\/new\/wp-content\/uploads\/2020\/11\/Genesi-17-ADONAI-SI-IMPEGNA-A-FARE-UNA-ALLEANZA-PERENNE-CON-LA-DISCENDENZA-DI-ABRAMO.pdf\"><strong>Genesi 14<\/strong> - ABRAMO SALVA LOT ED \u00c8 BENEDETTO DAL RE DI SALEM<\/a><\/li> <li><a href=\"https:\/\/absi.ch\/new\/wp-content\/uploads\/2020\/11\/Genesi-15-DIO-PROVA-LA-FEDE-DI-ABRAMO-E-FA\u0300-ALLEANZA-CON-LUI.pdf\"><strong>Genesi 15 -<\/strong> DIO PROVA LA FEDE DI ABRAMO E F\u00c0 ALLEANZA CON LUI<\/a><\/li> <li><a href=\"https:\/\/absi.ch\/new\/wp-content\/uploads\/2020\/11\/Genesi-16-ABRAMO-E-SARA-NON-SANNO-AFFIDARSI-AI-TEMPI-DI-DIO.pdf\"><strong>Genesi 16<\/strong> - ABRAMO E SARA NON SANNO AFFIDARSI AI TEMPI DI DIO<\/a><\/li> <li><a href=\"https:\/\/absi.ch\/new\/wp-content\/uploads\/2020\/11\/Genesi-17-ADONAI-SI-IMPEGNA-A-FARE-UNA-ALLEANZA-PERENNE-CON-LA-DISCENDENZA-DI-ABRAMO.pdf\"><strong>Genesi 17<\/strong> - ADONAI SI IMPEGNA A FARE UNA ALLEANZA PERENNE CON LA DISCENDENZA DI ABRAMO<\/a><\/li> <li><a href=\"https:\/\/absi.ch\/new\/wp-content\/uploads\/2020\/11\/Genesi-18-LA-STORIA-E\u0300-NELLE-MANI-DI-UN-DIO-ONNIPOTENTE-GIUSTO-PAZIENTE.pdf\"><strong>Genesi 18<\/strong> - LA STORIA \u00c8 NELLE MANI DI UN DIO ONNIPOTENTE, GIUSTO, PAZIENTE<\/a><\/li> <li><a href=\"https:\/\/absi.ch\/new\/wp-content\/uploads\/2020\/11\/Genesi-191-29-DIO-SALVA-IL-NIPOTE-DI-ABRAMO.pdf\"><strong>Genesi 19,1-29<\/strong> - DIO SALVA IL NIPOTE DI ABRAMO<\/a><\/li> <li><a href=\"https:\/\/absi.ch\/new\/wp-content\/uploads\/2020\/11\/Genesi-1930-38-CRESCETE-E-MOLTIPLICATEVI-E\u0300-UN-COMANDAMENTO.pdf\"><strong>Genesi 19,30-38<em> -<\/em><\/strong> \"CRESCETE E MOLTIPLICATEVI\" \u00c8 UN COMANDAMENTO<\/a><\/li> <li><a href=\"https:\/\/absi.ch\/new\/wp-content\/uploads\/2020\/11\/Genesi-20-ANCHE-I-PAGANI-CONOSCONO-IL-TIMORE-DI-DIO.pdf\"><strong>Genesi 20<\/strong> - ANCHE I PAGANI CONOSCONO IL TIMORE DI DIO<\/a><\/li> <li><a href=\"https:\/\/absi.ch\/new\/wp-content\/uploads\/2020\/11\/Genesi-211-21-DIO-CONDUCE-LA-STORIA-DELLA-SALVEZZA-FACENDO-DELLE-SCELTE-.pdf\"><strong>Genesi 21,1-21<\/strong> - DIO CONDUCE LA STORIA DELLA SALVEZZA FACENDO DELLE SCELTE<\/a><\/li> <li><a href=\"https:\/\/absi.ch\/new\/wp-content\/uploads\/2020\/11\/Genesi-2122-34-NON-CE\u0300-ALLEANZA-DI-PACE-SENZA-GIUSTIZIA.pdf\"><strong>Genesi 21,22-34<\/strong> - NON C\u2019\u00c8 ALLEANZA DI PACE SENZA GIUSTIZIA<\/a><\/li> <li><a href=\"https:\/\/absi.ch\/new\/wp-content\/uploads\/2020\/11\/Genesi-22-1-19-I\u00b0-ADONAI-CHIEDE-DI-ESSERE-AMATO-SEMPRE-E-COMUNQUE.pdf\"><strong>Genesi 22, 1-19 [1\u00b0]<\/strong> - ADONAI CHIEDE DI ESSERE AMATO SEMPRE E COMUNQUE<\/a><\/li> <li><a href=\"https:\/\/absi.ch\/new\/wp-content\/uploads\/2020\/11\/Genesi-22-1-19-I\u00b0-ADONAI-CHIEDE-DI-ESSERE-AMATO-SEMPRE-E-COMUNQUE.pdf\"><strong>Genesi 22, 1-19 [I\u00b0]<\/strong> - ADONAI CHIEDE DI ESSERE AMATO SEMPRE E COMUNQUE<\/a><\/li> <li><a href=\"https:\/\/absi.ch\/new\/wp-content\/uploads\/2020\/12\/Genesi-23-LA-PROMESSA-DELLA-TERRA-COMINCIA-A-REALIZZARSI-.pdf\"><strong>Genesi 23<\/strong> - LA PROMESSA DELLA TERRA COMINCIA A REALIZZARSI<\/a><\/li> <\/ul> <p>\u00a0<\/p>","_links":{"self":[{"href":"https:\/\/absi.ch\/new\/wp-json\/wp\/v2\/pages\/15251","targetHints":{"allow":["GET"]}}],"collection":[{"href":"https:\/\/absi.ch\/new\/wp-json\/wp\/v2\/pages"}],"about":[{"href":"https:\/\/absi.ch\/new\/wp-json\/wp\/v2\/types\/page"}],"author":[{"embeddable":true,"href":"https:\/\/absi.ch\/new\/wp-json\/wp\/v2\/users\/1"}],"replies":[{"embeddable":true,"href":"https:\/\/absi.ch\/new\/wp-json\/wp\/v2\/comments?post=15251"}],"version-history":[{"count":41,"href":"https:\/\/absi.ch\/new\/wp-json\/wp\/v2\/pages\/15251\/revisions"}],"predecessor-version":[{"id":15701,"href":"https:\/\/absi.ch\/new\/wp-json\/wp\/v2\/pages\/15251\/revisions\/15701"}],"wp:attachment":[{"href":"https:\/\/absi.ch\/new\/wp-json\/wp\/v2\/media?parent=15251"}],"curies":[{"name":"wp","href":"https:\/\/api.w.org\/{rel}","templated":true}]}}