{"id":15813,"date":"2020-12-31T02:15:02","date_gmt":"2020-12-31T01:15:02","guid":{"rendered":"https:\/\/absi.ch\/new\/?page_id=15813"},"modified":"2022-01-09T00:22:31","modified_gmt":"2022-01-08T23:22:31","slug":"lectures-pour-lafrique-et-toute-la-terre-2021","status":"publish","type":"page","link":"https:\/\/absi.ch\/new\/lectures-pour-lafrique-et-toute-la-terre-2021\/","title":{"rendered":"Lectures pour l&#8217;Afrique et &#8230;toute la Terre &#8211; 2021"},"content":{"rendered":"<div id=\"themify_builder_content-15813\" data-postid=\"15813\" class=\"themify_builder_content themify_builder_content-15813 themify_builder\">\n    \t<!-- module_row -->\n\t<div   class=\"themify_builder_row module_row clearfix module_row_1 themify_builder_15813_row module_row_15813-1 tb_xrdj813\">\n\t    \t    <div class=\"row_inner col_align_top\" >\n\t\t\t<div  class=\"module_column tb-column col-full first tb_15813_column module_column_0 module_column_15813-1-0 tb_l5kw814\">\n\t    \t    \t        <div class=\"tb-column-inner\">\n\t\t    <!-- module text -->\n<div  class=\"module module-text tb_4s42821    \">\n            <div  class=\"tb_text_wrap\">\n    <h4>di Renzo Petraglio<\/h4>\n<p>\u00a0<\/p>\n<p><img loading=\"lazy\" decoding=\"async\" class=\"alignnone size-large wp-image-15818\" src=\"https:\/\/absi.ch\/new\/wp-content\/uploads\/2020\/12\/Schermata-2020-12-31-alle-02.22.23-1115x648.png\" alt=\"\" width=\"1115\" height=\"648\" srcset=\"https:\/\/absi.ch\/new\/wp-content\/uploads\/2020\/12\/Schermata-2020-12-31-alle-02.22.23-1115x648.png 1115w, https:\/\/absi.ch\/new\/wp-content\/uploads\/2020\/12\/Schermata-2020-12-31-alle-02.22.23-300x174.png 300w, https:\/\/absi.ch\/new\/wp-content\/uploads\/2020\/12\/Schermata-2020-12-31-alle-02.22.23-768x447.png 768w, https:\/\/absi.ch\/new\/wp-content\/uploads\/2020\/12\/Schermata-2020-12-31-alle-02.22.23-1536x893.png 1536w, https:\/\/absi.ch\/new\/wp-content\/uploads\/2020\/12\/Schermata-2020-12-31-alle-02.22.23-1115x648-1000x581.png 1000w, https:\/\/absi.ch\/new\/wp-content\/uploads\/2020\/12\/Schermata-2020-12-31-alle-02.22.23.png 1873w\" sizes=\"auto, (max-width: 1115px) 100vw, 1115px\" \/><\/p>\n<p>\u00a0<\/p>\n<ul>\n<li>Eucharistie: 19 d\u00e9cembre 2021<br \/>\n<p><a href=\"https:\/\/absi.ch\/new\/2021\/12\/eucharistie-10-decembre-2021\/\">\u00ab\u00a0Fais briller sur nous ton visage et nous serons sauv\u00e9s\u00a0\u00bb<\/a><\/p>\n<\/li>\n<\/ul>\n<ul>\n<li>Eucharistie: 5 d\u00e9cembre 2021<br \/>\n<p><a href=\"https:\/\/absi.ch\/new\/2021\/12\/eucharistie-5-decembre-2021\/\">Dieu intervient, et nous devons changer<\/a><\/p>\n<\/li>\n<li>Eucharistie: 28 novembre 2021<br \/><a href=\"https:\/\/absi.ch\/new\/2021\/12\/eucharistie-28-novembre-2021\/\">Attendre ta venue et nous engager dans l\u2019amour<\/a><\/li>\n<\/ul>\n<ul>\n<li>Eucharistie: 14 novembre 2021<br \/><a href=\"https:\/\/absi.ch\/new\/2021\/11\/eucharistie-14-novembre-2021\/\">\u00ab Sachez que (le Fils de l\u2019homme) est proche, \u00e0 (vos) portes \u00bb (<em>Marc<\/em>\u00a013,29)<\/a><br \/><br \/><\/li>\n<li>Eucharistie: 24 octobre 2021<br \/><a href=\"https:\/\/absi.ch\/new\/2021\/10\/eucharistie-24-octobre-2021\/\">\u00ab Ceux qui ont sem\u00e9 dans les larmes \u00bb (<em>Ps<\/em> 126,5)<\/a><br \/><br \/><\/li>\n<\/ul>\n<ul>\n<li>Eucharistie: 17 octobre 2021<br \/><a href=\"https:\/\/absi.ch\/new\/2021\/10\/eucharistie-17-octobre-2021\/#_ftn1\">La mission c\u2019est\u2026 se mettre au service des autres et leur permettre de retrouver l\u2019espoir<\/a><br \/><br \/><\/li>\n<li>Eucharistie: 10 octobre 2021<br \/><a href=\"https:\/\/absi.ch\/new\/2021\/10\/eucharistie-10-octobre-2021\/\">Dieu, apprends-nous \u00e0 d\u00e9couvrir ton chemin !<\/a><br \/><br \/><\/li>\n<li>Eucharistie: 3 octobre 2021<br \/><a href=\"https:\/\/absi.ch\/new\/2021\/10\/3-octobre-2021\/\">L\u2019autre : un don, toujours surprenant, de Dieu<\/a><br \/><br \/><\/li>\n<li>Eucharistie: 26 septembre 2021<br \/><a href=\"https:\/\/absi.ch\/new\/2021\/09\/eucharistie-26-septembre-2021\/\">\u00ab Celui qui n\u2019est pas contre nous est pour nous \u00bb (<em>Mc<\/em> 9,40)<\/a><br \/><br \/><\/li>\n<li>Eucharistie: 19 septembre 2021<br \/><a href=\"https:\/\/absi.ch\/new\/2021\/09\/eucharistie-19-septembre-2021\/\">Des individus insult\u00e9s et mis \u00e0 mort\u2026 comme J\u00e9sus<\/a><br \/><br \/><\/li>\n<li>Eucharistie: 5 septembre 2021<br \/><a href=\"https:\/\/absi.ch\/new\/2021\/09\/eucharistie-5-septembre-2021\/\">Aveugles, muets, pauvres\u2026<\/a><\/li>\n<\/ul>\n<ul>\n<li>\n<p>Eucharistie: 29 ao\u00fbt 202<br \/><a href=\"https:\/\/absi.ch\/new\/2021\/08\/eucharistie-29-aout-2021\/\">\u00ab Religion pure devant Dieu le P\u00e8re \u00bb (<em>Jacques<\/em> 1,27)\u00a0<\/a><\/p>\n<\/li>\n<\/ul>\n<ul>\n<li>Eucharistie: 22 ao\u00fbt 2021<br \/><a href=\"https:\/\/absi.ch\/new\/2021\/08\/eucharistie-22-aout-2021\/\">Nous sommes devant un choix<\/a><\/li>\n<\/ul>\n<ul>\n<li>Eucharistie: 15 ao\u00fbt 2021<br \/><a href=\"https:\/\/absi.ch\/new\/2021\/08\/eucharistie-15-aout-2021\/\">L\u2019Assomption de Marie\u00a0: un signe pour l\u2019avenir des croyants<\/a><\/li>\n<\/ul>\n<ul>\n<li>Eucharistie: 8 ao\u00fbt 2021<br \/><a href=\"https:\/\/absi.ch\/new\/2021\/08\/eucharistie-8-aout-2021\/\">Attir\u00e9(e)s par Dieu et nourri(e)s par lui<\/a><\/li>\n<\/ul>\n<ul>\n<li>Eucharistie: 1 ao\u00fbt 2021<br \/><a href=\"https:\/\/absi.ch\/new\/2021\/08\/eucharistie-1-aout-2021\/\">\u00ab\u00a0\u0152uvrez \u2026 pour la nourriture qui demeure\u00a0\u00bb (<em>Jean<\/em> 6,27)<\/a><\/li>\n<\/ul>\n<ul>\n<li>Eucharistie: 25 juillet 2021<br \/><a href=\"https:\/\/absi.ch\/new\/2021\/08\/eucharistie-25-juillet-2021\/\">\u00ab\u00a0Tu rassasies tout vivant avec ta faveur\u00a0\u00bb (<\/a><em>Ps<\/em><a href=\"https:\/\/absi.ch\/new\/2021\/08\/eucharistie-25-juillet-2021\/\"> 145,16)<\/a><\/li>\n<\/ul>\n<ul>\n<li>Eucharistie: 18 juillet 2021<br \/><a href=\"https:\/\/absi.ch\/new\/2021\/07\/eucharistie-18-juillet-2021\/\">Le Seigneur est mon berger : rien ne saurait me manquer \u00bb (<em>Psaume<\/em> 23,1).<\/a><\/li>\n<\/ul>\n<ul>\n<li>Eucharistie: 11 juillet 2021<br \/><a href=\"https:\/\/absi.ch\/new\/2021\/07\/eucharistie-11-juillet-2021\/\">En chemin vers un changement<\/a><\/li>\n<\/ul>\n<ul>\n<li>Eucharistie: 4 juillet 2021<br \/><a href=\"https:\/\/absi.ch\/new\/2021\/06\/eucharistie-20-juin-2021\/\">Une puisance qui s&#8217;affirme dans la faiblesse<\/a><\/li>\n<\/ul>\n<ul>\n<li>Eucharistie: 20 juin 2021<br \/><a href=\"https:\/\/absi.ch\/new\/2021\/06\/eucharistie-20-juin-2021\/\" target=\"_blank\" rel=\"noopener\">Dieu prend soin de nous et aussi de nos peurs.<\/a><\/li>\n<\/ul>\n<ul>\n<li>Eucharistie: 13 juin 2021<br \/><a href=\"https:\/\/absi.ch\/new\/2021\/06\/eucharistie-13-juin-2021\/\" target=\"_blank\" rel=\"noopener\">Le R\u00e8gne\u00a0: comme un petit grain\u2026<\/a><\/li>\n<\/ul>\n<ul>\n<li>Eucharistie: 6 juin 2021<br \/><a href=\"https:\/\/absi.ch\/new\/2021\/06\/eucharistie-6-juin-2021\/\">\u00ab Si quelqu\u2019un fait la volont\u00e9 de Dieu, cette personne-l\u00e0 est mon fr\u00e8re et ma s\u0153ur et ma m\u00e8re\u00bb (<em>Mc<\/em> 3,35)<\/a><\/li>\n<\/ul>\n<ul>\n<li>Eucharistie: 3 juin 2021<br \/><a href=\"https:\/\/absi.ch\/new\/2021\/06\/eucharistie-3-juin-2021\/\">Le Corps et le Sang du Christ : une vie donn\u00e9e<\/a><\/li>\n<\/ul>\n<ul>\n<li>Eucharistie: 23 mai 2021<br \/><a href=\"https:\/\/absi.ch\/new\/2021\/05\/eucharistie-pentecote-23-mai-2021\/\">Souffle de Dieu, Souffle d\u2019unit\u00e9 entre les personnes et les peuples<\/a><\/li>\n<\/ul>\n<ul>\n<li>Eucharistie: 16 mai 2021<br \/><a href=\"https:\/\/absi.ch\/new\/2021\/05\/eucharistie-16-mai-2021\/#\">\u00ab\u00a0Celui qui demeure dans l\u2019amour demeure en Dieu\u00a0\u00bb (<em>1 Jean<\/em> 4,16)<\/a><\/li>\n<\/ul>\n<ul>\n<li>Eucharistie: 13 mai 2021<br \/><a href=\"https:\/\/absi.ch\/new\/2021\/05\/eucharistie-13-mai-2021\/\">L\u2019ascension, la mont\u00e9e de J\u00e9sus vers le ciel, n\u2019emp\u00eache pas J\u00e9sus de rester avec nous<\/a><\/li>\n<\/ul>\n<ul>\n<li>Eucharistie: 9 mai 2021<br \/><a href=\"https:\/\/absi.ch\/new\/2021\/05\/eucharistie-9-mai-2021\/\">\u00ab Bien-aim\u00e9s, aimons-nous les uns les autres, car l\u2019amour vient de Dieu \u00bb (1 Jean 4,7))<\/a><\/li>\n<\/ul>\n<ul>\n<li>Eucharistie: 2 mai 2021<br \/><a href=\"https:\/\/absi.ch\/new\/2021\/05\/eucharistie-2-mai-2021\/\">Celui qui demeure en moi porte un fruit abondant (<em>Jean<\/em> 15,5)<\/a><\/li>\n<\/ul>\n<ul>\n<li>Eucharistie: 25 avril 2021<br \/><a href=\"https:\/\/absi.ch\/new\/2021\/04\/eucharistie-25-avril-2021\/\">\u00ab Moi, je suis le berger, le beau \u00bb (Jean 10,11 et 14).<\/a><\/li>\n<\/ul>\n<ul>\n<li>Eucharistie: 18 avril 2021<br \/><a href=\"https:\/\/absi.ch\/new\/2021\/04\/16214\/\">S\u2019ouvrir \u00e0 l\u2019\u00c9criture et aimer les autres<\/a><\/li>\n<\/ul>\n<ul>\n<li>Eucharistie: 11 avril 2021<br \/><a href=\"https:\/\/absi.ch\/new\/2021\/04\/eucharistie-11-avril-2021\/\">Je\u0301sus ressuscite\u0301 nous donne la paix, une vie sans peur et dans le partage<\/a><\/li>\n<\/ul>\n<ul>\n<li>P\u00e2ques, 4 avril 2021<br \/><a href=\"https:\/\/absi.ch\/new\/2021\/04\/paques-4-avril-2021\/\">\u00ab Dieu vous a ressuscit\u00e9s-ensemble avec le Christ \u00bb (Col 3,1);<\/a><\/li>\n<\/ul>\n<ul>\n<li>28mars 2021<br \/><a href=\"https:\/\/absi.ch\/new\/2021\/03\/28-mars-2021\/\">\u00a0Dimanche des Rameaux et de la Passion du Seigneur<\/a><\/li>\n<\/ul>\n<ul>\n<li>Eucharistie : 21 mars 2021<br \/><a href=\"https:\/\/absi.ch\/new\/2021\/03\/eucharistie-21-mars-2021\/\">Le don de la nouvelle alliance, le don de la vie<\/a><\/li>\n<\/ul>\n<ul>\n<li>Eucharistie : 14 mars 2021<br \/><a href=\"https:\/\/absi.ch\/new\/2021\/03\/eucharistie-14-mars-2021\/\">\u00ab Tous ceux qui croient en lui vivront avec lui pour toujours \u00bb (<em>Jean<\/em> 3,16)<\/a><\/li>\n<\/ul>\n<ul>\n<li>\n<p>Eucharistie, 7 Mars 2021<br \/><a href=\"https:\/\/absi.ch\/new\/2021\/03\/eucharistie-7-mars-2021\/\">La parole de Dieu nous \u00abredonne la force de vivre\u00bb (Psaume 19,8)<\/a><\/p>\n<\/li>\n<\/ul>\n<ul>\n<li>\n<p>Eucharistie, 14 f\u00e9vrier 2021<br \/><a href=\"https:\/\/absi.ch\/new\/2021\/02\/eucharistie-14-fevrier-2021\/\">Maladie et gu\u00e9rison, marginalisation et mort<\/a><\/p>\n<\/li>\n<\/ul>\n<ul>\n<li>\n<p>Eucharistie, 7 f\u00e9vrier 2021<br \/><a href=\"https:\/\/absi.ch\/new\/2021\/02\/eucharistie-7-fevrier-2021\/\">Vivre dans la souffrance et prier en silence<\/a><\/p>\n<\/li>\n<\/ul>\n<ul>\n<li>\n<p>Eucharistie, 31 janvier 2021<br \/><a href=\"https:\/\/absi.ch\/new\/2021\/01\/eucharistie-31-janvier-2021\/\">\u00ab\u00a0Aujourd\u2019hui, si vous \u00e9coutiez sa voix&#8230;\u00a0!\u00a0\u00bb (Psaume 95,7)<\/a><\/p>\n<\/li>\n<\/ul>\n<ul>\n<li>\n<p>Eucharistie, 24 janvier 2021<br \/><a href=\"https:\/\/absi.ch\/new\/2021\/01\/eucharistie-24-janvier-2021\/\">\u00ab\u00a0Yhwh, fais-moi conna\u00eetre tes chemins\u00a0\u00bb (Psaume 25,4)<\/a><\/p>\n<\/li>\n<\/ul>\n<ul>\n<li>\n<p>Eucharistie, 17 janvier 2021<br \/><a href=\"https:\/\/absi.ch\/new\/2021\/01\/eucharistie-17-janvier-2021\/\">\u00ab\u00a0Alors j\u2019ai dit : Me voici, je viens \u00bb (<em>Ps<\/em> 40,8)<\/a><\/p>\n<\/li>\n<\/ul>\n<ul>\n<li>\n<p>Eucharistie, 3 janvier 2021<br \/><a href=\"https:\/\/absi.ch\/new\/2020\/12\/eucharistie-3-janvier-2021\/\">\u00c9piphanie: \u00e0 la d\u00e9couverte d\u2019un roi surprenant<\/a><br \/><br \/><\/p>\n<\/li>\n<li>Eucaristia: 3 gennaio 2021<br \/><a href=\"https:\/\/absi.ch\/new\/2020\/12\/eucaristia-3-gennaio-2021\/\"><em>\u00ab<\/em>La Parola si \u00e8 fatta carne e ha rizzato la sua tenda in mezzo a noi<em>\u00bb <\/em>(<em>Gv<\/em> 1,14)<\/a><br \/><br \/><\/li>\n<li>\n<p>1 janvier 2021, Solennit\u00e9<br \/><a href=\"https:\/\/absi.ch\/new\/2020\/12\/1-janvier-2021-solennite\/\">Sainte Marie, M\u00e8re de Dieu et Journ\u00e9e mondiale de la paix<\/a><\/p>\n<\/li>\n<\/ul>    <\/div>\n<\/div>\n<!-- \/module text -->\n\t        <\/div>\n\t    \t<\/div>\n\t\t    <\/div>\n\t    <!-- \/row_inner -->\n\t<\/div>\n\t<!-- \/module_row -->\n\t<\/div>\n\n","protected":false},"excerpt":{"rendered":"<p>di Renzo Petraglio \u00a0 \u00a0 Eucharistie: 19 d\u00e9cembre 2021 \u00ab\u00a0Fais briller sur nous ton visage et nous serons sauv\u00e9s\u00a0\u00bb Eucharistie: 5 d\u00e9cembre 2021 Dieu intervient, et nous devons changer Eucharistie: 28 novembre 2021Attendre ta venue et nous engager dans l\u2019amour Eucharistie: 14 novembre 2021\u00ab Sachez que (le Fils de l\u2019homme) est proche, \u00e0 (vos) portes [&hellip;]<\/p>\n","protected":false},"author":1,"featured_media":0,"parent":0,"menu_order":0,"comment_status":"closed","ping_status":"closed","template":"","meta":{"footnotes":""},"class_list":["post-15813","page","type-page","status-publish","hentry","has-post-title","no-post-date","has-post-category","has-post-tag","has-post-comment","has-post-author",""],"builder_content":"<h4>di Renzo Petraglio<\/h4> <p>\u00a0<\/p> <p><img loading=\"lazy\" decoding=\"async\" src=\"https:\/\/absi.ch\/new\/wp-content\/uploads\/2020\/12\/Schermata-2020-12-31-alle-02.22.23-1115x648.png\" alt=\"\" width=\"1115\" height=\"648\" srcset=\"https:\/\/absi.ch\/new\/wp-content\/uploads\/2020\/12\/Schermata-2020-12-31-alle-02.22.23-1115x648.png 1115w, https:\/\/absi.ch\/new\/wp-content\/uploads\/2020\/12\/Schermata-2020-12-31-alle-02.22.23-300x174.png 300w, https:\/\/absi.ch\/new\/wp-content\/uploads\/2020\/12\/Schermata-2020-12-31-alle-02.22.23-768x447.png 768w, https:\/\/absi.ch\/new\/wp-content\/uploads\/2020\/12\/Schermata-2020-12-31-alle-02.22.23-1536x893.png 1536w, https:\/\/absi.ch\/new\/wp-content\/uploads\/2020\/12\/Schermata-2020-12-31-alle-02.22.23-1115x648-1000x581.png 1000w, https:\/\/absi.ch\/new\/wp-content\/uploads\/2020\/12\/Schermata-2020-12-31-alle-02.22.23.png 1873w\" sizes=\"auto, (max-width: 1115px) 100vw, 1115px\" \/><\/p> <p>\u00a0<\/p> <ul> <li>Eucharistie: 19 d\u00e9cembre 2021<br \/> <p><a href=\"https:\/\/absi.ch\/new\/2021\/12\/eucharistie-10-decembre-2021\/\">\u00ab\u00a0Fais briller sur nous ton visage et nous serons sauv\u00e9s\u00a0\u00bb<\/a><\/p> <\/li> <\/ul> <ul> <li>Eucharistie: 5 d\u00e9cembre 2021<br \/> <p><a href=\"https:\/\/absi.ch\/new\/2021\/12\/eucharistie-5-decembre-2021\/\">Dieu intervient, et nous devons changer<\/a><\/p> <\/li> <li>Eucharistie: 28 novembre 2021<br \/><a href=\"https:\/\/absi.ch\/new\/2021\/12\/eucharistie-28-novembre-2021\/\">Attendre ta venue et nous engager dans l\u2019amour<\/a><\/li> <\/ul> <ul> <li>Eucharistie: 14 novembre 2021<br \/><a href=\"https:\/\/absi.ch\/new\/2021\/11\/eucharistie-14-novembre-2021\/\">\u00ab Sachez que (le Fils de l\u2019homme) est proche, \u00e0 (vos) portes \u00bb (<em>Marc<\/em>\u00a013,29)<\/a><br \/><br \/><\/li> <li>Eucharistie: 24 octobre 2021<br \/><a href=\"https:\/\/absi.ch\/new\/2021\/10\/eucharistie-24-octobre-2021\/\">\u00ab Ceux qui ont sem\u00e9 dans les larmes \u00bb (<em>Ps<\/em> 126,5)<\/a><br \/><br \/><\/li> <\/ul> <ul> <li>Eucharistie: 17 octobre 2021<br \/><a href=\"https:\/\/absi.ch\/new\/2021\/10\/eucharistie-17-octobre-2021\/#_ftn1\">La mission c\u2019est\u2026 se mettre au service des autres et leur permettre de retrouver l\u2019espoir<\/a><br \/><br \/><\/li> <li>Eucharistie: 10 octobre 2021<br \/><a href=\"https:\/\/absi.ch\/new\/2021\/10\/eucharistie-10-octobre-2021\/\">Dieu, apprends-nous \u00e0 d\u00e9couvrir ton chemin !<\/a><br \/><br \/><\/li> <li>Eucharistie: 3 octobre 2021<br \/><a href=\"https:\/\/absi.ch\/new\/2021\/10\/3-octobre-2021\/\">L\u2019autre : un don, toujours surprenant, de Dieu<\/a><br \/><br \/><\/li> <li>Eucharistie: 26 septembre 2021<br \/><a href=\"https:\/\/absi.ch\/new\/2021\/09\/eucharistie-26-septembre-2021\/\">\u00ab Celui qui n\u2019est pas contre nous est pour nous \u00bb (<em>Mc<\/em> 9,40)<\/a><br \/><br \/><\/li> <li>Eucharistie: 19 septembre 2021<br \/><a href=\"https:\/\/absi.ch\/new\/2021\/09\/eucharistie-19-septembre-2021\/\">Des individus insult\u00e9s et mis \u00e0 mort\u2026 comme J\u00e9sus<\/a><br \/><br \/><\/li> <li>Eucharistie: 5 septembre 2021<br \/><a href=\"https:\/\/absi.ch\/new\/2021\/09\/eucharistie-5-septembre-2021\/\">Aveugles, muets, pauvres\u2026<\/a><\/li> <\/ul> <ul> <li> <p>Eucharistie: 29 ao\u00fbt 202<br \/><a href=\"https:\/\/absi.ch\/new\/2021\/08\/eucharistie-29-aout-2021\/\">\u00ab Religion pure devant Dieu le P\u00e8re \u00bb (<em>Jacques<\/em> 1,27)\u00a0<\/a><\/p> <\/li> <\/ul> <ul> <li>Eucharistie: 22 ao\u00fbt 2021<br \/><a href=\"https:\/\/absi.ch\/new\/2021\/08\/eucharistie-22-aout-2021\/\">Nous sommes devant un choix<\/a><\/li> <\/ul> <ul> <li>Eucharistie: 15 ao\u00fbt 2021<br \/><a href=\"https:\/\/absi.ch\/new\/2021\/08\/eucharistie-15-aout-2021\/\">L\u2019Assomption de Marie\u00a0: un signe pour l\u2019avenir des croyants<\/a><\/li> <\/ul> <ul> <li>Eucharistie: 8 ao\u00fbt 2021<br \/><a href=\"https:\/\/absi.ch\/new\/2021\/08\/eucharistie-8-aout-2021\/\">Attir\u00e9(e)s par Dieu et nourri(e)s par lui<\/a><\/li> <\/ul> <ul> <li>Eucharistie: 1 ao\u00fbt 2021<br \/><a href=\"https:\/\/absi.ch\/new\/2021\/08\/eucharistie-1-aout-2021\/\">\u00ab\u00a0\u0152uvrez \u2026 pour la nourriture qui demeure\u00a0\u00bb (<em>Jean<\/em> 6,27)<\/a><\/li> <\/ul> <ul> <li>Eucharistie: 25 juillet 2021<br \/><a href=\"https:\/\/absi.ch\/new\/2021\/08\/eucharistie-25-juillet-2021\/\">\u00ab\u00a0Tu rassasies tout vivant avec ta faveur\u00a0\u00bb (<\/a><em>Ps<\/em><a href=\"https:\/\/absi.ch\/new\/2021\/08\/eucharistie-25-juillet-2021\/\"> 145,16)<\/a><\/li> <\/ul> <ul> <li>Eucharistie: 18 juillet 2021<br \/><a href=\"https:\/\/absi.ch\/new\/2021\/07\/eucharistie-18-juillet-2021\/\">Le Seigneur est mon berger : rien ne saurait me manquer \u00bb (<em>Psaume<\/em> 23,1).<\/a><\/li> <\/ul> <ul> <li>Eucharistie: 11 juillet 2021<br \/><a href=\"https:\/\/absi.ch\/new\/2021\/07\/eucharistie-11-juillet-2021\/\">En chemin vers un changement<\/a><\/li> <\/ul> <ul> <li>Eucharistie: 4 juillet 2021<br \/><a href=\"https:\/\/absi.ch\/new\/2021\/06\/eucharistie-20-juin-2021\/\">Une puisance qui s'affirme dans la faiblesse<\/a><\/li> <\/ul> <ul> <li>Eucharistie: 20 juin 2021<br \/><a href=\"https:\/\/absi.ch\/new\/2021\/06\/eucharistie-20-juin-2021\/\" target=\"_blank\" rel=\"noopener\">Dieu prend soin de nous et aussi de nos peurs.<\/a><\/li> <\/ul> <ul> <li>Eucharistie: 13 juin 2021<br \/><a href=\"https:\/\/absi.ch\/new\/2021\/06\/eucharistie-13-juin-2021\/\" target=\"_blank\" rel=\"noopener\">Le R\u00e8gne\u00a0: comme un petit grain\u2026<\/a><\/li> <\/ul> <ul> <li>Eucharistie: 6 juin 2021<br \/><a href=\"https:\/\/absi.ch\/new\/2021\/06\/eucharistie-6-juin-2021\/\">\u00ab Si quelqu\u2019un fait la volont\u00e9 de Dieu, cette personne-l\u00e0 est mon fr\u00e8re et ma s\u0153ur et ma m\u00e8re\u00bb (<em>Mc<\/em> 3,35)<\/a><\/li> <\/ul> <ul> <li>Eucharistie: 3 juin 2021<br \/><a href=\"https:\/\/absi.ch\/new\/2021\/06\/eucharistie-3-juin-2021\/\">Le Corps et le Sang du Christ : une vie donn\u00e9e<\/a><\/li> <\/ul> <ul> <li>Eucharistie: 23 mai 2021<br \/><a href=\"https:\/\/absi.ch\/new\/2021\/05\/eucharistie-pentecote-23-mai-2021\/\">Souffle de Dieu, Souffle d\u2019unit\u00e9 entre les personnes et les peuples<\/a><\/li> <\/ul> <ul> <li>Eucharistie: 16 mai 2021<br \/><a href=\"https:\/\/absi.ch\/new\/2021\/05\/eucharistie-16-mai-2021\/#\">\u00ab\u00a0Celui qui demeure dans l\u2019amour demeure en Dieu\u00a0\u00bb (<em>1 Jean<\/em> 4,16)<\/a><\/li> <\/ul> <ul> <li>Eucharistie: 13 mai 2021<br \/><a href=\"https:\/\/absi.ch\/new\/2021\/05\/eucharistie-13-mai-2021\/\">L\u2019ascension, la mont\u00e9e de J\u00e9sus vers le ciel, n\u2019emp\u00eache pas J\u00e9sus de rester avec nous<\/a><\/li> <\/ul> <ul> <li>Eucharistie: 9 mai 2021<br \/><a href=\"https:\/\/absi.ch\/new\/2021\/05\/eucharistie-9-mai-2021\/\">\u00ab Bien-aim\u00e9s, aimons-nous les uns les autres, car l\u2019amour vient de Dieu \u00bb (1 Jean 4,7))<\/a><\/li> <\/ul> <ul> <li>Eucharistie: 2 mai 2021<br \/><a href=\"https:\/\/absi.ch\/new\/2021\/05\/eucharistie-2-mai-2021\/\">Celui qui demeure en moi porte un fruit abondant (<em>Jean<\/em> 15,5)<\/a><\/li> <\/ul> <ul> <li>Eucharistie: 25 avril 2021<br \/><a href=\"https:\/\/absi.ch\/new\/2021\/04\/eucharistie-25-avril-2021\/\">\u00ab Moi, je suis le berger, le beau \u00bb (Jean 10,11 et 14).<\/a><\/li> <\/ul> <ul> <li>Eucharistie: 18 avril 2021<br \/><a href=\"https:\/\/absi.ch\/new\/2021\/04\/16214\/\">S\u2019ouvrir \u00e0 l\u2019\u00c9criture et aimer les autres<\/a><\/li> <\/ul> <ul> <li>Eucharistie: 11 avril 2021<br \/><a href=\"https:\/\/absi.ch\/new\/2021\/04\/eucharistie-11-avril-2021\/\">Je\u0301sus ressuscite\u0301 nous donne la paix, une vie sans peur et dans le partage<\/a><\/li> <\/ul> <ul> <li>P\u00e2ques, 4 avril 2021<br \/><a href=\"https:\/\/absi.ch\/new\/2021\/04\/paques-4-avril-2021\/\">\u00ab Dieu vous a ressuscit\u00e9s-ensemble avec le Christ \u00bb (Col 3,1);<\/a><\/li> <\/ul> <ul> <li>28mars 2021<br \/><a href=\"https:\/\/absi.ch\/new\/2021\/03\/28-mars-2021\/\">\u00a0Dimanche des Rameaux et de la Passion du Seigneur<\/a><\/li> <\/ul> <ul> <li>Eucharistie : 21 mars 2021<br \/><a href=\"https:\/\/absi.ch\/new\/2021\/03\/eucharistie-21-mars-2021\/\">Le don de la nouvelle alliance, le don de la vie<\/a><\/li> <\/ul> <ul> <li>Eucharistie : 14 mars 2021<br \/><a href=\"https:\/\/absi.ch\/new\/2021\/03\/eucharistie-14-mars-2021\/\">\u00ab Tous ceux qui croient en lui vivront avec lui pour toujours \u00bb (<em>Jean<\/em> 3,16)<\/a><\/li> <\/ul> <ul> <li> <p>Eucharistie, 7 Mars 2021<br \/><a href=\"https:\/\/absi.ch\/new\/2021\/03\/eucharistie-7-mars-2021\/\">La parole de Dieu nous \u00abredonne la force de vivre\u00bb (Psaume 19,8)<\/a><\/p> <\/li> <\/ul> <ul> <li> <p>Eucharistie, 14 f\u00e9vrier 2021<br \/><a href=\"https:\/\/absi.ch\/new\/2021\/02\/eucharistie-14-fevrier-2021\/\">Maladie et gu\u00e9rison, marginalisation et mort<\/a><\/p> <\/li> <\/ul> <ul> <li> <p>Eucharistie, 7 f\u00e9vrier 2021<br \/><a href=\"https:\/\/absi.ch\/new\/2021\/02\/eucharistie-7-fevrier-2021\/\">Vivre dans la souffrance et prier en silence<\/a><\/p> <\/li> <\/ul> <ul> <li> <p>Eucharistie, 31 janvier 2021<br \/><a href=\"https:\/\/absi.ch\/new\/2021\/01\/eucharistie-31-janvier-2021\/\">\u00ab\u00a0Aujourd\u2019hui, si vous \u00e9coutiez sa voix...\u00a0!\u00a0\u00bb (Psaume 95,7)<\/a><\/p> <\/li> <\/ul> <ul> <li> <p>Eucharistie, 24 janvier 2021<br \/><a href=\"https:\/\/absi.ch\/new\/2021\/01\/eucharistie-24-janvier-2021\/\">\u00ab\u00a0Yhwh, fais-moi conna\u00eetre tes chemins\u00a0\u00bb (Psaume 25,4)<\/a><\/p> <\/li> <\/ul> <ul> <li> <p>Eucharistie, 17 janvier 2021<br \/><a href=\"https:\/\/absi.ch\/new\/2021\/01\/eucharistie-17-janvier-2021\/\">\u00ab\u00a0Alors j\u2019ai dit : Me voici, je viens \u00bb (<em>Ps<\/em> 40,8)<\/a><\/p> <\/li> <\/ul> <ul> <li> <p>Eucharistie, 3 janvier 2021<br \/><a href=\"https:\/\/absi.ch\/new\/2020\/12\/eucharistie-3-janvier-2021\/\">\u00c9piphanie: \u00e0 la d\u00e9couverte d\u2019un roi surprenant<\/a><br \/><br \/><\/p> <\/li> <li>Eucaristia: 3 gennaio 2021<br \/><a href=\"https:\/\/absi.ch\/new\/2020\/12\/eucaristia-3-gennaio-2021\/\"><em>\u00ab<\/em>La Parola si \u00e8 fatta carne e ha rizzato la sua tenda in mezzo a noi<em>\u00bb <\/em>(<em>Gv<\/em> 1,14)<\/a><br \/><br \/><\/li> <li> <p>1 janvier 2021, Solennit\u00e9<br \/><a href=\"https:\/\/absi.ch\/new\/2020\/12\/1-janvier-2021-solennite\/\">Sainte Marie, M\u00e8re de Dieu et Journ\u00e9e mondiale de la paix<\/a><\/p> <\/li> <\/ul>","_links":{"self":[{"href":"https:\/\/absi.ch\/new\/wp-json\/wp\/v2\/pages\/15813","targetHints":{"allow":["GET"]}}],"collection":[{"href":"https:\/\/absi.ch\/new\/wp-json\/wp\/v2\/pages"}],"about":[{"href":"https:\/\/absi.ch\/new\/wp-json\/wp\/v2\/types\/page"}],"author":[{"embeddable":true,"href":"https:\/\/absi.ch\/new\/wp-json\/wp\/v2\/users\/1"}],"replies":[{"embeddable":true,"href":"https:\/\/absi.ch\/new\/wp-json\/wp\/v2\/comments?post=15813"}],"version-history":[{"count":47,"href":"https:\/\/absi.ch\/new\/wp-json\/wp\/v2\/pages\/15813\/revisions"}],"predecessor-version":[{"id":16873,"href":"https:\/\/absi.ch\/new\/wp-json\/wp\/v2\/pages\/15813\/revisions\/16873"}],"wp:attachment":[{"href":"https:\/\/absi.ch\/new\/wp-json\/wp\/v2\/media?parent=15813"}],"curies":[{"name":"wp","href":"https:\/\/api.w.org\/{rel}","templated":true}]}}