{"id":1605,"date":"2014-04-18T23:06:38","date_gmt":"2014-04-18T23:06:38","guid":{"rendered":"http:\/\/absi.ch\/new\/?page_id=1605"},"modified":"2014-04-19T00:55:23","modified_gmt":"2014-04-19T00:55:23","slug":"vendredi-saint-2014-cont-1","status":"publish","type":"page","link":"https:\/\/absi.ch\/new\/vendredi-saint-2014-cont-1\/","title":{"rendered":"vendred\u00ec saint 2014 cont.1"},"content":{"rendered":"<p align=\"JUSTIFY\"><span style=\"font-family: Century Gothic,sans-serif;\"><span style=\"font-size: small;\">[layout][layout_group][one_sixth]<\/span><\/span><\/p>\n<p align=\"JUSTIFY\"><span style=\"font-family: Century Gothic,sans-serif; background-color: yellow;\"><span style=\"font-size: small;\">La voix d\u2019un proph\u00e8te sur la mort d\u2019un homme<\/span><\/span><\/p>\n<p align=\"JUSTIFY\">\u00a0<span style=\"font-family: Century Gothic,sans-serif;\"><span style=\"font-size: small;\"><i>Vers la fin du livre de Zacharie on a ins\u00e9r\u00e9 la page d\u2019un proph\u00e8te inconnu<\/i><\/span><\/span><sup><span style=\"font-family: Century Gothic,sans-serif;\"><span style=\"font-size: small;\"><i><a href=\"#sdfootnote3sym\"><sup>3<\/sup><\/a><\/i><\/span><\/span><\/sup><span style=\"font-family: Century Gothic,sans-serif;\"><span style=\"font-size: small;\"><i>. Cette page parle d\u2019un homme tu\u00e9 par les habitants de J\u00e9rusalem. Mais Dieu, devant cet acte de violence, intervient et fait na\u00eetre dans les tueurs \u00ab\u00a0un esprit de compassion et de supplication\u00a0\u00bb (v. 10). Et, gr\u00e2ce \u00e0 cet esprit donn\u00e9 par Dieu, les tueurs savent maintenant d\u00e9couvrir que Dieu s\u2019identifie avec la personne tu\u00e9e\u00a0! En effet, tuer un homme est comme tuer Dieu lui-m\u00eame. Dieu peut donc dire\u00a0:\u00a0\u00ab\u00a0ils regarderont vers moi, celui qu\u2019ils ont transperc\u00e9\u00a0\u00bb (v. 10). <\/i><\/span><\/span><\/p>\n<p align=\"JUSTIFY\"><span style=\"font-family: Century Gothic,sans-serif;\"><span style=\"font-size: small;\"><i>Cette prise de conscience pousse les habitants de J\u00e9rusalem \u00e0 faire le deuil. Un deuil comme pour le premier-n\u00e9, l\u2019enfant qui aurait pu pr\u00e9parer un avenir joyaux pour toute la famille\u00a0; un deuil comme le deuil qu\u2019on faisait \u00e0 Meguiddo pour Hadad-Rimm\u00f4n, le dieu de la temp\u00eate et de la v\u00e9g\u00e9tation.<\/i><\/span><\/span><\/p>\n<p align=\"JUSTIFY\"><span style=\"font-family: Century Gothic,sans-serif;\"><span style=\"font-size: small;\"><i>Et de cette c\u00e9l\u00e9bration du deuil &#8211; ainsi dit le proph\u00e8te en terminant sa page &#8211; va jaillir une source pour les habitants de J\u00e9rusalem\u00a0: elle va apporter un \u00ab\u00a0rem\u00e8de aux errements et \u00e0 la souillure\u00a0\u00bb qui p\u00e8sent sur la communaut\u00e9. Voil\u00e0 l\u2019espoir que le proph\u00e8te a devant sa ville &#8211; J\u00e9rusalem et Bujumbura aussi &#8211; qui se livre \u00e0 la violence.<\/i><\/span><\/span><\/p>\n<p align=\"JUSTIFY\"><span style=\"font-family: Century Gothic,sans-serif;\"><span style=\"font-size: small;\"><b>Du livre du proph\u00e8te Zacharie (12,10-13,1)<\/b><\/span><\/span><\/p>\n<p align=\"JUSTIFY\"><span style=\"font-family: Century Gothic,sans-serif;\"><span style=\"font-size: small;\"><b>12<\/b><sup>10<\/sup> Et je r\u00e9pandrai sur la maison de David et sur les habitants de J\u00e9rusalem un esprit de compassion et de supplication. Alors ils regarderont vers moi, celui qu\u2019ils ont transperc\u00e9. Ils chanteront pour lui un chant de deuil comme on le fait \u00e0 la mort d&#8217;un fils unique. <\/span><\/span><\/p>\n<p align=\"JUSTIFY\"><span style=\"font-family: Century Gothic,sans-serif;\"><span style=\"font-size: small;\"> [\/one_sixth][one_sixth]<\/span><\/span><\/p>\n<p align=\"JUSTIFY\"><span style=\"font-family: Century Gothic,sans-serif;\"><span style=\"font-size: small;\">Ils pleureront am\u00e8rement sur lui comme on pleure am\u00e8rement quand on perd son premier enfant. <sup>11<\/sup> Ce jour-l\u00e0, le deuil de J\u00e9rusalem sera aussi grand que le deuil de Hadad-Rimm\u00f4n, dans la plaine de Meguiddo. <sup>12<\/sup> Le pays c\u00e9l\u00e9brera le deuil, chaque clan s\u00e9par\u00e9ment : le clan de la maison de David \u00e0 part et leurs femmes \u00e0 part ; le clan de la maison de Nat\u00e2n \u00e0 part et leurs femmes \u00e0 part ; <sup>13<\/sup> le clan de la maison de L\u00e9vi \u00e0 part et leurs femmes \u00e0 part ; le clan de Shim\u00e9\u00ef \u00e0 part et leurs femmes \u00e0 part ; <sup>14<\/sup> tous les autres clans, chaque clan \u00e0 part, et leurs femmes \u00e0 part. <b>13<\/b><sup>1<\/sup> Ce jour-l\u00e0, une source jaillira pour la maison de David et les habitants de J\u00e9rusalem comme rem\u00e8de aux errements et \u00e0 la souillure.<\/span><\/span><\/p>\n<p align=\"JUSTIFY\"><span style=\"font-family: Century Gothic,sans-serif;\"><span style=\"font-size: small; background: yellow;\">Jean raconte la mort de J\u00e9sus<\/span><\/span><\/p>\n<p align=\"JUSTIFY\"><span style=\"font-family: Century Gothic,sans-serif;\"><span style=\"font-size: small;\"><i>Dans un instant, nous allons lire une page de l\u2019Evangile de Jean, cinq sc\u00e8nes du r\u00e9cit de la passion\u00a0: du chemin vers le Calvaire \u00e0 la mort de J\u00e9sus<\/i><\/span><\/span><sup><span style=\"font-family: Century Gothic,sans-serif;\"><span style=\"font-size: small;\"><i><a href=\"#sdfootnote4sym\"><sup>4<\/sup><\/a><\/i><\/span><\/span><\/sup><span style=\"font-family: Century Gothic,sans-serif;\"><span style=\"font-size: small;\"><i>.<\/i><\/span><\/span><\/p>\n<p align=\"JUSTIFY\"><span style=\"font-family: Century Gothic,sans-serif;\"><span style=\"font-size: small;\"><i>Dans la premi\u00e8re sc\u00e8ne (vv. 17-22), J\u00e9sus porte la croix au Calvaire et il est crucifi\u00e9 parmi deux autres. Jean souligne la position de J\u00e9sus, au centre entre ces deux autres crucifi\u00e9s. Mais il souligne surtout la royaut\u00e9 universelle de J\u00e9sus, royaut\u00e9 affirm\u00e9e par Pilate et exprim\u00e9e en trois langues.<\/i><\/span><\/span><\/p>\n<p><span style=\"font-family: Century Gothic,sans-serif;\"><span style=\"font-size: small;\"><i>Dans la deuxi\u00e8me sc\u00e8ne, celle du partage des v\u00eatements (vv. 23-24), Jean met l\u2019accent sur le grand v\u00eatement de J\u00e9sus\u00a0: sa<\/i><\/span><\/span> <span style=\"font-family: Century Gothic,sans-serif;\"><span style=\"font-size: small;\"><i>tunique. Il s\u2019agit du v\u00eatement ordinaire d\u2019un pauvre Galil\u00e9en. Et ce v\u00eatement reste intacte, symbole, probablement, de la communaut\u00e9 unie qui na\u00eet au pied de la croix.<\/i><\/span><\/span><\/p>\n<p><span style=\"font-family: Century Gothic,sans-serif;\"><span style=\"font-size: small;\"><i>Dans la troisi\u00e8me sc\u00e8ne (vv. 25-27), J\u00e9sus invite sa maman \u00e0 <\/i><\/span><\/span><span style=\"font-family: Century Gothic,sans-serif;\"><span style=\"font-size: small;\"><i>reconna\u00eetre le disciple comme son fils, et le disciple bien-aim\u00e9<\/i><\/span><\/span><\/p>\n<p align=\"JUSTIFY\">[\/one_sixth][one_sixth]<\/p>\n<p align=\"JUSTIFY\"><span style=\"font-family: Century Gothic,sans-serif;\"><span style=\"font-size: small;\"><i>\u00e0 accueillir Marie comme sa m\u00e8re. Le message est clair\u00a0: le peuple d\u2019Isra\u00ebl dans lequel J\u00e9sus est n\u00e9 et la communaut\u00e9 chr\u00e9tienne qui est n\u00e9e de J\u00e9sus sont invit\u00e9s \u00e0 se reconna\u00eetre r\u00e9ciproquement\u00a0: Isra\u00ebl doit voir les chr\u00e9tiens comme fils, et les disciples reconna\u00eetre Isra\u00ebl comme m\u00e8re.<\/i><\/span><\/span><\/p>\n<p align=\"JUSTIFY\"><span style=\"font-family: Century Gothic,sans-serif;\"><span style=\"font-size: small;\"><i>La quatri\u00e8me sc\u00e8ne (vv. 28-30) nous aide \u00e0 comprendre la mort de J\u00e9sus\u00a0: dans sa mort J\u00e9sus porte l\u2019Ecriture et le plan de Dieu \u00e0 son accomplissement. J\u00e9sus est l\u2019agneau pascal, dont le sang, asperg\u00e9 avec une branche d&#8217;hysope, assure le salut (Ex 12,22). En plus, J\u00e9sus, en mourant laisse son esprit aux siens. C\u2019est son esprit qui, en son absence, les soutiendra.<\/i><\/span><\/span><\/p>\n<p align=\"JUSTIFY\"><span style=\"font-family: Century Gothic,sans-serif;\"><span style=\"font-size: small;\"><i>Enfin, la derni\u00e8re sc\u00e8ne (vv. 31-37) nous remplit d\u2019espoir. M\u00eame ceux qui ont voulu la mort de J\u00e9sus vont se rendre compte que la personne qu\u2019ils ont tu\u00e9e est la source du salut. C\u2019est ainsi que se r\u00e9alise l\u2019annonce qu\u2019on a dans le livre du proph\u00e8te Zacharie (Za 12,10)\u00a0: \u00ab\u00a0Ils regarderont vers celui qu&#8217;ils ont transperc\u00e9\u00a0\u00bb (v. 37).<\/i><\/span><\/span><\/p>\n<p align=\"JUSTIFY\"><span style=\"font-family: Century Gothic,sans-serif;\"><span style=\"font-size: small;\"><b>Lecture de l\u2019Evangile selon Jean (19,17-37)<\/b><\/span><\/span><\/p>\n<p align=\"JUSTIFY\"><span style=\"font-family: Century Gothic,sans-serif;\"><span style=\"font-size: small;\"><i>J\u00e9sus crucifi\u00e9<\/i><\/span><\/span><\/p>\n<p align=\"JUSTIFY\"><span style=\"font-family: Century Gothic,sans-serif;\"><span style=\"font-size: small;\"><sup>17<\/sup> Portant lui-m\u00eame sa croix, J\u00e9sus sort (de la ville)\u00a0; il va vers un endroit appel\u00e9 \u00ab Le lieu du Cr\u00e2ne \u00bb, qu&#8217;on appelle en h\u00e9breu \u00ab Golgotha \u00bb. <sup>18<\/sup> L\u00e0, les soldats crucifient J\u00e9sus, et avec lui deux autres, un d\u2019un c\u00f4t\u00e9 et un de l\u2019autre, et au milieu, J\u00e9sus.<\/span><\/span><\/p>\n<p align=\"JUSTIFY\"><span style=\"font-family: Century Gothic,sans-serif;\"><span style=\"font-size: small;\"><sup>19<\/sup> Pilate a fait r\u00e9diger une inscription, il l\u2019a fait placer sur la croix. Elle portait ce texte : \u00ab J\u00e9sus de Nazareth, le roi des Juifs \u00bb. <sup>20<\/sup> Beaucoup de Juifs lisent cette inscription. En effet,<br \/>\n<\/span><\/span><\/p>\n<p>\u00a0[\/one_sixth][one_sixth]<\/p>\n<p align=\"JUSTIFY\"><span style=\"font-family: Century Gothic,sans-serif;\"><span style=\"font-size: small;\">l&#8217;endroit o\u00f9 on a crucifi\u00e9 J\u00e9sus est pr\u00e8s de la ville, et le texte <\/span><\/span><span style=\"font-family: Century Gothic,sans-serif;\"><span style=\"font-size: small;\">est \u00e9crit en h\u00e9breu, en latin et en grec. <sup>21<\/sup> Les chefs des pr\u00eatres disent donc \u00e0 Pilate : \u00ab N\u2019\u00e9cris pas \u201cle roi des Juifs\u201d, mais bien \u201ccet individu a dit : Je suis le roi des Juifs\u201d \u00bb. <sup>22 <\/sup>Pilate leur r\u00e9pond : \u00ab Ce que j\u2019ai \u00e9crit, je l\u2019ai \u00e9crit \u00bb.<\/span><\/span><\/p>\n<p align=\"JUSTIFY\"><span style=\"font-family: Century Gothic,sans-serif;\"><span style=\"font-size: small;\"><i>Le partage des v\u00eatements<\/i><\/span><\/span><\/p>\n<p align=\"JUSTIFY\"><span style=\"font-family: Century Gothic,sans-serif;\"><span style=\"font-size: small;\"><sup>23<\/sup> Apr\u00e8s avoir crucifi\u00e9 J\u00e9sus, les soldats prennent ses habits. Ils en font quatre parts, une pour chaque soldat. Ils prennent aussi son grand v\u00eatement. C&#8217;est un v\u00eatement sans couture, il est tiss\u00e9 d&#8217;un seul morceau, de haut en bas. <sup>24<\/sup> Les soldats se disent entre eux : \u00ab Ne le d\u00e9chirons pas. Mais tirons au sort pour savoir qui aura ce v\u00eatement \u00bb. Ainsi se r\u00e9alise ce qui est \u00e9crit dans les Ecritures\u00a0: \u00ab Entre eux, ils se sont partag\u00e9 mes habits. Et ils ont tir\u00e9 au sort pour savoir qui aura mon v\u00eatement \u00bb (<i>Ps <\/i>22,19). Voil\u00e0 ce que les soldats ont fait.<\/span><\/span><\/p>\n<p align=\"JUSTIFY\"><span style=\"font-family: Century Gothic,sans-serif;\"><span style=\"font-size: small;\"><i>La m\u00e8re de J\u00e9sus et le disciple bien-aim\u00e9<\/i><\/span><\/span><\/p>\n<p align=\"JUSTIFY\"><span style=\"font-family: Century Gothic,sans-serif;\"><span style=\"font-size: small;\"><sup>25<\/sup> Pr\u00e8s de la croix de J\u00e9sus, il y avait sa m\u00e8re, la s\u0153ur de sa m\u00e8re, Marie la femme de Clopas et Marie de Magdala. <sup>26<\/sup> J\u00e9sus voit sa m\u00e8re. Il voit, aupr\u00e8s d&#8217;elle, le disciple qu&#8217;il aime. J\u00e9sus dit \u00e0 sa m\u00e8re : \u00ab Femme, voici ton fils \u00bb. <sup>27 <\/sup>Ensuite il dit au disciple : \u00ab Voici ta m\u00e8re. \u00bb Alors, d\u00e8s cette heure-l\u00e0, le disciple prend Marie chez lui.<\/span><\/span><\/p>\n<p align=\"JUSTIFY\"><span style=\"font-family: Century Gothic,sans-serif;\"><span style=\"font-size: small;\"><i>La mort de J\u00e9sus<\/i><\/span><\/span><\/p>\n<p align=\"JUSTIFY\"><span style=\"font-family: Century Gothic,sans-serif;\"><span style=\"font-size: small;\"><sup>28<\/sup> Apr\u00e8s cela, J\u00e9sus sait que tout est achev\u00e9. Alors, pour que l\u2019Ecriture soit accomplie jusqu\u2019au bout, J\u00e9sus dit : \u00ab J\u2019ai soif \u00bb (<i>Ps<\/i> 69,22).<\/span><\/span><\/p>\n<p>\u00a0 [\/one_sixth][one_sixth]<\/p>\n<p align=\"JUSTIFY\"><span style=\"font-family: Century Gothic,sans-serif;\"><span style=\"font-size: small;\"><a href=\"#sdfootnote3anc\">3<\/a> Cf. A. Deissler, <i>Zw\u00f6lf Propheten III. Zefa<\/i><\/span><\/span><span style=\"font-family: Century Gothic,sans-serif;\"><span style=\"font-size: small;\"><i>nja. Haggai. Sacharja. Maleachi<\/i>, Echter, W\u00fcrzburg, 1988, p. 306ss.<\/span><\/span><\/p>\n<div>\n<p align=\"JUSTIFY\"><span style=\"font-family: Century Gothic,sans-serif;\"><span style=\"font-size: small;\"><a href=\"#sdfootnote4anc\">4<\/a> Cf. J. Zumstein, <i>Evangile selon Jean<\/i>, dans <i>Le Nouveau Testament comment\u00e9, sous la direction de<\/i> C. Focant et D. Marguerat, Bayard &#8211; Labor et fides, Paris &#8211; Gen\u00e8ve, 2012, p. 500s. Cf. aussi J. Zumstein, <i>L\u2019Evangile selon saint Jean (13-21)<\/i>, Labor et fides, Gen\u00e8ve, 2007, p. 239ss.<\/span><\/span><\/p>\n<\/div>\n<p>&nbsp;<\/p>\n<p><a href=\"http:\/\/absi.ch\/new\/wp-content\/uploads\/2014\/04\/Vendredi-saint_18avril2014.pdf\" target=\"_blank\"><em>&gt; scarica il testo in pdf<\/em><\/a><\/p>\n<p>&nbsp;<\/p>\n<p align=\"JUSTIFY\"><a href=\"http:\/\/absi.ch\/new\/vendredi-saint-2014-cont-2\/\"><em>&gt; continua<\/em><\/a><\/p>\n<p align=\"JUSTIFY\"><a href=\"http:\/\/absi.ch\/new\/2014\/04\/vendredi-saint-2014-2\/\">&gt; torna all&#8217;inizio della pagina<\/a><\/p>\n<p align=\"JUSTIFY\">\u00a0<a href=\"http:\/\/absi.ch\/new\/quaresima-2\/\"><em>&gt; torna a &#8220;Quaresima&#8221;<\/em><\/a><\/p>\n<p align=\"JUSTIFY\"><a href=\"http:\/\/absi.ch\/new\/formazione-biblica-2\/\"><em>&gt; torna a &#8220;Formazione biblica&#8221;<\/em><\/a><\/p>\n<p>[\/one_sixth][\/layout_group][\/layout]<\/p>\n<div id=\"themify_builder_content-1605\" data-postid=\"1605\" class=\"themify_builder_content themify_builder_content-1605 themify_builder\">\n    <\/div>\n<!-- \/themify_builder_content -->\n","protected":false},"excerpt":{"rendered":"<p>[layout][layout_group][one_sixth] La voix d\u2019un proph\u00e8te sur la mort d\u2019un homme \u00a0Vers la fin du livre de Zacharie on a ins\u00e9r\u00e9 la page d\u2019un proph\u00e8te inconnu3. Cette page parle d\u2019un homme tu\u00e9 par les habitants de J\u00e9rusalem. Mais Dieu, devant cet acte de violence, intervient et fait na\u00eetre dans les tueurs \u00ab\u00a0un esprit de compassion et [&hellip;]<\/p>\n","protected":false},"author":1,"featured_media":0,"parent":0,"menu_order":0,"comment_status":"closed","ping_status":"open","template":"","meta":{"footnotes":""},"class_list":["post-1605","page","type-page","status-publish","hentry","has-post-title","no-post-date","has-post-category","has-post-tag","has-post-comment","has-post-author",""],"builder_content":"","_links":{"self":[{"href":"https:\/\/absi.ch\/new\/wp-json\/wp\/v2\/pages\/1605","targetHints":{"allow":["GET"]}}],"collection":[{"href":"https:\/\/absi.ch\/new\/wp-json\/wp\/v2\/pages"}],"about":[{"href":"https:\/\/absi.ch\/new\/wp-json\/wp\/v2\/types\/page"}],"author":[{"embeddable":true,"href":"https:\/\/absi.ch\/new\/wp-json\/wp\/v2\/users\/1"}],"replies":[{"embeddable":true,"href":"https:\/\/absi.ch\/new\/wp-json\/wp\/v2\/comments?post=1605"}],"version-history":[{"count":31,"href":"https:\/\/absi.ch\/new\/wp-json\/wp\/v2\/pages\/1605\/revisions"}],"predecessor-version":[{"id":1625,"href":"https:\/\/absi.ch\/new\/wp-json\/wp\/v2\/pages\/1605\/revisions\/1625"}],"wp:attachment":[{"href":"https:\/\/absi.ch\/new\/wp-json\/wp\/v2\/media?parent=1605"}],"curies":[{"name":"wp","href":"https:\/\/api.w.org\/{rel}","templated":true}]}}