{"id":16167,"date":"2021-04-12T17:01:44","date_gmt":"2021-04-12T15:01:44","guid":{"rendered":"https:\/\/absi.ch\/new\/?page_id=16167"},"modified":"2021-05-02T03:10:28","modified_gmt":"2021-05-02T01:10:28","slug":"dal-corano-alla-bibbia-ramadan-2021","status":"publish","type":"page","link":"https:\/\/absi.ch\/new\/dal-corano-alla-bibbia-ramadan-2021\/","title":{"rendered":"Dal Corano alla Bibbia:<\/br> Ramadan 2021"},"content":{"rendered":"<div id=\"themify_builder_content-16167\" data-postid=\"16167\" class=\"themify_builder_content themify_builder_content-16167 themify_builder\">\n    \t<!-- module_row -->\n\t<div   class=\"themify_builder_row module_row clearfix module_row_0 themify_builder_16167_row module_row_16167-0 tb_2dyc666\">\n\t    \t    <div class=\"row_inner col_align_top\" >\n\t\t\t<div  class=\"module_column tb-column col-full first tb_16167_column module_column_0 module_column_16167-0-0 tb_gcol667\">\n\t    \t    \t        <div class=\"tb-column-inner\">\n\t\t    <!-- module text -->\n<div  class=\"module module-text tb_lofi119    \">\n            <div  class=\"tb_text_wrap\">\n    <p><img loading=\"lazy\" decoding=\"async\" class=\"alignnone  wp-image-16169\" src=\"https:\/\/absi.ch\/new\/wp-content\/uploads\/2021\/04\/pikist2-1115x743.jpg\" alt=\"\" width=\"522\" height=\"348\" srcset=\"https:\/\/absi.ch\/new\/wp-content\/uploads\/2021\/04\/pikist2-1115x743.jpg 1115w, https:\/\/absi.ch\/new\/wp-content\/uploads\/2021\/04\/pikist2-1115x743-300x200.jpg 300w, https:\/\/absi.ch\/new\/wp-content\/uploads\/2021\/04\/pikist2-768x512.jpg 768w, https:\/\/absi.ch\/new\/wp-content\/uploads\/2021\/04\/pikist2-1536x1024.jpg 1536w, https:\/\/absi.ch\/new\/wp-content\/uploads\/2021\/04\/pikist2-2048x1365.jpg 2048w, https:\/\/absi.ch\/new\/wp-content\/uploads\/2021\/04\/pikist2-1115x743-200x133.jpg 200w\" sizes=\"auto, (max-width: 522px) 100vw, 522px\" \/><\/p>\n<p>Quest&#8217;anno il Ramadan, periodo fondamentale dell&#8217;anno musulmano, segue pochi giorni dopo la celebrazione della Pasqua nell&#8217;ebraismo e nell&#8217;Occidente cristiano. Renzo Petraglio ci offre nuovamente un ciclo di letture coraniche e bibliche durante questo periodo di intensa riflessione e astinenza alimentare diurna nell&#8217;Islam. Il tema per quest&#8217;anno \u00e8 il seguente: come vivere bene le relazioni con gli altri. Alcuni brani del Corano e altri della Bibbia ci aiuteranno a meditare su questa dimensione fondamentale della vita comune.<\/p>\n<p>\u00a0<\/p>\n<div class=\"page\" title=\"Page 1\">\n<div class=\"layoutArea\">\n<div class=\"column\">\n<ul>\n<li><strong>\u00a0premie\u0300re semaine<\/strong><\/li>\n<\/ul>\n<p><a href=\"https:\/\/absi.ch\/new\/2021\/04\/ramadan-2021-premiere-semaine\/\">Fraternite\u0301 et mauvaise gestion d\u2019un insucce\u0300s: le comportement de Cai\u0308n<\/a><\/p>\n<\/div>\n<ul>\n<li><strong>\u00a0deuxi\u00e8me\u00a0 semaine<\/strong><\/li>\n<\/ul>\n<p><a href=\"https:\/\/absi.ch\/new\/2021\/04\/ramadan-2021-deuxieme-semaine\/\">Le respect de chaque homme et de chaque femme<\/a><\/p>\n<ul>\n<li><strong>troisi\u00e8me semaine<\/strong><\/li>\n<\/ul>\n<p><a href=\"https:\/\/absi.ch\/new\/2021\/04\/ramadan-2021-troisieme-semaine\/\">Adorer Dieu et agir avec bienveillance<\/a><\/p>\n<ul>\n<li>\n<p><strong>quatri\u00e8me semaine<\/strong><\/p>\n<\/li>\n<\/ul>\n<p><a href=\"https:\/\/absi.ch\/new\/2021\/05\/ramadan-2021-quatrieme-semaine\/\">\u00ab Vous \u00e9tiez ennemis et vous vous \u00eates retrouv\u00e9s fr\u00e8res \u00bb (<em>Sourate<\/em> 3,103)<\/a><\/p>\n<\/div>\n<\/div>\n<p>\u00a0<\/p>    <\/div>\n<\/div>\n<!-- \/module text -->\n\t        <\/div>\n\t    \t<\/div>\n\t\t    <\/div>\n\t    <!-- \/row_inner -->\n\t<\/div>\n\t<!-- \/module_row -->\n\t<\/div>\n\n\n\n\n<p><\/p>\n","protected":false},"excerpt":{"rendered":"<p>Quest&#8217;anno il Ramadan, periodo fondamentale dell&#8217;anno musulmano, segue pochi giorni dopo la celebrazione della Pasqua nell&#8217;ebraismo e nell&#8217;Occidente cristiano. Renzo Petraglio ci offre nuovamente un ciclo di letture coraniche e bibliche durante questo periodo di intensa riflessione e astinenza alimentare diurna nell&#8217;Islam. Il tema per quest&#8217;anno \u00e8 il seguente: come vivere bene le relazioni con [&hellip;]<\/p>\n","protected":false},"author":1,"featured_media":0,"parent":0,"menu_order":0,"comment_status":"closed","ping_status":"closed","template":"","meta":{"footnotes":""},"class_list":["post-16167","page","type-page","status-publish","hentry","has-post-title","no-post-date","has-post-category","has-post-tag","has-post-comment","has-post-author",""],"builder_content":"<p><img loading=\"lazy\" decoding=\"async\" src=\"https:\/\/absi.ch\/new\/wp-content\/uploads\/2021\/04\/pikist2-1115x743.jpg\" alt=\"\" width=\"522\" height=\"348\" srcset=\"https:\/\/absi.ch\/new\/wp-content\/uploads\/2021\/04\/pikist2-1115x743.jpg 1115w, https:\/\/absi.ch\/new\/wp-content\/uploads\/2021\/04\/pikist2-1115x743-300x200.jpg 300w, https:\/\/absi.ch\/new\/wp-content\/uploads\/2021\/04\/pikist2-768x512.jpg 768w, https:\/\/absi.ch\/new\/wp-content\/uploads\/2021\/04\/pikist2-1536x1024.jpg 1536w, https:\/\/absi.ch\/new\/wp-content\/uploads\/2021\/04\/pikist2-2048x1365.jpg 2048w, https:\/\/absi.ch\/new\/wp-content\/uploads\/2021\/04\/pikist2-1115x743-200x133.jpg 200w\" sizes=\"auto, (max-width: 522px) 100vw, 522px\" \/><\/p> <p>Quest'anno il Ramadan, periodo fondamentale dell'anno musulmano, segue pochi giorni dopo la celebrazione della Pasqua nell'ebraismo e nell'Occidente cristiano. Renzo Petraglio ci offre nuovamente un ciclo di letture coraniche e bibliche durante questo periodo di intensa riflessione e astinenza alimentare diurna nell'Islam. Il tema per quest'anno \u00e8 il seguente: come vivere bene le relazioni con gli altri. Alcuni brani del Corano e altri della Bibbia ci aiuteranno a meditare su questa dimensione fondamentale della vita comune.<\/p> <p>\u00a0<\/p>\n<ul> <li><strong>\u00a0premie\u0300re semaine<\/strong><\/li> <\/ul> <p><a href=\"https:\/\/absi.ch\/new\/2021\/04\/ramadan-2021-premiere-semaine\/\">Fraternite\u0301 et mauvaise gestion d\u2019un insucce\u0300s: le comportement de Cai\u0308n<\/a><\/p>\n<ul> <li><strong>\u00a0deuxi\u00e8me\u00a0 semaine<\/strong><\/li> <\/ul> <p><a href=\"https:\/\/absi.ch\/new\/2021\/04\/ramadan-2021-deuxieme-semaine\/\">Le respect de chaque homme et de chaque femme<\/a><\/p> <ul> <li><strong>troisi\u00e8me semaine<\/strong><\/li> <\/ul> <p><a href=\"https:\/\/absi.ch\/new\/2021\/04\/ramadan-2021-troisieme-semaine\/\">Adorer Dieu et agir avec bienveillance<\/a><\/p> <ul> <li> <p><strong>quatri\u00e8me semaine<\/strong><\/p> <\/li> <\/ul> <p><a href=\"https:\/\/absi.ch\/new\/2021\/05\/ramadan-2021-quatrieme-semaine\/\">\u00ab Vous \u00e9tiez ennemis et vous vous \u00eates retrouv\u00e9s fr\u00e8res \u00bb (<em>Sourate<\/em> 3,103)<\/a><\/p>\n<p>\u00a0<\/p>","_links":{"self":[{"href":"https:\/\/absi.ch\/new\/wp-json\/wp\/v2\/pages\/16167","targetHints":{"allow":["GET"]}}],"collection":[{"href":"https:\/\/absi.ch\/new\/wp-json\/wp\/v2\/pages"}],"about":[{"href":"https:\/\/absi.ch\/new\/wp-json\/wp\/v2\/types\/page"}],"author":[{"embeddable":true,"href":"https:\/\/absi.ch\/new\/wp-json\/wp\/v2\/users\/1"}],"replies":[{"embeddable":true,"href":"https:\/\/absi.ch\/new\/wp-json\/wp\/v2\/comments?post=16167"}],"version-history":[{"count":10,"href":"https:\/\/absi.ch\/new\/wp-json\/wp\/v2\/pages\/16167\/revisions"}],"predecessor-version":[{"id":16299,"href":"https:\/\/absi.ch\/new\/wp-json\/wp\/v2\/pages\/16167\/revisions\/16299"}],"wp:attachment":[{"href":"https:\/\/absi.ch\/new\/wp-json\/wp\/v2\/media?parent=16167"}],"curies":[{"name":"wp","href":"https:\/\/api.w.org\/{rel}","templated":true}]}}