{"id":16872,"date":"2022-01-02T00:20:00","date_gmt":"2022-01-01T23:20:00","guid":{"rendered":"https:\/\/absi.ch\/new\/?page_id=16872"},"modified":"2022-09-04T00:28:02","modified_gmt":"2022-09-03T22:28:02","slug":"lectures-pour-lafrique-et-toute-la-terre-2022","status":"publish","type":"page","link":"https:\/\/absi.ch\/new\/lectures-pour-lafrique-et-toute-la-terre-2022\/","title":{"rendered":"Lectures pour l&#8217;Afrique et &#8230;toute la Terre &#8211; 2022"},"content":{"rendered":"<div id=\"themify_builder_content-16872\" data-postid=\"16872\" class=\"themify_builder_content themify_builder_content-16872 themify_builder\">\n    \t<!-- module_row -->\n\t<div   class=\"themify_builder_row module_row clearfix module_row_0 themify_builder_16872_row module_row_16872-0 tb_6ilh341\">\n\t    \t    <div class=\"row_inner col_align_top\" >\n\t\t\t<div  class=\"module_column tb-column col-full first tb_16872_column module_column_0 module_column_16872-0-0 tb_btvd343\">\n\t    \t    \t<\/div>\n\t\t    <\/div>\n\t    <!-- \/row_inner -->\n\t<\/div>\n\t<!-- \/module_row -->\n\t\t<!-- module_row -->\n\t<div   class=\"themify_builder_row module_row clearfix module_row_1 themify_builder_16872_row module_row_16872-1 tb_kyky363\">\n\t    \t    <div class=\"row_inner col_align_top\" >\n\t\t\t<div  class=\"module_column tb-column col-full first tb_16872_column module_column_0 module_column_16872-1-0 tb_wn5s364\">\n\t    \t    \t        <div class=\"tb-column-inner\">\n\t\t    <!-- module text -->\n<div  class=\"module module-text tb_j2ir170    \">\n            <div  class=\"tb_text_wrap\">\n    <h4>di Renzo Petraglio<br \/><br \/><br \/><br \/><br \/><\/h4>    <\/div>\n<\/div>\n<!-- \/module text -->\n    <!-- module image -->\n    <div  class=\"module module-image tb_dzfs371  image-top  \">\n\t                <div class=\"image-wrap\">\n                            <img loading=\"lazy\" decoding=\"async\" width=\"2560\" height=\"1442\" src=\"https:\/\/absi.ch\/new\/wp-content\/uploads\/2022\/01\/Gru\u0308newald_Abendmahl-scaled.jpg\" class=\" wp-post-image wp-image-16878\" title=\"Gru\u0308newald,_Abendmahl\" alt=\"Gru\u0308newald,_Abendmahl\" srcset=\"https:\/\/absi.ch\/new\/wp-content\/uploads\/2022\/01\/Gru\u0308newald_Abendmahl-scaled.jpg 2560w, https:\/\/absi.ch\/new\/wp-content\/uploads\/2022\/01\/Gru\u0308newald_Abendmahl-300x169.jpg 300w, https:\/\/absi.ch\/new\/wp-content\/uploads\/2022\/01\/Gru\u0308newald_Abendmahl-1115x628.jpg 1115w, https:\/\/absi.ch\/new\/wp-content\/uploads\/2022\/01\/Gru\u0308newald_Abendmahl-768x433.jpg 768w, https:\/\/absi.ch\/new\/wp-content\/uploads\/2022\/01\/Gru\u0308newald_Abendmahl-1536x865.jpg 1536w, https:\/\/absi.ch\/new\/wp-content\/uploads\/2022\/01\/Gru\u0308newald_Abendmahl-2048x1153.jpg 2048w, https:\/\/absi.ch\/new\/wp-content\/uploads\/2022\/01\/Gru\u0308newald_Abendmahl-1115x628-200x112.jpg 200w\" sizes=\"auto, (max-width: 2560px) 100vw, 2560px\" \/>            \n                        <\/div>\n            <!-- \/image-wrap -->\n        \n        \n        <\/div>\n    <!-- \/module image -->\n\t        <\/div>\n\t    \t<\/div>\n\t\t    <\/div>\n\t    <!-- \/row_inner -->\n\t<\/div>\n\t<!-- \/module_row -->\n\t\t<!-- module_row -->\n\t<div  class=\"themify_builder_row module_row clearfix module_row_2 themify_builder_16872_row module_row_16872-2 tb_dwv6831\">\n\t    \t    <div class=\"row_inner col_align_top\" >\n\t\t\t<div  class=\"module_column tb-column col-full first tb_16872_column module_column_0 module_column_16872-2-0 tb_md8c832\">\n\t    \t    \t        <div class=\"tb-column-inner\">\n\t\t    <!-- module text -->\n<div  class=\"module module-text tb_w33t844    \">\n            <div  class=\"tb_text_wrap\">\n    <ul>\n<li>\n<p>Eucharistie,\u00a0 4 septembre 2022<br \/><a href=\"https:\/\/absi.ch\/new\/2022\/09\/eucharistie-4-septembre-2022\/\">R\u00e9fl\u00e9chir, d\u00e9cider, suivre\u2026<\/a><\/p>\n<\/li>\n<li>\n<p>Eucharistie,\u00a0 15 ao\u00fbt 2022<br \/><a href=\"https:\/\/absi.ch\/new\/2022\/08\/eucharistie-15-aout-2022\/\">L\u2019Assomption de Marie\u00a0: un signe pour l\u2019avenir des croyants<\/a><\/p>\n<\/li>\n<li>\n<p>Eucharistie, 14 ao\u00fbt 2022<br \/><a href=\"https:\/\/absi.ch\/new\/2022\/08\/eucharistie-14-aout-2022\/\">Rester fid\u00e8les et confiant(e)s m\u00eame dans les \u00e9preuves<\/a><\/p>\n<\/li>\n<li>\n<p>Eucharistie,\u00a0 juillet 2022<br \/><a href=\"https:\/\/absi.ch\/new\/2022\/08\/eucharistie-7-aout-2022\/\" target=\"_blank\" rel=\"noopener\">Travaillons, le regard tendu vers l\u2019avenir de Dieu<\/a><\/p>\n<\/li>\n<li>\n<p>Eucharistie, 10 juillet 2022<br \/><a href=\"https:\/\/absi.ch\/new\/2022\/07\/eucharistie-10-juillet-2022\/\">\u00ab\u00a0Le voyant, il fut pris aux entrailles\u00a0\u00bb (<em>Luc<\/em> 10,33)<\/a><\/p>\n<\/li>\n<li>\n<p>Eucharistie, 26 juin 2022<br \/><a href=\"https:\/\/absi.ch\/new\/2022\/06\/eucharistie-29-juin-2022\/\">Saints Pierre et Paul<\/a><\/p>\n<\/li>\n<li>Eucharistie, 26 juin 2022 : <sup>13\u00e8me<\/sup> dimanche du Temps Ordinaire \u2014 Ann\u00e9e C\n<p><a href=\"https:\/\/absi.ch\/new\/2022\/06\/eucharistie-26-juin-2022\/\">\u00ab\u00a0Tu me feras conna\u00eetre le chemin de la vie\u00a0\u00bb (<em>Psaume<\/em> 16,11)<\/a><\/p>\n<\/li>\n<li>Eucharistie, 5 juin 2022 : Pentec\u00f4te\n<p><a href=\"https:\/\/absi.ch\/new\/2022\/06\/eucharistie-5-juin-2022-pentecote\/\">Souffle de Dieu, nous t\u2019appelons avec des noms humains<\/a><\/p>\n<\/li>\n<li>Eucharistie, 8 mai 2022 : 5<sup>\u00e8me<\/sup> dimanche de P\u00e2ques &#8211; ann\u00e9e C\n<p><a href=\"https:\/\/absi.ch\/new\/2022\/05\/eucharistie-15-mai-2022\/\">L\u2019\u0153uvre de Dieu dans notre vie, une \u0153uvre toujours surprenante<\/a><\/p>\n<\/li>\n<li>Eucharistie, 8 mai 2022 : 4<sup>\u00e8me<\/sup> dimanche de P\u00e2ques &#8211; ann\u00e9e C\n<p><a href=\"https:\/\/absi.ch\/new\/2022\/05\/eucharistie-8-mai-2022\/\">\u00ab\u00a0Nous sommes son peuple, le troupeau dont il est le berger \u00bb (<em>Psaume<\/em> 100,3)<\/a><\/p>\n<\/li>\n<li>\n<p>Eucharistie, 1 mai 2022\u00a0: 3<sup>\u00e8me<\/sup> dimanche de P\u00e2ques &#8211; ann\u00e9e C<br \/><a href=\"https:\/\/absi.ch\/new\/2022\/05\/eucharistie-1-mai-2022\/\">\u00ab\u00a0Je t\u2019exalte, Yhwh, car tu m\u2019as remis debout \u00bb (<em>Psaume<\/em> 30,2)<\/a><\/p>\n<\/li>\n<li><a href=\"https:\/\/absi.ch\/new\/2022\/04\/paques-17-avril-2022\/\">Pasqua<\/a><\/li>\n<li>Eucharistie: 27 mars 2022 &#8211; 4<sup>\u00e8me<\/sup> Dimanche de Car\u00eame \u2014 Ann\u00e9e C<br \/><a href=\"https:\/\/absi.ch\/new\/2022\/03\/eucharistie-27-mars-2022\/\">Nous \u00e9tions perdu(e)s et il nous a retrouv\u00e9(e)s<\/a><\/li>\n<li>Eucharistie: 20 mars 2022 &#8211; 3<sup>\u00e8me<\/sup> Dimanche de Car\u00eame \u2014 Ann\u00e9e C <br \/><a href=\"https:\/\/absi.ch\/new\/2022\/03\/eucharistie-20-mars-2022\/\">Dieu nous est proche&#8230; d\u2019une fac\u0327on toujours surprenante(<em>Luc <\/em>9,35)<\/a><\/li>\n<li>Eucharistie:13 mars 2022 &#8211; 2<sup>\u00e8me<\/sup> Dimanche de Car\u00eame \u2014 Ann\u00e9e C <br \/><a href=\"https:\/\/absi.ch\/new\/2022\/03\/eucharistie-13-mars-2022\/\">\u00ab Celui-ci est mon Fils, celui que j\u2019ai choisi pour toujours, \u00e9coutez-le \u00bb (<em>Luc <\/em>9,35)<\/a><\/li>\n<li>Eucharistie: 6 mars 2022 &#8211; 1<sup>er<\/sup> dimanche de car\u00eame \u2014 Ann\u00e9e C <br \/><a href=\"https:\/\/absi.ch\/new\/2022\/03\/eucharistie-6-mars-2022\/\">\u00ab Mon Dieu en qui je mets ma confiance \u00bb (<em>Psaume<\/em> 91,2)<\/a><\/li>\n<\/ul>\n<ul>\n<li>Eucharistie: 2 janvier 2022<br \/><a href=\"https:\/\/absi.ch\/new\/2022\/01\/eucharistie-2-janvier-2022\/\">\u00c9piphanie : \u00e0 la d\u00e9couverte d\u2019un roi surprenant<\/a><\/li>\n<\/ul>    <\/div>\n<\/div>\n<!-- \/module text -->\n\t        <\/div>\n\t    \t<\/div>\n\t\t    <\/div>\n\t    <!-- \/row_inner -->\n\t<\/div>\n\t<!-- \/module_row -->\n\t<\/div>\n\n","protected":false},"excerpt":{"rendered":"<p>di Renzo Petraglio Eucharistie,\u00a0 4 septembre 2022R\u00e9fl\u00e9chir, d\u00e9cider, suivre\u2026 Eucharistie,\u00a0 15 ao\u00fbt 2022L\u2019Assomption de Marie\u00a0: un signe pour l\u2019avenir des croyants Eucharistie, 14 ao\u00fbt 2022Rester fid\u00e8les et confiant(e)s m\u00eame dans les \u00e9preuves Eucharistie,\u00a0 juillet 2022Travaillons, le regard tendu vers l\u2019avenir de Dieu Eucharistie, 10 juillet 2022\u00ab\u00a0Le voyant, il fut pris aux entrailles\u00a0\u00bb (Luc 10,33) Eucharistie, [&hellip;]<\/p>\n","protected":false},"author":1,"featured_media":0,"parent":0,"menu_order":0,"comment_status":"closed","ping_status":"closed","template":"","meta":{"footnotes":""},"class_list":["post-16872","page","type-page","status-publish","hentry","has-post-title","no-post-date","has-post-category","has-post-tag","has-post-comment","has-post-author",""],"builder_content":"<h4>di Renzo Petraglio<br \/><br \/><br \/><br \/><br \/><\/h4>\n<img loading=\"lazy\" decoding=\"async\" width=\"2560\" height=\"1442\" src=\"https:\/\/absi.ch\/new\/wp-content\/uploads\/2022\/01\/Gru\u0308newald_Abendmahl-scaled.jpg\" title=\"Gru\u0308newald,_Abendmahl\" alt=\"Gru\u0308newald,_Abendmahl\" srcset=\"https:\/\/absi.ch\/new\/wp-content\/uploads\/2022\/01\/Gru\u0308newald_Abendmahl-scaled.jpg 2560w, https:\/\/absi.ch\/new\/wp-content\/uploads\/2022\/01\/Gru\u0308newald_Abendmahl-300x169.jpg 300w, https:\/\/absi.ch\/new\/wp-content\/uploads\/2022\/01\/Gru\u0308newald_Abendmahl-1115x628.jpg 1115w, https:\/\/absi.ch\/new\/wp-content\/uploads\/2022\/01\/Gru\u0308newald_Abendmahl-768x433.jpg 768w, https:\/\/absi.ch\/new\/wp-content\/uploads\/2022\/01\/Gru\u0308newald_Abendmahl-1536x865.jpg 1536w, https:\/\/absi.ch\/new\/wp-content\/uploads\/2022\/01\/Gru\u0308newald_Abendmahl-2048x1153.jpg 2048w, https:\/\/absi.ch\/new\/wp-content\/uploads\/2022\/01\/Gru\u0308newald_Abendmahl-1115x628-200x112.jpg 200w\" sizes=\"auto, (max-width: 2560px) 100vw, 2560px\" \/>\n<ul> <li> <p>Eucharistie,\u00a0 4 septembre 2022<br \/><a href=\"https:\/\/absi.ch\/new\/2022\/09\/eucharistie-4-septembre-2022\/\">R\u00e9fl\u00e9chir, d\u00e9cider, suivre\u2026<\/a><\/p> <\/li> <li> <p>Eucharistie,\u00a0 15 ao\u00fbt 2022<br \/><a href=\"https:\/\/absi.ch\/new\/2022\/08\/eucharistie-15-aout-2022\/\">L\u2019Assomption de Marie\u00a0: un signe pour l\u2019avenir des croyants<\/a><\/p> <\/li> <li> <p>Eucharistie, 14 ao\u00fbt 2022<br \/><a href=\"https:\/\/absi.ch\/new\/2022\/08\/eucharistie-14-aout-2022\/\">Rester fid\u00e8les et confiant(e)s m\u00eame dans les \u00e9preuves<\/a><\/p> <\/li> <li> <p>Eucharistie,\u00a0 juillet 2022<br \/><a href=\"https:\/\/absi.ch\/new\/2022\/08\/eucharistie-7-aout-2022\/\" target=\"_blank\" rel=\"noopener\">Travaillons, le regard tendu vers l\u2019avenir de Dieu<\/a><\/p> <\/li> <li> <p>Eucharistie, 10 juillet 2022<br \/><a href=\"https:\/\/absi.ch\/new\/2022\/07\/eucharistie-10-juillet-2022\/\">\u00ab\u00a0Le voyant, il fut pris aux entrailles\u00a0\u00bb (<em>Luc<\/em> 10,33)<\/a><\/p> <\/li> <li> <p>Eucharistie, 26 juin 2022<br \/><a href=\"https:\/\/absi.ch\/new\/2022\/06\/eucharistie-29-juin-2022\/\">Saints Pierre et Paul<\/a><\/p> <\/li> <li>Eucharistie, 26 juin 2022 : <sup>13\u00e8me<\/sup> dimanche du Temps Ordinaire \u2014 Ann\u00e9e C <p><a href=\"https:\/\/absi.ch\/new\/2022\/06\/eucharistie-26-juin-2022\/\">\u00ab\u00a0Tu me feras conna\u00eetre le chemin de la vie\u00a0\u00bb (<em>Psaume<\/em> 16,11)<\/a><\/p> <\/li> <li>Eucharistie, 5 juin 2022 : Pentec\u00f4te <p><a href=\"https:\/\/absi.ch\/new\/2022\/06\/eucharistie-5-juin-2022-pentecote\/\">Souffle de Dieu, nous t\u2019appelons avec des noms humains<\/a><\/p> <\/li> <li>Eucharistie, 8 mai 2022 : 5<sup>\u00e8me<\/sup> dimanche de P\u00e2ques - ann\u00e9e C <p><a href=\"https:\/\/absi.ch\/new\/2022\/05\/eucharistie-15-mai-2022\/\">L\u2019\u0153uvre de Dieu dans notre vie, une \u0153uvre toujours surprenante<\/a><\/p> <\/li> <li>Eucharistie, 8 mai 2022 : 4<sup>\u00e8me<\/sup> dimanche de P\u00e2ques - ann\u00e9e C <p><a href=\"https:\/\/absi.ch\/new\/2022\/05\/eucharistie-8-mai-2022\/\">\u00ab\u00a0Nous sommes son peuple, le troupeau dont il est le berger \u00bb (<em>Psaume<\/em> 100,3)<\/a><\/p> <\/li> <li> <p>Eucharistie, 1 mai 2022\u00a0: 3<sup>\u00e8me<\/sup> dimanche de P\u00e2ques - ann\u00e9e C<br \/><a href=\"https:\/\/absi.ch\/new\/2022\/05\/eucharistie-1-mai-2022\/\">\u00ab\u00a0Je t\u2019exalte, Yhwh, car tu m\u2019as remis debout \u00bb (<em>Psaume<\/em> 30,2)<\/a><\/p> <\/li> <li><a href=\"https:\/\/absi.ch\/new\/2022\/04\/paques-17-avril-2022\/\">Pasqua<\/a><\/li> <li>Eucharistie: 27 mars 2022 - 4<sup>\u00e8me<\/sup> Dimanche de Car\u00eame \u2014 Ann\u00e9e C<br \/><a href=\"https:\/\/absi.ch\/new\/2022\/03\/eucharistie-27-mars-2022\/\">Nous \u00e9tions perdu(e)s et il nous a retrouv\u00e9(e)s<\/a><\/li> <li>Eucharistie: 20 mars 2022 - 3<sup>\u00e8me<\/sup> Dimanche de Car\u00eame \u2014 Ann\u00e9e C <br \/><a href=\"https:\/\/absi.ch\/new\/2022\/03\/eucharistie-20-mars-2022\/\">Dieu nous est proche... d\u2019une fac\u0327on toujours surprenante(<em>Luc <\/em>9,35)<\/a><\/li> <li>Eucharistie:13 mars 2022 - 2<sup>\u00e8me<\/sup> Dimanche de Car\u00eame \u2014 Ann\u00e9e C <br \/><a href=\"https:\/\/absi.ch\/new\/2022\/03\/eucharistie-13-mars-2022\/\">\u00ab Celui-ci est mon Fils, celui que j\u2019ai choisi pour toujours, \u00e9coutez-le \u00bb (<em>Luc <\/em>9,35)<\/a><\/li> <li>Eucharistie: 6 mars 2022 - 1<sup>er<\/sup> dimanche de car\u00eame \u2014 Ann\u00e9e C <br \/><a href=\"https:\/\/absi.ch\/new\/2022\/03\/eucharistie-6-mars-2022\/\">\u00ab Mon Dieu en qui je mets ma confiance \u00bb (<em>Psaume<\/em> 91,2)<\/a><\/li> <\/ul> <ul> <li>Eucharistie: 2 janvier 2022<br \/><a href=\"https:\/\/absi.ch\/new\/2022\/01\/eucharistie-2-janvier-2022\/\">\u00c9piphanie : \u00e0 la d\u00e9couverte d\u2019un roi surprenant<\/a><\/li> <\/ul>","_links":{"self":[{"href":"https:\/\/absi.ch\/new\/wp-json\/wp\/v2\/pages\/16872","targetHints":{"allow":["GET"]}}],"collection":[{"href":"https:\/\/absi.ch\/new\/wp-json\/wp\/v2\/pages"}],"about":[{"href":"https:\/\/absi.ch\/new\/wp-json\/wp\/v2\/types\/page"}],"author":[{"embeddable":true,"href":"https:\/\/absi.ch\/new\/wp-json\/wp\/v2\/users\/1"}],"replies":[{"embeddable":true,"href":"https:\/\/absi.ch\/new\/wp-json\/wp\/v2\/comments?post=16872"}],"version-history":[{"count":20,"href":"https:\/\/absi.ch\/new\/wp-json\/wp\/v2\/pages\/16872\/revisions"}],"predecessor-version":[{"id":17380,"href":"https:\/\/absi.ch\/new\/wp-json\/wp\/v2\/pages\/16872\/revisions\/17380"}],"wp:attachment":[{"href":"https:\/\/absi.ch\/new\/wp-json\/wp\/v2\/media?parent=16872"}],"curies":[{"name":"wp","href":"https:\/\/api.w.org\/{rel}","templated":true}]}}