{"id":1738,"date":"2014-04-20T01:49:28","date_gmt":"2014-04-20T01:49:28","guid":{"rendered":"http:\/\/absi.ch\/new\/?page_id=1738"},"modified":"2014-04-20T02:13:54","modified_gmt":"2014-04-20T02:13:54","slug":"pasqua-2014_cont","status":"publish","type":"page","link":"https:\/\/absi.ch\/new\/pasqua-2014_cont\/","title":{"rendered":"Pasqua 2014_cont."},"content":{"rendered":"<p align=\"JUSTIFY\">[layout][layout_group][one_fourth]<span style=\"font-family: Century Gothic,sans-serif;\"><span style=\"font-size: small;\"><b>Psaume 142<\/b><\/span><\/span><\/p>\n<p align=\"JUSTIFY\"><span style=\"font-family: Century Gothic,sans-serif;\"><span style=\"font-size: small;\"><sup>1<\/sup> Enseignement. De David. Quand il \u00e9tait dans la caverne.<br \/>\nPri\u00e8re de supplication.<\/span><\/span><\/p>\n<p align=\"JUSTIFY\"><span style=\"font-family: Century Gothic,sans-serif;\"><span style=\"font-size: small;\"><sup>2<\/sup> A pleine voix je crie vers Yhwh, <\/span><\/span><\/p>\n<p align=\"JUSTIFY\"><span style=\"font-family: Century Gothic,sans-serif;\"><span style=\"font-size: small;\">\u00e0 pleine voix je supplie Yhwh.<\/span><\/span><\/p>\n<p align=\"JUSTIFY\"><span style=\"font-family: Century Gothic,sans-serif;\"><span style=\"font-size: small;\"><sup>3<\/sup> Je lui pr\u00e9sente ma plainte,<\/span><\/span><\/p>\n<p align=\"JUSTIFY\"><span style=\"font-family: Century Gothic,sans-serif;\"><span style=\"font-size: small;\">mon angoisse je l\u2019expose devant lui.<\/span><\/span><\/p>\n<p align=\"JUSTIFY\"><span style=\"font-family: Century Gothic,sans-serif;\"><span style=\"font-size: small;\"><sup>4<\/sup> Quand je suis d\u00e9courag\u00e9,<\/span><\/span><\/p>\n<p align=\"JUSTIFY\"><span style=\"font-family: Century Gothic,sans-serif;\"><span style=\"font-size: small;\">toi, tu connais mon sentier:<\/span><\/span><\/p>\n<p align=\"JUSTIFY\"><span style=\"font-family: Century Gothic,sans-serif;\"><span style=\"font-size: small;\">sur la route o\u00f9 je marche,<\/span><\/span><\/p>\n<p align=\"JUSTIFY\"><span style=\"font-family: Century Gothic,sans-serif;\"><span style=\"font-size: small;\">on m\u2019a tendu un pi\u00e8ge.<\/span><\/span><\/p>\n<p align=\"JUSTIFY\"><span style=\"font-family: Century Gothic,sans-serif;\"><span style=\"font-size: small;\"><sup>5<\/sup> Regarde \u00e0 ma droite et vois : <\/span><\/span><\/p>\n<p align=\"JUSTIFY\"><span style=\"font-family: Century Gothic,sans-serif;\"><span style=\"font-size: small;\">personne ne me reconna\u00eet.<\/span><\/span><\/p>\n<p align=\"JUSTIFY\"><span style=\"font-family: Century Gothic,sans-serif;\"><span style=\"font-size: small;\">Plus de refuge pour moi,<\/span><\/span><\/p>\n<p align=\"JUSTIFY\"><span style=\"font-family: Century Gothic,sans-serif;\"><span style=\"font-size: small;\">personne ne s&#8217;occupe de moi.<\/span><\/span><\/p>\n<p align=\"JUSTIFY\"><span style=\"font-family: Century Gothic,sans-serif;\"><span style=\"font-size: small;\"><sup>6<\/sup> J\u2019ai cri\u00e9 vers toi, Yhwh<\/span><\/span><\/p>\n<p align=\"JUSTIFY\"><span style=\"font-family: Century Gothic,sans-serif;\"><span style=\"font-size: small;\">en disant : \u00ab C\u2019est toi mon abri,<\/span><\/span><\/p>\n<p align=\"JUSTIFY\"><span style=\"font-family: Century Gothic,sans-serif;\"><span style=\"font-size: small;\">ma part sur la terre des vivants ! \u00bb<\/span><\/span><\/p>\n<p align=\"JUSTIFY\"><span style=\"font-family: Century Gothic,sans-serif;\"><span style=\"font-size: small;\"><sup>7<\/sup> Sois attentif \u00e0 mon cri,<\/span><\/span><\/p>\n<p align=\"JUSTIFY\"><span style=\"font-family: Century Gothic,sans-serif;\"><span style=\"font-size: small;\">car je suis faible, intens\u00e9ment.<\/span><\/span><\/p>\n<p align=\"JUSTIFY\"><span style=\"font-family: Century Gothic,sans-serif;\"><span style=\"font-size: small;\">D\u00e9livre-moi de mes pers\u00e9cuteurs,<\/span><\/span><\/p>\n<p align=\"JUSTIFY\"><span style=\"font-family: Century Gothic,sans-serif;\"><span style=\"font-size: small;\">car ils sont plus forts que moi.<\/span><\/span><\/p>\n<p align=\"JUSTIFY\"><span style=\"font-family: Century Gothic,sans-serif;\"><span style=\"font-size: small;\"><sup>8<\/sup> Fais-moi sortir de prison, <\/span><\/span><\/p>\n<p align=\"JUSTIFY\"><span style=\"font-family: Century Gothic,sans-serif;\"><span style=\"font-size: small;\">pour que je c\u00e9l\u00e8bre ton nom.<\/span><\/span><\/p>\n<p align=\"JUSTIFY\">[\/one_fourth][one_fourth]<span style=\"font-family: Century Gothic,sans-serif;\"><span style=\"font-size: small;\">Autour de moi les justes feront cercle<\/span><\/span><\/p>\n<p align=\"JUSTIFY\"><span style=\"font-family: Century Gothic,sans-serif;\"><span style=\"font-size: small;\">quand tu m\u2019auras fait du bien.<\/span><\/span><\/p>\n<p align=\"JUSTIFY\"><span style=\"font-family: Century Gothic,sans-serif;\"><span style=\"font-size: small; background-color: yellow;\">Deuxi\u00e8me lecture<\/span><\/span><\/p>\n<p align=\"JUSTIFY\"><span style=\"font-family: Century Gothic,sans-serif;\"><span style=\"font-size: small;\">L\u2019Evangile que nous allons \u00e9couter ce matin nous parle surtout des femmes et, plus rapidement, des gardes. Ces gardes avaient \u00e9t\u00e9 envoy\u00e9s au tombeau par Pilate. Les Juifs avaient demand\u00e9 leur pr\u00e9sence pour \u00e9viter le d\u00e9placement du corps de J\u00e9sus\u00a0: ce d\u00e9placement aurait pu devenir un pr\u00e9texte pour d\u00e9clarer J\u00e9sus comme ressuscit\u00e9 d\u2019entre les morts. Ces gardes devaient ainsi \u00eatre les gardes d\u2019un mort. Mais Matthieu nous dit que ces gardes d\u2019un mort, boulevers\u00e9s par ce qu\u2019ils ont v\u00e9cu le matin de P\u00e2ques \u00ab\u00a0deviennent comme des morts\u00a0\u00bb.<\/span><\/span><\/p>\n<p align=\"JUSTIFY\"><span style=\"font-family: Century Gothic,sans-serif;\"><span style=\"font-size: small;\">Bien diff\u00e9rente est l\u2019exp\u00e9rience v\u00e9cue par les femmes. Elles viennent contempler la tombe\u00a0; et le verbe contempler sugg\u00e8re, probablement, un regard plein de nostalgie, la nostalgie de J\u00e9sus absent et aussi sa \u00ab\u00a0recherche\u00a0\u00bb (v. 5).<\/span><\/span><\/p>\n<p align=\"JUSTIFY\"><span style=\"font-family: Century Gothic,sans-serif;\"><span style=\"font-size: small;\">Mais leur situation change\u00a0: le tremblement de terre, qui provoque la peur dans les gardes, ne doit pas faire peur aux femmes. En effet, \u00ab\u00a0un ange du Seigneur descend du ciel, s\u2019approche\u00a0\u00bb et dit aux femmes : \u00ab Soyez sans peur, vous\u00a0\u00bb. Et, dans la suite du message, Matthieu fait retentir, deux fois, l\u2019affirmation\u00a0: \u00ab\u00a0il a \u00e9t\u00e9 r\u00e9veill\u00e9, il a \u00e9t\u00e9 r\u00e9veill\u00e9 de la mort\u00a0\u00bb (vv. 6.7). Voil\u00e0 le message pour ces femmes, voil\u00e0 aussi le message que ces femmes, dans leur joie, doivent porter aux disciples.<\/span><\/span><\/p>\n<p align=\"JUSTIFY\"><span style=\"font-family: Century Gothic,sans-serif;\"><span style=\"font-size: small;\">Mais la page de Matthieu se termine avec une surprise encore plus grande\u00a0: \u00ab\u00a0Et voil\u00e0 que J\u00e9sus vient \u00e0 leur rencontre\u00a0\u00bb (v. 9). Et cette rencontre est porteuse d\u2019un double message. Le premier est pour les femmes\u00a0: \u00ab R\u00e9jouissez-vous\u00a0! \u00bb. L\u2019autre est pour les disciples\u00a0: J\u00e9sus les appelle \u00ab\u00a0mes fr\u00e8res\u00a0\u00bb. Et c\u2019est un message de pardon que les femmes doivent apporter aux disciples qui, au Geths\u00e9mani, \u00ab\u00a0tous l\u2019ont abandonn\u00e9 et pris la fuite\u00a0\u00bb (26,56).<\/span><\/span><\/p>\n<p align=\"JUSTIFY\"><span style=\"font-family: Century Gothic,sans-serif;\"><span style=\"font-size: small;\">Comme pour les femmes, aussi pour nous, le message de J\u00e9sus, que Dieu a r\u00e9veill\u00e9 de la mort, est un message de joie\u00a0: \u00ab R\u00e9jouissez-vous\u00a0! \u00bb. Mais il est aussi, pour les disciples et pour nous qui, fr\u00e9quemment l\u2019abandonnons, un message de pardon\u00a0: J\u00e9sus nous reconna\u00eet encore comme ses \u00ab\u00a0fr\u00e8res\u00a0\u00bb. [\/one_fourth][one_fourth]<\/span><\/span><\/p>\n<p align=\"JUSTIFY\"><span style=\"font-family: Century Gothic,sans-serif;\"><span style=\"font-size: small;\"><b>De l\u2019Evangile selon Matthieu (28,1-10)<\/b><\/span><\/span><\/p>\n<p align=\"JUSTIFY\"><span style=\"font-family: Century Gothic,sans-serif;\"><span style=\"font-size: small;\"><sup>1<\/sup> Apr\u00e8s le sabbat, alors que le premier jour de la semaine allait commencer, Marie de Magdala et l&#8217;autre Marie viennent contempler la tombe. <\/span><\/span><\/p>\n<p align=\"JUSTIFY\"><span style=\"font-family: Century Gothic,sans-serif;\"><span style=\"font-size: small;\"><sup>2<\/sup> Et voil\u00e0\u00a0: un grand tremblement de terre arrive ; car un ange du Seigneur descend du ciel, s\u2019approche, roule la pierre et s&#8217;assoit dessus. <sup>3<\/sup> Son aspect est comme l&#8217;\u00e9clair et son v\u00eatement blanc comme la neige. <sup>4<\/sup> A cause de la peur, les gardes sont boulevers\u00e9s et deviennent comme des morts. <\/span><\/span><\/p>\n<p align=\"JUSTIFY\"><span style=\"font-family: Century Gothic,sans-serif;\"><span style=\"font-size: small;\"><sup>5<\/sup> Mais, prenant la parole, l\u2019ange dit aux femmes : \u00ab Soyez sans peur, vous. Car, je sais que vous cherchez J\u00e9sus, le crucifi\u00e9. <sup>6<\/sup> Il n\u2019est pas ici, car il a \u00e9t\u00e9 r\u00e9veill\u00e9, comme il l\u2019avait dit. Venez, voyez le lieu \/ l\u2019endroit o\u00f9 il gisait \/ \u00e9tait couch\u00e9. <sup>7<\/sup> Allez vite, dites \u00e0 ses disciples\u00a0: \u201cil a \u00e9t\u00e9 r\u00e9veill\u00e9 de la mort, et voil\u00e0 qu\u2019il vous pr\u00e9c\u00e8de en Galil\u00e9e ; c\u2019est l\u00e0 que vous le verrez\u201d. Voil\u00e0, je vous l\u2019ai dit \u00bb. <\/span><\/span><\/p>\n<p align=\"JUSTIFY\"><span style=\"font-family: Century Gothic,sans-serif;\"><span style=\"font-size: small;\"><sup>8<\/sup> Et les femmes, quittant vite le tombeau, ont peur, mais elles sont tr\u00e8s joyeuses. Elles courent annoncer la nouvelle aux disciples de J\u00e9sus.<\/span><\/span><\/p>\n<p align=\"JUSTIFY\"><span style=\"font-family: Century Gothic,sans-serif;\"><span style=\"font-size: small;\"><sup>9<\/sup> Et voil\u00e0 que J\u00e9sus vient \u00e0 leur rencontre et leur dit : \u00ab R\u00e9jouissez-vous\u00a0! \u00bb. Elles s\u2019approchent de lui et lui saisissent les pieds et se prosternent devant lui \/ l&#8217;ador\u00e8rent. <sup>10<\/sup> Alors J\u00e9sus leur dit\u00a0: \u00ab N&#8217;ayez pas peur. Allez annoncer \u00e0 mes fr\u00e8res de partir pour la Galil\u00e9e. C\u2019est l\u00e0 qu\u2019ils me verront \u00bb.<\/span><\/span><\/p>\n<p align=\"JUSTIFY\"><span style=\"font-family: Century Gothic,sans-serif;\"><span style=\"font-size: small; background-color: yellow;\">Pri\u00e8re d\u2019ouverture<\/span><\/span><\/p>\n<p align=\"JUSTIFY\"><span style=\"font-family: Century Gothic,sans-serif;\"><span style=\"font-size: small;\">O P\u00e8re, toi qui n\u2019as pas abandonn\u00e9 ton Fils<\/span><\/span><\/p>\n<p align=\"JUSTIFY\"><span style=\"font-family: Century Gothic,sans-serif;\"><span style=\"font-size: small;\">dans l\u2019heure de l\u2019angoisse extr\u00eame,<\/span><\/span><\/p>\n<p align=\"JUSTIFY\"><span style=\"font-family: Century Gothic,sans-serif;\"><span style=\"font-size: small;\">\u00e9coute le cri qui monte vers toi<\/span><\/span><\/p>\n<p align=\"JUSTIFY\"><span style=\"font-family: Century Gothic,sans-serif;\"><span style=\"font-size: small;\">de chaque humain qui souffre<\/span><\/span><\/p>\n<p align=\"JUSTIFY\"><span style=\"font-family: Century Gothic,sans-serif;\"><span style=\"font-size: small;\">dans l\u2019abandon et la solitude\u00a0;<\/span><\/span><\/p>\n<p align=\"JUSTIFY\"><span style=\"font-family: Century Gothic,sans-serif;\"><span style=\"font-size: small;\">donne-lui la certitude qu\u2019au moins toi<\/span><\/span><\/p>\n<p align=\"JUSTIFY\"><span style=\"font-family: Century Gothic,sans-serif;\"><span style=\"font-size: small;\">tu lui restes toujours fid\u00e8le.<\/span><\/span><\/p>\n<p align=\"JUSTIFY\"><span style=\"font-family: Century Gothic,sans-serif;\"><span style=\"font-size: small;\">Amen<\/span><\/span><a href=\"#sdfootnote8sym\"><sup><span style=\"font-family: Century Gothic,sans-serif;\"><span style=\"font-size: small;\">8<\/span><\/span><\/sup><span style=\"font-family: Century Gothic,sans-serif;\"><span style=\"font-size: small;\">.<\/span><\/span><\/a><\/p>\n<p lang=\"it-IT\" align=\"JUSTIFY\"><span style=\"font-family: Century Gothic,sans-serif;\"><span style=\"font-size: small;\">[David Maria Turoldo, Italie\u00a0: 19216-1992][\/one_fourth][one_fourth]<\/span><\/span><\/p>\n<p align=\"JUSTIFY\"><span style=\"font-family: Century Gothic,sans-serif;\"><span style=\"font-size: small; background-color: yellow;\">Pri\u00e8re finale<\/span><\/span><\/p>\n<p align=\"JUSTIFY\"><span style=\"font-family: Century Gothic,sans-serif;\"><span style=\"font-size: small;\">Donne-nous, Seigneur, de pouvoir faire exp\u00e9rience,<br \/>\naujourd\u2019hui, ici, de ta r\u00e9surrection\u00a0:<\/span><\/span><\/p>\n<p align=\"JUSTIFY\"><span style=\"font-family: Century Gothic,sans-serif;\"><span style=\"font-size: small;\">dans l\u2019Ecriture que nous avons \u00e9cout\u00e9,<\/span><\/span><\/p>\n<p align=\"JUSTIFY\"><span style=\"font-family: Century Gothic,sans-serif;\"><span style=\"font-size: small;\">dans l\u2019eucharistie que nous sommes en train de c\u00e9l\u00e9brer,<\/span><\/span><\/p>\n<p align=\"JUSTIFY\"><span style=\"font-family: Century Gothic,sans-serif;\"><span style=\"font-size: small;\">dans la fraternit\u00e9 de cette communaut\u00e9 r\u00e9unie,<\/span><\/span><\/p>\n<p align=\"JUSTIFY\"><span style=\"font-family: Century Gothic,sans-serif;\"><span style=\"font-size: small;\">dans tout le bien que nous recevons les uns des autres.<\/span><\/span><\/p>\n<p align=\"JUSTIFY\"><span style=\"font-family: Century Gothic,sans-serif;\"><span style=\"font-size: small;\">Permets-nous de pouvoir faire l\u2019exp\u00e9rience de ta pr\u00e9sence<\/span><\/span><\/p>\n<p align=\"JUSTIFY\"><span style=\"font-family: Century Gothic,sans-serif;\"><span style=\"font-size: small;\">dans tout ce qui, dans l\u2019Eglise et dans le monde,<\/span><\/span><\/p>\n<p align=\"JUSTIFY\"><span style=\"font-family: Century Gothic,sans-serif;\"><span style=\"font-size: small;\">est vie, est pardon, est consolation,<\/span><\/span><\/p>\n<p align=\"JUSTIFY\"><span style=\"font-family: Century Gothic,sans-serif;\"><span style=\"font-size: small;\">est soutien r\u00e9ciproque,<\/span><\/span><\/p>\n<p align=\"JUSTIFY\"><span style=\"font-family: Century Gothic,sans-serif;\"><span style=\"font-size: small;\">est r\u00e9sistance dans toutes les \u00e9preuves,<\/span><\/span><\/p>\n<p align=\"JUSTIFY\"><span style=\"font-family: Century Gothic,sans-serif;\"><span style=\"font-size: small;\">m\u00eame les plus difficiles<\/span><\/span><sup><span style=\"font-family: Century Gothic,sans-serif;\"><span style=\"font-size: small;\"><a href=\"#sdfootnote2sym\"><sup>9<\/sup><\/a><\/span><\/span><\/sup><span style=\"font-family: Century Gothic,sans-serif;\"><span style=\"font-size: small;\">.<\/span><\/span><\/p>\n<p lang=\"it-IT\" align=\"JUSTIFY\"><span style=\"font-family: Century Gothic,sans-serif;\"><span style=\"font-size: small;\">[Carlo Maria Martini, cardinal, Milan, 1927-2012]<\/span><\/span><\/p>\n<hr \/>\n<div>\n<p><a href=\"#sdfootnote8anc\">8<\/a><span style=\"font-family: Century Gothic,sans-serif;\"><span style=\"font-size: small;\"> D. M. Turoldo &#8211; G. Ravasi, <\/span><\/span><span style=\"font-family: Century Gothic,sans-serif;\"><span style=\"font-size: small;\"><i>\u00ab Lungo i fiumi \u00bb.<br \/>\nI salmi. Traduzione poetica e commento<\/i><\/span><\/span><span style=\"font-family: Century Gothic,sans-serif;\"><span style=\"font-size: small;\">,<br \/>\nSan Paolo, Cinisello Balsamo, 1987, p. 486.<\/span><\/span><\/p>\n<\/div>\n<div>\n<p><a href=\"#sdfootnote9anc\">9<\/a><span style=\"font-family: Century Gothic,sans-serif;\"><span style=\"font-size: small;\"> C. M. Martini, <\/span><\/span><span style=\"font-family: Century Gothic,sans-serif;\"><span style=\"font-size: small;\"><i>Invocare il Padre. Preghiere<\/i><\/span><\/span><span style=\"font-family: Century Gothic,sans-serif;\"><span style=\"font-size: small;\">,<br \/>\nEDB, Bologna, 2012, p. 152. Hom\u00e9lie de P\u00e2ques, le 16 avril 1995.<\/span><\/span><\/p>\n<p>&nbsp;<\/p>\n<p><a href=\"http:\/\/absi.ch\/new\/wp-content\/uploads\/2014\/04\/Eucharistie_20avril2014.pdf\"><em>&gt; scarica il testo in pdf<\/em><\/a><\/p>\n<p><a href=\"http:\/\/absi.ch\/new\/2014\/04\/pasqua-2014\/\"><em>&gt; torna all&#8217;inizio della pagina<\/em><\/a><\/p>\n<p><em><a href=\"http:\/\/absi.ch\/new\/lectures-pour-lafrique-et-toute-la-terre\/\">&gt;\u00a0 torna &#8220;Lectures pour l&#8217;Afrique &#8230;&#8221;<\/a><\/em><\/p>\n<p><a href=\"http:\/\/absi.ch\/new\/formazione-biblica-2\/\"><em>&gt; torna a &#8220;Formazione biblica&#8221;<\/em><\/a><\/p>\n<p>[\/one_fourth][one_fourth][\/one_fourth][\/layout_group][\/layout]<\/p>\n<\/div>\n<div id=\"themify_builder_content-1738\" data-postid=\"1738\" class=\"themify_builder_content themify_builder_content-1738 themify_builder\">\n    <\/div>\n<!-- \/themify_builder_content -->\n","protected":false},"excerpt":{"rendered":"<p>[layout][layout_group][one_fourth]Psaume 142 1 Enseignement. De David. Quand il \u00e9tait dans la caverne. Pri\u00e8re de supplication. 2 A pleine voix je crie vers Yhwh, \u00e0 pleine voix je supplie Yhwh. 3 Je lui pr\u00e9sente ma plainte, mon angoisse je l\u2019expose devant lui. 4 Quand je suis d\u00e9courag\u00e9, toi, tu connais mon sentier: sur la route o\u00f9 [&hellip;]<\/p>\n","protected":false},"author":1,"featured_media":0,"parent":0,"menu_order":0,"comment_status":"closed","ping_status":"open","template":"","meta":{"footnotes":""},"class_list":["post-1738","page","type-page","status-publish","hentry","has-post-title","no-post-date","has-post-category","has-post-tag","has-post-comment","has-post-author",""],"builder_content":"","_links":{"self":[{"href":"https:\/\/absi.ch\/new\/wp-json\/wp\/v2\/pages\/1738","targetHints":{"allow":["GET"]}}],"collection":[{"href":"https:\/\/absi.ch\/new\/wp-json\/wp\/v2\/pages"}],"about":[{"href":"https:\/\/absi.ch\/new\/wp-json\/wp\/v2\/types\/page"}],"author":[{"embeddable":true,"href":"https:\/\/absi.ch\/new\/wp-json\/wp\/v2\/users\/1"}],"replies":[{"embeddable":true,"href":"https:\/\/absi.ch\/new\/wp-json\/wp\/v2\/comments?post=1738"}],"version-history":[{"count":16,"href":"https:\/\/absi.ch\/new\/wp-json\/wp\/v2\/pages\/1738\/revisions"}],"predecessor-version":[{"id":1762,"href":"https:\/\/absi.ch\/new\/wp-json\/wp\/v2\/pages\/1738\/revisions\/1762"}],"wp:attachment":[{"href":"https:\/\/absi.ch\/new\/wp-json\/wp\/v2\/media?parent=1738"}],"curies":[{"name":"wp","href":"https:\/\/api.w.org\/{rel}","templated":true}]}}