{"id":17839,"date":"2023-04-29T10:31:48","date_gmt":"2023-04-29T08:31:48","guid":{"rendered":"https:\/\/absi.ch\/new\/?page_id=17839"},"modified":"2023-12-24T00:00:33","modified_gmt":"2023-12-23T23:00:33","slug":"lectures-pour-lafrique-et-toute-la-terre-2023","status":"publish","type":"page","link":"https:\/\/absi.ch\/new\/lectures-pour-lafrique-et-toute-la-terre-2023\/","title":{"rendered":"Lectures pour l\u2019Afrique et \u2026 toute la Terre \u2013 2023"},"content":{"rendered":"<div id=\"themify_builder_content-17839\" data-postid=\"17839\" class=\"themify_builder_content themify_builder_content-17839 themify_builder\">\n    \t<!-- module_row -->\n\t<div  class=\"themify_builder_row module_row clearfix module_row_1 themify_builder_17839_row module_row_17839-1 tb_0rmn291\">\n\t    \t    <div class=\"row_inner col_align_top\" >\n\t\t\t<div  class=\"module_column tb-column col-full first tb_17839_column module_column_0 module_column_17839-1-0 tb_ibte292\">\n\t    \t    \t        <div class=\"tb-column-inner\">\n\t\t    <!-- module text -->\n<div  class=\"module module-text tb_gpk1296    \">\n            <div  class=\"tb_text_wrap\">\n    <p>di Renzo Petraglio<\/p>\n<p>\u00a0<\/p>\n<p><a href=\"https:\/\/absi.ch\/new\/wp-content\/uploads\/2023\/04\/dinner-ga0fa2f7d1_1920.jpg\"><img loading=\"lazy\" decoding=\"async\" class=\"alignnone wp-image-17854\" src=\"https:\/\/absi.ch\/new\/wp-content\/uploads\/2023\/04\/dinner-ga0fa2f7d1_1920.jpg\" alt=\"\" width=\"624\" height=\"416\" srcset=\"https:\/\/absi.ch\/new\/wp-content\/uploads\/2023\/04\/dinner-ga0fa2f7d1_1920.jpg 1920w, https:\/\/absi.ch\/new\/wp-content\/uploads\/2023\/04\/dinner-ga0fa2f7d1_1920-300x200.jpg 300w, https:\/\/absi.ch\/new\/wp-content\/uploads\/2023\/04\/dinner-ga0fa2f7d1_1920-1115x743.jpg 1115w, https:\/\/absi.ch\/new\/wp-content\/uploads\/2023\/04\/dinner-ga0fa2f7d1_1920-768x512.jpg 768w, https:\/\/absi.ch\/new\/wp-content\/uploads\/2023\/04\/dinner-ga0fa2f7d1_1920-1536x1024.jpg 1536w, https:\/\/absi.ch\/new\/wp-content\/uploads\/2023\/04\/dinner-ga0fa2f7d1_1920-1115x743-200x133.jpg 200w\" sizes=\"auto, (max-width: 624px) 100vw, 624px\" \/><\/a><\/p>\n<p><em>(Immagine di <a href=\"https:\/\/pixabay.com\/de\/users\/robertcheaib-616663\/?utm_source=link-attribution&amp;utm_medium=referral&amp;utm_campaign=image&amp;utm_content=3755204\">Robert Cheaib<\/a> su <\/em><a href=\"https:\/\/pixabay.com\/de\/\/?utm_source=link-attribution&amp;utm_medium=referral&amp;utm_campaign=image&amp;utm_content=3755204\"><em>Pixabay)<\/em><\/a><\/p>\n<p>\u00a0<\/p>\n<ul>\n<li>25 d\u00e9cembre 2023<br \/><a href=\"https:\/\/absi.ch\/new\/2023\/12\/18392\/\">\u00ab Nous avons tous e\u0301te\u0301 remplis de son amour \u00bb (Jean 1,16)<\/a><\/li>\n<\/ul>\n<ul>\n<li>24 d\u00e9cembre 2023<br \/><a href=\"https:\/\/absi.ch\/new\/2023\/12\/18392\/\">\u00ab Moi, je serai pour lui un p\u00e8re et lui, il sera pour moi un fils \u00bb (2 Samuel 7,14)<\/a><\/li>\n<\/ul>\n<ul>\n<li>17 d\u00e9cembre 2023<br \/><a href=\"https:\/\/absi.ch\/new\/2023\/12\/eucharistie-17-decembre-2023\/\">Un beau message pour les plus d\u00e9muni(e)s<\/a><\/li>\n<\/ul>\n<ul>\n<li>10 d\u00e9cembre 2023<br \/><a href=\"https:\/\/absi.ch\/new\/2023\/12\/eucharistie-10-decembre-2023\/\">\u00ab Pr\u00e9parez le chemin du Seigneur, rendez droits ses sentiers \u00bb (<em>Marc <\/em>1,3)<\/a><\/li>\n<\/ul>\n<ul>\n<li>8 d\u00e9cembre 2023<br \/><a href=\"https:\/\/absi.ch\/new\/2023\/12\/eucaristia-8-dicembre-2023\/\">L\u2019Immacolata<\/a><\/li>\n<\/ul>\n<ul>\n<li>3 d\u00e9cembre 2023 <br \/><a href=\"https:\/\/absi.ch\/new\/2023\/12\/eucharistie-3-decembre-2023\/\">\u00ab Ah ! Si tu d\u00e9chirais les cieux, si tu descendais ! \u00bb (<em>Isa\u00efe<\/em> 63,19b)<\/a><\/li>\n<\/ul>\n<ul>\n<li>26 novembre 2023<br \/><a href=\"https:\/\/absi.ch\/new\/2023\/11\/eucharistie-26-novembre-2023\/\">Notre Seigneur J\u00e9sus Christ, Roi de l&#8217;Univers, solennit\u00e9<\/a><\/li>\n<\/ul>\n<ul>\n<li>19 novembre 2023<br \/><a href=\"https:\/\/absi.ch\/new\/2023\/11\/eucharistie-19-novembre-2023\/\" target=\"_blank\" rel=\"noopener\">Respecter Dieu et\u2026 s\u2019engager<\/a><\/li>\n<\/ul>\n<ul>\n<li>12 novembre 2023<br \/><a href=\"https:\/\/absi.ch\/new\/2023\/11\/eucharistie-12-novembre-2023\/\">Le Seigneur viendra\u00a0: pr\u00e9parons-nous pour le rencontrer.<\/a><\/li>\n<\/ul>\n<ul>\n<li>5 novembre 2023<br \/><a href=\"https:\/\/absi.ch\/new\/2023\/11\/eucharistie-5-novembre-2023\/\">\u00abEst-ce que nous n\u2019avons pas tous un seul P\u00e8re ?\u00bb (<em>Malachie<\/em> 2,10)<\/a><\/li>\n<\/ul>\n<ul>\n<li>1 novembre 2023<br \/><a href=\"https:\/\/absi.ch\/new\/2023\/11\/eucharistie-1-novembre-2023\/\" target=\"_blank\" rel=\"noopener\">La Toussaint : des hommes et des femmes qui nous encouragent<\/a><br \/><br \/><\/li>\n<li>29 octobre 2023<br \/><a href=\"https:\/\/absi.ch\/new\/2023\/11\/eucharistie-29-octobre-2023\/\">Dieu, nous l\u2019aimons dans nos fr\u00e8res et s\u0153urs<\/a><br \/><br \/><\/li>\n<li>22 octobre 2023<br \/><a href=\"https:\/\/absi.ch\/new\/2023\/10\/eucharistie-22-octobre-2023\/\">\u00ab Votre foi se fait action, votre amour se met en peine pour les autres \u00bb (1 Thess 1,3)<\/a><\/li>\n<\/ul>\n<ul>\n<li>15 octobre 2023<br \/><a href=\"https:\/\/absi.ch\/new\/2023\/10\/eucharistie-15-octobre-2023\/\">Une invitation pour tous les peuples<\/a><\/li>\n<\/ul>\n<ul>\n<li>8 octobre 2023<br \/><a href=\"https:\/\/absi.ch\/new\/2023\/10\/eucharistie-8-octobre-2023\/\">\u00ab Je vous ai choisis, afin que vous portiez du fruit \u00bb (Jean 15,16)<\/a><\/li>\n<\/ul>\n<ul>\n<li>1 octobre 2023<br \/><a href=\"https:\/\/absi.ch\/new\/2023\/09\/eucharistie-1-octobre-2023\/\">Comment r\u00e9pondre \u00e0 l\u2019invitation que le P\u00e8re nous adresse\u00a0?<\/a><\/li>\n<\/ul>\n<ul>\n<li>24 septembre 2023<br \/><a href=\"https:\/\/absi.ch\/new\/2023\/09\/eucharistie-24-septembre-2023\/\">\u00ab\u00a0Allez, vous aussi, dans ma vigne\u00a0\u00bb (<em>Mt<\/em> 20,4.7)<\/a><\/li>\n<\/ul>\n<ul>\n<li>17 septembre 2023<br \/><a href=\"https:\/\/absi.ch\/new\/2023\/09\/eucharistie-17-septembre-2023\/\">Pardonner et ne pas garder rancune<\/a><br \/><br \/><\/li>\n<li>10 septembre 2023<br \/><a href=\"https:\/\/absi.ch\/new\/2023\/09\/eucharistie-10-septembre-2023\/\">Co-responsable avec tes fr\u00e8res<\/a><br \/><br \/><\/li>\n<li>3 septembre 2023<br \/><a href=\"https:\/\/absi.ch\/new\/2023\/09\/eucharistie-3-septembre-2023\/\">Seigneur, tu m\u2019as fascin\u00e9, tu m\u2019as s\u00e9duit<\/a><\/li>\n<\/ul>\n<ul>\n<li>27 ao\u00fbt 2023<br \/><a href=\"https:\/\/absi.ch\/new\/2023\/08\/eucharistie-27-aout-2023\/\">On ne peut servir Dieu qu\u2019en prenant soin des humains<\/a><br \/><br \/><\/li>\n<li>20 ao\u00fbt 2023<br \/><a href=\"https:\/\/absi.ch\/new\/2023\/08\/eucharistie-20-aout-2023\/\" target=\"_blank\" rel=\"noopener\">Les barri\u00e8res ethniques\u2026 tombent !<\/a><br \/><br \/><\/li>\n<li>15 ao\u00fbt 2023<br \/><a href=\"https:\/\/absi.ch\/new\/2023\/08\/eucharistie-15-aout-2023\/\" target=\"_blank\" rel=\"noopener\">L\u2019Assomption de Marie : un signe pour l\u2019avenir des croyants<\/a><\/li>\n<\/ul>\n<ul>\n<li>13 ao\u00fbt 2023<br \/><a href=\"https:\/\/absi.ch\/new\/2023\/08\/eucharistie-13-aout-2023\/\" target=\"_blank\" rel=\"noopener\">Un Dieu toujours surprenant<\/a><br \/><br \/><\/li>\n<li>6 ao\u00fbt 2023<br \/><a href=\"https:\/\/absi.ch\/new\/2023\/08\/la-transfiguration-du-seigneur\/\">La transfiguration du Seigneur<\/a><\/li>\n<\/ul>\n<ul>\n<li>Eucharistie, 30 juillet 2023<br \/><a href=\"https:\/\/absi.ch\/new\/2023\/07\/eucharistie-30-juillet-2023\/\">\u00ab Bonne, pour moi, est l\u2019instruction qui sort de ta bouche \u00bb (<em>Psaume<\/em>\u00a0119,72)<\/a><br \/><br \/><\/li>\n<li>Eucharistie, 23 juillet 2023<br \/><a href=\"https:\/\/absi.ch\/new\/2023\/07\/eucharistie-23-juillet-2023\/\">\u00ab L\u2019Esprit interc\u00e8de \u2013 en nous et \u00e0 notre faveur \u2013 par des g\u00e9missements inexprimables \u00bb (<em>Rom<\/em>\u00a08,26)<\/a><br \/><br \/><\/li>\n<li>Eucharistie, 16 juillet 2023<br \/><a href=\"https:\/\/absi.ch\/new\/2023\/07\/eucharistie-16-juillet-2023\/\">La parole de Dieu : une parole qui nous fait vivre<\/a><br \/><br \/><\/li>\n<li>Eucharistie, 9 juillet 2023<br \/><a href=\"https:\/\/absi.ch\/new\/wp-content\/uploads\/2023\/07\/9-juillet-2023-CJK.pdf\" target=\"_blank\" rel=\"noopener\">\u00ab Ton roi vient \u00e0 toi, lui, humble et doux \u00bb (Za 9,9)<\/a><br \/>Apprendre de celui qui est doux et non-violen<br \/><br \/><\/li>\n<li>Eucharistie, 2 juillet 2023<br \/>\n<div class=\"page\" title=\"Page 1\">\n<div class=\"layoutArea\">\n<div class=\"column\">\n<p><a href=\"https:\/\/absi.ch\/new\/2023\/07\/eucharistie-2-juillet-2023\/\">Qui donnera a\u0300 boire, me\u0302me un simple verre d\u2019eau frai\u0302che, a\u0300 l\u2019un de ces pe8ts&#8230; \u00bb (Mt 10,42)<\/a><\/p>\n<\/div>\n<\/div>\n<\/div>\n<\/li>\n<li>Eucharistie, 29 juin 2023<br \/>\n<p><a href=\"https:\/\/absi.ch\/new\/2023\/06\/eucharistie-29-juin-2023\/\">Saints Pierre et Paul<\/a><\/p>\n<\/li>\n<li>Eucharistie, 25\u00a0 juin 2023<br \/>\n<p><a href=\"https:\/\/absi.ch\/new\/2023\/06\/eucharistie-25-juin-2023\/\">J\u00e9sus nous dit\u00a0: \u00ab\u00a0N\u2019ayez pas peur\u00a0\u00bb (<em>Matthieu<\/em> 10,26.28.31)<\/a><\/p>\n<\/li>\n<li>\n<p>Eucharistie, 18 juin 2023<br \/><a href=\"https:\/\/absi.ch\/new\/2023\/06\/eucharistie-25-juin-2023\/\">11<sup>\u00e8me<\/sup>\u00a0dimanche du Temps Ordinaire<\/a>Eucharistie, 18 juin2023<\/p>\n<\/li>\n<\/ul>\n<ul>\n<li>\n<p>Eucaristia 11.6.2023<br \/><a href=\"https:\/\/absi.ch\/new\/2023\/06\/decima-domenica-del-tempo-ordinario-anno-a\/\">Decima domenica del Tempo Ordinario)<\/a><\/p>\n<\/li>\n<li>Eucharistie, 11 juin 2023<br \/><a href=\"https:\/\/absi.ch\/new\/2023\/06\/eucharistie-11-juin-2023\/\">Le Saint Sacrement<\/a><\/li>\n<\/ul>\n<ul>\n<li>Eucharistie, 4 juin 2023<br \/><a href=\"https:\/\/absi.ch\/new\/2023\/05\/eucharistie-4-juin-2023\/\">La gr\u00e2ce du Seigneur J\u00e9sus Christ, l\u2019amour de Dieu, et la communion du Saint Esprit \u00bb\u00a0<\/a><\/li>\n<\/ul>\n<ul>\n<li>Eucharistie, 28 mai 2023<br \/><a href=\"https:\/\/absi.ch\/new\/2023\/05\/eucharistie-28-mai-2023-pentecote\/\">Souffle de Dieu, Souffle d\u2019unit\u00e9 entre les personnes et les peuples<\/a><\/li>\n<\/ul>\n<ul>\n<li>Eucharistie, 21mai 2023<br \/><a href=\"https:\/\/absi.ch\/new\/2023\/05\/eucharistie-21-mai-2023\/\">Les personnes \u00ab que tu m\u2019as confi\u00e9es ont gard\u00e9 ta parole \u00bb (Jean 17,6)<\/a><\/li>\n<\/ul>\n<ul>\n<li>Eucharistie, 18 mai 2023<br \/><a href=\"https:\/\/absi.ch\/new\/2023\/05\/eucharistie-18-mai-2023\/\">L\u2019ascension, la mont\u00e9e de J\u00e9sus vers le ciel, n\u2019emp\u00eache pas J\u00e9sus de rester avec nous<\/a><\/li>\n<\/ul>\n<ul>\n<li>Eucharistie, 14 mai 2023 : <sup>6\u00e8me<\/sup> Dimanche de P\u00e2ques \u2014 Ann\u00e9e <strong>A<br \/><\/strong><a href=\"https:\/\/absi.ch\/new\/2023\/05\/eucharistie-14-mai-2023\/\">\u00ab Oui, il vaut mieux souffrir en faisant le bien, plut\u00f4t que de souffrir en faisant le mal \u00bb (1 Pi 3,17)<\/a><\/li>\n<\/ul>\n<ul>\n<li>Eucharistie, 7 mai 2023 : <sup>5\u00e8me<\/sup> Dimanche de P\u00e2ques \u2014 Ann\u00e9e <strong>A<br \/><\/strong><a href=\"https:\/\/absi.ch\/new\/2023\/05\/17966\/\">\u00ab Que votre c\u0153ur ne soit pas trouble\u0301 ! \u00bb (Jean 14,1)<\/a><\/li>\n<\/ul>\n<ul>\n<li>Eucharistie 30 avril 2023: 4<sup>\u00e8me<\/sup> Dimanche de P\u00e2ques \u2014 Ann\u00e9e A<br \/><a href=\"https:\/\/absi.ch\/new\/2023\/04\/eucharistie-30-avril-2023\/\">\u00ab M\u00eame si je vais dans une vall\u00e9e de profonde obscurit\u00e9, tu es avec moi \u00bb (Ps 22,4)<\/a>\n<p>\u00a0<\/p>\n<\/li>\n<\/ul>    <\/div>\n<\/div>\n<!-- \/module text -->\n\t        <\/div>\n\t    \t<\/div>\n\t\t    <\/div>\n\t    <!-- \/row_inner -->\n\t<\/div>\n\t<!-- \/module_row -->\n\t<\/div>\n\n","protected":false},"excerpt":{"rendered":"<p>di Renzo Petraglio \u00a0 (Immagine di Robert Cheaib su Pixabay) \u00a0 25 d\u00e9cembre 2023\u00ab Nous avons tous e\u0301te\u0301 remplis de son amour \u00bb (Jean 1,16) 24 d\u00e9cembre 2023\u00ab Moi, je serai pour lui un p\u00e8re et lui, il sera pour moi un fils \u00bb (2 Samuel 7,14) 17 d\u00e9cembre 2023Un beau message pour les plus [&hellip;]<\/p>\n","protected":false},"author":1,"featured_media":0,"parent":0,"menu_order":0,"comment_status":"closed","ping_status":"closed","template":"","meta":{"footnotes":""},"class_list":["post-17839","page","type-page","status-publish","hentry","has-post-title","no-post-date","has-post-category","has-post-tag","has-post-comment","has-post-author",""],"builder_content":"<p>di Renzo Petraglio<\/p> <p>\u00a0<\/p> <p><a href=\"https:\/\/absi.ch\/new\/wp-content\/uploads\/2023\/04\/dinner-ga0fa2f7d1_1920.jpg\"><img loading=\"lazy\" decoding=\"async\" src=\"https:\/\/absi.ch\/new\/wp-content\/uploads\/2023\/04\/dinner-ga0fa2f7d1_1920.jpg\" alt=\"\" width=\"624\" height=\"416\" srcset=\"https:\/\/absi.ch\/new\/wp-content\/uploads\/2023\/04\/dinner-ga0fa2f7d1_1920.jpg 1920w, https:\/\/absi.ch\/new\/wp-content\/uploads\/2023\/04\/dinner-ga0fa2f7d1_1920-300x200.jpg 300w, https:\/\/absi.ch\/new\/wp-content\/uploads\/2023\/04\/dinner-ga0fa2f7d1_1920-1115x743.jpg 1115w, https:\/\/absi.ch\/new\/wp-content\/uploads\/2023\/04\/dinner-ga0fa2f7d1_1920-768x512.jpg 768w, https:\/\/absi.ch\/new\/wp-content\/uploads\/2023\/04\/dinner-ga0fa2f7d1_1920-1536x1024.jpg 1536w, https:\/\/absi.ch\/new\/wp-content\/uploads\/2023\/04\/dinner-ga0fa2f7d1_1920-1115x743-200x133.jpg 200w\" sizes=\"auto, (max-width: 624px) 100vw, 624px\" \/><\/a><\/p> <p><em>(Immagine di <a href=\"https:\/\/pixabay.com\/de\/users\/robertcheaib-616663\/?utm_source=link-attribution&amp;utm_medium=referral&amp;utm_campaign=image&amp;utm_content=3755204\">Robert Cheaib<\/a> su <\/em><a href=\"https:\/\/pixabay.com\/de\/\/?utm_source=link-attribution&amp;utm_medium=referral&amp;utm_campaign=image&amp;utm_content=3755204\"><em>Pixabay)<\/em><\/a><\/p> <p>\u00a0<\/p> <ul> <li>25 d\u00e9cembre 2023<br \/><a href=\"https:\/\/absi.ch\/new\/2023\/12\/18392\/\">\u00ab Nous avons tous e\u0301te\u0301 remplis de son amour \u00bb (Jean 1,16)<\/a><\/li> <\/ul> <ul> <li>24 d\u00e9cembre 2023<br \/><a href=\"https:\/\/absi.ch\/new\/2023\/12\/18392\/\">\u00ab Moi, je serai pour lui un p\u00e8re et lui, il sera pour moi un fils \u00bb (2 Samuel 7,14)<\/a><\/li> <\/ul> <ul> <li>17 d\u00e9cembre 2023<br \/><a href=\"https:\/\/absi.ch\/new\/2023\/12\/eucharistie-17-decembre-2023\/\">Un beau message pour les plus d\u00e9muni(e)s<\/a><\/li> <\/ul> <ul> <li>10 d\u00e9cembre 2023<br \/><a href=\"https:\/\/absi.ch\/new\/2023\/12\/eucharistie-10-decembre-2023\/\">\u00ab Pr\u00e9parez le chemin du Seigneur, rendez droits ses sentiers \u00bb (<em>Marc <\/em>1,3)<\/a><\/li> <\/ul> <ul> <li>8 d\u00e9cembre 2023<br \/><a href=\"https:\/\/absi.ch\/new\/2023\/12\/eucaristia-8-dicembre-2023\/\">L\u2019Immacolata<\/a><\/li> <\/ul> <ul> <li>3 d\u00e9cembre 2023 <br \/><a href=\"https:\/\/absi.ch\/new\/2023\/12\/eucharistie-3-decembre-2023\/\">\u00ab Ah ! Si tu d\u00e9chirais les cieux, si tu descendais ! \u00bb (<em>Isa\u00efe<\/em> 63,19b)<\/a><\/li> <\/ul> <ul> <li>26 novembre 2023<br \/><a href=\"https:\/\/absi.ch\/new\/2023\/11\/eucharistie-26-novembre-2023\/\">Notre Seigneur J\u00e9sus Christ, Roi de l'Univers, solennit\u00e9<\/a><\/li> <\/ul> <ul> <li>19 novembre 2023<br \/><a href=\"https:\/\/absi.ch\/new\/2023\/11\/eucharistie-19-novembre-2023\/\" target=\"_blank\" rel=\"noopener\">Respecter Dieu et\u2026 s\u2019engager<\/a><\/li> <\/ul> <ul> <li>12 novembre 2023<br \/><a href=\"https:\/\/absi.ch\/new\/2023\/11\/eucharistie-12-novembre-2023\/\">Le Seigneur viendra\u00a0: pr\u00e9parons-nous pour le rencontrer.<\/a><\/li> <\/ul> <ul> <li>5 novembre 2023<br \/><a href=\"https:\/\/absi.ch\/new\/2023\/11\/eucharistie-5-novembre-2023\/\">\u00abEst-ce que nous n\u2019avons pas tous un seul P\u00e8re ?\u00bb (<em>Malachie<\/em> 2,10)<\/a><\/li> <\/ul> <ul> <li>1 novembre 2023<br \/><a href=\"https:\/\/absi.ch\/new\/2023\/11\/eucharistie-1-novembre-2023\/\" target=\"_blank\" rel=\"noopener\">La Toussaint : des hommes et des femmes qui nous encouragent<\/a><br \/><br \/><\/li> <li>29 octobre 2023<br \/><a href=\"https:\/\/absi.ch\/new\/2023\/11\/eucharistie-29-octobre-2023\/\">Dieu, nous l\u2019aimons dans nos fr\u00e8res et s\u0153urs<\/a><br \/><br \/><\/li> <li>22 octobre 2023<br \/><a href=\"https:\/\/absi.ch\/new\/2023\/10\/eucharistie-22-octobre-2023\/\">\u00ab Votre foi se fait action, votre amour se met en peine pour les autres \u00bb (1 Thess 1,3)<\/a><\/li> <\/ul> <ul> <li>15 octobre 2023<br \/><a href=\"https:\/\/absi.ch\/new\/2023\/10\/eucharistie-15-octobre-2023\/\">Une invitation pour tous les peuples<\/a><\/li> <\/ul> <ul> <li>8 octobre 2023<br \/><a href=\"https:\/\/absi.ch\/new\/2023\/10\/eucharistie-8-octobre-2023\/\">\u00ab Je vous ai choisis, afin que vous portiez du fruit \u00bb (Jean 15,16)<\/a><\/li> <\/ul> <ul> <li>1 octobre 2023<br \/><a href=\"https:\/\/absi.ch\/new\/2023\/09\/eucharistie-1-octobre-2023\/\">Comment r\u00e9pondre \u00e0 l\u2019invitation que le P\u00e8re nous adresse\u00a0?<\/a><\/li> <\/ul> <ul> <li>24 septembre 2023<br \/><a href=\"https:\/\/absi.ch\/new\/2023\/09\/eucharistie-24-septembre-2023\/\">\u00ab\u00a0Allez, vous aussi, dans ma vigne\u00a0\u00bb (<em>Mt<\/em> 20,4.7)<\/a><\/li> <\/ul> <ul> <li>17 septembre 2023<br \/><a href=\"https:\/\/absi.ch\/new\/2023\/09\/eucharistie-17-septembre-2023\/\">Pardonner et ne pas garder rancune<\/a><br \/><br \/><\/li> <li>10 septembre 2023<br \/><a href=\"https:\/\/absi.ch\/new\/2023\/09\/eucharistie-10-septembre-2023\/\">Co-responsable avec tes fr\u00e8res<\/a><br \/><br \/><\/li> <li>3 septembre 2023<br \/><a href=\"https:\/\/absi.ch\/new\/2023\/09\/eucharistie-3-septembre-2023\/\">Seigneur, tu m\u2019as fascin\u00e9, tu m\u2019as s\u00e9duit<\/a><\/li> <\/ul> <ul> <li>27 ao\u00fbt 2023<br \/><a href=\"https:\/\/absi.ch\/new\/2023\/08\/eucharistie-27-aout-2023\/\">On ne peut servir Dieu qu\u2019en prenant soin des humains<\/a><br \/><br \/><\/li> <li>20 ao\u00fbt 2023<br \/><a href=\"https:\/\/absi.ch\/new\/2023\/08\/eucharistie-20-aout-2023\/\" target=\"_blank\" rel=\"noopener\">Les barri\u00e8res ethniques\u2026 tombent !<\/a><br \/><br \/><\/li> <li>15 ao\u00fbt 2023<br \/><a href=\"https:\/\/absi.ch\/new\/2023\/08\/eucharistie-15-aout-2023\/\" target=\"_blank\" rel=\"noopener\">L\u2019Assomption de Marie : un signe pour l\u2019avenir des croyants<\/a><\/li> <\/ul> <ul> <li>13 ao\u00fbt 2023<br \/><a href=\"https:\/\/absi.ch\/new\/2023\/08\/eucharistie-13-aout-2023\/\" target=\"_blank\" rel=\"noopener\">Un Dieu toujours surprenant<\/a><br \/><br \/><\/li> <li>6 ao\u00fbt 2023<br \/><a href=\"https:\/\/absi.ch\/new\/2023\/08\/la-transfiguration-du-seigneur\/\">La transfiguration du Seigneur<\/a><\/li> <\/ul> <ul> <li>Eucharistie, 30 juillet 2023<br \/><a href=\"https:\/\/absi.ch\/new\/2023\/07\/eucharistie-30-juillet-2023\/\">\u00ab Bonne, pour moi, est l\u2019instruction qui sort de ta bouche \u00bb (<em>Psaume<\/em>\u00a0119,72)<\/a><br \/><br \/><\/li> <li>Eucharistie, 23 juillet 2023<br \/><a href=\"https:\/\/absi.ch\/new\/2023\/07\/eucharistie-23-juillet-2023\/\">\u00ab L\u2019Esprit interc\u00e8de \u2013 en nous et \u00e0 notre faveur \u2013 par des g\u00e9missements inexprimables \u00bb (<em>Rom<\/em>\u00a08,26)<\/a><br \/><br \/><\/li> <li>Eucharistie, 16 juillet 2023<br \/><a href=\"https:\/\/absi.ch\/new\/2023\/07\/eucharistie-16-juillet-2023\/\">La parole de Dieu : une parole qui nous fait vivre<\/a><br \/><br \/><\/li> <li>Eucharistie, 9 juillet 2023<br \/><a href=\"https:\/\/absi.ch\/new\/wp-content\/uploads\/2023\/07\/9-juillet-2023-CJK.pdf\" target=\"_blank\" rel=\"noopener\">\u00ab Ton roi vient \u00e0 toi, lui, humble et doux \u00bb (Za 9,9)<\/a><br \/>Apprendre de celui qui est doux et non-violen<br \/><br \/><\/li> <li>Eucharistie, 2 juillet 2023<br \/>\n<p><a href=\"https:\/\/absi.ch\/new\/2023\/07\/eucharistie-2-juillet-2023\/\">Qui donnera a\u0300 boire, me\u0302me un simple verre d\u2019eau frai\u0302che, a\u0300 l\u2019un de ces pe8ts... \u00bb (Mt 10,42)<\/a><\/p>\n<\/li> <li>Eucharistie, 29 juin 2023<br \/> <p><a href=\"https:\/\/absi.ch\/new\/2023\/06\/eucharistie-29-juin-2023\/\">Saints Pierre et Paul<\/a><\/p> <\/li> <li>Eucharistie, 25\u00a0 juin 2023<br \/> <p><a href=\"https:\/\/absi.ch\/new\/2023\/06\/eucharistie-25-juin-2023\/\">J\u00e9sus nous dit\u00a0: \u00ab\u00a0N\u2019ayez pas peur\u00a0\u00bb (<em>Matthieu<\/em> 10,26.28.31)<\/a><\/p> <\/li> <li> <p>Eucharistie, 18 juin 2023<br \/><a href=\"https:\/\/absi.ch\/new\/2023\/06\/eucharistie-25-juin-2023\/\">11<sup>\u00e8me<\/sup>\u00a0dimanche du Temps Ordinaire<\/a>Eucharistie, 18 juin2023<\/p> <\/li> <\/ul> <ul> <li> <p>Eucaristia 11.6.2023<br \/><a href=\"https:\/\/absi.ch\/new\/2023\/06\/decima-domenica-del-tempo-ordinario-anno-a\/\">Decima domenica del Tempo Ordinario)<\/a><\/p> <\/li> <li>Eucharistie, 11 juin 2023<br \/><a href=\"https:\/\/absi.ch\/new\/2023\/06\/eucharistie-11-juin-2023\/\">Le Saint Sacrement<\/a><\/li> <\/ul> <ul> <li>Eucharistie, 4 juin 2023<br \/><a href=\"https:\/\/absi.ch\/new\/2023\/05\/eucharistie-4-juin-2023\/\">La gr\u00e2ce du Seigneur J\u00e9sus Christ, l\u2019amour de Dieu, et la communion du Saint Esprit \u00bb\u00a0<\/a><\/li> <\/ul> <ul> <li>Eucharistie, 28 mai 2023<br \/><a href=\"https:\/\/absi.ch\/new\/2023\/05\/eucharistie-28-mai-2023-pentecote\/\">Souffle de Dieu, Souffle d\u2019unit\u00e9 entre les personnes et les peuples<\/a><\/li> <\/ul> <ul> <li>Eucharistie, 21mai 2023<br \/><a href=\"https:\/\/absi.ch\/new\/2023\/05\/eucharistie-21-mai-2023\/\">Les personnes \u00ab que tu m\u2019as confi\u00e9es ont gard\u00e9 ta parole \u00bb (Jean 17,6)<\/a><\/li> <\/ul> <ul> <li>Eucharistie, 18 mai 2023<br \/><a href=\"https:\/\/absi.ch\/new\/2023\/05\/eucharistie-18-mai-2023\/\">L\u2019ascension, la mont\u00e9e de J\u00e9sus vers le ciel, n\u2019emp\u00eache pas J\u00e9sus de rester avec nous<\/a><\/li> <\/ul> <ul> <li>Eucharistie, 14 mai 2023 : <sup>6\u00e8me<\/sup> Dimanche de P\u00e2ques \u2014 Ann\u00e9e <strong>A<br \/><\/strong><a href=\"https:\/\/absi.ch\/new\/2023\/05\/eucharistie-14-mai-2023\/\">\u00ab Oui, il vaut mieux souffrir en faisant le bien, plut\u00f4t que de souffrir en faisant le mal \u00bb (1 Pi 3,17)<\/a><\/li> <\/ul> <ul> <li>Eucharistie, 7 mai 2023 : <sup>5\u00e8me<\/sup> Dimanche de P\u00e2ques \u2014 Ann\u00e9e <strong>A<br \/><\/strong><a href=\"https:\/\/absi.ch\/new\/2023\/05\/17966\/\">\u00ab Que votre c\u0153ur ne soit pas trouble\u0301 ! \u00bb (Jean 14,1)<\/a><\/li> <\/ul> <ul> <li>Eucharistie 30 avril 2023: 4<sup>\u00e8me<\/sup> Dimanche de P\u00e2ques \u2014 Ann\u00e9e A<br \/><a href=\"https:\/\/absi.ch\/new\/2023\/04\/eucharistie-30-avril-2023\/\">\u00ab M\u00eame si je vais dans une vall\u00e9e de profonde obscurit\u00e9, tu es avec moi \u00bb (Ps 22,4)<\/a> <p>\u00a0<\/p> <\/li> <\/ul>","_links":{"self":[{"href":"https:\/\/absi.ch\/new\/wp-json\/wp\/v2\/pages\/17839","targetHints":{"allow":["GET"]}}],"collection":[{"href":"https:\/\/absi.ch\/new\/wp-json\/wp\/v2\/pages"}],"about":[{"href":"https:\/\/absi.ch\/new\/wp-json\/wp\/v2\/types\/page"}],"author":[{"embeddable":true,"href":"https:\/\/absi.ch\/new\/wp-json\/wp\/v2\/users\/1"}],"replies":[{"embeddable":true,"href":"https:\/\/absi.ch\/new\/wp-json\/wp\/v2\/comments?post=17839"}],"version-history":[{"count":40,"href":"https:\/\/absi.ch\/new\/wp-json\/wp\/v2\/pages\/17839\/revisions"}],"predecessor-version":[{"id":18404,"href":"https:\/\/absi.ch\/new\/wp-json\/wp\/v2\/pages\/17839\/revisions\/18404"}],"wp:attachment":[{"href":"https:\/\/absi.ch\/new\/wp-json\/wp\/v2\/media?parent=17839"}],"curies":[{"name":"wp","href":"https:\/\/api.w.org\/{rel}","templated":true}]}}