{"id":1850,"date":"2014-04-26T23:17:59","date_gmt":"2014-04-26T23:17:59","guid":{"rendered":"http:\/\/absi.ch\/new\/?page_id=1850"},"modified":"2014-04-26T23:17:59","modified_gmt":"2014-04-26T23:17:59","slug":"eucharistie-27avril2014-cont","status":"publish","type":"page","link":"https:\/\/absi.ch\/new\/eucharistie-27avril2014-cont\/","title":{"rendered":"Eucharistie-27avril2014-cont"},"content":{"rendered":"<p align=\"JUSTIFY\">[layout][layout_group][one_fourth]<span style=\"font-family: Century Gothic,sans-serif;\"><span style=\"font-size: small;\"><i>eux (Is 48,20). Quant au po\u00e8te du psaume, dans son exp\u00e9rience de Dieu qui le lib\u00e8re de la mort, il se sent solidaire avec ceux et celles qui ont \u00e9t\u00e9 lib\u00e9r\u00e9(e)s de l\u2019esclavage \u00e9gyptien et aussi des exil\u00e9(e)s et des d\u00e9plac\u00e9(e)s \u00e0 Babylone et ailleurs. <\/i><\/span><\/span><\/p>\n<p align=\"JUSTIFY\"><span style=\"font-family: Century Gothic,sans-serif;\"><span style=\"font-size: small;\"><i>Enfin, dans la partie suivante du psaume, une partie que nous ne lirons pas ce matin, cette exp\u00e9rience de joie et de lib\u00e9ration va s\u2019exprimer dans une f\u00eate au temple.<\/i><\/span><\/span><\/p>\n<p align=\"JUSTIFY\"><span style=\"font-family: Century Gothic,sans-serif;\"><span style=\"font-size: small;\"><i>Pour nous, aujourd\u2019hui, l\u2019essentiel c\u2019est de c\u00e9l\u00e9brer la r\u00e9surrection ici, dans cette salle, en sachant que notre c\u00e9l\u00e9bration est possible seulement si nous savons nous engager, avec J\u00e9sus ressuscit\u00e9, pour la justice. <\/i><\/span><\/span><\/p>\n<p align=\"JUSTIFY\"><span style=\"font-family: Century Gothic,sans-serif;\"><span style=\"font-size: small;\"><b>Psaume 117 (d\u2019apr\u00e8s la traduction grecque)<\/b><\/span><\/span><\/p>\n<p align=\"JUSTIFY\"><span style=\"font-family: Century Gothic,sans-serif;\"><span style=\"font-size: small;\"><sup>13 <\/sup>J\u2019ai \u00e9t\u00e9 pouss\u00e9,<br \/>\nj\u2019ai \u00e9t\u00e9 bouscul\u00e9 pour me faire tomber,<br \/>\net le Seigneur s\u2019est occup\u00e9 de moi.<br \/>\n<sup>14 <\/sup>Ma force et mon chant, c\u2019est le Seigneur,<br \/>\net il a \u00e9t\u00e9 le salut pour moi.<br \/>\n<sup>15<\/sup> Voix de joie et de salut sous les tentes des justes:<br \/>\n\u00abLa droite du Seigneur a fait un exploit\u00bb.<br \/>\n<sup>16<\/sup> La droite du Seigneur m\u2019a \u00e9lev\u00e9,<br \/>\nla droite du Seigneur a fait un exploit.<br \/>\n<sup>17<\/sup> Non, je ne mourrai pas, mais je vivrai<br \/>\net je raconterai les \u0153uvres du Seigneur.<br \/>\n<sup>18<\/sup> Il m\u2019a instruit, le Seigneur m\u2019a instruit<br \/>\net il ne m\u2019a pas livr\u00e9 \u00e0 la mort.<\/span><\/span><\/p>\n<p align=\"JUSTIFY\"><span style=\"font-family: Century Gothic,sans-serif;\"><span style=\"font-size: small; background-color: yellow;\">Deuxi\u00e8me lecture<\/span><\/span><\/p>\n<p align=\"JUSTIFY\"><span style=\"font-family: Century Gothic,sans-serif;\"><span style=\"font-size: small;\"><i>Dans sa forme originale, l\u2019Evangile de Jean, terminait avec trois br\u00e8ves sections que nous allons lire dans un instant.<\/i><\/span><\/span><\/p>\n<p align=\"JUSTIFY\"><span style=\"font-family: Century Gothic,sans-serif;\"><span style=\"font-size: small;\"><i>La premi\u00e8re (vv. 19-23) est un bref r\u00e9cit qui nous parle de J\u00e9sus qui, le matin de P\u00e2ques, se montre \u00e0 ses disciples. Dans ce r\u00e9cit, les \u00ab\u00a0disciples\u00a0\u00bb sont la communaut\u00e9 \u00e0 laquelle Jean adresse son Evangile. Il s\u2019agit d\u2019une communaut\u00e9 qui a peur des Juifs\u00a0: elle est exclue de la synagogue des\u00a0 <\/i><\/span><\/span>[\/one_fourth]<\/p>\n<p align=\"JUSTIFY\">[one_fourth]<span style=\"font-family: Century Gothic,sans-serif;\"><span style=\"font-size: small;\"><i>pharisiens (12,42\u00a0; 16,2)\u00a0et risque d\u2019en subir des vexations<\/i><\/span><\/span><sup><span style=\"font-family: Century Gothic,sans-serif;\"><span style=\"font-size: small;\"><i><a href=\"#sdfootnote3sym\" name=\"sdfootnote3anc\"><sup>3<\/sup><\/a><\/i><\/span><\/span><\/sup><span style=\"font-family: Century Gothic,sans-serif;\"><span style=\"font-size: small;\"><i>\u00a0; en effet, la synagogue a pris des mesures contre ceux qui adh\u00e8rent \u00e0 l\u2019Evangile. En se pr\u00e9sentant aux disciples, J\u00e9sus leur souhaite la paix, la paix qui est li\u00e9e \u00e0 sa personne, la paix que J\u00e9sus avait mentionn\u00e9e comme \u00ab\u00a0ma paix\u00a0\u00bb (14,27), la paix qui caract\u00e9rise le monde nouveau.<\/i><\/span><\/span><\/p>\n<p align=\"JUSTIFY\"><span style=\"font-family: Century Gothic,sans-serif;\"><span style=\"font-size: small;\"><i>Apr\u00e8s ce don de la paix, soulign\u00e9 deux fois dans le texte, J\u00e9sus &#8211; qui est l\u2019Envoy\u00e9 du P\u00e8re &#8211; envoie ses disciples. C\u2019est \u00e0 travers ses disciples que J\u00e9sus peut maintenant continuer sa fonction d\u2019Envoy\u00e9, ses disciples soutenus par le Souffle saint qu\u2019il leur donne. Gr\u00e2ce \u00e0 ce Souffle, les disciples permettront \u00e0 tout \u00eatre humain de recevoir le pardon et la vie en pl\u00e9nitude, soit, par son refus, de s\u2019enfermer dans son p\u00e9ch\u00e9<\/i><\/span><\/span><sup><span style=\"font-family: Century Gothic,sans-serif;\"><span style=\"font-size: small;\"><i><a href=\"#sdfootnote4sym\" name=\"sdfootnote4anc\"><sup>4<\/sup><\/a><\/i><\/span><\/span><\/sup><span style=\"font-family: Century Gothic,sans-serif;\"><span style=\"font-size: small;\"><i>, c\u2019est-\u00e0-dire dans sa solitude et son isolement.<\/i><\/span><\/span><\/p>\n<p align=\"JUSTIFY\"><span style=\"font-family: Century Gothic,sans-serif;\"><span style=\"font-size: small;\"><i>Dans la deuxi\u00e8me section (vv. 24-29), J\u00e9sus se montre \u00e0 Thomas, qui est le mod\u00e8le du chr\u00e9tien de la seconde g\u00e9n\u00e9ration, le chr\u00e9tien qui n\u2019a pas fait l\u2019exp\u00e9rience pascale. Comme il n\u2019a pas rencontr\u00e9 le Christ le jour de P\u00e2ques<\/i><\/span><\/span><sup><span style=\"font-family: Century Gothic,sans-serif;\"><span style=\"font-size: small;\"><i><a href=\"#sdfootnote5sym\" name=\"sdfootnote5anc\"><sup>5<\/sup><\/a><\/i><\/span><\/span><\/sup><span style=\"font-family: Century Gothic,sans-serif;\"><span style=\"font-size: small;\"><i>, il refuse de croire \u00e0 la r\u00e9surrection. Mais il est transform\u00e9 par la parole de J\u00e9sus qui lui dit\u00a0: \u00ab\u00a0cesse d\u2019\u00eatre incr\u00e9dule et deviens un homme de foi\u00a0\u00bb (v. 27). C\u2019est ainsi que Thomas devient un mod\u00e8le pour tous les croyants quand il reconna\u00eet J\u00e9sus comme\u00a0: \u00ab\u00a0Mon Seigneur et mon Dieu\u00a0\u00bb (28). <\/i><\/span><\/span><\/p>\n<p align=\"JUSTIFY\"><span style=\"font-family: Century Gothic,sans-serif;\"><span style=\"font-size: small;\"><i>Enfin, dans la derni\u00e8re section (vv. 30-31), c\u2019est le narrateur qui prend la parole personnellement : il parle de son travail, des choix qu\u2019il a faits et du but qu\u2019il a poursuivi en r\u00e9digeant l\u2019Evangile : permettre au lecteur d\u2019affronter sa vie en mettant sa confiance en J\u00e9sus. C\u2019est cette foi, cette confiance en J\u00e9sus, qui nous permet d\u2019avoir, par lui, \u00ab la vie\u00a0\u00bb (v. 31).<\/i><\/span><\/span><\/p>\n<p align=\"JUSTIFY\"><span style=\"font-family: Century Gothic,sans-serif;\"><span style=\"font-size: small;\"><b>Lecture de l\u2019Evangile selon Jean (20,19-31)<\/b><\/span><\/span><\/p>\n<p align=\"JUSTIFY\"><sup> <span style=\"font-family: Century Gothic,sans-serif;\"><span style=\"font-size: small;\">19<\/span><\/span><\/sup><span style=\"font-family: Century Gothic,sans-serif;\"><span style=\"font-size: small;\"> C\u2019\u00e9tait le soir, ce premier jour de la semaine. Et les portes sont ferm\u00e9es \u00e0 cl\u00e9 &#8211; l\u00e0 o\u00f9 se trouvent les disciples &#8211; par peur des autorit\u00e9s juives. J\u00e9sus vient et se tient au milieu d\u2019eux. Il leur dit\u00a0: \u00ab\u00a0Paix \u00e0 vous\u00a0\u00bb. <sup>20<\/sup> Apr\u00e8s avoir dit cela, il leur montre ses mains et son c\u00f4t\u00e9. Les disciples sont remplis de joie en voyant le Seigneur. <\/span><\/span><\/p>\n<p align=\"JUSTIFY\"><span style=\"font-family: Century Gothic,sans-serif;\"><span style=\"font-size: small;\"><sup>21<\/sup> J\u00e9sus leur dit encore une fois: \u00ab\u00a0Paix \u00e0 vous. Comme le P\u00e8re m\u2019a envoy\u00e9 &#8211; action d\u00e9finitive -, moi aussi je vous envoie\u00a0\u00bb. <sup>22<\/sup> Apr\u00e8s avoir dit cela, il souffle sur eux et il leur dit: \u00ab\u00a0Recevez un souffle saint. <sup>23<\/sup> Ceux \u00e0 qui vous pardonnerez les fautes, elles leur seront pardonn\u00e9es, d\u00e9finitivement, par Dieu ; ceux \u00e0 qui vous les retiendrez, elles leur seront retenues\u00a0\u00bb.[\/one_fourth]<\/span><\/span><\/p>\n<p align=\"JUSTIFY\"><span style=\"font-family: Century Gothic,sans-serif;\"><span style=\"font-size: small;\">[one_fourth]<sup>24<\/sup> Cependant Thomas, l\u2019un des Douze, celui qui est appel\u00e9 Didyme ou Jumeau, n\u2019\u00e9tait pas avec eux, quand J\u00e9sus \u00e9tait venu. <sup>25<\/sup> Les autres disciples donc lui disent\u00a0: \u00ab\u00a0Nous avons vu le Seigneur\u00a0\u00bb. Mais Thomas leur dit\u00a0: \u00ab\u00a0Si je ne vois pas dans ses mains la marque des clous, si je ne mets pas mon doigt \u00e0 la place des clous et si je ne mets pas ma main dans son c\u00f4t\u00e9, je ne croirai pas\u00a0\u00bb.<\/span><\/span><\/p>\n<p align=\"JUSTIFY\"><span style=\"font-family: Century Gothic,sans-serif;\"><span style=\"font-size: small;\"><sup>26<\/sup> Et huit jours apr\u00e8s, ses disciples sont de nouveau \u00e0 l\u2019int\u00e9rieur et Thomas avec eux. J\u00e9sus vient &#8211; les portes ferm\u00e9es \u00e0 cl\u00e9 &#8211; il se tient au milieu d\u2019eux, il leur dit\u00a0: \u00ab\u00a0Paix \u00e0 vous\u00a0\u00bb. <sup>27<\/sup> Puis il dit \u00e0 Thomas\u00a0: \u00ab\u00a0Porte ton doigt ici. Et vois mes mains ; porte ta main et mets-la dans mon c\u00f4t\u00e9, et cesse d\u2019\u00eatre incr\u00e9dule et deviens un homme de foi\u00a0\u00bb. <sup>28<\/sup> Thomas r\u00e9pond et lui dit\u00a0: \u00ab\u00a0Mon Seigneur et mon Dieu\u00a0\u00bb. <sup>29<\/sup> J\u00e9sus lui dit\u00a0: \u00ab\u00a0Tu crois parce que tu m\u2019as vu. Heureux et en marche ceux qui croient sans avoir vu\u00a0\u00bb.<\/span><\/span><\/p>\n<p align=\"JUSTIFY\"><span style=\"font-family: Century Gothic,sans-serif;\"><span style=\"font-size: small;\"><sup>30<\/sup> En pr\u00e9sence de ses disciples, J\u00e9sus a fait beaucoup d\u2019autres signes, qui n\u2019ont pas \u00e9t\u00e9 \u00e9crits dans ce livre. <sup>31<\/sup> Ceux-ci ont \u00e9t\u00e9 mis par \u00e9crit, pour que vous croyiez que J\u00e9sus est le Christ, le Fils de Dieu. Alors, si vous croyez, vous aurez la vie par lui.<\/span><\/span><\/p>\n<p align=\"JUSTIFY\"><span style=\"font-family: Century Gothic,sans-serif;\"><span style=\"font-size: small; background-color: yellow;\">Pri\u00e8re d\u2019ouverture<\/span><\/span><br \/>\n<span style=\"font-family: Century Gothic,sans-serif;\"><span style=\"font-size: small;\">Seigneur crucifi\u00e9 et ressuscit\u00e9,<br \/>\napprends-nous \u00e0 affronter<br \/>\nles luttes de la vie quotidienne<br \/>\nafin que nous vivions<br \/>\ndans une plus grande pl\u00e9nitude.<br \/>\nTu as humblement et patiemment accueilli<br \/>\nles \u00e9checs de la vie humaine,<br \/>\ncomme les souffrances de ta crucifixion.<br \/>\nAlors les peines et les luttes<br \/>\nque nous apporte chaque journ\u00e9e,<br \/>\naide-nous \u00e0 les vivre<br \/>\ncomme des occasions de grandir<br \/>\net de mieux te ressembler.<br \/>\nRends-nous capables de les\u00a0 affronter<br \/>\npleins de confiance dans ton soutien<br \/>\n<\/span><\/span><sup><span style=\"font-family: Century Gothic,sans-serif;\"><span style=\"font-size: small;\"><a href=\"#sdfootnote6sym\" name=\"sdfootnote6anc\"><sup>6<\/sup><\/a><\/span><\/span><\/sup><span style=\"font-family: Century Gothic,sans-serif;\"><span style=\"font-size: small;\">. [M\u00e8re Teresa de Calcutta\u00a0: 1910-1997] <\/span><\/span><\/p>\n<p>[\/one_fourth]<\/p>\n<p>[one_fourth]<span style=\"background-color: yellow;\">Pri\u00e8re finale<\/span><br \/>\nQue tu sois\u00a0 aussi pour nous, Seigneur, P\u00e2ques,<br \/>\nviens et entre dans nos maisons et \u00e9glises ferm\u00e9es,<br \/>\nferm\u00e9es parce que nous\u00a0 avons peur, tous et de tout\u00a0:<br \/>\npeur de croire, peur de ne pas croire,<br \/>\npeur d\u2019\u00eatre libres.<br \/>\nComme la tentation de\u00a0 nous barricader<br \/>\ndans des anciennes palissades et des traditions ancestrales<br \/>\nest toujours grande,<br \/>\nviens et d\u00e9truis\u00a0 les portes de nos c\u0153urs\u00a0:<br \/>\nla m\u00e9fiance et les nombreux soup\u00e7ons.<br \/>\nEt cela surtout parmi ceux et celles qui se\u00a0 professent<br \/>\ncroyants et croyantes<sup><span style=\"font-family: Century Gothic,sans-serif;\"><span style=\"font-size: small;\"><a href=\"#sdfootnote7sym\" name=\"sdfootnote7anc\"><sup>7<\/sup><\/a><\/span><\/span><\/sup><span style=\"font-family: Century Gothic,sans-serif;\"><span style=\"font-size: small;\">.<br \/>\n[David Maria Turoldo, Italie\u00a0: 1916-1992]<\/span><\/span><\/p>\n<p>&#8212;&#8212;&#8212;&#8212;&#8212;&#8212;&#8212;&#8211;<\/p>\n<p align=\"JUSTIFY\"><span style=\"font-family: Century Gothic,sans-serif;\"><span style=\"font-size: small;\"><a href=\"#sdfootnote3anc\" name=\"sdfootnote3sym\">3<\/a> Cf. J. Zumstein, <i>L\u2019Evangile selon saint Jean (13-21)<\/i>,<br \/>\nLabor et fides, Gen\u00e8ve, 2007, p. 284.<\/span><\/span><\/p>\n<p align=\"JUSTIFY\"><a href=\"#sdfootnote4anc\" name=\"sdfootnote4sym\">4<\/a> <span style=\"font-family: Century Gothic,sans-serif;\"><span style=\"font-size: small;\">Ibid., p. 286.<\/span><\/span><\/p>\n<p align=\"JUSTIFY\"><span style=\"font-family: Century Gothic,sans-serif;\"><span style=\"font-size: small;\"><a href=\"#sdfootnote5anc\" name=\"sdfootnote5sym\">5<\/a> Ibid., p. 290.<\/span><\/span><\/p>\n<div id=\"sdfootnote5\">\n<div id=\"sdfootnote6\">\n<p align=\"JUSTIFY\"><span style=\"font-family: Century Gothic,sans-serif;\"><span style=\"font-size: small;\"><a href=\"#sdfootnote6anc\" name=\"sdfootnote6sym\">6<\/a> <i>Le grand livre des pri\u00e8res. Textes choisis et pr\u00e9sent\u00e9s par <\/i><br \/>\nC. Florence et la r\u00e9daction de Prier, avec la collaboration de<br \/>\nM. Siemek, Prier &#8211; Descl\u00e9e de Brouwer, Paris 2010, p. 287.<\/span><\/span><\/p>\n<\/div>\n<div id=\"sdfootnote7\">\n<p align=\"JUSTIFY\"><span style=\"font-family: Century Gothic,sans-serif;\"><span style=\"font-size: small;\"><a href=\"#sdfootnote7anc\" name=\"sdfootnote7sym\">7<\/a> D. M. Turoldo &#8211; G. Ravasi, <i>\u00ab Convertitevi e credete al vangelo \u00bb,<br \/>\nTempo di quaresima, triduo pasquale, tempo di Pasqua.<br \/>\nCommento alle letture liturgiche<\/i>, San Paolo, Cinisello Balsamo, 2003, p. 213s.<\/span><\/span><\/p>\n<\/div>\n<p><a href=\"http:\/\/absi.ch\/new\/wp-content\/uploads\/2014\/04\/Eucharistie_27avril2014.pdf\" target=\"_blank\"><em>&gt; scarica il testo in pdf<\/em><\/a><\/p>\n<p><em><a href=\"http:\/\/absi.ch\/new\/lectures-pour-lafrique-et-toute-la-terre\/\">&gt;\u00a0 torna &#8220;Lectures pour l&#8217;Afrique &#8230;&#8221;<\/a><\/em><\/p>\n<p><a href=\"http:\/\/absi.ch\/new\/formazione-biblica-2\/\"><em>&gt; torna a &#8220;Formazione biblica&#8221;<\/em><\/a><\/p>\n<\/div>\n<p>[\/one_fourth][\/layout_group][\/layout]<\/p>\n<div id=\"themify_builder_content-1850\" data-postid=\"1850\" class=\"themify_builder_content themify_builder_content-1850 themify_builder\">\n    <\/div>\n<!-- \/themify_builder_content -->\n","protected":false},"excerpt":{"rendered":"<p>[layout][layout_group][one_fourth]eux (Is 48,20). Quant au po\u00e8te du psaume, dans son exp\u00e9rience de Dieu qui le lib\u00e8re de la mort, il se sent solidaire avec ceux et celles qui ont \u00e9t\u00e9 lib\u00e9r\u00e9(e)s de l\u2019esclavage \u00e9gyptien et aussi des exil\u00e9(e)s et des d\u00e9plac\u00e9(e)s \u00e0 Babylone et ailleurs. Enfin, dans la partie suivante du psaume, une partie que [&hellip;]<\/p>\n","protected":false},"author":1,"featured_media":0,"parent":0,"menu_order":0,"comment_status":"closed","ping_status":"open","template":"","meta":{"footnotes":""},"class_list":["post-1850","page","type-page","status-publish","hentry","has-post-title","no-post-date","has-post-category","has-post-tag","has-post-comment","has-post-author",""],"builder_content":"","_links":{"self":[{"href":"https:\/\/absi.ch\/new\/wp-json\/wp\/v2\/pages\/1850","targetHints":{"allow":["GET"]}}],"collection":[{"href":"https:\/\/absi.ch\/new\/wp-json\/wp\/v2\/pages"}],"about":[{"href":"https:\/\/absi.ch\/new\/wp-json\/wp\/v2\/types\/page"}],"author":[{"embeddable":true,"href":"https:\/\/absi.ch\/new\/wp-json\/wp\/v2\/users\/1"}],"replies":[{"embeddable":true,"href":"https:\/\/absi.ch\/new\/wp-json\/wp\/v2\/comments?post=1850"}],"version-history":[{"count":18,"href":"https:\/\/absi.ch\/new\/wp-json\/wp\/v2\/pages\/1850\/revisions"}],"predecessor-version":[{"id":1868,"href":"https:\/\/absi.ch\/new\/wp-json\/wp\/v2\/pages\/1850\/revisions\/1868"}],"wp:attachment":[{"href":"https:\/\/absi.ch\/new\/wp-json\/wp\/v2\/media?parent=1850"}],"curies":[{"name":"wp","href":"https:\/\/api.w.org\/{rel}","templated":true}]}}