{"id":19777,"date":"2026-01-14T17:12:20","date_gmt":"2026-01-14T16:12:20","guid":{"rendered":"https:\/\/absi.ch\/new\/?page_id=19777"},"modified":"2026-01-14T22:11:23","modified_gmt":"2026-01-14T21:11:23","slug":"lectures-pour-lafrique-et-toute-la-terre-2025","status":"publish","type":"page","link":"https:\/\/absi.ch\/new\/lectures-pour-lafrique-et-toute-la-terre-2025\/","title":{"rendered":"Lectures pour l\u2019Afrique et \u2026 toute la Terre \u2013 2025"},"content":{"rendered":"<div id=\"themify_builder_content-19777\" data-postid=\"19777\" class=\"themify_builder_content themify_builder_content-19777 themify_builder\">\n    \t<!-- module_row -->\n\t<div  class=\"themify_builder_row module_row clearfix module_row_1 themify_builder_19777_row module_row_19777-1 tb_2zdu426\">\n\t    \t    <div class=\"row_inner col_align_top\" >\n\t\t\t<div  class=\"module_column tb-column col-full first tb_19777_column module_column_0 module_column_19777-1-0 tb_st28427\">\n\t    \t    \t        <div class=\"tb-column-inner\">\n\t\t    <!-- module text -->\n<div  class=\"module module-text tb_lw3h432    \">\n            <div  class=\"tb_text_wrap\">\n    <p><br \/>di Renzo Petraglio<br \/><br \/><a href=\"https:\/\/absi.ch\/new\/wp-content\/uploads\/2025\/01\/Schermata-2025-01-05-alle-02.09.29.png\"><img loading=\"lazy\" decoding=\"async\" class=\"alignnone  wp-image-19196\" src=\"https:\/\/absi.ch\/new\/wp-content\/uploads\/2025\/01\/Schermata-2025-01-05-alle-02.09.29.png\" alt=\"\" width=\"499\" height=\"504\" srcset=\"https:\/\/absi.ch\/new\/wp-content\/uploads\/2025\/01\/Schermata-2025-01-05-alle-02.09.29.png 787w, https:\/\/absi.ch\/new\/wp-content\/uploads\/2025\/01\/Schermata-2025-01-05-alle-02.09.29-297x300.png 297w, https:\/\/absi.ch\/new\/wp-content\/uploads\/2025\/01\/Schermata-2025-01-05-alle-02.09.29-768x776.png 768w, https:\/\/absi.ch\/new\/wp-content\/uploads\/2025\/01\/Schermata-2025-01-05-alle-02.09.29-200x202.png 200w, https:\/\/absi.ch\/new\/wp-content\/uploads\/2025\/01\/Schermata-2025-01-05-alle-02.09.29-978x987.png 978w\" sizes=\"auto, (max-width: 499px) 100vw, 499px\" \/><\/a><\/p>\n<p>\u00a0<\/p>\n<ul>\n<li>28 d\u00e9cember 2025<br \/><strong><a href=\"https:\/\/absi.ch\/new\/2025\/12\/eucharistie-28-decembre-2025\/\">La<\/a><a href=\"https:\/\/absi.ch\/new\/2025\/12\/eucharistie-28-decembre-2025\/\"> famille de Nazareth et nos familles<\/a><br \/><\/strong><\/li>\n<li>25 d\u00e9cember 2025<br \/><a href=\"https:\/\/absi.ch\/new\/2025\/12\/eucharistie-25-decembre-2025\/\"><strong>\u00ab\u00a0Nous avons tous \u00e9t\u00e9 remplis de son amour\u00a0\u00bb (<em>Jean<\/em> 1,16)<\/strong> <\/a><\/li>\n<li>21 d\u00e9cember 2025<br \/><a href=\"https:\/\/absi.ch\/new\/2025\/12\/eucharistie-21-decembre-2025\/\"><strong>\u00catre juste et s\u2019ouvrir \u00e0 Dieu<\/strong><\/a><\/li>\n<li>14 d\u00e9cembre 2025<br \/><a href=\"https:\/\/absi.ch\/new\/2025\/12\/eucharistie-14-decembre-2025\/\"><strong>J\u00e9sus est venu. Comment attendre<\/strong> son retour ?<\/a><\/li>\n<li>8 d\u00e9cembre 2025<br \/><a href=\"https:\/\/absi.ch\/new\/2025\/12\/eucharistie-8-decembre-2025\/\"><strong>Immacul\u00e9e Conception de la Vierge Marie \u2013 Solennit\u00e9<\/strong><\/a><\/li>\n<li>7 novembre 2025<br \/><a href=\"https:\/\/absi.ch\/new\/2025\/12\/eucharistie-7-decembre-2025\/\"><strong>\u00ab\u00a0Pr\u00e9parez le chemin du Seigneur\u00a0\u00bb (<em>Matthieu<\/em> 3,3)<\/strong><\/a><\/li>\n<li>30 novembre 2025<br \/><a href=\"https:\/\/absi.ch\/new\/2025\/11\/eucharistie-30-novembre-2025\/\"><strong>Le Fils de l\u2019homme va retourner : soyons pr\u00e9par\u00e9(e)s<\/strong><\/a><\/li>\n<li>23 novembre 2025<br \/><a href=\"https:\/\/absi.ch\/new\/2025\/11\/eucharistie-23-novembre-2025\/\"><strong>\u00ab\u00a0Il nous a fait passer dans le royaume du Fils de son amour\u00a0\u00bb (<em>Col<\/em> 1,13<\/strong><\/a><\/li>\n<li>16 novembre 2025<br \/><a href=\"https:\/\/absi.ch\/new\/2025\/11\/eucharistie-16-novembre-2025\/\">33<sup>\u00e8me<\/sup> dimanche du Temps Ordinaire<\/a><\/li>\n<li>9 novembre 2025<br \/><a href=\"https:\/\/absi.ch\/new\/2025\/11\/eucharistie-9-novembre-2025\/\"><strong>\u00ab De\u0301dicace de la Basilique du Latran \u00bb<\/strong><\/a><\/li>\n<li>2 novembre 2025<br \/><a href=\"https:\/\/absi.ch\/new\/2025\/10\/eucharistie-2-novembre-2025\/\"><strong><span lang=\"en-US\">Comm\u00e9moration de tous les fid\u00e8les d\u00e9funts<\/span><\/strong><\/a><\/li>\n<li>26 octobre 2025<br \/><a href=\"https:\/\/absi.ch\/new\/2025\/10\/eucharistie-26-octobre-2025\/\"><strong>La pri\u00e8re du pauvre, la pri\u00e8re de ceux qui ont le c\u0153ur bris\u00e9 \u2026 et notre pri\u00e8re<\/strong><\/a><\/li>\n<li>19 octobre 2025<br \/><a href=\"https:\/\/absi.ch\/new\/2025\/10\/eucharistie-19-octobre-2024\/\"><strong>La constance dans la pri\u00e8re<\/strong><\/a><\/li>\n<li>12 octobre 2025<br \/><a href=\"https:\/\/absi.ch\/new\/2025\/10\/eucharistie-12-octobre-2025\/\"><b><span lang=\"FR\">Des rencontres qui peuvent tout changer<\/span><\/b><\/a><\/li>\n<li>5 octobre 2025<br \/><a href=\"https:\/\/absi.ch\/new\/2025\/10\/eucharistie-5-octobre-2025\/\"><strong><span lang=\"FR-CH\">Aujourd\u2019hui, si vous \u00e9coutiez sa voix\u2026\u00a0\u00bb (<i>Ps<\/i> 95,7)<\/span><\/strong><\/a><\/li>\n<li>28 septembre 2025<br \/><a href=\"https:\/\/absi.ch\/new\/2025\/09\/eucharistie-28-septembre-2025\/\"><b><span lang=\"FR\">La richesse ne dure pas<\/span><\/b><\/a><\/li>\n<li>21 septembre 2025<br \/><a href=\"https:\/\/absi.ch\/new\/2025\/09\/eucharistie-21-septembre-2025\/\"><b><span lang=\"FR\">\u00ab Vous ne pouvez pas servir Dieu et l\u2019argent \u00bb (<i>Luc<\/i> 16,13)<\/span><\/b><\/a><\/li>\n<li>14 septembre 2025<br \/><a href=\"https:\/\/absi.ch\/new\/2025\/09\/eucharistie-14-septembre-2025\/\"><strong>La Croix glorieuse<\/strong><\/a><\/li>\n<li>7 septembre 2025<br \/><a href=\"https:\/\/absi.ch\/new\/2025\/09\/eucharistie-7-septembre-2025\/\"><strong>R\u00e9fl\u00e9chir, d\u00e9cider, suivre\u2026<\/strong><\/a><\/li>\n<li>31 ao\u00fbt 2025<br \/><a href=\"https:\/\/absi.ch\/new\/2025\/08\/eucharistie-31-aout-2025\/\"><strong>\u00ab\u00a0Sois humble, conscient de tes limites\u00a0\u00bb (<em>Si<\/em> 3,18)<\/strong><\/a><\/li>\n<li>24 ao\u00fbt 2025<br \/><a href=\"https:\/\/absi.ch\/new\/2025\/08\/eucharistie-24-aout-2025\/\"><strong>\u00ab\u00a0Son amour envers nous est le plus fort \u00bb (<em>Psaume<\/em> 117,2)<\/strong><\/a><\/li>\n<li>17 ao\u00fbt 2025<br \/><a href=\"https:\/\/absi.ch\/new\/2025\/08\/eucharistie-17-aout-2025\/\"><strong>Rester fid\u00e8les et confiant(e)s m\u00eame dans les \u00e9preuves<\/strong><\/a><\/li>\n<li>15 ao\u00fbt 2025<br \/><a href=\"https:\/\/absi.ch\/new\/2025\/08\/eucharistie-15-aout-2025\/\"><strong>L\u2019Assomption de Marie\u00a0: un signe pour l\u2019avenir des croyants<\/strong><\/a><\/li>\n<li>10 ao\u00fbt 2025<br \/><a href=\"https:\/\/absi.ch\/new\/2025\/08\/eucharistie-10-aout-2025\/\"><strong>Travaillons, le regard tendu vers l\u2019avenir de Dieu<\/strong><\/a><\/li>\n<li>3 ao\u00fbt 2025<br \/><a href=\"https:\/\/absi.ch\/new\/2025\/08\/eucharistie-3-aout-2025\/\"><strong>Dieu nous aide \u00e0 d\u00e9couvrir le vrai sens de notre vie<\/strong><\/a><\/li>\n<li>27 juillet 2025<br \/><a href=\"https:\/\/absi.ch\/new\/2025\/07\/eucharistie-27-juillet-2025\/\"><strong>\u00ab\u00a0Le jour o\u00f9 je t\u2019ai appel\u00e9, tu m\u2019as r\u00e9pondu\u00a0\u00bb (<em>Psaume<\/em> 138,3)<\/strong><\/a><\/li>\n<li>20 juillet 2025<br \/><a href=\"https:\/\/absi.ch\/new\/2025\/07\/eucharistie-20-juillet-2025\/\"><strong>\u00ab Marie, s\u2019\u00e9tant assise aux pies du Seigneur, \u00e9coutait sa parole \u00bb (<em>Luc<\/em> 10,39)<\/strong><\/a><\/li>\n<li>13 juillet 2025<br \/><a href=\"https:\/\/absi.ch\/new\/2025\/07\/eucharistie-13-juillet-2025\/\"><strong>\u00ab\u00a0Le voyant, il fut pris aux entrailles\u00a0\u00bb (<em>Luc<\/em> 10,33)<\/strong><\/a><\/li>\n<li>6 juillet 2025<br \/><a href=\"https:\/\/absi.ch\/new\/2025\/07\/eucharistie-6-juillet-2025\/\"><strong>Un don, une surprise inconcevable<\/strong><\/a><\/li>\n<li>29 juin 2025<br \/><a href=\"https:\/\/absi.ch\/new\/2025\/06\/eucharistie-29-juin-2025\/\"><strong>Saints Pierre et Paul<\/strong><\/a><\/li>\n<li>19 juin 2025<br \/><a href=\"https:\/\/absi.ch\/new\/2025\/06\/eucharistie-19-juin-2022\/\"><strong>\u00ab Ils regarderont vers moi, <\/strong><strong>celui qu\u2019ils ont transperc\u00e9\u00a0\u00bb (<em>Za<\/em> 12,10)<\/strong><\/a><\/li>\n<li>1 juin 2025<br \/><a href=\"https:\/\/absi.ch\/new\/2025\/06\/eucharistie-1-juin-2025\/\"><strong>\u00ab\u00a0Qu\u2019eux aussi soient en nous\u00a0\u00bb (<em>Jean<\/em> 17,21)<\/strong><\/a><\/li>\n<li>25\/29 Mai 2025<br \/><a href=\"https:\/\/absi.ch\/new\/2025\/05\/eucharistie-25-mai-2025\/\"><strong>Faisant route vers le ciel, faisant route avec les hommes<\/strong><\/a><\/li>\n<li>18 mai 2025<br \/><a href=\"https:\/\/absi.ch\/new\/2025\/05\/eucharistie-18-mai-2025\/\"><strong>Une paix \u00ab\u00a0non \u00e0 la mani\u00e8re du monde\u00a0\u00bb (<em>Jean <\/em>14,27)<\/strong><\/a><\/li>\n<li>11 mai 2025<br \/><span style=\"text-decoration: underline;\"><strong><a href=\"https:\/\/absi.ch\/new\/2025\/05\/eucharistie-11-mai-2025\/\">\u00ab\u00a0Nous sommes son peuple, le troupeau dont il est le berger \u00bb (<em>Psaume<\/em> 100,3)<\/a><\/strong><\/span><\/li>\n<li>4 mai 2025<br \/><a href=\"https:\/\/absi.ch\/new\/2025\/05\/eucharistie-4-mai-2025\/\"><strong>\u00ab\u00a0Je t\u2019exalte, Yahv\u00e9h, car tu m\u2019as remis debout \u00bb (<em>Psaume<\/em> 30,2)<\/strong><\/a><\/li>\n<li>27 avril 2025<br \/><a href=\"https:\/\/absi.ch\/new\/2025\/04\/eucharistie-27-avril-2025\/\"><strong>J\u00e9sus est vivant et il reste avec nous<\/strong><\/a><\/li>\n<li>20 avril 2025<br \/><a href=\"https:\/\/absi.ch\/new\/2025\/04\/paques-20-avril-2025\/\"><strong>\u00ab\u00a0Dieu vous a ressuscit\u00e9s avec le Christ\u00a0\u00bb (<em>Colossiens<\/em> 3,1)<\/strong><\/a><\/li>\n<li>13 avril 2025<br \/><a href=\"https:\/\/absi.ch\/new\/2025\/04\/eucharistie-13-avril-2025\/\"><strong>Dimanche des Rameaux et de la Passion du Seigneur<\/strong><\/a><\/li>\n<li>6 avril 2025<br \/><a href=\"https:\/\/absi.ch\/new\/2025\/04\/eucharistie-6-avril-2025\/\"><strong>\u00ab\u00a0Voici\u00a0: moi je fais une [chose] nouvelle, elle bourgeonne maintenant\u00a0\u00bb (<em>Isa\u00efe<\/em> 43,19)<\/strong><\/a><\/li>\n<li>30 mars 2025<br \/><a href=\"https:\/\/absi.ch\/new\/2025\/03\/eucharistie-30-mars-2025\/\"><strong>Nous \u00e9tions perdu(e)s et il nous a retrouv\u00e9(e)s<\/strong><\/a><\/li>\n<li>23 mars 2025<br \/><a href=\"https:\/\/absi.ch\/new\/2025\/03\/eucharistie-23-mars-2025\/\"><strong>Dieu nous est proche\u2026 d\u2019une fa\u00e7on toujours surprenante<\/strong><\/a><\/li>\n<li>9 mars 2025<br \/><a href=\"https:\/\/absi.ch\/new\/2025\/03\/eucharistie-9-mars-2025\/\"><strong>\u00ab Mon Dieu en qui je mets ma confiance \u00bb (<em>Psaume<\/em> 91,2)<\/strong><\/a><\/li>\n<li>2 mars 2025<br \/><a href=\"https:\/\/absi.ch\/new\/2025\/03\/eucharistie-2-mars-2025\/\"><strong>\u00ab\u00a0L\u2019homme bon, du bon tr\u00e9sor de son c\u0153ur, fait sortir de bonnes choses\u00a0\u00bb (<em>Luc<\/em> 6,45)<\/strong><\/a><\/li>\n<li>23 f\u00e9vrier 2025<br \/><a href=\"https:\/\/absi.ch\/new\/2025\/02\/eucharistie-23-fevrier-2025\/\"><strong>\u00ab Soyez mise\u0301ricordieux comme aussi votre Pe\u0300re est mise\u0301ricordieux \u00bb (Luc 6,36)<\/strong><\/a><\/li>\n<li>16 f\u00e9vrier 2025<br \/><a href=\"https:\/\/absi.ch\/new\/2025\/02\/eucharistie-16-fevrier-2025\/\"><strong>\u00ab Heureux et en marche, vous les pauvres, car le Royaume de Dieu est \u00e0 vous ! \u00bb <br \/>(<em>Luc<\/em> 6,20)<\/strong><\/a><\/li>\n<li>9 f\u00e9vrier 2025<br \/><a href=\"https:\/\/absi.ch\/new\/2025\/02\/eucharistie-9-fevrier-2025\/\"><strong>Dieu nous rejoint\u2026 \u00e0 travers des personnes faibles<\/strong><\/a><\/li>\n<li>2 f\u00e9vrier 2025<br \/><a href=\"https:\/\/absi.ch\/new\/2025\/02\/eucharistie-2-fevrier-2025\/\"><strong>Pre\u0301sentation du Seigneur au Temple<\/strong><\/a><\/li>\n<li>26 janvier 2025<br \/><a href=\"https:\/\/absi.ch\/new\/2025\/01\/eucharistie-26-janvier-2025\/\"><strong>\u00ab\u00a0Aujourd\u2019hui, cette \u00c9criture a \u00e9t\u00e9 d\u00e9finitivement accomplie\u00a0\u00bb (<em>Luc<\/em> 4,21)<\/strong><\/a><\/li>\n<li>19 janvier 2025<br \/><a href=\"https:\/\/absi.ch\/new\/2025\/01\/eucharistie-19-janvier-2025\/\"><strong>\u00ab\u00a0Tu feras la joie de ton Dieu\u00a0\u00bb (<em>Isa\u00efe<\/em> 62,5)<\/strong><\/a><\/li>\n<li>12 janvier 2025<br \/><a href=\"https:\/\/absi.ch\/new\/2025\/01\/eucharistie-12-janvier-2025\/\"><strong>Gr\u00e2ce \u00e0 l\u2019Esprit, se d\u00e9couvrir filles et fils de Dieu<\/strong><\/a><\/li>\n<li>6 janvier 2025<br \/><a href=\"https:\/\/absi.ch\/new\/2025\/01\/eucharistie-6-janvier-2025\/\"><strong>\u00c9piphanie\u00a0: \u00e0 la d\u00e9couverte d\u2019un roi surprenant<\/strong><\/a><\/li>\n<li>5 janvier 2025<br \/><a href=\"https:\/\/absi.ch\/new\/2025\/01\/eucaristia-5-gennaio-2025\/\"><strong>La sapienza e la Parola<\/strong><\/a><\/li>\n<\/ul>\n<p>\u00a0<\/p>\n<p>\u00a0<\/p>    <\/div>\n<\/div>\n<!-- \/module text -->\n\t        <\/div>\n\t    \t<\/div>\n\t\t    <\/div>\n\t    <!-- \/row_inner -->\n\t<\/div>\n\t<!-- \/module_row -->\n\t<\/div>\n\n","protected":false},"excerpt":{"rendered":"<p>di Renzo Petraglio \u00a0 28 d\u00e9cember 2025La famille de Nazareth et nos familles 25 d\u00e9cember 2025\u00ab\u00a0Nous avons tous \u00e9t\u00e9 remplis de son amour\u00a0\u00bb (Jean 1,16) 21 d\u00e9cember 2025\u00catre juste et s\u2019ouvrir \u00e0 Dieu 14 d\u00e9cembre 2025J\u00e9sus est venu. Comment attendre son retour ? 8 d\u00e9cembre 2025Immacul\u00e9e Conception de la Vierge Marie \u2013 Solennit\u00e9 7 novembre [&hellip;]<\/p>\n","protected":false},"author":1,"featured_media":0,"parent":0,"menu_order":0,"comment_status":"closed","ping_status":"closed","template":"","meta":{"footnotes":""},"class_list":["post-19777","page","type-page","status-publish","hentry","has-post-title","no-post-date","has-post-category","has-post-tag","has-post-comment","has-post-author",""],"builder_content":"<p><br \/>di Renzo Petraglio<br \/><br \/><a href=\"https:\/\/absi.ch\/new\/wp-content\/uploads\/2025\/01\/Schermata-2025-01-05-alle-02.09.29.png\"><img loading=\"lazy\" decoding=\"async\" src=\"https:\/\/absi.ch\/new\/wp-content\/uploads\/2025\/01\/Schermata-2025-01-05-alle-02.09.29.png\" alt=\"\" width=\"499\" height=\"504\" srcset=\"https:\/\/absi.ch\/new\/wp-content\/uploads\/2025\/01\/Schermata-2025-01-05-alle-02.09.29.png 787w, https:\/\/absi.ch\/new\/wp-content\/uploads\/2025\/01\/Schermata-2025-01-05-alle-02.09.29-297x300.png 297w, https:\/\/absi.ch\/new\/wp-content\/uploads\/2025\/01\/Schermata-2025-01-05-alle-02.09.29-768x776.png 768w, https:\/\/absi.ch\/new\/wp-content\/uploads\/2025\/01\/Schermata-2025-01-05-alle-02.09.29-200x202.png 200w, https:\/\/absi.ch\/new\/wp-content\/uploads\/2025\/01\/Schermata-2025-01-05-alle-02.09.29-978x987.png 978w\" sizes=\"auto, (max-width: 499px) 100vw, 499px\" \/><\/a><\/p> <p>\u00a0<\/p> <ul> <li>28 d\u00e9cember 2025<br \/><strong><a href=\"https:\/\/absi.ch\/new\/2025\/12\/eucharistie-28-decembre-2025\/\">La<\/a><a href=\"https:\/\/absi.ch\/new\/2025\/12\/eucharistie-28-decembre-2025\/\"> famille de Nazareth et nos familles<\/a><br \/><\/strong><\/li> <li>25 d\u00e9cember 2025<br \/><a href=\"https:\/\/absi.ch\/new\/2025\/12\/eucharistie-25-decembre-2025\/\"><strong>\u00ab\u00a0Nous avons tous \u00e9t\u00e9 remplis de son amour\u00a0\u00bb (<em>Jean<\/em> 1,16)<\/strong> <\/a><\/li> <li>21 d\u00e9cember 2025<br \/><a href=\"https:\/\/absi.ch\/new\/2025\/12\/eucharistie-21-decembre-2025\/\"><strong>\u00catre juste et s\u2019ouvrir \u00e0 Dieu<\/strong><\/a><\/li> <li>14 d\u00e9cembre 2025<br \/><a href=\"https:\/\/absi.ch\/new\/2025\/12\/eucharistie-14-decembre-2025\/\"><strong>J\u00e9sus est venu. Comment attendre<\/strong> son retour ?<\/a><\/li> <li>8 d\u00e9cembre 2025<br \/><a href=\"https:\/\/absi.ch\/new\/2025\/12\/eucharistie-8-decembre-2025\/\"><strong>Immacul\u00e9e Conception de la Vierge Marie \u2013 Solennit\u00e9<\/strong><\/a><\/li> <li>7 novembre 2025<br \/><a href=\"https:\/\/absi.ch\/new\/2025\/12\/eucharistie-7-decembre-2025\/\"><strong>\u00ab\u00a0Pr\u00e9parez le chemin du Seigneur\u00a0\u00bb (<em>Matthieu<\/em> 3,3)<\/strong><\/a><\/li> <li>30 novembre 2025<br \/><a href=\"https:\/\/absi.ch\/new\/2025\/11\/eucharistie-30-novembre-2025\/\"><strong>Le Fils de l\u2019homme va retourner : soyons pr\u00e9par\u00e9(e)s<\/strong><\/a><\/li> <li>23 novembre 2025<br \/><a href=\"https:\/\/absi.ch\/new\/2025\/11\/eucharistie-23-novembre-2025\/\"><strong>\u00ab\u00a0Il nous a fait passer dans le royaume du Fils de son amour\u00a0\u00bb (<em>Col<\/em> 1,13<\/strong><\/a><\/li> <li>16 novembre 2025<br \/><a href=\"https:\/\/absi.ch\/new\/2025\/11\/eucharistie-16-novembre-2025\/\">33<sup>\u00e8me<\/sup> dimanche du Temps Ordinaire<\/a><\/li> <li>9 novembre 2025<br \/><a href=\"https:\/\/absi.ch\/new\/2025\/11\/eucharistie-9-novembre-2025\/\"><strong>\u00ab De\u0301dicace de la Basilique du Latran \u00bb<\/strong><\/a><\/li> <li>2 novembre 2025<br \/><a href=\"https:\/\/absi.ch\/new\/2025\/10\/eucharistie-2-novembre-2025\/\"><strong>Comm\u00e9moration de tous les fid\u00e8les d\u00e9funts<\/strong><\/a><\/li> <li>26 octobre 2025<br \/><a href=\"https:\/\/absi.ch\/new\/2025\/10\/eucharistie-26-octobre-2025\/\"><strong>La pri\u00e8re du pauvre, la pri\u00e8re de ceux qui ont le c\u0153ur bris\u00e9 \u2026 et notre pri\u00e8re<\/strong><\/a><\/li> <li>19 octobre 2025<br \/><a href=\"https:\/\/absi.ch\/new\/2025\/10\/eucharistie-19-octobre-2024\/\"><strong>La constance dans la pri\u00e8re<\/strong><\/a><\/li> <li>12 octobre 2025<br \/><a href=\"https:\/\/absi.ch\/new\/2025\/10\/eucharistie-12-octobre-2025\/\"><b>Des rencontres qui peuvent tout changer<\/b><\/a><\/li> <li>5 octobre 2025<br \/><a href=\"https:\/\/absi.ch\/new\/2025\/10\/eucharistie-5-octobre-2025\/\"><strong>Aujourd\u2019hui, si vous \u00e9coutiez sa voix\u2026\u00a0\u00bb (<i>Ps<\/i> 95,7)<\/strong><\/a><\/li> <li>28 septembre 2025<br \/><a href=\"https:\/\/absi.ch\/new\/2025\/09\/eucharistie-28-septembre-2025\/\"><b>La richesse ne dure pas<\/b><\/a><\/li> <li>21 septembre 2025<br \/><a href=\"https:\/\/absi.ch\/new\/2025\/09\/eucharistie-21-septembre-2025\/\"><b>\u00ab Vous ne pouvez pas servir Dieu et l\u2019argent \u00bb (<i>Luc<\/i> 16,13)<\/b><\/a><\/li> <li>14 septembre 2025<br \/><a href=\"https:\/\/absi.ch\/new\/2025\/09\/eucharistie-14-septembre-2025\/\"><strong>La Croix glorieuse<\/strong><\/a><\/li> <li>7 septembre 2025<br \/><a href=\"https:\/\/absi.ch\/new\/2025\/09\/eucharistie-7-septembre-2025\/\"><strong>R\u00e9fl\u00e9chir, d\u00e9cider, suivre\u2026<\/strong><\/a><\/li> <li>31 ao\u00fbt 2025<br \/><a href=\"https:\/\/absi.ch\/new\/2025\/08\/eucharistie-31-aout-2025\/\"><strong>\u00ab\u00a0Sois humble, conscient de tes limites\u00a0\u00bb (<em>Si<\/em> 3,18)<\/strong><\/a><\/li> <li>24 ao\u00fbt 2025<br \/><a href=\"https:\/\/absi.ch\/new\/2025\/08\/eucharistie-24-aout-2025\/\"><strong>\u00ab\u00a0Son amour envers nous est le plus fort \u00bb (<em>Psaume<\/em> 117,2)<\/strong><\/a><\/li> <li>17 ao\u00fbt 2025<br \/><a href=\"https:\/\/absi.ch\/new\/2025\/08\/eucharistie-17-aout-2025\/\"><strong>Rester fid\u00e8les et confiant(e)s m\u00eame dans les \u00e9preuves<\/strong><\/a><\/li> <li>15 ao\u00fbt 2025<br \/><a href=\"https:\/\/absi.ch\/new\/2025\/08\/eucharistie-15-aout-2025\/\"><strong>L\u2019Assomption de Marie\u00a0: un signe pour l\u2019avenir des croyants<\/strong><\/a><\/li> <li>10 ao\u00fbt 2025<br \/><a href=\"https:\/\/absi.ch\/new\/2025\/08\/eucharistie-10-aout-2025\/\"><strong>Travaillons, le regard tendu vers l\u2019avenir de Dieu<\/strong><\/a><\/li> <li>3 ao\u00fbt 2025<br \/><a href=\"https:\/\/absi.ch\/new\/2025\/08\/eucharistie-3-aout-2025\/\"><strong>Dieu nous aide \u00e0 d\u00e9couvrir le vrai sens de notre vie<\/strong><\/a><\/li> <li>27 juillet 2025<br \/><a href=\"https:\/\/absi.ch\/new\/2025\/07\/eucharistie-27-juillet-2025\/\"><strong>\u00ab\u00a0Le jour o\u00f9 je t\u2019ai appel\u00e9, tu m\u2019as r\u00e9pondu\u00a0\u00bb (<em>Psaume<\/em> 138,3)<\/strong><\/a><\/li> <li>20 juillet 2025<br \/><a href=\"https:\/\/absi.ch\/new\/2025\/07\/eucharistie-20-juillet-2025\/\"><strong>\u00ab Marie, s\u2019\u00e9tant assise aux pies du Seigneur, \u00e9coutait sa parole \u00bb (<em>Luc<\/em> 10,39)<\/strong><\/a><\/li> <li>13 juillet 2025<br \/><a href=\"https:\/\/absi.ch\/new\/2025\/07\/eucharistie-13-juillet-2025\/\"><strong>\u00ab\u00a0Le voyant, il fut pris aux entrailles\u00a0\u00bb (<em>Luc<\/em> 10,33)<\/strong><\/a><\/li> <li>6 juillet 2025<br \/><a href=\"https:\/\/absi.ch\/new\/2025\/07\/eucharistie-6-juillet-2025\/\"><strong>Un don, une surprise inconcevable<\/strong><\/a><\/li> <li>29 juin 2025<br \/><a href=\"https:\/\/absi.ch\/new\/2025\/06\/eucharistie-29-juin-2025\/\"><strong>Saints Pierre et Paul<\/strong><\/a><\/li> <li>19 juin 2025<br \/><a href=\"https:\/\/absi.ch\/new\/2025\/06\/eucharistie-19-juin-2022\/\"><strong>\u00ab Ils regarderont vers moi, <\/strong><strong>celui qu\u2019ils ont transperc\u00e9\u00a0\u00bb (<em>Za<\/em> 12,10)<\/strong><\/a><\/li> <li>1 juin 2025<br \/><a href=\"https:\/\/absi.ch\/new\/2025\/06\/eucharistie-1-juin-2025\/\"><strong>\u00ab\u00a0Qu\u2019eux aussi soient en nous\u00a0\u00bb (<em>Jean<\/em> 17,21)<\/strong><\/a><\/li> <li>25\/29 Mai 2025<br \/><a href=\"https:\/\/absi.ch\/new\/2025\/05\/eucharistie-25-mai-2025\/\"><strong>Faisant route vers le ciel, faisant route avec les hommes<\/strong><\/a><\/li> <li>18 mai 2025<br \/><a href=\"https:\/\/absi.ch\/new\/2025\/05\/eucharistie-18-mai-2025\/\"><strong>Une paix \u00ab\u00a0non \u00e0 la mani\u00e8re du monde\u00a0\u00bb (<em>Jean <\/em>14,27)<\/strong><\/a><\/li> <li>11 mai 2025<br \/><strong><a href=\"https:\/\/absi.ch\/new\/2025\/05\/eucharistie-11-mai-2025\/\">\u00ab\u00a0Nous sommes son peuple, le troupeau dont il est le berger \u00bb (<em>Psaume<\/em> 100,3)<\/a><\/strong><\/li> <li>4 mai 2025<br \/><a href=\"https:\/\/absi.ch\/new\/2025\/05\/eucharistie-4-mai-2025\/\"><strong>\u00ab\u00a0Je t\u2019exalte, Yahv\u00e9h, car tu m\u2019as remis debout \u00bb (<em>Psaume<\/em> 30,2)<\/strong><\/a><\/li> <li>27 avril 2025<br \/><a href=\"https:\/\/absi.ch\/new\/2025\/04\/eucharistie-27-avril-2025\/\"><strong>J\u00e9sus est vivant et il reste avec nous<\/strong><\/a><\/li> <li>20 avril 2025<br \/><a href=\"https:\/\/absi.ch\/new\/2025\/04\/paques-20-avril-2025\/\"><strong>\u00ab\u00a0Dieu vous a ressuscit\u00e9s avec le Christ\u00a0\u00bb (<em>Colossiens<\/em> 3,1)<\/strong><\/a><\/li> <li>13 avril 2025<br \/><a href=\"https:\/\/absi.ch\/new\/2025\/04\/eucharistie-13-avril-2025\/\"><strong>Dimanche des Rameaux et de la Passion du Seigneur<\/strong><\/a><\/li> <li>6 avril 2025<br \/><a href=\"https:\/\/absi.ch\/new\/2025\/04\/eucharistie-6-avril-2025\/\"><strong>\u00ab\u00a0Voici\u00a0: moi je fais une [chose] nouvelle, elle bourgeonne maintenant\u00a0\u00bb (<em>Isa\u00efe<\/em> 43,19)<\/strong><\/a><\/li> <li>30 mars 2025<br \/><a href=\"https:\/\/absi.ch\/new\/2025\/03\/eucharistie-30-mars-2025\/\"><strong>Nous \u00e9tions perdu(e)s et il nous a retrouv\u00e9(e)s<\/strong><\/a><\/li> <li>23 mars 2025<br \/><a href=\"https:\/\/absi.ch\/new\/2025\/03\/eucharistie-23-mars-2025\/\"><strong>Dieu nous est proche\u2026 d\u2019une fa\u00e7on toujours surprenante<\/strong><\/a><\/li> <li>9 mars 2025<br \/><a href=\"https:\/\/absi.ch\/new\/2025\/03\/eucharistie-9-mars-2025\/\"><strong>\u00ab Mon Dieu en qui je mets ma confiance \u00bb (<em>Psaume<\/em> 91,2)<\/strong><\/a><\/li> <li>2 mars 2025<br \/><a href=\"https:\/\/absi.ch\/new\/2025\/03\/eucharistie-2-mars-2025\/\"><strong>\u00ab\u00a0L\u2019homme bon, du bon tr\u00e9sor de son c\u0153ur, fait sortir de bonnes choses\u00a0\u00bb (<em>Luc<\/em> 6,45)<\/strong><\/a><\/li> <li>23 f\u00e9vrier 2025<br \/><a href=\"https:\/\/absi.ch\/new\/2025\/02\/eucharistie-23-fevrier-2025\/\"><strong>\u00ab Soyez mise\u0301ricordieux comme aussi votre Pe\u0300re est mise\u0301ricordieux \u00bb (Luc 6,36)<\/strong><\/a><\/li> <li>16 f\u00e9vrier 2025<br \/><a href=\"https:\/\/absi.ch\/new\/2025\/02\/eucharistie-16-fevrier-2025\/\"><strong>\u00ab Heureux et en marche, vous les pauvres, car le Royaume de Dieu est \u00e0 vous ! \u00bb <br \/>(<em>Luc<\/em> 6,20)<\/strong><\/a><\/li> <li>9 f\u00e9vrier 2025<br \/><a href=\"https:\/\/absi.ch\/new\/2025\/02\/eucharistie-9-fevrier-2025\/\"><strong>Dieu nous rejoint\u2026 \u00e0 travers des personnes faibles<\/strong><\/a><\/li> <li>2 f\u00e9vrier 2025<br \/><a href=\"https:\/\/absi.ch\/new\/2025\/02\/eucharistie-2-fevrier-2025\/\"><strong>Pre\u0301sentation du Seigneur au Temple<\/strong><\/a><\/li> <li>26 janvier 2025<br \/><a href=\"https:\/\/absi.ch\/new\/2025\/01\/eucharistie-26-janvier-2025\/\"><strong>\u00ab\u00a0Aujourd\u2019hui, cette \u00c9criture a \u00e9t\u00e9 d\u00e9finitivement accomplie\u00a0\u00bb (<em>Luc<\/em> 4,21)<\/strong><\/a><\/li> <li>19 janvier 2025<br \/><a href=\"https:\/\/absi.ch\/new\/2025\/01\/eucharistie-19-janvier-2025\/\"><strong>\u00ab\u00a0Tu feras la joie de ton Dieu\u00a0\u00bb (<em>Isa\u00efe<\/em> 62,5)<\/strong><\/a><\/li> <li>12 janvier 2025<br \/><a href=\"https:\/\/absi.ch\/new\/2025\/01\/eucharistie-12-janvier-2025\/\"><strong>Gr\u00e2ce \u00e0 l\u2019Esprit, se d\u00e9couvrir filles et fils de Dieu<\/strong><\/a><\/li> <li>6 janvier 2025<br \/><a href=\"https:\/\/absi.ch\/new\/2025\/01\/eucharistie-6-janvier-2025\/\"><strong>\u00c9piphanie\u00a0: \u00e0 la d\u00e9couverte d\u2019un roi surprenant<\/strong><\/a><\/li> <li>5 janvier 2025<br \/><a href=\"https:\/\/absi.ch\/new\/2025\/01\/eucaristia-5-gennaio-2025\/\"><strong>La sapienza e la Parola<\/strong><\/a><\/li> <\/ul> <p>\u00a0<\/p> <p>\u00a0<\/p>","_links":{"self":[{"href":"https:\/\/absi.ch\/new\/wp-json\/wp\/v2\/pages\/19777","targetHints":{"allow":["GET"]}}],"collection":[{"href":"https:\/\/absi.ch\/new\/wp-json\/wp\/v2\/pages"}],"about":[{"href":"https:\/\/absi.ch\/new\/wp-json\/wp\/v2\/types\/page"}],"author":[{"embeddable":true,"href":"https:\/\/absi.ch\/new\/wp-json\/wp\/v2\/users\/1"}],"replies":[{"embeddable":true,"href":"https:\/\/absi.ch\/new\/wp-json\/wp\/v2\/comments?post=19777"}],"version-history":[{"count":2,"href":"https:\/\/absi.ch\/new\/wp-json\/wp\/v2\/pages\/19777\/revisions"}],"predecessor-version":[{"id":19781,"href":"https:\/\/absi.ch\/new\/wp-json\/wp\/v2\/pages\/19777\/revisions\/19781"}],"wp:attachment":[{"href":"https:\/\/absi.ch\/new\/wp-json\/wp\/v2\/media?parent=19777"}],"curies":[{"name":"wp","href":"https:\/\/api.w.org\/{rel}","templated":true}]}}