{"id":19786,"date":"2026-01-14T22:27:15","date_gmt":"2026-01-14T21:27:15","guid":{"rendered":"https:\/\/absi.ch\/new\/?page_id=19786"},"modified":"2026-05-10T00:31:50","modified_gmt":"2026-05-09T22:31:50","slug":"lectures-pour-lafrique-et-toute-la-terre-2026","status":"publish","type":"page","link":"https:\/\/absi.ch\/new\/lectures-pour-lafrique-et-toute-la-terre-2026\/","title":{"rendered":"Lectures pour l\u2019Afrique et \u2026 toute la Terre \u2013 2026"},"content":{"rendered":"<div id=\"themify_builder_content-19786\" data-postid=\"19786\" class=\"themify_builder_content themify_builder_content-19786 themify_builder\">\n    \t<!-- module_row -->\n\t<div  class=\"themify_builder_row module_row clearfix module_row_1 themify_builder_19786_row module_row_19786-1 tb_6sxv429\">\n\t    \t    <div class=\"row_inner col_align_top\" >\n\t\t\t<div  class=\"module_column tb-column col-full first tb_19786_column module_column_0 module_column_19786-1-0 tb_15q6431\">\n\t    \t    \t        <div class=\"tb-column-inner\">\n\t\t    <!-- module text -->\n<div  class=\"module module-text tb_7i0d442    \">\n            <div  class=\"tb_text_wrap\">\n    <p>di Renzo Petraglio<\/p>\n<ul>\n<li>10 mai 2026<br \/><span style=\"font-family: Calibri, sans-serif;\"><span style=\"font-size: medium;\"><span lang=\"fr-FR\"><b>\u00ab<a href=\"https:\/\/absi.ch\/new\/2026\/05\/eucharistie-10-mai-2026\/\">\u00a0Oui, il vaut mieux souffrir en faisant le bien, plut\u00f4t que de souffrir en faisant le mal\u00a0\u00bb <\/a><\/b><\/span><span style=\"font-size: small;\"><span lang=\"fr-FR\"><b>(<\/b><\/span><\/span><span style=\"font-size: small;\"><span lang=\"fr-FR\"><i><b>1 Pi<\/b><\/i><\/span><\/span><span style=\"font-size: small;\"><span lang=\"fr-FR\"><b> 3,17)<\/b><\/span><\/span><\/span><\/span><\/li>\n<li>3 mai 2026<br \/><a href=\"https:\/\/absi.ch\/new\/2026\/05\/eucharistie-3-mai-2026\/\"><strong>Que votre c\u0153ur ne soit pas troubl\u00e9 ! \u00bb (<i>Jean<\/i>\u00a014,1)<\/strong><\/a><\/li>\n<li>26 avril 2026<br \/><strong><a href=\"https:\/\/absi.ch\/new\/2026\/05\/eucharistie-26-avril-2026\/\">\u00ab M\u00eame si je vais dans une vall\u00e9e de profonde obscurit\u00e9, tu es avec moi \u00bb (<i>Ps<\/i>\u00a022,4)<\/a><\/strong><\/li>\n<li>19 avril 2026<br \/><a href=\"https:\/\/absi.ch\/new\/2026\/04\/eucharistie-10-avril-2026\/\"><strong>Tu n\u2019abandonneras pas mon \u00e2me \u00e0 la mort (<em>Ps<\/em> 16,10)<\/strong><\/a><\/li>\n<li>12 avril 2026<br \/><a href=\"http:\/\/\u00ab Je\u0301sus, vous ne l\u2019avez pas vu, et pourtant vous l\u2019aimez \u00bb (1 Pierre 1,8)\"><strong>\u00ab Je\u0301sus, vous ne l\u2019avez pas vu, et pourtant vous l\u2019aimez \u00bb (1 Pierre 1,8)<\/strong><\/a><\/li>\n<li><span lang=\"FR\">5 avril 2026<br \/><\/span><a href=\"https:\/\/absi.ch\/new\/2026\/04\/paques-5-avril-2026\/\"><strong>P\u00e2ques<\/strong><\/a><\/li>\n<li><span lang=\"FR\">29 mars 2026<br \/><\/span><a href=\"https:\/\/absi.ch\/new\/2026\/03\/eucharistie-29-mars-2026\/\"><strong>Dimanche des rameaux<\/strong><\/a><\/li>\n<li class=\"yiv3629247399MsoNormal\" style=\"text-align: left;\"><span lang=\"FR\">22 mars 2026<br \/><strong><a href=\"https:\/\/absi.ch\/new\/2026\/03\/20081\/\">\u00ab Voici que moi je fais du neuf \u00bb (<i>Is<\/i> 43,19)<\/a><\/strong><br \/><\/span><\/li>\n<li>15 mars 2026<br \/><a href=\"https:\/\/absi.ch\/new\/2026\/03\/eucharistie-15-mars-2026\/\" target=\"_blank\" rel=\"noopener\"><strong><span lang=\"FR\">\u00ab<\/span><span lang=\"FR\">\u00a0<\/span><span lang=\"FR\">Qui d\u00e9cide de me suivre ne marchera pas dans l\u2019obscurit\u00e9 <br \/><\/span><span lang=\"FR\">mais aura la lumi\u00e8re de la vie<\/span><span lang=\"FR\">\u00a0<\/span><span lang=\"FR\">\u00bb <\/span><\/strong><\/a><span lang=\"FR\"><strong>(<i>Jn<\/i> 8,12<\/strong>)<\/span><\/li>\n<li>8 mars 2026<br \/><a href=\"https:\/\/absi.ch\/new\/2026\/03\/eucharistie-8-mars-2026\/\"><strong>Je\u0301sus, nous l\u2019avons entendu nous-me\u0302mes (Jean 4,42)<\/strong><\/a><\/li>\n<li>1 mars 2026<br \/><a href=\"https:\/\/absi.ch\/new\/2026\/03\/eucharistie-1-mars-2026\/\"><strong>Celui-ci est mon Fils, le bien-aim\u00e9. C\u2019est lui en qui je trouve ma joie. \u00c9coutez-le ! \u00bb (Mt 17,5)<\/strong><\/a><\/li>\n<li>22 f\u00e9vrier 2026<br \/><a href=\"https:\/\/absi.ch\/new\/2026\/02\/eucharistie-22-fevrier-2026\/\"><strong>\u00ab\u00a0Celui-ci est mon Fils, le bien-aim\u00e9. C\u2019est lui en qui je trouve ma joie\u00a0! (Mt 17,5)<\/strong><\/a><\/li>\n<li>15 f\u00e9vrier 2026<br \/><a href=\"https:\/\/absi.ch\/new\/2026\/02\/eucharistie-15-fevrier-2026\/\"><strong>Fide\u0300les aux E\u0301critures que Je\u0301sus nous de\u0301voile<\/strong><\/a><\/li>\n<li>8 f\u00e9vrier 2026<br \/><a href=\"https:\/\/absi.ch\/new\/2026\/02\/eucharistie-8-fevrier-2026\/\"><strong>Fais en morceaux ton pain&#8230; et tu seras lumie\u0300re<\/strong><\/a><\/li>\n<li>1 f\u00e9vrier 2026<br \/><strong><a href=\"https:\/\/absi.ch\/new\/2026\/02\/19864\/\">Il nous encourage : il est \u00e0 c\u00f4t\u00e9 des pauvres quatri\u00e8me dimanche du temps ordinaire<\/a><\/strong><\/li>\n<li>26 janvier 2026<br \/><strong><a href=\"https:\/\/absi.ch\/new\/2026\/01\/eucharistie-25-janvier-2026\/\" target=\"_blank\" rel=\"noopener\">Le peuple qui marche dans la nuit voit une grande lumi\u00e8re<\/a><\/strong><\/li>\n<li>18 janvier 2026<br \/><strong><a href=\"https:\/\/absi.ch\/new\/2026\/01\/eucharistie-18-janvier-2026\/\">Je chante ton amour, Seigneur, et je veux faire ta volont\u00e9<\/a><\/strong><\/li>\n<li>11 janvier 2026<br \/><a href=\"https:\/\/absi.ch\/new\/2026\/01\/eucharistie-11-janvier-2025\/\"><strong>Le bapt\u00eame de J\u00e9sus<\/strong><\/a><\/li>\n<li>4 janvier 2026<br \/><a href=\"https:\/\/absi.ch\/new\/2026\/01\/eucharistie-4-janvier-2026\/\"><strong>A la d\u00e9couverte d\u2019un roi surprenant<\/strong><\/a><\/li>\n<li>1 janvier 2026<br \/><a href=\"https:\/\/absi.ch\/new\/2026\/01\/eucharistie-1-janvier-2026\/\"><strong>\u00ab Marie, elle vient de la terre, elle donne son fruit :<\/strong><\/a><br \/><strong><a href=\"https:\/\/absi.ch\/new\/2026\/01\/eucharistie-1-janvier-2026\/\">le prince de la paix\u00a0\u00bb (saint J\u00e9r\u00f4me<\/a>)<\/strong><\/li>\n<\/ul>    <\/div>\n<\/div>\n<!-- \/module text -->\n\t        <\/div>\n\t    \t<\/div>\n\t\t    <\/div>\n\t    <!-- \/row_inner -->\n\t<\/div>\n\t<!-- \/module_row -->\n\t<\/div>\n\n","protected":false},"excerpt":{"rendered":"<p>di Renzo Petraglio 10 mai 2026\u00ab\u00a0Oui, il vaut mieux souffrir en faisant le bien, plut\u00f4t que de souffrir en faisant le mal\u00a0\u00bb (1 Pi 3,17) 3 mai 2026Que votre c\u0153ur ne soit pas troubl\u00e9 ! \u00bb (Jean\u00a014,1) 26 avril 2026\u00ab M\u00eame si je vais dans une vall\u00e9e de profonde obscurit\u00e9, tu es avec moi \u00bb [&hellip;]<\/p>\n","protected":false},"author":1,"featured_media":0,"parent":0,"menu_order":0,"comment_status":"closed","ping_status":"closed","template":"","meta":{"footnotes":""},"class_list":["post-19786","page","type-page","status-publish","hentry","has-post-title","no-post-date","has-post-category","has-post-tag","has-post-comment","has-post-author",""],"builder_content":"<p>di Renzo Petraglio<\/p> <ul> <li>10 mai 2026<br \/><b>\u00ab<a href=\"https:\/\/absi.ch\/new\/2026\/05\/eucharistie-10-mai-2026\/\">\u00a0Oui, il vaut mieux souffrir en faisant le bien, plut\u00f4t que de souffrir en faisant le mal\u00a0\u00bb <\/a><\/b><b>(<\/b><i><b>1 Pi<\/b><\/i><b> 3,17)<\/b><\/li> <li>3 mai 2026<br \/><a href=\"https:\/\/absi.ch\/new\/2026\/05\/eucharistie-3-mai-2026\/\"><strong>Que votre c\u0153ur ne soit pas troubl\u00e9 ! \u00bb (<i>Jean<\/i>\u00a014,1)<\/strong><\/a><\/li> <li>26 avril 2026<br \/><strong><a href=\"https:\/\/absi.ch\/new\/2026\/05\/eucharistie-26-avril-2026\/\">\u00ab M\u00eame si je vais dans une vall\u00e9e de profonde obscurit\u00e9, tu es avec moi \u00bb (<i>Ps<\/i>\u00a022,4)<\/a><\/strong><\/li> <li>19 avril 2026<br \/><a href=\"https:\/\/absi.ch\/new\/2026\/04\/eucharistie-10-avril-2026\/\"><strong>Tu n\u2019abandonneras pas mon \u00e2me \u00e0 la mort (<em>Ps<\/em> 16,10)<\/strong><\/a><\/li> <li>12 avril 2026<br \/><a href=\"http:\/\/\u00ab Je\u0301sus, vous ne l\u2019avez pas vu, et pourtant vous l\u2019aimez \u00bb (1 Pierre 1,8)\"><strong>\u00ab Je\u0301sus, vous ne l\u2019avez pas vu, et pourtant vous l\u2019aimez \u00bb (1 Pierre 1,8)<\/strong><\/a><\/li> <li>5 avril 2026<br \/><a href=\"https:\/\/absi.ch\/new\/2026\/04\/paques-5-avril-2026\/\"><strong>P\u00e2ques<\/strong><\/a><\/li> <li>29 mars 2026<br \/><a href=\"https:\/\/absi.ch\/new\/2026\/03\/eucharistie-29-mars-2026\/\"><strong>Dimanche des rameaux<\/strong><\/a><\/li> <li style=\"text-align: left;\">22 mars 2026<br \/><strong><a href=\"https:\/\/absi.ch\/new\/2026\/03\/20081\/\">\u00ab Voici que moi je fais du neuf \u00bb (<i>Is<\/i> 43,19)<\/a><\/strong><br \/><\/li> <li>15 mars 2026<br \/><a href=\"https:\/\/absi.ch\/new\/2026\/03\/eucharistie-15-mars-2026\/\" target=\"_blank\" rel=\"noopener\"><strong>\u00ab\u00a0Qui d\u00e9cide de me suivre ne marchera pas dans l\u2019obscurit\u00e9 <br \/>mais aura la lumi\u00e8re de la vie\u00a0\u00bb <\/strong><\/a><strong>(<i>Jn<\/i> 8,12<\/strong>)<\/li> <li>8 mars 2026<br \/><a href=\"https:\/\/absi.ch\/new\/2026\/03\/eucharistie-8-mars-2026\/\"><strong>Je\u0301sus, nous l\u2019avons entendu nous-me\u0302mes (Jean 4,42)<\/strong><\/a><\/li> <li>1 mars 2026<br \/><a href=\"https:\/\/absi.ch\/new\/2026\/03\/eucharistie-1-mars-2026\/\"><strong>Celui-ci est mon Fils, le bien-aim\u00e9. C\u2019est lui en qui je trouve ma joie. \u00c9coutez-le ! \u00bb (Mt 17,5)<\/strong><\/a><\/li> <li>22 f\u00e9vrier 2026<br \/><a href=\"https:\/\/absi.ch\/new\/2026\/02\/eucharistie-22-fevrier-2026\/\"><strong>\u00ab\u00a0Celui-ci est mon Fils, le bien-aim\u00e9. C\u2019est lui en qui je trouve ma joie\u00a0! (Mt 17,5)<\/strong><\/a><\/li> <li>15 f\u00e9vrier 2026<br \/><a href=\"https:\/\/absi.ch\/new\/2026\/02\/eucharistie-15-fevrier-2026\/\"><strong>Fide\u0300les aux E\u0301critures que Je\u0301sus nous de\u0301voile<\/strong><\/a><\/li> <li>8 f\u00e9vrier 2026<br \/><a href=\"https:\/\/absi.ch\/new\/2026\/02\/eucharistie-8-fevrier-2026\/\"><strong>Fais en morceaux ton pain... et tu seras lumie\u0300re<\/strong><\/a><\/li> <li>1 f\u00e9vrier 2026<br \/><strong><a href=\"https:\/\/absi.ch\/new\/2026\/02\/19864\/\">Il nous encourage : il est \u00e0 c\u00f4t\u00e9 des pauvres quatri\u00e8me dimanche du temps ordinaire<\/a><\/strong><\/li> <li>26 janvier 2026<br \/><strong><a href=\"https:\/\/absi.ch\/new\/2026\/01\/eucharistie-25-janvier-2026\/\" target=\"_blank\" rel=\"noopener\">Le peuple qui marche dans la nuit voit une grande lumi\u00e8re<\/a><\/strong><\/li> <li>18 janvier 2026<br \/><strong><a href=\"https:\/\/absi.ch\/new\/2026\/01\/eucharistie-18-janvier-2026\/\">Je chante ton amour, Seigneur, et je veux faire ta volont\u00e9<\/a><\/strong><\/li> <li>11 janvier 2026<br \/><a href=\"https:\/\/absi.ch\/new\/2026\/01\/eucharistie-11-janvier-2025\/\"><strong>Le bapt\u00eame de J\u00e9sus<\/strong><\/a><\/li> <li>4 janvier 2026<br \/><a href=\"https:\/\/absi.ch\/new\/2026\/01\/eucharistie-4-janvier-2026\/\"><strong>A la d\u00e9couverte d\u2019un roi surprenant<\/strong><\/a><\/li> <li>1 janvier 2026<br \/><a href=\"https:\/\/absi.ch\/new\/2026\/01\/eucharistie-1-janvier-2026\/\"><strong>\u00ab Marie, elle vient de la terre, elle donne son fruit :<\/strong><\/a><br \/><strong><a href=\"https:\/\/absi.ch\/new\/2026\/01\/eucharistie-1-janvier-2026\/\">le prince de la paix\u00a0\u00bb (saint J\u00e9r\u00f4me<\/a>)<\/strong><\/li> <\/ul>","_links":{"self":[{"href":"https:\/\/absi.ch\/new\/wp-json\/wp\/v2\/pages\/19786","targetHints":{"allow":["GET"]}}],"collection":[{"href":"https:\/\/absi.ch\/new\/wp-json\/wp\/v2\/pages"}],"about":[{"href":"https:\/\/absi.ch\/new\/wp-json\/wp\/v2\/types\/page"}],"author":[{"embeddable":true,"href":"https:\/\/absi.ch\/new\/wp-json\/wp\/v2\/users\/1"}],"replies":[{"embeddable":true,"href":"https:\/\/absi.ch\/new\/wp-json\/wp\/v2\/comments?post=19786"}],"version-history":[{"count":19,"href":"https:\/\/absi.ch\/new\/wp-json\/wp\/v2\/pages\/19786\/revisions"}],"predecessor-version":[{"id":20249,"href":"https:\/\/absi.ch\/new\/wp-json\/wp\/v2\/pages\/19786\/revisions\/20249"}],"wp:attachment":[{"href":"https:\/\/absi.ch\/new\/wp-json\/wp\/v2\/media?parent=19786"}],"curies":[{"name":"wp","href":"https:\/\/api.w.org\/{rel}","templated":true}]}}