{"id":2033,"date":"2014-05-04T03:32:58","date_gmt":"2014-05-04T01:32:58","guid":{"rendered":"http:\/\/absi.ch\/new\/?page_id=2033"},"modified":"2014-05-11T01:45:59","modified_gmt":"2014-05-10T23:45:59","slug":"201404vg_maggi_4-5-14_cont","status":"publish","type":"page","link":"https:\/\/absi.ch\/new\/201404vg_maggi_4-5-14_cont\/","title":{"rendered":"2014\/04\/vg_maggi_4-5-14_cont"},"content":{"rendered":"<p style=\"text-align: left;\">[layout][layout_group][one_third]<\/p>\n<p><span style=\"color: #000000;\"><span style=\"font-family: Century Gothic,sans-serif;\"><span style=\"font-size: small;\"><i>se dovesse andare pi\u00f9 lontano\u201d. <\/i>Ges\u00f9 va verso il nuovo e loro invece vanno verso il vecchio. <\/span><\/span><\/span><\/p>\n<p align=\"LEFT\"><span style=\"color: #000000;\"><span style=\"font-family: Century Gothic,sans-serif;\"><span style=\"font-size: small;\">Comunque chiedono a Ges\u00f9 di rimanere con loro. E <i>\u201cquando fu a tavola con loro, prese il pane\u201d &#8211; <\/i>come ha fatto nell\u2019ultima cena, ripete gli stessi gesti &#8211; <i>\u201crecit\u00f2 la benedizione, lo spezz\u00f2 e lo diede loro\u201d. \u201cAllora\u201d &#8211; <\/i>scrive l\u2019evangelista <i>&#8211; \u201csi aprirono loro gli occhi e lo riconobbero\u201d. <\/i>Ges\u00f9 \u00e8 riconoscibile quando il pane viene preso e spezzato. Ges\u00f9, il figlio di Dio, si fa pane, spezza la sua vita per gli uomini, perch\u00e9 quanti lo accolgono e sono capaci a loro volta di farsi pane e alimento di vita per gli altri, diventino figli dello stesso Dio. <\/span><\/span><\/span><\/p>\n<p align=\"LEFT\"><span style=\"color: #000000;\"><span style=\"font-family: Century Gothic,sans-serif;\"><span style=\"font-size: small;\">E\u2019 questa l\u2019esperienza che rende percepibile la presenza di Ges\u00f9. <i>\u201cMa egli\u201d <\/i>non spar\u00ec come \u00e8 scritto nella traduzione, ma letteralmente <i>\u201c\u2026 divenne invisibile\u201d. <\/i>Ges\u00f9 non \u00e8 scomparso, ma \u00e8 invisibile perch\u00e9 Ges\u00f9 ormai \u00e8 visibile soltanto nel pane che si spezza, nel pane che \u00e8 condiviso, nella comunit\u00e0 che si fa pane per gli altri. Infatti, quando tornano a Gerusalemme dagli altri discepoli, quello che i due di \u00c8mmaus raccontano \u2026 <i>\u201cnarravano di ci\u00f2 che era accaduto lungo la via\u201d. <\/i><\/span><\/span><\/span><\/p>\n<p align=\"LEFT\"><span style=\"color: #000000;\">\u201c<span style=\"font-family: Century Gothic,sans-serif;\"><span style=\"font-size: small;\">Lungo la via\u201d era il luogo della semina sul terreno, che Ges\u00f9 gi\u00e0 aveva spiegato \u2026 <\/span><\/span><span style=\"font-family: Century Gothic,sans-serif;\"><span style=\"font-size: small;\"><i>\u201cviene il satana\u201d, <\/i>che \u00e8 l\u2019immagine del potere che toglie via il messaggio. <\/span><\/span><\/span><\/p>\n<p align=\"LEFT\"><span style=\"color: #000000;\"><span style=\"font-family: Century Gothic,sans-serif;\"><span style=\"font-size: small;\">Ecco perch\u00e9 loro non avevano capito l\u2019annunzio, le parole di Ges\u00f9, perch\u00e9 sono immersi in questa ideologia di potere che li rende refrattari alla parola del Signore. E come l\u2019avevano riconosciuto? Nello spezzare del pane. Questo criterio era valido allora ed \u00e8 valido ancora oggi. Ges\u00f9 \u00e8 riconoscibile nel suo corpo e il suo corpo \u00e8 la comunit\u00e0 che si riunisce per farsi alimento per gli altri.[\/one_third][one_third]<\/span><\/span><\/span><\/p>\n<p align=\"LEFT\"><a href=\"http:\/\/absi.ch\/new\/wp-content\/uploads\/2014\/05\/Emmaus_Janet-Brooks-Gerloff.jpeg\"><img loading=\"lazy\" decoding=\"async\" class=\"wp-image-2034 alignleft\" alt=\"Emmaus_Janet-Brooks-Gerloff\" src=\"http:\/\/absi.ch\/new\/wp-content\/uploads\/2014\/05\/Emmaus_Janet-Brooks-Gerloff.jpeg\" width=\"632\" height=\"463\" srcset=\"https:\/\/absi.ch\/new\/wp-content\/uploads\/2014\/05\/Emmaus_Janet-Brooks-Gerloff.jpeg 800w, https:\/\/absi.ch\/new\/wp-content\/uploads\/2014\/05\/Emmaus_Janet-Brooks-Gerloff-300x220.jpeg 300w\" sizes=\"auto, (max-width: 632px) 100vw, 632px\" \/><\/a><\/p>\n<h5 align=\"LEFT\">Il cammino di Emmaus<\/h5>\n<p><em>di Janet Brooks Gerloff<\/em><\/p>\n<p>&nbsp;<\/p>\n<p><a href=\"http:\/\/absi.ch\/new\/wp-content\/uploads\/2014\/05\/III-Pasqua-4.5.2014.pdf\"><em>&gt; scarica il testo in pdf<\/em><\/a><\/p>\n<p><em>&gt;<a href=\"http:\/\/absi.ch\/new\/2014\/05\/vg_maggi_4-5-14\/\"> torna all&#8217;inizio della pagina<\/a><\/em><\/p>\n<p><em><a href=\"http:\/\/absi.ch\/new\/commento-al-vangelo-3\/\">&gt; torna a &#8220;Commento al Vangelo&#8221;<\/a><\/em><\/p>\n<p><em><a href=\"http:\/\/absi.ch\/new\/formazione-biblica-2\/\">&gt; torna a &#8220;Formazione biblica&#8221;<\/a><br \/>\n[\/one_third][one_third][\/one_third][\/layout_group][\/layout]<\/em><\/p>\n<div id=\"themify_builder_content-2033\" data-postid=\"2033\" class=\"themify_builder_content themify_builder_content-2033 themify_builder\">\n    <\/div>\n<!-- \/themify_builder_content -->\n","protected":false},"excerpt":{"rendered":"<p>[layout][layout_group][one_third] se dovesse andare pi\u00f9 lontano\u201d. Ges\u00f9 va verso il nuovo e loro invece vanno verso il vecchio. Comunque chiedono a Ges\u00f9 di rimanere con loro. E \u201cquando fu a tavola con loro, prese il pane\u201d &#8211; come ha fatto nell\u2019ultima cena, ripete gli stessi gesti &#8211; \u201crecit\u00f2 la benedizione, lo spezz\u00f2 e lo diede [&hellip;]<\/p>\n","protected":false},"author":1,"featured_media":0,"parent":0,"menu_order":0,"comment_status":"closed","ping_status":"open","template":"","meta":{"footnotes":""},"class_list":["post-2033","page","type-page","status-publish","hentry","has-post-title","no-post-date","has-post-category","has-post-tag","has-post-comment","has-post-author",""],"builder_content":"","_links":{"self":[{"href":"https:\/\/absi.ch\/new\/wp-json\/wp\/v2\/pages\/2033","targetHints":{"allow":["GET"]}}],"collection":[{"href":"https:\/\/absi.ch\/new\/wp-json\/wp\/v2\/pages"}],"about":[{"href":"https:\/\/absi.ch\/new\/wp-json\/wp\/v2\/types\/page"}],"author":[{"embeddable":true,"href":"https:\/\/absi.ch\/new\/wp-json\/wp\/v2\/users\/1"}],"replies":[{"embeddable":true,"href":"https:\/\/absi.ch\/new\/wp-json\/wp\/v2\/comments?post=2033"}],"version-history":[{"count":14,"href":"https:\/\/absi.ch\/new\/wp-json\/wp\/v2\/pages\/2033\/revisions"}],"predecessor-version":[{"id":2182,"href":"https:\/\/absi.ch\/new\/wp-json\/wp\/v2\/pages\/2033\/revisions\/2182"}],"wp:attachment":[{"href":"https:\/\/absi.ch\/new\/wp-json\/wp\/v2\/media?parent=2033"}],"curies":[{"name":"wp","href":"https:\/\/api.w.org\/{rel}","templated":true}]}}