{"id":2172,"date":"2014-05-11T01:34:21","date_gmt":"2014-05-10T23:34:21","guid":{"rendered":"http:\/\/absi.ch\/new\/?page_id=2172"},"modified":"2014-05-11T02:22:52","modified_gmt":"2014-05-11T00:22:52","slug":"201405vg_maggi_11-5-14_cont","status":"publish","type":"page","link":"https:\/\/absi.ch\/new\/201405vg_maggi_11-5-14_cont\/","title":{"rendered":"2014\/05\/vg_maggi_11-5-14_cont"},"content":{"rendered":"<p>[layout][layout_group][one_third]<span style=\"color: #000000;\"><span style=\"font-family: Century Gothic,sans-serif;\"><span style=\"font-size: small;\">dottrina da osservare, ma un pascolo, l\u2019amore che alimenta la vita delle persone. <\/span><\/span><\/span><\/p>\n<p align=\"LEFT\"><span style=\"color: #000000;\"><span style=\"font-family: Century Gothic,sans-serif;\"><span style=\"font-size: small;\">E infine la conclusione di nuovo, <i>\u201c<\/i><i>\u00ab<\/i><i>Il ladro non viene se non per rubare, uccidere e distruggere<\/i><i>\u00bb<\/i><i>\u201d, <\/i>quindi Ges\u00f9 associa i pastori ai ladri, cio\u00e8 ai lupi. Quelli che sembrano i pastori che dovrebbero difendere il gregge dai lupi, sono peggio dei lupi, perch\u00e9 uno dei lupi ha paura, invece di pastori si fida. <\/span><\/span><\/span><\/p>\n<p align=\"LEFT\"><span style=\"color: #000000;\"><span style=\"font-family: Century Gothic,sans-serif;\"><span style=\"font-size: small;\">E, conclude Ges\u00f9: <i>\u201c<\/i><i>\u00ab<\/i><i>Io sono venuto perch\u00e9 abbiano la vita e l\u2019abbiano in abbondanza<\/i><i>\u00bb<\/i><i>\u201d. <\/i>I capi del popolo si sono impossessati della gente, portandola alla rovina. Sono loro che, in nome di Dio, hanno sfruttato il popolo, sacrificandolo alle loro ambizioni, alla loro sete di potere, insensibili ai sacrifici che impongono e alle sofferenze che causano. <\/span><\/span><\/span><\/p>\n<p align=\"LEFT\"><span style=\"color: #000000;\"><span style=\"font-family: Century Gothic,sans-serif;\"><span style=\"font-size: small;\">Ma ora \u00e8 venuto Ges\u00f9 \u00e8 il suo messaggio \u00e8 la risposta di Dio al bisogno di pienezza di vita che ogni persona si porta dentro. E, quando si ascolta questa voce, tutte le altre perdono d\u2019importanza. <\/span><\/span><\/span><\/p>\n<p>&nbsp;<\/p>\n<p>[\/one_third][one_third]<\/p>\n<p align=\"LEFT\"><a href=\"http:\/\/absi.ch\/new\/wp-content\/uploads\/2014\/05\/IlBuonPastore.jpg\"><img loading=\"lazy\" decoding=\"async\" class=\"alignright  wp-image-2184\" alt=\"IlBuonPastore\" src=\"http:\/\/absi.ch\/new\/wp-content\/uploads\/2014\/05\/IlBuonPastore.jpg\" width=\"683\" height=\"466\" srcset=\"https:\/\/absi.ch\/new\/wp-content\/uploads\/2014\/05\/IlBuonPastore.jpg 1024w, https:\/\/absi.ch\/new\/wp-content\/uploads\/2014\/05\/IlBuonPastore-300x205.jpg 300w\" sizes=\"auto, (max-width: 683px) 100vw, 683px\" \/><\/a><\/p>\n<h5 align=\"LEFT\">Ges\u00f9\u00a0 buon pastore<\/h5>\n<p><em>\u00a0Mausoleo di Galla Pacidia, Ravenna<\/em><\/p>\n<p>&nbsp;<\/p>\n<p><a href=\"http:\/\/absi.ch\/new\/wp-content\/uploads\/2014\/05\/IV-Pasqua-11.5.2014.pdf\" target=\"_blank\"><em>&gt; scarica il testo in pdf<\/em><\/a><\/p>\n<p><a href=\"http:\/\/absi.ch\/new\/2014\/05\/iv-domenica-di-pasqua-11-maggio-2014\/\"><em>&gt; torna all&#8217;inizio della pagina<\/em><\/a><\/p>\n<p><em><a href=\"http:\/\/absi.ch\/new\/commento-al-vangelo-3\/\">&gt; torna a &#8220;Commento al Vangelo&#8221;<\/a><\/em><\/p>\n<p><em><a href=\"http:\/\/absi.ch\/new\/formazione-biblica-2\/\">&gt; torna a &#8220;Formazione biblica&#8221;<\/a><\/em><\/p>\n<p><em><br \/>\n[\/one_third][one_third][\/one_third][\/layout_group][\/layout]<\/em><\/p>\n<div id=\"themify_builder_content-2172\" data-postid=\"2172\" class=\"themify_builder_content themify_builder_content-2172 themify_builder\">\n    <\/div>\n<!-- \/themify_builder_content -->\n","protected":false},"excerpt":{"rendered":"<p>[layout][layout_group][one_third]dottrina da osservare, ma un pascolo, l\u2019amore che alimenta la vita delle persone. E infine la conclusione di nuovo, \u201c\u00abIl ladro non viene se non per rubare, uccidere e distruggere\u00bb\u201d, quindi Ges\u00f9 associa i pastori ai ladri, cio\u00e8 ai lupi. Quelli che sembrano i pastori che dovrebbero difendere il gregge dai lupi, sono peggio dei [&hellip;]<\/p>\n","protected":false},"author":1,"featured_media":0,"parent":0,"menu_order":0,"comment_status":"closed","ping_status":"open","template":"","meta":{"footnotes":""},"class_list":["post-2172","page","type-page","status-publish","hentry","has-post-title","no-post-date","has-post-category","has-post-tag","has-post-comment","has-post-author",""],"builder_content":"","_links":{"self":[{"href":"https:\/\/absi.ch\/new\/wp-json\/wp\/v2\/pages\/2172","targetHints":{"allow":["GET"]}}],"collection":[{"href":"https:\/\/absi.ch\/new\/wp-json\/wp\/v2\/pages"}],"about":[{"href":"https:\/\/absi.ch\/new\/wp-json\/wp\/v2\/types\/page"}],"author":[{"embeddable":true,"href":"https:\/\/absi.ch\/new\/wp-json\/wp\/v2\/users\/1"}],"replies":[{"embeddable":true,"href":"https:\/\/absi.ch\/new\/wp-json\/wp\/v2\/comments?post=2172"}],"version-history":[{"count":6,"href":"https:\/\/absi.ch\/new\/wp-json\/wp\/v2\/pages\/2172\/revisions"}],"predecessor-version":[{"id":2186,"href":"https:\/\/absi.ch\/new\/wp-json\/wp\/v2\/pages\/2172\/revisions\/2186"}],"wp:attachment":[{"href":"https:\/\/absi.ch\/new\/wp-json\/wp\/v2\/media?parent=2172"}],"curies":[{"name":"wp","href":"https:\/\/api.w.org\/{rel}","templated":true}]}}