{"id":2326,"date":"2014-05-28T01:19:13","date_gmt":"2014-05-27T23:19:13","guid":{"rendered":"http:\/\/absi.ch\/new\/?page_id=2326"},"modified":"2014-05-28T01:29:55","modified_gmt":"2014-05-27T23:29:55","slug":"eucharistie-11-mai-2014_cont2","status":"publish","type":"page","link":"https:\/\/absi.ch\/new\/eucharistie-11-mai-2014_cont2\/","title":{"rendered":"eucharistie-11-mai-2014_cont2"},"content":{"rendered":"<p>[layout][layout_group][one_fourth]<\/p>\n<p><span style=\"background-color: yellow;\">Pri\u00e8re d\u2019ouverture<\/span><br \/>\nBerger des sources, berger d\u2019espace o\u00f9 je renais,<br \/>\nsous ta garde rien ne manque.<br \/>\nAux verts p\u00e2turages, aux eaux vivantes de la paix,<br \/>\nton amour me conduit.<br \/>\nDans les ravins d\u2019angoisse, dans les t\u00e9n\u00e8bres de la vie,<br \/>\ndans les \u00e9croulements de la mort,<br \/>\nta main nous rel\u00e8ve<a title=\"\" href=\"#_ftn8\">[8]<\/a>.<br \/>\n[Alain Lerbret, France\u00a0: 2006]<\/p>\n<p><span style=\"background-color: yellow;\">Pri\u00e8re finale<\/span><\/p>\n<p>Je te remercie, mon Dieu, parce que tu m\u2019as cr\u00e9\u00e9e,<br \/>\ntu m\u2019as fait habiter cette terre,<br \/>\ntu m\u2019as fait voir le soleil et la lune<br \/>\net \u00e9couter les chants des oiseaux.<br \/>\nTu m\u2019as donn\u00e9 des amis \u00e0 aimer<br \/>\net des amis qui m\u2019aiment,<br \/>\ntu m\u2019as d\u00e9voil\u00e9 ton visage et la profondeur de ton regard.<br \/>\nMaintenant je te demande<br \/>\nde me faire na\u00eetre, une nouvelle foi, en toi.<br \/>\nEt mon d\u00e9part sera serein,<br \/>\nsi tu me prends par la main<br \/>\net tu me conduis dans ton royaume.[\/one_fourth]<\/p>\n<p>&nbsp;<\/p>\n<p>[one_fourth]Que sur ma tombe l\u2019herbe puisse encore na\u00eetre<br \/>\net vous, fleurs, fleurissez et flamboyez au soleil,<br \/>\nle temps o\u00f9 j\u2019attendrai le retour du Seigneur J\u00e9sus.<br \/>\nEt avec l\u2019herbe je dirai\u00a0: \u00abViens!\u00bb.<br \/>\nEt avec les fleurs je dirai: \u00abViens!\u00bb.<br \/>\nEt les aubes et les couchers du soleil, les soir\u00e9es et les nuits,<br \/>\nles \u00e9toiles, le ciel, et les mers,<br \/>\net l\u2019univers entier diront: \u00abViens\u00a0!\u00bb<a title=\"\" href=\"#_ftn9\">[9]<\/a>.<br \/>\n[Adriana Zarri, Italie\u00a0: 1919-2010]<\/p>\n<p>&nbsp;<\/p>\n<p><a title=\"\" href=\"#_ftnref\"><i>[8]<\/i><\/a><i> A. Lerbret, Chants du silence. Les Psaumes pour aujourd\u2019hui, Labor et fides, Gen\u00e8ve 2009, p. 47.<\/i><\/p>\n<div>\n<div>\n<p><a title=\"\" href=\"#_ftnref\"><i>[9]<\/i><\/a><i> A. Zarri, Il pozzo di Giacobbe. Raccolta di preghiere da tutte le fedi, Gribaudi, Torino 1992, p. 371s.<\/i><\/p>\n<\/div>\n<\/div>\n<p>&nbsp;<\/p>\n<p><a href=\"http:\/\/absi.ch\/new\/wp-content\/uploads\/2014\/05\/Eucharistie-11-mai-2014-Renzo.pdf\"><em>&gt; testo in pdf<\/em><\/a><\/p>\n<p><a href=\"http:\/\/absi.ch\/new\/2014\/05\/eucharistie-11-mai-2014\/\"><em>&gt; inizio pagina<\/em><\/a><br \/>\n<a href=\"http:\/\/absi.ch\/new\/lectures-pour-lafrique-et-toute-la-terre\/\"><em>&gt; Lectures pour l&#8217;Afrique &#8230;<\/em><\/a><\/p>\n<p>[\/one_fourth][one_fourth][\/one_fourth][\/layout_group][\/layout]<\/p>\n<div id=\"themify_builder_content-2326\" data-postid=\"2326\" class=\"themify_builder_content themify_builder_content-2326 themify_builder\">\n    <\/div>\n<!-- \/themify_builder_content -->\n","protected":false},"excerpt":{"rendered":"<p>[layout][layout_group][one_fourth] Pri\u00e8re d\u2019ouverture Berger des sources, berger d\u2019espace o\u00f9 je renais, sous ta garde rien ne manque. Aux verts p\u00e2turages, aux eaux vivantes de la paix, ton amour me conduit. Dans les ravins d\u2019angoisse, dans les t\u00e9n\u00e8bres de la vie, dans les \u00e9croulements de la mort, ta main nous rel\u00e8ve[8]. [Alain Lerbret, France\u00a0: 2006] Pri\u00e8re [&hellip;]<\/p>\n","protected":false},"author":1,"featured_media":0,"parent":0,"menu_order":0,"comment_status":"closed","ping_status":"open","template":"","meta":{"footnotes":""},"class_list":["post-2326","page","type-page","status-publish","hentry","has-post-title","no-post-date","has-post-category","has-post-tag","has-post-comment","has-post-author",""],"builder_content":"","_links":{"self":[{"href":"https:\/\/absi.ch\/new\/wp-json\/wp\/v2\/pages\/2326","targetHints":{"allow":["GET"]}}],"collection":[{"href":"https:\/\/absi.ch\/new\/wp-json\/wp\/v2\/pages"}],"about":[{"href":"https:\/\/absi.ch\/new\/wp-json\/wp\/v2\/types\/page"}],"author":[{"embeddable":true,"href":"https:\/\/absi.ch\/new\/wp-json\/wp\/v2\/users\/1"}],"replies":[{"embeddable":true,"href":"https:\/\/absi.ch\/new\/wp-json\/wp\/v2\/comments?post=2326"}],"version-history":[{"count":6,"href":"https:\/\/absi.ch\/new\/wp-json\/wp\/v2\/pages\/2326\/revisions"}],"predecessor-version":[{"id":2345,"href":"https:\/\/absi.ch\/new\/wp-json\/wp\/v2\/pages\/2326\/revisions\/2345"}],"wp:attachment":[{"href":"https:\/\/absi.ch\/new\/wp-json\/wp\/v2\/media?parent=2326"}],"curies":[{"name":"wp","href":"https:\/\/api.w.org\/{rel}","templated":true}]}}