{"id":2384,"date":"2014-05-30T02:28:56","date_gmt":"2014-05-30T00:28:56","guid":{"rendered":"http:\/\/absi.ch\/new\/?page_id=2384"},"modified":"2014-05-30T02:56:07","modified_gmt":"2014-05-30T00:56:07","slug":"eucharistie-18-mai-2014_cont","status":"publish","type":"page","link":"https:\/\/absi.ch\/new\/eucharistie-18-mai-2014_cont\/","title":{"rendered":"eucharistie-18-mai-2014_cont"},"content":{"rendered":"<p>[layout][layout_group][one_fourth]<\/p>\n<p><i>Le psaume 84 fait partie d\u2019un groupe de onze psaumes li\u00e9s aux fils de Cor\u00e9, des personnes qui exer\u00e7aient des fonctions liturgiques au temple de J\u00e9rusalem, en particulier comme chanteurs ; mais aussi dans d\u2019autres circonstances ils intervenaient pour louer Dieu \u00e0 une voix tr\u00e8s haute (2 Chroniques 20,19).<\/i><\/p>\n<p><i>Apr\u00e8s les indications techniques du premier verset, le psaume 84 est compos\u00e9 de trois strophes. La premi\u00e8re (vv. 2-5) est une expression de surprise<a title=\"\" href=\"#_ftn4\">[4]<\/a>. Le po\u00e8te dit \u00e0 Dieu sa surprise devant le fait que dans ce monde il y a un lieu dans lequel Dieu habite, une maison dans laquelle Dieu accueille les vivants, les humains en particulier.<\/i><\/p>\n<p><i>La deuxi\u00e8me strophe (vv. 6-8) montre les cons\u00e9quences de cette surprise. Le po\u00e8te et d\u2019autres personnes avec lui se mettent en marche pour aller dans cette \u2018maison\u2019 et pour rencontrer Dieu lui-m\u00eame. Et ils affrontent leur voyage avec d\u00e9termination : de bon c\u0153ur ils se mettent en route (v. 6). Vers la fin de leur p\u00e8lerinage &#8211; qui a lieu en automne, \u00e0 la veille de la saison des pluies &#8211; la s\u00e9cheresse est l\u00e0, et ils doivent traverser \u00ab la vall\u00e9e du Pleureur \u00bb<a title=\"\" href=\"#_ftn5\">[5]<\/a>. Mais bient\u00f4t la nature est comme transform\u00e9e et leur passage transforme, pour ainsi dire, la vall\u00e9e s\u00e8che en source.<\/i><\/p>\n<p><i>Mais le sommet du psaume est la derni\u00e8re strophe (vv. 9-13). Le po\u00e8te chante la surprise &#8211; sa surprise et celle des personnes qui ont fait le voyage avec lui &#8211; d\u2019\u00eatre \u00ab\u00a0au seuil de la maison de mon Dieu\u00a0\u00bb (v. 11).<\/i><\/p>\n<p><i>Une derni\u00e8re remarque\u00a0: \u00e0 la fin de la premi\u00e8re et de la derni\u00e8re strophe et au commencement de la deuxi\u00e8me, le psaume contient un constat et une invitation\u00a0: \u00ab\u00a0Heureux et en marche\u00a0\u00bb (vv. 5.6.13). Ces trois \u2018b\u00e9atitudes\u2019 soulignent, un peu comme on verra dans l\u2019Evangile, l\u2019intimit\u00e9 qui lie le croyant \u00e0 Dieu. Il s\u2019agit d\u2019une intimit\u00e9 qui, surtout dans le dernier verset, d\u00e9passe les temps et les lieux et arrive jusqu\u2019\u00e0 nous : \u00ab\u00a0heureux et en marche l\u2019humain qui met en toi sa confiance\u00a0\u00bb (v. 13). C\u2019est une intimit\u00e9 qui s\u2019intensifie de jour en jour et qui trouvera sa pl\u00e9nitude au-del\u00e0 de la mort<a title=\"\" href=\"#_ftn6\">[6]<\/a>.<\/i><br \/>\n[\/one_fourth]<\/p>\n<p>[one_fourth]<b>Psaume 84<\/b><br \/>\n<sup>1<\/sup> Du r\u00e9pertoire du ma\u00eetre de la chorale.<br \/>\nAccompagnement sur la harpe de Gath.<br \/>\nDes fils de Cor\u00e9. Psaume.<\/p>\n<p><sup>2<\/sup> Comme sont bien-aim\u00e9es tes r\u00e9sidences,<br \/>\nSeigneur tout-puissant !<br \/>\n<sup>3<\/sup> Elle soupire, mon \u00e2me, elle meurt d\u2019impatience<br \/>\nen attendant d\u2019entrer dans les cours du temple du Seigneur.<br \/>\nMon c\u0153ur et ma chair crient de joie vers le Dieu vivant.<br \/>\n<sup>4<\/sup> M\u00eame le petit oiseau trouve un abri<br \/>\net l\u2019hirondelle un nid o\u00f9 mettre ses petits<br \/>\npr\u00e8s de tes autels, Seigneur tout-puissant, mon Roi et mon Dieu !<br \/>\n<sup>5<\/sup> Heureux et en marche ceux qui habitent dans ta maison :<br \/>\nencore ils te loueront.<br \/>\nPause de r\u00e9flexion.<\/p>\n<p><sup>6<\/sup> Heureux et en marche l\u2019humain dont la force est en toi,<br \/>\nde bon c\u0153ur ces personnes se mettent en route.<br \/>\n<sup>7<\/sup> Passant dans la vall\u00e9e du Pleureur<br \/>\nils la changent en source,<br \/>\nles premi\u00e8res pluies la couvrent m\u00eame de b\u00e9n\u00e9dictions.<br \/>\n<sup>8<\/sup> Ils gagnent des forces \u00e0 mesure qu\u2019ils avancent\u00a0:<br \/>\nchacun d\u2019eux veut se pr\u00e9senter \u00e0 Dieu, dans Sion.<\/p>\n<p><sup>9<\/sup> Seigneur, Dieu tout-puissant,<br \/>\n\u00e9coute ma pri\u00e8re ;<br \/>\ntends l\u2019oreille, Dieu de Jacob.<br \/>\nPause de r\u00e9flexion.[\/one_fourth]<\/p>\n<p>[one_fourth]<sup>10<\/sup> Dieu, toi qui es notre bouclier, vois<br \/>\net regarde le visage de ton messie !<br \/>\n<sup>11<\/sup> Puisqu\u2019un jour dans les cours de ton temple<br \/>\nest bon plus que mille, j\u2019ai choisi :<br \/>\nplut\u00f4t rester au seuil de la maison de mon Dieu<br \/>\nque demeurer sous les tentes des infid\u00e8les.<br \/>\n<sup>12<\/sup> Oui, soleil et bouclier est le Seigneur Dieu,<br \/>\nle Seigneur donne gr\u00e2ce et gloire,<br \/>\nil ne refuse aucun bien<br \/>\n\u00e0 ceux qui marchent dans la perfection.<br \/>\n<sup>13<\/sup> Seigneur tout-puissant,<br \/>\nheureux et en marche l\u2019humain qui met en toi sa confiance\u00a0!<\/p>\n<p>&nbsp;<\/p>\n<p><i>D\u2019apr\u00e8s l\u2019Evangile de Jean, \u00e0 la veille de sa mort J\u00e9sus lave les pieds \u00e0 ses disciples\u00a0; ensuite il leur adresse un long discours d\u2019adieu (Jn 13-17). Dans la page de ce matin, J\u00e9sus veut pr\u00e9parer les disciples \u00e0 sa mort imminente. La mort de J\u00e9sus n\u2019est pas la fin du chemin commun entre J\u00e9sus et les siens\u00a0; sa mort est l\u2019ouverture d\u2019un nouveau chemin<a title=\"\" href=\"#_ftn7\">[7]<\/a>. En mourant, J\u00e9sus va aupr\u00e8s du P\u00e8re et, aupr\u00e8s du P\u00e8re, J\u00e9sus va leur pr\u00e9parer une place. \u00ab\u00a0De cette fa\u00e7on, vous serez vous aussi l\u00e0 o\u00f9 je suis. Et le chemin qui conduit l\u00e0 o\u00f9 je vais, vous le connaissez\u00a0\u00bb (vv. 3s).<\/i><\/p>\n<p><i>Cette affirmation de J\u00e9sus suscite la r\u00e9action de Thomas. Sa foi n\u2019est pas encore adulte\u00a0: il ne r\u00e9ussit pas \u00e0 comprendre o\u00f9 J\u00e9sus se pr\u00e9pare \u00e0 aller et o\u00f9 les disciples vont aller plus tard.<\/i><\/p>\n<p><i>Mais l\u2019intervention de Thomas permet \u00e0 J\u00e9sus de s\u2019expliquer\u00a0: la destination finale c\u2019est le P\u00e8re, et J\u00e9sus est le chemin qui conduit au P\u00e8re (v. 6).<\/i>[\/one_fourth]<\/p>\n<p>[one_fourth]<a title=\"\" href=\"#_ftnref\">[4]<\/a> Cf. E. Zenger dans F.-L. Hossfeld \u2013 E. Zenger, <i>Psalmen 51-100<\/i>, Herder, Freiburg &#8211; Basel &#8211; Wien, 2000, p. 515.<\/p>\n<div>\n<p><a title=\"\" href=\"#_ftnref\">[5]<\/a> Pour ce terme, cf. J.-L. Vesco, <i>Le psautier de David traduit et comment\u00e9<\/i>, Cerf, Paris, 2006, p. 767.<\/p>\n<\/div>\n<div>\n<p><a title=\"\" href=\"#_ftnref\">[6]<\/a> Cf. E. Zenger dans F.-L. Hossfeld \u2013 E. Zenger, <i>Psalmen 51-100<\/i>, Herder, Freiburg &#8211; Basel &#8211; Wien, 2000, p. 522.<\/p>\n<\/div>\n<div>\n<p><a title=\"\" href=\"#_ftnref\">[7]<\/a> Cf. J. Zumstein, <i>Evangile selon Jean<\/i>, dans <i>Le Nouveau Testament comment\u00e9<\/i>, sous la direction de C. Focant et D. Marguerat, Bayard &#8211; Labor et fides, Paris &#8211; Gen\u00e8ve, 2012, p. 479.<\/p>\n<\/div>\n<p>&nbsp;<\/p>\n<p><a href=\"http:\/\/absi.ch\/new\/wp-content\/uploads\/2014\/05\/Eucharistie-18-mai-2014-Renzo.pdf\" target=\"_blank\"><em>&gt; testo in pdf<\/em><\/a><\/p>\n<p><a href=\"http:\/\/absi.ch\/new\/eucharistie-18-mai-2014_cont2\/\"><em>&gt; continua<\/em><\/a><br \/>\n<a href=\"http:\/\/absi.ch\/new\/2014\/05\/notre-desir\/\"><em>&gt; inizio pagina<\/em><\/a><br \/>\n<a href=\"http:\/\/absi.ch\/new\/lectures-pour-lafrique-et-toute-la-terre\/\"><em>&gt; Lectures pour l&#8217;Afrique &#8230;<\/em><\/a><\/p>\n<p>[\/one_fourth][one_fourth][\/one_fourth][one_fourth][\/one_fourth][\/layout_group][\/layout]<\/p>\n<div id=\"themify_builder_content-2384\" data-postid=\"2384\" class=\"themify_builder_content themify_builder_content-2384 themify_builder\">\n    <\/div>\n<!-- \/themify_builder_content -->\n","protected":false},"excerpt":{"rendered":"<p>[layout][layout_group][one_fourth] Le psaume 84 fait partie d\u2019un groupe de onze psaumes li\u00e9s aux fils de Cor\u00e9, des personnes qui exer\u00e7aient des fonctions liturgiques au temple de J\u00e9rusalem, en particulier comme chanteurs ; mais aussi dans d\u2019autres circonstances ils intervenaient pour louer Dieu \u00e0 une voix tr\u00e8s haute (2 Chroniques 20,19). Apr\u00e8s les indications techniques du [&hellip;]<\/p>\n","protected":false},"author":1,"featured_media":0,"parent":0,"menu_order":0,"comment_status":"closed","ping_status":"open","template":"","meta":{"footnotes":""},"class_list":["post-2384","page","type-page","status-publish","hentry","has-post-title","no-post-date","has-post-category","has-post-tag","has-post-comment","has-post-author",""],"builder_content":"","_links":{"self":[{"href":"https:\/\/absi.ch\/new\/wp-json\/wp\/v2\/pages\/2384","targetHints":{"allow":["GET"]}}],"collection":[{"href":"https:\/\/absi.ch\/new\/wp-json\/wp\/v2\/pages"}],"about":[{"href":"https:\/\/absi.ch\/new\/wp-json\/wp\/v2\/types\/page"}],"author":[{"embeddable":true,"href":"https:\/\/absi.ch\/new\/wp-json\/wp\/v2\/users\/1"}],"replies":[{"embeddable":true,"href":"https:\/\/absi.ch\/new\/wp-json\/wp\/v2\/comments?post=2384"}],"version-history":[{"count":20,"href":"https:\/\/absi.ch\/new\/wp-json\/wp\/v2\/pages\/2384\/revisions"}],"predecessor-version":[{"id":2414,"href":"https:\/\/absi.ch\/new\/wp-json\/wp\/v2\/pages\/2384\/revisions\/2414"}],"wp:attachment":[{"href":"https:\/\/absi.ch\/new\/wp-json\/wp\/v2\/media?parent=2384"}],"curies":[{"name":"wp","href":"https:\/\/api.w.org\/{rel}","templated":true}]}}