{"id":2492,"date":"2014-06-02T02:02:21","date_gmt":"2014-06-02T00:02:21","guid":{"rendered":"http:\/\/absi.ch\/new\/?page_id=2492"},"modified":"2014-06-02T02:31:08","modified_gmt":"2014-06-02T00:31:08","slug":"eucharistie-1-juin-2014_cont","status":"publish","type":"page","link":"https:\/\/absi.ch\/new\/eucharistie-1-juin-2014_cont\/","title":{"rendered":"eucharistie-1-juin-2014_cont"},"content":{"rendered":"<p>[layout][layout_group][one_fourth]<i>Au centre de la pri\u00e8re de J\u00e9sus il y a le verbe \u00ab\u00a0glorifier\u00a0\u00bb et le mot \u00ab\u00a0gloire\u00a0\u00bb. Et derri\u00e8re ces termes, il y a deux dimensions. La glorification est d\u2019abord reconnaissance et approbation, mais aussi manifestation. L\u2019Evangile parle d\u2019une glorification r\u00e9ciproque entre P\u00e8re et Fils. En effet, le P\u00e8re est invit\u00e9 \u00e0 reconna\u00eetre le Fils et \u00e0 agir \u00e0 travers lui\u00a0; c\u2019est ainsi que le Fils r\u00e9v\u00e9lera l\u2019amour du P\u00e8re dans le monde. <\/i><\/p>\n<p align=\"JUSTIFY\"><i>J\u00e9sus \u00e9voque cette glorification \u00e0 la veille de sa mort et en parlant de sa mort. Il demande au P\u00e8re de glorifier son Fils et de faire de sa mort non pas l\u2019espace de son absence et de son silence, mais de sa pr\u00e9sence active, sa pr\u00e9sence qui r\u00e9v\u00e8le Dieu<\/i><sup><i><a href=\"#sdfootnote6sym\" name=\"sdfootnote6anc\"><sup>6<\/sup><\/a><\/i><\/sup><i>. <\/i><\/p>\n<p align=\"JUSTIFY\"><i>La vie et la mort de J\u00e9sus r\u00e9v\u00e8lent le P\u00e8re. Mais cette r\u00e9v\u00e9lation n\u2019est pas quelque chose de th\u00e9orique. Il s\u2019agit d\u2019une communication de vie, de vie \u00e9ternelle.\u00a0Le Fils va donner la vie \u00e9ternelle aux personnes que le P\u00e8re lui a confi\u00e9es (v. 2). \u00ab\u00a0Et la vie \u00e9ternelle\u00a0&#8211; nous dit l\u2019Evangile &#8211; c\u2019est te conna\u00eetre, toi, le seul vrai Dieu, et conna\u00eetre celui que tu as envoy\u00e9, J\u00e9sus Christ\u00a0\u00bb (v. 3).<\/i><\/p>\n<p align=\"JUSTIFY\"><i>Quant au verbe \u00ab\u00a0conna\u00eetre\u00a0\u00bb, nous ne devons pas nous tromper. Dans la langue de J\u00e9sus et de la Bible, ce verbe exprime la relation la plus profonde et personnelle, une relation intime comme celle qui unit un couple qui s\u2019aime.<\/i><\/p>\n<p align=\"JUSTIFY\"><i>Et la derni\u00e8re partie du texte revient sur cette relation\u00a0: \u00ab\u00a0J\u2019ai manifest\u00e9 ton nom aux personnes que tu as prises du monde et que tu m\u2019as confi\u00e9es\u00a0\u00bb (v. 6). Pour les croyants, il y a eu une rupture\u00a0: ils \u00e9taient li\u00e9s au monde. Mais J\u00e9sus leur a manifest\u00e9 le P\u00e8re, son nom, c\u2019est-\u00e0-dire sa personne. Et les croyants ont r\u00e9pondu au P\u00e8re et \u00e0 son amour. C\u2019est ainsi que le P\u00e8re les a pris du monde\u00a0: ils vivent d\u00e9sormais une relation totalement nouvelle, une relation intime avec le Fils. Ils sont des personnes \u00ab\u00a0confi\u00e9es\u00a0\u00bb au Fils. Et du Fils elles ont gard\u00e9 &#8211; d\u2019une fa\u00e7on d\u00e9finitive &#8211; la parole. <\/i><\/p>\n<p align=\"JUSTIFY\"><i>Bref\u00a0: la communaut\u00e9 chr\u00e9tienne na\u00eet de la parole et vit de son attachement \u00e0 cette parole<\/i><sup><i><a href=\"#sdfootnote7sym\" name=\"sdfootnote7anc\"><sup>7<\/sup><\/a><\/i><\/sup><i>. Ailleurs dans l\u2019Evangile J\u00e9sus invite les disciples \u00e0 garder sa parole<\/i><sup><i><a href=\"#sdfootnote8sym\" name=\"sdfootnote8anc\"><sup>8<\/sup><\/a><\/i><\/sup><i>. Mais ici, et seulement ici, J\u00e9sus voit cet attachement des disciples \u00e0 la parole comme un fait d\u00e9j\u00e0 r\u00e9alis\u00e9, d\u00e9finitif.[\/one_fourth]<\/i><\/p>\n<p align=\"JUSTIFY\"><i>[one_fourth]<\/i><b>De l\u2019Evangile selon Jean (17,1-8)<\/b><\/p>\n<p align=\"JUSTIFY\"><sup>1<\/sup> Aux disciples, il parla ainsi. Ensuite, en levant ses yeux vers le ciel, J\u00e9sus dit : \u00ab P\u00e8re, l\u2019heure est venue, d\u00e9finitivement. <b>Glorifie<\/b> ton Fils, afin que ton Fils te <b>glorifie<\/b>. <sup>2<\/sup> Tu lui as donn\u00e9 le pouvoir sur tous les \u00eatres humains, pour qu\u2019il donne la vie \u00e9ternelle \u00e0 ceux que tu lui as confi\u00e9s.<\/p>\n<p align=\"JUSTIFY\"><sup>3<\/sup> Et la vie \u00e9ternelle, c\u2019est te conna\u00eetre, toi, le seul vrai Dieu, et conna\u00eetre celui que tu as envoy\u00e9, J\u00e9sus Christ. <sup>4<\/sup> Moi, je t\u2019ai <b>glorifi\u00e9<\/b> sur la terre, j\u2019ai accompli l\u2019\u0153uvre que tu m\u2019as donn\u00e9e \u00e0 faire. <sup>5<\/sup> Et maintenant, <b>glorifie<\/b>-moi, P\u00e8re, aupr\u00e8s de toi-m\u00eame, de la <b>gloire<\/b> que j\u2019avais aupr\u00e8s de toi avant que le monde existe.<\/p>\n<p align=\"JUSTIFY\"><sup>6<\/sup> J\u2019ai manifest\u00e9 ton nom aux personnes que tu as prises du monde et que tu m\u2019as confi\u00e9es. Elles \u00e9taient \u00e0 toi, tu me les as confi\u00e9es, et elles ont gard\u00e9 &#8211; d\u2019une fa\u00e7on d\u00e9finitive &#8211; ta parole. <sup>7 <\/sup>Maintenant ils savent que tout ce que tu m\u2019as donn\u00e9 vient de toi. <sup>8<\/sup> En effet, je leur ai donn\u00e9 les paroles que tu m\u2019as donn\u00e9es. Ils les ont re\u00e7ues. Ils ont vraiment reconnu que je suis venu de toi et ils croient que tu m\u2019as envoy\u00e9.<\/p>\n<p align=\"JUSTIFY\"><span style=\"background-color: yellow;\">Pri\u00e8re d\u2019ouverture<\/span><br \/>\n\u00d4 P\u00e8re, toi qui, en nous, tu as fait resplendir le visage de ta puissance infinie,<br \/>\ndonne-nous d\u2019\u00eatre fid\u00e8les \u00e0 ta justice.<br \/>\nC\u2019est ainsi que nous pouvons \u00eatre un signe d\u2019espoir<br \/>\net de louange, une louange dans la joie, pour tous les humains.<sup><a href=\"#sdfootnote9sym\" name=\"sdfootnote9anc\"><sup>9<\/sup><\/a><\/sup><br \/>\n[David Maria Turoldo, pr\u00eatre et po\u00e8te, Italie\u00a0: 1916-1992]<\/p>\n<p lang=\"it-IT\" align=\"JUSTIFY\"><span style=\"background-color: yellow;\">Pri\u00e8re finale<\/span><br \/>\nVoil\u00e0 ce que nous te demandons:<br \/>\nque tu fasses resplendir sur nous ton visage, ton image,<br \/>\ncelle qui est toujours rest\u00e9e, pour ainsi dire,<br \/>\ndans les t\u00e9n\u00e8bres de tes myst\u00e8res.<br \/>\nEt si tu ne fais pas resplendir sur nous ton visage,[\/one_fourth]<\/p>\n<p lang=\"it-IT\" align=\"JUSTIFY\">[one_fourth]nous ne pouvons pas conna\u00eetre ton chemin.<br \/>\nVoil\u00e0 pourquoi le psaume (<i>Ps<\/i> 67,4) dit:<br \/>\n\u00ab\u00a0Afin que nous puissions conna\u00eetre sur la terre ton chemin\u00a0\u00bb,<br \/>\nafin que ta majest\u00e9, qui est connue dans les cieux,<br \/>\nsoit aussi connue sur la terre,<br \/>\nafin que les humains puissent t\u2019adorer sur la terre<br \/>\ncomme les anges au ciel.<br \/>\nEt que les peuples puissent se r\u00e9jouir et crier de joie.<br \/>\nQue puissent se r\u00e9jouir car tu juges les peuples<br \/>\navec impartialit\u00e9 et droiture.<br \/>\nTu ne fais pas de pr\u00e9f\u00e9rences pour un peuple,<br \/>\nmais tu es le Dieu de tous les peuples.<br \/>\nTu n\u2019accueilles pas seulement Isra\u00ebl,<br \/>\ntout le monde est \u00e0 toi<sup><a href=\"#sdfootnote10sym\" name=\"sdfootnote10anc\"><sup>10<\/sup><\/a><\/sup>.[Orig\u00e8ne, bibliste\u00a0: Alexandrie d\u2019Egypte, 202-253]<br \/>\n&#8212;&#8212;&#8212;&#8212;&#8212;&#8212;&#8212;&#8212;&#8212;&#8212;&#8212;&#8212;&#8212;&#8212;&#8212;&#8212;&#8212;&#8212;&#8212;<\/p>\n<div id=\"sdfootnote6\"><a href=\"#sdfootnote6anc\" name=\"sdfootnote6sym\">6<\/a> <span style=\"color: #808080;\">Cf. J. Zumstein, <i>L\u2019Evangile selon saint Jean (13-21)<\/i>, Labor et fides, Gen\u00e8ve 2007, p. 165.<\/div>\n<div id=\"sdfootnote7\"><a href=\"#sdfootnote7anc\" name=\"sdfootnote7sym\">7<\/a> <span style=\"color: #808080;\">Ibid., p. 172.<\/div>\n<div id=\"sdfootnote8\"><a href=\"#sdfootnote8anc\" name=\"sdfootnote8sym\">8<\/a> <span style=\"color: #808080;\">Cf. Jn 8,51 (\u00ab\u00a0si quelqu\u2019un garde ma parole, il ne verra jamais la mort\u00a0\u00bb)<\/div>\n<div><span style=\"color: #808080;\">et 14, 23 (\u00ab\u00a0Si quelqu\u2019un m\u2019aime, il gardera ma parole, et mon P\u00e8re l\u2019aimera;<\/div>\n<div><span style=\"color: #808080;\">nous viendrons \u00e0 lui et nous ferons notre demeure aupr\u00e8s de lui\u00a0\u00bb).<\/div>\n<div id=\"sdfootnote9\"><a href=\"#sdfootnote9anc\" name=\"sdfootnote9sym\">9<\/a> <span style=\"color: #808080;\">D. M. Turoldo &#8211; G. Ravasi, <i>\u00ab Lungo i fiumi \u00bb. I salmi. Traduzione poetica e commento<\/i>,<\/div>\n<div>\u00a0<span style=\"color: #808080;\">San Paolo, Cinisello Balsamo 1987, p. 225.<\/div>\n<div id=\"sdfootnote10\"><a href=\"#sdfootnote10anc\" name=\"sdfootnote10sym\">10 <\/a><span style=\"color: #808080;\"><i>I Salmi commentati dai Padri della Chiesa<\/i>, a cura di B. Capalbo,<\/div>\n<div><span style=\"color: #808080;\">Paoline, Milano, 2000, p. 185s.<\/div>\n<p>&nbsp;<br \/>\n<a href=\"http:\/\/absi.ch\/new\/wp-content\/uploads\/2014\/06\/Eucharistie_1juin2014.pdf\" target=\"_blank\"><em>&gt; testo in pdf<\/em><\/a><\/p>\n<p><a href=\"http:\/\/absi.ch\/new\/2014\/06\/eucharistie-1-juin-2014\/\"><em>&gt; inizio pagina<\/em><\/a><br \/>\n<a href=\"http:\/\/absi.ch\/new\/lectures-pour-lafrique-et-toute-la-terre\/\"><em>&gt; Lectures pour l&#8217;Afrique &#8230;<\/em><\/a><br \/>\n[\/one_fourth][one_fourth][\/one_fourth][one_fourth][\/one_fourth][\/layout_group]<\/p>\n<div id=\"themify_builder_content-2492\" data-postid=\"2492\" class=\"themify_builder_content themify_builder_content-2492 themify_builder\">\n    <\/div>\n<!-- \/themify_builder_content -->\n","protected":false},"excerpt":{"rendered":"<p>[layout][layout_group][one_fourth]Au centre de la pri\u00e8re de J\u00e9sus il y a le verbe \u00ab\u00a0glorifier\u00a0\u00bb et le mot \u00ab\u00a0gloire\u00a0\u00bb. Et derri\u00e8re ces termes, il y a deux dimensions. La glorification est d\u2019abord reconnaissance et approbation, mais aussi manifestation. L\u2019Evangile parle d\u2019une glorification r\u00e9ciproque entre P\u00e8re et Fils. En effet, le P\u00e8re est invit\u00e9 \u00e0 reconna\u00eetre le Fils [&hellip;]<\/p>\n","protected":false},"author":1,"featured_media":0,"parent":0,"menu_order":0,"comment_status":"closed","ping_status":"open","template":"","meta":{"footnotes":""},"class_list":["post-2492","page","type-page","status-publish","hentry","has-post-title","no-post-date","has-post-category","has-post-tag","has-post-comment","has-post-author",""],"builder_content":"","_links":{"self":[{"href":"https:\/\/absi.ch\/new\/wp-json\/wp\/v2\/pages\/2492","targetHints":{"allow":["GET"]}}],"collection":[{"href":"https:\/\/absi.ch\/new\/wp-json\/wp\/v2\/pages"}],"about":[{"href":"https:\/\/absi.ch\/new\/wp-json\/wp\/v2\/types\/page"}],"author":[{"embeddable":true,"href":"https:\/\/absi.ch\/new\/wp-json\/wp\/v2\/users\/1"}],"replies":[{"embeddable":true,"href":"https:\/\/absi.ch\/new\/wp-json\/wp\/v2\/comments?post=2492"}],"version-history":[{"count":22,"href":"https:\/\/absi.ch\/new\/wp-json\/wp\/v2\/pages\/2492\/revisions"}],"predecessor-version":[{"id":2520,"href":"https:\/\/absi.ch\/new\/wp-json\/wp\/v2\/pages\/2492\/revisions\/2520"}],"wp:attachment":[{"href":"https:\/\/absi.ch\/new\/wp-json\/wp\/v2\/media?parent=2492"}],"curies":[{"name":"wp","href":"https:\/\/api.w.org\/{rel}","templated":true}]}}