{"id":2633,"date":"2014-06-22T01:51:41","date_gmt":"2014-06-21T23:51:41","guid":{"rendered":"http:\/\/absi.ch\/new\/?page_id=2633"},"modified":"2014-06-22T03:38:34","modified_gmt":"2014-06-22T01:38:34","slug":"corpo-e-sangue-di-cristo-22giugno2014-2","status":"publish","type":"page","link":"https:\/\/absi.ch\/new\/corpo-e-sangue-di-cristo-22giugno2014-2\/","title":{"rendered":"LA MIA CARNE E\u2019 VERO CIBO E IL MIO SANGUE VERA BEVANDA_cont"},"content":{"rendered":"<p>[layout][layout_group][one_fourth] <i>\u00abCome il Padre, che ha la vita\u00bb\u201d &#8211; <\/i>ed \u00e8 l\u2019unica volta che Dio viene definito come il Padre che \u00e8 vivente <i>&#8211; \u201c\u00abha mandato me\u00bb\u201d &#8211; <\/i>il Padre ha mandato il figlio per manifestare il suo amore senza limiti &#8211; <i>\u201c\u00abe io vivo per il Padre, cos\u00ec anche colui che mastica \u2026\u00bb\u201d &#8211; <\/i>di nuovo Ges\u00f9 insiste con questo verbo <span style=\"color: #808080;\"><span style=\"font-family: Century Gothic,sans-serif;\"><span style=\"font-size: small;\"><span style=\"font-family: Bwgrkn;\"><span style=\"font-size: large;\"><b>tr<\/b><\/span><\/span><span style=\"font-family: Bwgrkn;\"><span style=\"font-size: large;\"><b>w,<\/b><\/span><\/span><span style=\"font-family: Bwgrkn;\"><span style=\"font-size: large;\"><b>gw<\/b><\/span><\/span><\/span><\/span><\/span> che indica non un\u2019adesione teorica, ma reale e concreta &#8211; <i>\u201c\u00ab\u2026me, vivr\u00e0 per me\u00bb\u201d. <\/i><\/p>\n<p lang=\"it-IT\" align=\"LEFT\">Alla vita ricevuta da Dio corrisponde una vita comunicata ai fratelli. Questo \u00e8 il significato dell\u2019Eucaristia. E, come il Padre ha mandato il figlio ad essere manifestazione visibile di un amore senza limiti, cos\u00ec quanti accolgono Ges\u00f9 sono chiamati a manifestare un amore incondizionato.<\/p>\n<p lang=\"it-IT\" align=\"LEFT\">E conclude Ges\u00f9: <i>\u201c<\/i><i>\u00ab<\/i><i>Questo \u00e8 il pane disceso dal cielo; non \u00e8 come quello che mangiarono i padri e morirono<\/i><i>\u00bb<\/i><i>\u201d. <\/i>Ges\u00f9 mette il dito nella piaga del fallimento dell\u2019Esodo. Tutti quelli che sono usciti dall\u2019Egitto sono morti. I loro figli sono entrati. E Ges\u00f9 contrappone il suo esodo che \u00e8 destinato invece a realizzarsi pienamente.<\/p>\n<p lang=\"it-IT\" align=\"LEFT\">E di nuovo Ges\u00f9 insiste: <i>\u201c<\/i><i>\u00ab<\/i><i>Chi mastica<\/i><i>\u00bb<\/i><i>\u201d &#8211; <\/i>quindi adesione piena e totale, non simbolica<i>, \u201c<\/i><i>\u00ab<\/i><i>questo pane vivr\u00e0 per sempre<\/i><i>\u00bb<\/i><i>\u201d. <\/i><\/p>\n<p lang=\"it-IT\" align=\"LEFT\">Chi orienta la propria vita, con Ges\u00f9 e come Ges\u00f9, a favore degli altri, ha gi\u00e0 una vita che la morte non potr\u00e0 interrompere.<\/p>\n<p>&nbsp;<\/p>\n<p><a href=\"Corpus Domini 22.6.2014\" target=\"_blank\"><em>&gt; testo in pdf<\/em><\/a><\/p>\n<p>&gt; <a href=\"http:\/\/absi.ch\/new\/2014\/06\/corpo-e-sangue-di-cristo-22giugno2014\/\"><em>inizio pagina<\/em><\/a><\/p>\n<p><em><a href=\"http:\/\/absi.ch\/new\/commento-al-vangelo-3\/\">&gt; Commento al Vangelo<\/a><\/em><\/p>\n<p lang=\"it-IT\" align=\"LEFT\"><em><a href=\"http:\/\/absi.ch\/new\/formazione-biblica-2\/\">&gt; Formazione biblica<\/a><\/em><\/p>\n<p>[\/one_fourth][one_fourth]<\/p>\n<p><a href=\"http:\/\/absi.ch\/new\/wp-content\/uploads\/2014\/06\/Cena-peccatori.jpg\"><img loading=\"lazy\" decoding=\"async\" class=\"alignright  wp-image-2643\" alt=\"Cena peccatori\" src=\"http:\/\/absi.ch\/new\/wp-content\/uploads\/2014\/06\/Cena-peccatori.jpg\" width=\"759\" height=\"390\" srcset=\"https:\/\/absi.ch\/new\/wp-content\/uploads\/2014\/06\/Cena-peccatori.jpg 799w, https:\/\/absi.ch\/new\/wp-content\/uploads\/2014\/06\/Cena-peccatori-300x154.jpg 300w\" sizes=\"auto, (max-width: 759px) 100vw, 759px\" \/><\/a><\/p>\n<h5>La cena con i peccatori<\/h5>\n<p><em>di Sieger K\u00f6der<\/em><\/p>\n<p>[\/one_fourth][one_fourth][\/one_fourth][one_fourth][\/one_fourth][\/layout_group][\/layout]<\/p>\n<div id=\"themify_builder_content-2633\" data-postid=\"2633\" class=\"themify_builder_content themify_builder_content-2633 themify_builder\">\n    <\/div>\n<!-- \/themify_builder_content -->\n","protected":false},"excerpt":{"rendered":"<p>[layout][layout_group][one_fourth] \u00abCome il Padre, che ha la vita\u00bb\u201d &#8211; ed \u00e8 l\u2019unica volta che Dio viene definito come il Padre che \u00e8 vivente &#8211; \u201c\u00abha mandato me\u00bb\u201d &#8211; il Padre ha mandato il figlio per manifestare il suo amore senza limiti &#8211; \u201c\u00abe io vivo per il Padre, cos\u00ec anche colui che mastica \u2026\u00bb\u201d &#8211; [&hellip;]<\/p>\n","protected":false},"author":1,"featured_media":0,"parent":0,"menu_order":0,"comment_status":"closed","ping_status":"open","template":"","meta":{"footnotes":""},"class_list":["post-2633","page","type-page","status-publish","hentry","has-post-title","no-post-date","has-post-category","has-post-tag","has-post-comment","has-post-author",""],"builder_content":"","_links":{"self":[{"href":"https:\/\/absi.ch\/new\/wp-json\/wp\/v2\/pages\/2633","targetHints":{"allow":["GET"]}}],"collection":[{"href":"https:\/\/absi.ch\/new\/wp-json\/wp\/v2\/pages"}],"about":[{"href":"https:\/\/absi.ch\/new\/wp-json\/wp\/v2\/types\/page"}],"author":[{"embeddable":true,"href":"https:\/\/absi.ch\/new\/wp-json\/wp\/v2\/users\/1"}],"replies":[{"embeddable":true,"href":"https:\/\/absi.ch\/new\/wp-json\/wp\/v2\/comments?post=2633"}],"version-history":[{"count":8,"href":"https:\/\/absi.ch\/new\/wp-json\/wp\/v2\/pages\/2633\/revisions"}],"predecessor-version":[{"id":2652,"href":"https:\/\/absi.ch\/new\/wp-json\/wp\/v2\/pages\/2633\/revisions\/2652"}],"wp:attachment":[{"href":"https:\/\/absi.ch\/new\/wp-json\/wp\/v2\/media?parent=2633"}],"curies":[{"name":"wp","href":"https:\/\/api.w.org\/{rel}","templated":true}]}}