{"id":2677,"date":"2014-07-06T02:46:59","date_gmt":"2014-07-06T00:46:59","guid":{"rendered":"http:\/\/absi.ch\/new\/?page_id=2677"},"modified":"2020-10-02T20:24:22","modified_gmt":"2020-10-02T18:24:22","slug":"io-sono-mite-e-umile-di-cuore_cont","status":"publish","type":"page","link":"https:\/\/absi.ch\/new\/io-sono-mite-e-umile-di-cuore_cont\/","title":{"rendered":"IO SONO MITE E UMILE DI CUORE_cont"},"content":{"rendered":"<p lang=\"it-IT\">[layout][layout_group][one_fourth]<span style=\"color: #808080;\"><span style=\"font-family: Century Gothic,sans-serif;\"><span style=\"font-size: small;\"><span style=\"color: #808080;\"><span style=\"font-family: Century Gothic,sans-serif;\"><span style=\"font-size: small;\">Non cercate le persone importanti, quelle ai primi posti, ma mettetevi a fianco degli ultimi, p<\/span><\/span><\/span>erch\u00e9 \u00e8 l\u00ec che sono io. Quindi, <i>\u201c<\/i><i>\u00ab<\/i><i>imparate da me che sono mite e umile di cuore e troverete ristoro per la vostra vita<\/i><i>\u00bb<\/i><i>\u201d. <\/i>Quindi Ges\u00f9 ci invita a orientare la nostra vita al servizio degli altri e in questo c\u2019\u00e8 il respiro, quello che d\u00e0 animo e forza all\u2019esistenza del credente. <\/span><\/span><\/span><\/p>\n<p lang=\"it-IT\" align=\"LEFT\"><span style=\"color: #808080;\"><span style=\"font-family: Century Gothic,sans-serif;\"><span style=\"font-size: small;\">E Ges\u00f9 conclude rinnovando l\u2019invito. <i>\u201c<\/i><i>\u00ab<\/i><i>Il mio giogo<\/i><i>\u00bb<\/i><i>\u201d, <\/i>quindi non il giogo della legge, ma il suo giogo, e il giogo di Ges\u00f9 sono le beatitudini, cio\u00e8 un invito a tutto quello che concorre alla piena felicit\u00e0 dell\u2019uomo. <\/span><\/span><\/span><\/p>\n<p lang=\"it-IT\" align=\"LEFT\"><span style=\"color: #808080;\">\u201c<span style=\"font-family: Century Gothic,sans-serif;\"><span style=\"font-size: small;\"><i>\u00ab<\/i><i>Il mio giogo infatti \u00e8 dolce<\/i><i>\u00bb<\/i><i>\u201d &#8211; <\/i>letteralmente \u201cbuono<i>\u201d <\/i>(<span style=\"font-family: Bwgrkn;\"><span style=\"font-size: large;\"><b>crhst<\/b><\/span><\/span><span style=\"font-family: Bwgrkn;\"><span style=\"font-size: large;\"><b>o,<\/b><\/span><\/span><span style=\"font-family: Bwgrkn;\"><span style=\"font-size: large;\"><b>j<\/b><\/span><\/span>) <i>&#8211; \u201c<\/i><i>\u00ab<\/i><i>e il mio peso leggero<\/i><i>\u00bb<\/i><i>\u201d. <\/i>Ed \u00e8 un peso leggero perch\u00e9 non ci sono regole da osservare, ma un amore da accogliere. Non una dottrina da accettare nella propria esistenza, ma un Ges\u00f9 che chiede di essere accolto per fondersi con l\u2019uomo, dandogli la sua stessa capacit\u00e0 d\u2019amore. <\/span><\/span><\/span><\/p>\n<p>&nbsp;<\/p>\n<p><a href=\"http:\/\/absi.ch\/new\/wp-content\/uploads\/2014\/07\/TO-XIV-6.7.2014.pdf\" target=\"_blank\" rel=\"noopener noreferrer\"><em>&gt; testo in pdf<\/em><\/a><\/p>\n<p><a href=\"http:\/\/absi.ch\/new\/2014\/07\/toxiv_6luglio2014\/\">&gt; <em>inizio pagina<\/em><\/a><\/p>\n<p><em><a href=\"http:\/\/absi.ch\/new\/commento-al-vangelo-3\/\">&gt; Commento al Vangelo<\/a><\/em><\/p>\n<p lang=\"it-IT\" align=\"LEFT\"><em><a href=\"http:\/\/absi.ch\/new\/formazione-biblica-2\/\">&gt; Formazione biblica<\/a><\/em><\/p>\n<p lang=\"it-IT\" align=\"LEFT\">[\/one_fourth][one_fourth]<a href=\"http:\/\/absi.ch\/new\/wp-content\/uploads\/2014\/07\/figuradicristo.jpg\"><img loading=\"lazy\" decoding=\"async\" alt=\"figuradicristo\" src=\"http:\/\/absi.ch\/new\/wp-content\/uploads\/2014\/07\/figuradicristo.jpg\" width=\"599\" height=\"691\"><\/a><\/p>\n<p>&nbsp;<\/p>\n<h5>Volto di Cristo<\/h5>\n<p><em>di Rembrandt Harmensz von Rijn (1650)<br>\n<\/em><\/p>\n<p lang=\"it-IT\" align=\"LEFT\">[\/one_fourth][one_fourth][\/one_fourth][one_fourth][\/one_fourth][\/layout_group][\/layout]<\/p>\n<p>Non cercate le persone importanti, quelle ai primi posti, ma mettetevi a fianco degli ultimi,<\/p>\n\n<div id=\"themify_builder_content-2677\" data-postid=\"2677\" class=\"themify_builder_content themify_builder_content-2677 themify_builder\">\n    <\/div>\n\n","protected":false},"excerpt":{"rendered":"<p>[layout][layout_group][one_fourth]Non cercate le persone importanti, quelle ai primi posti, ma mettetevi a fianco degli ultimi, perch\u00e9 \u00e8 l\u00ec che sono io. Quindi, \u201c\u00abimparate da me che sono mite e umile di cuore e troverete ristoro per la vostra vita\u00bb\u201d. Quindi Ges\u00f9 ci invita a orientare la nostra vita al servizio degli altri e in questo [&hellip;]<\/p>\n","protected":false},"author":1,"featured_media":0,"parent":0,"menu_order":0,"comment_status":"closed","ping_status":"open","template":"","meta":{"footnotes":""},"class_list":["post-2677","page","type-page","status-publish","hentry","has-post-title","no-post-date","has-post-category","has-post-tag","has-post-comment","has-post-author",""],"builder_content":"","_links":{"self":[{"href":"https:\/\/absi.ch\/new\/wp-json\/wp\/v2\/pages\/2677","targetHints":{"allow":["GET"]}}],"collection":[{"href":"https:\/\/absi.ch\/new\/wp-json\/wp\/v2\/pages"}],"about":[{"href":"https:\/\/absi.ch\/new\/wp-json\/wp\/v2\/types\/page"}],"author":[{"embeddable":true,"href":"https:\/\/absi.ch\/new\/wp-json\/wp\/v2\/users\/1"}],"replies":[{"embeddable":true,"href":"https:\/\/absi.ch\/new\/wp-json\/wp\/v2\/comments?post=2677"}],"version-history":[{"count":9,"href":"https:\/\/absi.ch\/new\/wp-json\/wp\/v2\/pages\/2677\/revisions"}],"predecessor-version":[{"id":14712,"href":"https:\/\/absi.ch\/new\/wp-json\/wp\/v2\/pages\/2677\/revisions\/14712"}],"wp:attachment":[{"href":"https:\/\/absi.ch\/new\/wp-json\/wp\/v2\/media?parent=2677"}],"curies":[{"name":"wp","href":"https:\/\/api.w.org\/{rel}","templated":true}]}}