{"id":2844,"date":"2014-07-13T02:45:04","date_gmt":"2014-07-13T00:45:04","guid":{"rendered":"http:\/\/absi.ch\/new\/?page_id=2844"},"modified":"2014-07-13T02:45:04","modified_gmt":"2014-07-13T00:45:04","slug":"toxv_13luglio2014_cont","status":"publish","type":"page","link":"https:\/\/absi.ch\/new\/toxv_13luglio2014_cont\/","title":{"rendered":"IL SEMINATORE USCI\u2019 A SEMINARE-cont"},"content":{"rendered":"<p lang=\"it-IT\">[layout][layout_group][one_fourth]<span style=\"color: #808080;\"><span style=\"font-family: Century Gothic,sans-serif;\"><span style=\"font-size: small;\">vedono nella parola di Ges\u00f9 una risposta al proprio desiderio di pienezza di vita, ma &#8211; <i>\u201cnon ha in s\u00e9 radici\u201d, <\/i>cio\u00e8 la parola non mette radici nella persona, non la compenetra, non la trasforma. La parola di Dio va accolta e, una volta accolta, questa sprigiona tutte le sue capacit\u00e0 che trasformano l\u2019individuo. <\/span><\/span><\/span><\/p>\n<p lang=\"it-IT\" align=\"LEFT\"><span style=\"color: #808080;\"><span style=\"font-family: Century Gothic,sans-serif;\"><span style=\"font-size: small;\">Se non c\u2019\u00e8 questo <i>\u201cappena giunge una tribolazione o una persecuzione \u2026\u201d. <\/i>Ma Ges\u00f9 ha proclamato beati i perseguitati! E\u2019 ovvio che annunziare questo messaggio d\u2019amore va contro gli interessi del mondo che vive sul potere ed \u00e8 normale che ci sia l\u2019incomprensione o la persecuzione a causa della parola. <\/span><\/span><\/span><\/p>\n<p lang=\"it-IT\" align=\"LEFT\"><span style=\"color: #808080;\"><span style=\"font-family: Century Gothic,sans-serif;\"><span style=\"font-size: small;\">E Ges\u00f9 dice: <i>\u201cE subito viene meno\u201d, <\/i>letteralmente \u201csi scandalizza\u201d (<span style=\"font-family: Bwgrkn;\"><span style=\"font-size: large;\"><b>skandal<\/b><\/span><\/span><span style=\"font-family: Bwgrkn;\"><span style=\"font-size: large;\"><b>i,<\/b><\/span><\/span><span style=\"font-family: Bwgrkn;\"><span style=\"font-size: large;\"><b>zetai<\/b><\/span><\/span>), cio\u00e8 inciampa. Quindi queste persone entusiaste che pensano che seguire Ges\u00f9 sia andare incontro ad applausi, a riconoscimenti, quando vedono invece che si va incontro a incomprensioni e persecuzioni, crollano. <\/span><\/span><\/span><\/p>\n<p lang=\"it-IT\" align=\"LEFT\"><span style=\"color: #808080;\"><span style=\"font-family: Century Gothic,sans-serif;\"><span style=\"font-size: small;\">Ges\u00f9 continua: <i>\u201cUn\u2019altra parte cadde sui rovi, i rovi crebbero e la soffocarono\u201d. <\/i>Qui il terreno era buono, ma era un terreno dove c\u2019erano anche le spine. E\u2019 cresciuta la pianta, sono cresciute le spine e l\u2019hanno soffocata. E commenta Ges\u00f9: <i>\u201cQuello che \u00e8 seminato tra i rovi \u00e8 colui che ascolta la parola, ma la preoccupazione del mondo e la seduzione della ricchezza soffocano la parola ed essa non d\u00e0 frutto\u201d. <\/i><\/span><\/span><\/span><\/p>\n<p lang=\"it-IT\" align=\"LEFT\"><span style=\"color: #808080;\"><span style=\"font-family: Century Gothic,sans-serif;\"><span style=\"font-size: small;\">Cosa significa? <\/span><\/span><\/span><\/p>\n<p lang=\"it-IT\" align=\"LEFT\"><span style=\"color: #808080;\"><span style=\"font-family: Century Gothic,sans-serif;\"><span style=\"font-size: small;\">Le preoccupazioni del mondo fanno vedere nel denaro e nella ricchezza la loro soluzione. Ebbene quando si riesce a raggiungere questa ricchezza, questo denaro, per\u00f2 subito dopo questa suscita nuove ambizioni, nuovi desideri, nuove esigenze, e ci fa trovare di nuovo in preoccupazioni economiche, vedendo nel denaro ancora la soluzione. <\/span><\/span><\/span><\/p>\n<p lang=\"it-IT\" align=\"LEFT\"><span style=\"color: #808080;\"><span style=\"font-family: Century Gothic,sans-serif;\"><span style=\"font-size: small;\">Allora, una persona che \u00e8 sempre preoccupata economicamente, una persona che pensa sempre ed esclusivamente per s\u00e9, come pu\u00f2 pensare per gli altri? <\/span><\/span><\/span><\/p>\n<p lang=\"it-IT\" align=\"LEFT\"><span style=\"color: #808080;\"><span style=\"font-family: Century Gothic,sans-serif;\"><span style=\"font-size: small;\">E\u2019 per quello che soffoca la parola. Qui la tragedia \u00e8 che il terreno \u00e8 buono, produce, per\u00f2 la persona non ha sradicato la mala pianta dell\u2019ambizione, della ricchezza. Per Ges\u00f9 il valore della persona consiste nella sua generosit\u00e0, e un individuo che \u00e8 sempre preoccupato per s\u00e9 naturalmente non pu\u00f2 essere generoso. [\/one_fourth]<\/span><\/span><\/span><\/p>\n<p lang=\"it-IT\" align=\"LEFT\"><span style=\"color: #808080;\"><span style=\"font-family: Century Gothic,sans-serif;\"><span style=\"font-size: small;\">[one_fourth]Infine Ges\u00f9 dice: <i>\u201cUn\u2019altra parte cadde sul terreno buono e diede frutto\u201d. <\/i>Quindi nella prima non germoglia, nella seconda spunta e si secca, nella terza cresce e si soffoca, qui invece nel terreno buono libera tutte le sue energie <i>\u201ce diede frutto, il cento, il sessanta, il trenta per uno\u201d. <\/i><\/span><\/span><\/span><\/p>\n<p lang=\"it-IT\" align=\"LEFT\"><span style=\"color: #808080;\"><span style=\"font-family: Century Gothic,sans-serif;\"><span style=\"font-size: small;\">Al tempo di Ges\u00f9, nella cultura dell\u2019epoca, quando da un chicco di grano nasceva una spiga con dieci o tredici chicchi era gi\u00e0 considerato un buon raccolto, perch\u00e9 la media era di sette o otto chicchi. In annate eccezionali si aveva una spiga addirittura con trenta chicchi. <\/span><\/span><\/span><\/p>\n<p lang=\"it-IT\" align=\"LEFT\"><span style=\"color: #808080;\"><span style=\"font-family: Century Gothic,sans-serif;\"><span style=\"font-size: small;\">Ebbene, quello che \u00e8 l\u2019eccezione, l\u2019abbondanza, Ges\u00f9 lo mette alla fine. <\/span><\/span><\/span><\/p>\n<p lang=\"it-IT\" align=\"LEFT\"><span style=\"color: #808080;\"><span style=\"font-family: Century Gothic,sans-serif;\"><span style=\"font-size: small;\">Ges\u00f9 dice che dar\u00e0 frutto cento, sessanta o trenta. Non comincia da trenta e poi sessanta e cento. Quello che gi\u00e0 \u00e8 straordinario Ges\u00f9 lo mette alla fine. All\u2019inizio invece mette il cento. Quando c\u2019\u00e8 la conversione e si accoglie questa parola senza mettergli alcun limite, la parola libera tutta la sua energia creatrice e si trasforma in benedizione. Il numero cento nella Bibbia \u00e8 immagine di benedizione. <\/span><\/span><\/span><\/p>\n<p lang=\"it-IT\" align=\"LEFT\"><span style=\"color: #808080;\"><span style=\"font-family: Century Gothic,sans-serif;\"><span style=\"font-size: small;\">La parola entra nell\u2019individuo, lo trasforma, l\u2019individuo stesso diventa questa parola, e la sua esistenza \u00e8 una benedizione per quanti avvicina.<\/span><\/span><\/span><\/p>\n<p>&nbsp;<\/p>\n<p><a href=\"http:\/\/absi.ch\/new\/wp-content\/uploads\/2014\/07\/TO-XV-13.7.2014.pdf\"><em>&gt; testo in pdf<\/em><\/a><\/p>\n<p><a href=\"http:\/\/absi.ch\/new\/2014\/07\/toxv_13luglio2014\/\">&gt; <em>inizio pagina<\/em><\/a><\/p>\n<p><em><a href=\"http:\/\/absi.ch\/new\/commento-al-vangelo-3\/\">&gt; Commento al Vangelo<\/a><\/em><\/p>\n<p><em><a href=\"http:\/\/absi.ch\/new\/formazione-biblica-2\/\">&gt; Formazione biblica<\/a><\/em><\/p>\n<p lang=\"it-IT\" align=\"LEFT\">[\/one_fourth][one_fourth]<a href=\"http:\/\/absi.ch\/new\/wp-content\/uploads\/2014\/07\/Jean-Fran\u00e7ois_Millet_II_0131.jpg\"><img loading=\"lazy\" decoding=\"async\" class=\"wp-image-2852 alignnone\" alt=\"Jean-Fran\u00e7ois_Millet_(II)_013\" src=\"http:\/\/absi.ch\/new\/wp-content\/uploads\/2014\/07\/Jean-Fran\u00e7ois_Millet_II_0131.jpg\" width=\"556\" height=\"699\" \/><\/a><\/p>\n<h5>Il seminatore<\/h5>\n<p lang=\"it-IT\" align=\"LEFT\"><em>di Jean Fran\u00e7ois Millet<\/em><\/p>\n<p lang=\"it-IT\" align=\"LEFT\">[\/one_fourth][one_fourth][\/one_fourth][\/layout_group][\/layout]<\/p>\n<div id=\"themify_builder_content-2844\" data-postid=\"2844\" class=\"themify_builder_content themify_builder_content-2844 themify_builder\">\n    <\/div>\n<!-- \/themify_builder_content -->\n","protected":false},"excerpt":{"rendered":"<p>[layout][layout_group][one_fourth]vedono nella parola di Ges\u00f9 una risposta al proprio desiderio di pienezza di vita, ma &#8211; \u201cnon ha in s\u00e9 radici\u201d, cio\u00e8 la parola non mette radici nella persona, non la compenetra, non la trasforma. La parola di Dio va accolta e, una volta accolta, questa sprigiona tutte le sue capacit\u00e0 che trasformano l\u2019individuo. Se [&hellip;]<\/p>\n","protected":false},"author":1,"featured_media":0,"parent":0,"menu_order":0,"comment_status":"closed","ping_status":"open","template":"","meta":{"footnotes":""},"class_list":["post-2844","page","type-page","status-publish","hentry","has-post-title","no-post-date","has-post-category","has-post-tag","has-post-comment","has-post-author",""],"builder_content":"","_links":{"self":[{"href":"https:\/\/absi.ch\/new\/wp-json\/wp\/v2\/pages\/2844","targetHints":{"allow":["GET"]}}],"collection":[{"href":"https:\/\/absi.ch\/new\/wp-json\/wp\/v2\/pages"}],"about":[{"href":"https:\/\/absi.ch\/new\/wp-json\/wp\/v2\/types\/page"}],"author":[{"embeddable":true,"href":"https:\/\/absi.ch\/new\/wp-json\/wp\/v2\/users\/1"}],"replies":[{"embeddable":true,"href":"https:\/\/absi.ch\/new\/wp-json\/wp\/v2\/comments?post=2844"}],"version-history":[{"count":36,"href":"https:\/\/absi.ch\/new\/wp-json\/wp\/v2\/pages\/2844\/revisions"}],"predecessor-version":[{"id":2883,"href":"https:\/\/absi.ch\/new\/wp-json\/wp\/v2\/pages\/2844\/revisions\/2883"}],"wp:attachment":[{"href":"https:\/\/absi.ch\/new\/wp-json\/wp\/v2\/media?parent=2844"}],"curies":[{"name":"wp","href":"https:\/\/api.w.org\/{rel}","templated":true}]}}