{"id":2995,"date":"2014-07-20T02:21:57","date_gmt":"2014-07-20T00:21:57","guid":{"rendered":"http:\/\/absi.ch\/new\/?page_id=2995"},"modified":"2014-07-20T02:21:57","modified_gmt":"2014-07-20T00:21:57","slug":"lasciate-che-luna-e-laltro-cont","status":"publish","type":"page","link":"https:\/\/absi.ch\/new\/lasciate-che-luna-e-laltro-cont\/","title":{"rendered":"LASCIATE CHE L\u2019UNA E L\u2019ALTRO &#8230;-cont."},"content":{"rendered":"<p lang=\"it-IT\" align=\"LEFT\">[layout][layout_group][one_fourth]<span style=\"color: #808080;\"><span style=\"font-family: Century Gothic,sans-serif;\"><span style=\"font-size: small;\">Quindi si tratta di situazioni in cui quello che sembrava impossibile diventa realt\u00e0. Allora Ges\u00f9 assicura che la forza del suo messaggio \u00e8 tale che sar\u00e0 capace di fermentare il mondo intero. <\/span><\/span><\/span><\/p>\n<p lang=\"it-IT\" align=\"LEFT\"><span style=\"color: #808080;\"><span style=\"font-family: Century Gothic,sans-serif;\"><span style=\"font-size: small;\">Tre parabole, l\u2019unica per la quale i discepoli chiedono spiegazioni \u00e8 quella della zizzania, ma non perch\u00e9 non l\u2019abbiano capita; \u00e8 proprio perch\u00e9 l\u2019hanno capita che non sono d\u2019accordo. Loro sono animati da sentimenti di superiorit\u00e0, di ambizione, di rivalit\u00e0 tra di loro, e quindi non sono d\u2019accordo su questo fatto di non essere una comunit\u00e0 di giusti, una comunit\u00e0 di eletti. Si avvicinano a Ges\u00f9 e, in maniera imperativa (<span style=\"font-family: Bwgrkn;\"><span style=\"font-size: large;\"><b>dias<\/b><\/span><\/span><span style=\"font-family: Bwgrkn;\"><span style=\"font-size: large;\"><b>af<\/b><\/span><\/span><span style=\"font-family: Bwgrkn;\"><span style=\"font-size: large;\"><b>hson<\/b><\/span><\/span>), gli dicono: <i>\u201c<\/i><i>\u00ab<\/i><i>Spiegaci la parabola della zizzania nel campo<\/i><i>\u00bb<\/i><i>\u201d. <\/i>Quindi il tono \u00e8 di chi non \u00e8 d\u2019accordo. <\/span><\/span><\/span><\/p>\n<p lang=\"it-IT\" align=\"LEFT\"><span style=\"color: #808080;\"><span style=\"font-family: Century Gothic,sans-serif;\"><span style=\"font-size: small;\">E Ges\u00f9 la spiega. <i>\u201c<\/i><i>\u00ab<\/i><i>Colui che semina il buon seme \u00e8 il Figlio dell\u2019uomo<\/i><i>\u00bb<\/i><i>\u201d &#8211; <\/i>Figlio dell\u2019uomo indica Ges\u00f9 nella sua condizione divina &#8211; <i>\u201c<\/i><i>\u00ab<\/i><i>Il campo \u00e8 il mondo e il seme buono sono i figli del Regno<\/i><i>\u00bb<\/i><i>\u201d. <\/i>Figli del Regno sono coloro che hanno accolto le condizioni perch\u00e9 il regno diventi realt\u00e0. E la condizione perch\u00e9 il regno diventi realt\u00e0 \u00e8 la conversione, la sostituzione di falsi valori che reggono la societ\u00e0, per accogliere i nuovi proposti da Ges\u00f9, cio\u00e8 la condivisione, il servizio, e l\u2019amore universale. <\/span><\/span><\/span><\/p>\n<p lang=\"it-IT\" align=\"LEFT\"><span style=\"color: #808080;\">\u201c<span style=\"font-family: Century Gothic,sans-serif;\"><span style=\"font-size: small;\"><i>\u00ab<\/i><i>La zizzania sono i figli del Maligno<\/i><i>\u00bb<\/i><i>\u201d, <\/i>con il termine \u201cfiglio\u201d (<span style=\"font-family: Bwgrkn;\"><span style=\"font-size: large;\"><b>u<\/b><\/span><\/span><span style=\"font-family: Bwgrkn;\"><span style=\"font-size: large;\"><b>i`o,<\/b><\/span><\/span><span style=\"font-family: Bwgrkn;\"><span style=\"font-size: large;\"><b>j<\/b><\/span><\/span>)si indica colui che assomiglia al padre, e questo nemico Ges\u00f9 lo individua nel diavolo, che \u00e8 il potere, il dominio, l\u2019apparenza. <i>\u201c<\/i><i>\u00ab<\/i><i>La mietitura \u00e8 la fine di quest\u2019epoca<\/i><i>\u00bb<\/i><i>\u201d &#8211; <\/i>non la fine del mondo <i>&#8211; \u201c\u00abe i mietitori sono gli angeli\u00bb\u201d, <\/i>cio\u00e8 gli inviati del Signore. <\/span><\/span><\/span><\/p>\n<p lang=\"it-IT\" align=\"LEFT\"><span style=\"color: #808080;\"><span style=\"font-family: Century Gothic,sans-serif;\"><span style=\"font-size: small;\">E Ges\u00f9 aggiunge, spiegando: <i>\u201c<\/i><i>\u00ab<\/i><i>Come dunque si raccoglie la zizzania<\/i><i>\u00bb<\/i><i>\u201d &#8211; <\/i>quello che \u00e8 tossico &#8211; <i>\u201c<\/i><i>\u00ab<\/i><i>e la si brucia nel fuoco, cos\u00ec avverr\u00e0 alla fine di questo tempo. Il Figlio dell\u2019uomo mander\u00e0 i suoi angeli, i quali raccoglieranno dal suo regno tutti gli scandali<\/i><i>\u00bb<\/i><i>\u201d. <\/i>L\u2019espressione \u201cscandalo\u201d (<span style=\"font-family: Bwgrkn;\"><span style=\"font-size: large;\"><b>sk<\/b><\/span><\/span><span style=\"font-family: Bwgrkn;\"><span style=\"font-size: large;\"><b>a,<\/b><\/span><\/span><span style=\"font-family: Bwgrkn;\"><span style=\"font-size: large;\"><b>ndalon<\/b><\/span><\/span>) ricorre nello scontro tra Ges\u00f9 e Pietro, quando Ges\u00f9 gli dir\u00e0: \u201cAllontanati da me che sei causa di scandalo\u201d (cf Mt 16,23). Lo scandalo \u00e8 dovuto all\u2019idea di un messia trionfante, di un messia di successo, che non sar\u00e0 quello che si manifester\u00e0 in Ges\u00f9. <\/span><\/span><\/span><\/p>\n<p lang=\"it-IT\" align=\"LEFT\"><span style=\"color: #808080;\"><span style=\"font-family: Century Gothic,sans-serif;\"><span style=\"font-size: small;\">Quindi qui si riferisce a tutti quelli che vogliono il trionfo, <i>\u201c<\/i><i>\u00ab<\/i><i>E tutti quelli che commettono iniquit\u00e0<\/i><i>\u00bb<\/i><i>\u201d. <\/i>L\u2019espressione \u00e8 apparsa per quei discepoli che sono costruttori del nulla, aveva detto Ges\u00f9, perch\u00e9 annunziano il messaggio, ma non come espressione della loro vita, bens\u00ec come uso del nome del Signore. Convertono gli altri, ma non hanno convertito se stessi. Questi Ges\u00f9 li considera come coloro che commettono iniquit\u00e0, cio\u00e8 coloro che costruiscono il nulla. [\/one_fourth]<\/span><\/span><\/span><\/p>\n<p lang=\"it-IT\" align=\"LEFT\"><span style=\"color: #808080;\"><span style=\"font-family: Century Gothic,sans-serif;\"><span style=\"font-size: small;\">[one_fourth]E qui Ges\u00f9 prende in prestito l\u2019immagine del profeta Daniele e dice: <i>\u201c<\/i><i>\u00ab<\/i><i>Li getteranno nella fornace ardente<\/i><i>\u00bb<\/i><i>\u201d &#8211; <\/i>che significa la distruzione completa, simbolo di morte &#8211; <i>\u201c<\/i><i>\u00ab<\/i><i>dove sar\u00e0 pianto e stridore di denti<\/i><i>\u00bb<\/i><i>\u201d. <\/i>Questa \u00e8 un\u2019immagine che indica la disperazione per il fallimento. Nella nostra lingua italiana possiamo usare l\u2019espressione \u201cstrapparsi i capelli\u201d, ha lo stesso significato, segno di disperazione e di fallimento. <\/span><\/span><\/span><\/p>\n<p lang=\"it-IT\" align=\"LEFT\"><span style=\"color: #808080;\"><span style=\"font-family: Century Gothic,sans-serif;\"><span style=\"font-size: small;\">Allora, sempre usando espressioni del libro di Daniele, <i>\u201c<\/i><i>\u00ab<\/i><i>I giusti splenderanno come il sole nel regno del Padre loro<\/i><i>\u00bb<\/i><i>\u201d. <\/i>Chi sceglie la vita ha la vita. E\u2019 questo il significato di questa parabola: chi produce la vita entra nella pienezza di vita; chi \u00e8 morto e ha prodotto morte sprofonda nella pienezza della morte. <\/span><\/span><\/span><\/p>\n<p>&nbsp;<\/p>\n<p><a href=\"http:\/\/absi.ch\/new\/wp-content\/uploads\/2014\/07\/TO-XVI-20.7.2014.pdf\" target=\"_blank\"><em>&gt; testo in pdf<\/em><\/a><\/p>\n<p><a href=\"http:\/\/absi.ch\/new\/2014\/07\/toxvi_20luglio2014\/\">&gt; <em>inizio pagina<\/em><\/a><\/p>\n<p><em><a href=\"http:\/\/absi.ch\/new\/commento-al-vangelo-3\/\">&gt; Commento al Vangelo<\/a><\/em><\/p>\n<p><em><a href=\"http:\/\/absi.ch\/new\/formazione-biblica-2\/\">&gt; Formazione biblica<\/a><\/em><\/p>\n<p>&nbsp;<\/p>\n<p>[\/one_fourth][one_fourth]<\/p>\n<p><a href=\"http:\/\/absi.ch\/new\/wp-content\/uploads\/2014\/07\/Senape.jpg\"><img loading=\"lazy\" decoding=\"async\" alt=\"Senape\" src=\"http:\/\/absi.ch\/new\/wp-content\/uploads\/2014\/07\/Senape.jpg\" width=\"631\" height=\"473\" \/><\/a><\/p>\n<p>[\/one_fourth][one_fourth][\/one_fourth][\/layout_group][\/layout]<\/p>\n<div id=\"themify_builder_content-2995\" data-postid=\"2995\" class=\"themify_builder_content themify_builder_content-2995 themify_builder\">\n    <\/div>\n<!-- \/themify_builder_content -->\n","protected":false},"excerpt":{"rendered":"<p>[layout][layout_group][one_fourth]Quindi si tratta di situazioni in cui quello che sembrava impossibile diventa realt\u00e0. Allora Ges\u00f9 assicura che la forza del suo messaggio \u00e8 tale che sar\u00e0 capace di fermentare il mondo intero. Tre parabole, l\u2019unica per la quale i discepoli chiedono spiegazioni \u00e8 quella della zizzania, ma non perch\u00e9 non l\u2019abbiano capita; \u00e8 proprio perch\u00e9 [&hellip;]<\/p>\n","protected":false},"author":1,"featured_media":0,"parent":0,"menu_order":0,"comment_status":"closed","ping_status":"open","template":"","meta":{"footnotes":""},"class_list":["post-2995","page","type-page","status-publish","hentry","has-post-title","no-post-date","has-post-category","has-post-tag","has-post-comment","has-post-author",""],"builder_content":"","_links":{"self":[{"href":"https:\/\/absi.ch\/new\/wp-json\/wp\/v2\/pages\/2995","targetHints":{"allow":["GET"]}}],"collection":[{"href":"https:\/\/absi.ch\/new\/wp-json\/wp\/v2\/pages"}],"about":[{"href":"https:\/\/absi.ch\/new\/wp-json\/wp\/v2\/types\/page"}],"author":[{"embeddable":true,"href":"https:\/\/absi.ch\/new\/wp-json\/wp\/v2\/users\/1"}],"replies":[{"embeddable":true,"href":"https:\/\/absi.ch\/new\/wp-json\/wp\/v2\/comments?post=2995"}],"version-history":[{"count":5,"href":"https:\/\/absi.ch\/new\/wp-json\/wp\/v2\/pages\/2995\/revisions"}],"predecessor-version":[{"id":3001,"href":"https:\/\/absi.ch\/new\/wp-json\/wp\/v2\/pages\/2995\/revisions\/3001"}],"wp:attachment":[{"href":"https:\/\/absi.ch\/new\/wp-json\/wp\/v2\/media?parent=2995"}],"curies":[{"name":"wp","href":"https:\/\/api.w.org\/{rel}","templated":true}]}}