{"id":3049,"date":"2014-07-27T02:46:38","date_gmt":"2014-07-27T00:46:38","guid":{"rendered":"http:\/\/absi.ch\/new\/?page_id=3049"},"modified":"2014-07-27T02:48:23","modified_gmt":"2014-07-27T00:48:23","slug":"toxvii_27luglio2014","status":"publish","type":"page","link":"https:\/\/absi.ch\/new\/toxvii_27luglio2014\/","title":{"rendered":"VENDE TUTTI I SUOI AVERI E COMPRA QUEL CAMPO_cont."},"content":{"rendered":"<p lang=\"it-IT\" align=\"LEFT\">[layout][layout_group][one_fourth] <span style=\"color: #808080;\"><span style=\"font-family: Century Gothic,sans-serif;\"><span style=\"font-size: small;\">E Ges\u00f9 chiede ai suoi discepoli: <i>\u201c<\/i><i>\u00ab<\/i><i>Avete compreso tutte queste cose?\u00bb Gli risposero: \u00abS\u00ec\u00bb. <\/i>Ecco la conclusione nella quale l\u2019evangelista probabilmente mette la sua firma<i>. <\/i><i>\u201c<\/i><i>Ed egli disse loro: <\/i><i>\u00ab<\/i><i>Per questo ogni scriba<\/i><i>\u00bb<\/i><i>\u201d, <\/i>lo scriba \u00e8 il grande teologo, colui che quando parlava era Dio stesso che parlava, era colui che aveva la pi\u00f9 grande importanza, il pi\u00f9 grande prestigio nel mondo di Israele. <\/span><\/span><\/span><\/p>\n<p lang=\"it-IT\" align=\"LEFT\"><span style=\"color: #808080;\">\u201c<span style=\"font-family: Century Gothic,sans-serif;\"><span style=\"font-size: small;\"><i>\u00ab<\/i><i>Per questo ogni scriba, divenuto discepolo<\/i><i>\u00bb<\/i><i>\u201d. <\/i>Ges\u00f9 \u00e8 abbastanza ironico. Lo scriba, colui che insegna, di fronte alla novit\u00e0 portata da Ges\u00f9, deve tornare scolaro, deve farsi discepolo. <i>\u201c<\/i><i>\u00ab<\/i><i>Discepolo del regno dei cieli, \u00e8 simile a un padrone di casa che estrae dal suo tesoro<\/i><i>\u00bb<\/i><i>\u201d \u2013 <\/i>ecco il brano \u00e8 iniziato col tesoro e termina col tesoro <i>\u2013 \u201c<\/i><i>\u00ab<\/i><i>cose nuove e cose antiche<\/i><i>\u00bb<\/i><i>\u201d. <\/i>E\u2019 importante questa dinamica, prima le cose nuove. Il messaggio di Ges\u00f9 ha la precedenza su quello di Mos\u00e8. E quello di Mos\u00e8 si accoglie soltanto nella misura in cui \u00e8 conforme al suo insegnamento. <\/span><\/span><\/span><\/p>\n<p>&nbsp;<\/p>\n<p>&nbsp;<\/p>\n<p>&nbsp;<\/p>\n<p><a href=\"http:\/\/absi.ch\/new\/wp-content\/uploads\/2014\/07\/TO-XVII-27.7.2014.pdf\" target=\"_blank\"><em>&gt; testo in pdf<\/em><\/a><\/p>\n<p><a href=\"http:\/\/absi.ch\/new\/2014\/07\/toxvii_27luglio2014\/\">&gt; <em>inizio pagina<\/em><\/a><\/p>\n<p><em><a href=\"http:\/\/absi.ch\/new\/commento-al-vangelo-3\/\">&gt; Commento al Vangelo<\/a><\/em><\/p>\n<p><em><a href=\"http:\/\/absi.ch\/new\/formazione-biblica-2\/\">&gt; Formazione biblica<\/a><\/em><\/p>\n<p>&nbsp;<\/p>\n<p>[\/one_fourth][one_fourth][\/one_fourth][one_fourth][\/one_fourth][one_fourth][\/one_fourth][\/layout_group][\/layout]<\/p>\n<div id=\"themify_builder_content-3049\" data-postid=\"3049\" class=\"themify_builder_content themify_builder_content-3049 themify_builder\">\n    <\/div>\n<!-- \/themify_builder_content -->\n","protected":false},"excerpt":{"rendered":"<p>[layout][layout_group][one_fourth] E Ges\u00f9 chiede ai suoi discepoli: \u201c\u00abAvete compreso tutte queste cose?\u00bb Gli risposero: \u00abS\u00ec\u00bb. Ecco la conclusione nella quale l\u2019evangelista probabilmente mette la sua firma. \u201cEd egli disse loro: \u00abPer questo ogni scriba\u00bb\u201d, lo scriba \u00e8 il grande teologo, colui che quando parlava era Dio stesso che parlava, era colui che aveva la pi\u00f9 [&hellip;]<\/p>\n","protected":false},"author":1,"featured_media":0,"parent":0,"menu_order":0,"comment_status":"closed","ping_status":"open","template":"","meta":{"footnotes":""},"class_list":["post-3049","page","type-page","status-publish","hentry","has-post-title","no-post-date","has-post-category","has-post-tag","has-post-comment","has-post-author",""],"builder_content":"","_links":{"self":[{"href":"https:\/\/absi.ch\/new\/wp-json\/wp\/v2\/pages\/3049","targetHints":{"allow":["GET"]}}],"collection":[{"href":"https:\/\/absi.ch\/new\/wp-json\/wp\/v2\/pages"}],"about":[{"href":"https:\/\/absi.ch\/new\/wp-json\/wp\/v2\/types\/page"}],"author":[{"embeddable":true,"href":"https:\/\/absi.ch\/new\/wp-json\/wp\/v2\/users\/1"}],"replies":[{"embeddable":true,"href":"https:\/\/absi.ch\/new\/wp-json\/wp\/v2\/comments?post=3049"}],"version-history":[{"count":2,"href":"https:\/\/absi.ch\/new\/wp-json\/wp\/v2\/pages\/3049\/revisions"}],"predecessor-version":[{"id":3053,"href":"https:\/\/absi.ch\/new\/wp-json\/wp\/v2\/pages\/3049\/revisions\/3053"}],"wp:attachment":[{"href":"https:\/\/absi.ch\/new\/wp-json\/wp\/v2\/media?parent=3049"}],"curies":[{"name":"wp","href":"https:\/\/api.w.org\/{rel}","templated":true}]}}