{"id":3141,"date":"2014-08-11T01:36:12","date_gmt":"2014-08-10T23:36:12","guid":{"rendered":"http:\/\/absi.ch\/new\/?page_id=3141"},"modified":"2014-08-11T01:36:12","modified_gmt":"2014-08-10T23:36:12","slug":"comandami-di-venire-verso-di-te-sulle-acque","status":"publish","type":"page","link":"https:\/\/absi.ch\/new\/comandami-di-venire-verso-di-te-sulle-acque\/","title":{"rendered":"COMANDAMI DI VENIRE VERSO DI TE SULLE ACQUE"},"content":{"rendered":"<p>[layout][layout_group][one_fourth]<\/p>\n<p align=\"LEFT\"><span style=\"color: #808080;\">\u201c<span style=\"font-family: Century Gothic,sans-serif;\"><span style=\"font-size: small;\"><i>Quelli che erano sulla barca, quindi non Pietro, si prostrarono\u201d, <\/i><\/span><\/span><span style=\"font-family: Century Gothic,sans-serif;\"><span style=\"font-size: small;\">riconoscendo in lui la condizione divina, dicendo: <i>\u201c<\/i><i>\u00ab<\/i><i>Davvero tu sei figlio di Dio!<\/i><i>\u00bb<\/i><i>\u201d <\/i>Manca l\u2019articolo determinativo. Non \u00e8 il figlio di Dio, quello atteso dalla tradizione, il messia violento, giustiziere, ma \u00e8 figlio di Dio, una modalit\u00e0 di Dio di manifestarsi completamente nuova che sar\u00e0 finalmente conosciuta dai discepoli qui e anche dai soldati al momento della risurrezione di Ges\u00f9.<\/span><\/span><\/span><\/p>\n<p>&nbsp;<\/p>\n<p><a href=\"http:\/\/absi.ch\/new\/wp-content\/uploads\/2014\/08\/TO-XIX-10.8.2014-2.pdf\"><em>&gt; testo in pdf<\/em><\/a><\/p>\n<p><a href=\"http:\/\/absi.ch\/new\/2014\/08\/toxix_10agosto2014\/\">&gt; <em>inizio pagina<\/em><\/a><\/p>\n<p><em><a href=\"http:\/\/absi.ch\/new\/commento-al-vangelo-3\/\">&gt; Commento al Vangelo<\/a><\/em><\/p>\n<p><em><a href=\"http:\/\/absi.ch\/new\/formazione-biblica-2\/\">&gt; Formazione biblica<\/a><\/em><\/p>\n<p>[\/one_fourth][one_fourth]<\/p>\n<p><a href=\"http:\/\/absi.ch\/new\/wp-content\/uploads\/2014\/08\/peter-walking-on-water_Rebecca-Brogan.jpg\"><img loading=\"lazy\" decoding=\"async\" class=\"wp-image-3137 alignnone\" alt=\"peter walking on water_Rebecca  Brogan\" src=\"http:\/\/absi.ch\/new\/wp-content\/uploads\/2014\/08\/peter-walking-on-water_Rebecca-Brogan.jpg\" width=\"780\" height=\"680\" srcset=\"https:\/\/absi.ch\/new\/wp-content\/uploads\/2014\/08\/peter-walking-on-water_Rebecca-Brogan.jpg 1300w, https:\/\/absi.ch\/new\/wp-content\/uploads\/2014\/08\/peter-walking-on-water_Rebecca-Brogan-300x261.jpg 300w, https:\/\/absi.ch\/new\/wp-content\/uploads\/2014\/08\/peter-walking-on-water_Rebecca-Brogan-1115x971.jpg 1115w\" sizes=\"auto, (max-width: 780px) 100vw, 780px\" \/><\/a><\/p>\n<h5 align=\"LEFT\">Walk by faith<\/h5>\n<p align=\"LEFT\"><em>di Rebecca Brogan<\/em><\/p>\n<p>&nbsp;<\/p>\n<p>[\/one_fourth][one_fourth][\/one_fourth][one_fourth][\/one_fourth][\/layout_group][\/layout]<\/p>\n<div id=\"themify_builder_content-3141\" data-postid=\"3141\" class=\"themify_builder_content themify_builder_content-3141 themify_builder\">\n    <\/div>\n<!-- \/themify_builder_content -->\n","protected":false},"excerpt":{"rendered":"<p>[layout][layout_group][one_fourth] \u201cQuelli che erano sulla barca, quindi non Pietro, si prostrarono\u201d, riconoscendo in lui la condizione divina, dicendo: \u201c\u00abDavvero tu sei figlio di Dio!\u00bb\u201d Manca l\u2019articolo determinativo. Non \u00e8 il figlio di Dio, quello atteso dalla tradizione, il messia violento, giustiziere, ma \u00e8 figlio di Dio, una modalit\u00e0 di Dio di manifestarsi completamente nuova che [&hellip;]<\/p>\n","protected":false},"author":1,"featured_media":0,"parent":0,"menu_order":0,"comment_status":"closed","ping_status":"open","template":"","meta":{"footnotes":""},"class_list":["post-3141","page","type-page","status-publish","hentry","has-post-title","no-post-date","has-post-category","has-post-tag","has-post-comment","has-post-author",""],"builder_content":"","_links":{"self":[{"href":"https:\/\/absi.ch\/new\/wp-json\/wp\/v2\/pages\/3141","targetHints":{"allow":["GET"]}}],"collection":[{"href":"https:\/\/absi.ch\/new\/wp-json\/wp\/v2\/pages"}],"about":[{"href":"https:\/\/absi.ch\/new\/wp-json\/wp\/v2\/types\/page"}],"author":[{"embeddable":true,"href":"https:\/\/absi.ch\/new\/wp-json\/wp\/v2\/users\/1"}],"replies":[{"embeddable":true,"href":"https:\/\/absi.ch\/new\/wp-json\/wp\/v2\/comments?post=3141"}],"version-history":[{"count":5,"href":"https:\/\/absi.ch\/new\/wp-json\/wp\/v2\/pages\/3141\/revisions"}],"predecessor-version":[{"id":3149,"href":"https:\/\/absi.ch\/new\/wp-json\/wp\/v2\/pages\/3141\/revisions\/3149"}],"wp:attachment":[{"href":"https:\/\/absi.ch\/new\/wp-json\/wp\/v2\/media?parent=3141"}],"curies":[{"name":"wp","href":"https:\/\/api.w.org\/{rel}","templated":true}]}}