{"id":3208,"date":"2014-08-17T02:03:13","date_gmt":"2014-08-17T00:03:13","guid":{"rendered":"http:\/\/absi.ch\/new\/?page_id=3208"},"modified":"2014-08-17T02:07:52","modified_gmt":"2014-08-17T00:07:52","slug":"donna-grande-e-la-tua-fede_cont","status":"publish","type":"page","link":"https:\/\/absi.ch\/new\/donna-grande-e-la-tua-fede_cont\/","title":{"rendered":"DONNA, GRANDE E\u2019 LA TUA FEDE!_cont"},"content":{"rendered":"<p lang=\"it-IT\"><span style=\"color: #808080;\"><span style=\"font-family: Century Gothic,sans-serif;\"><span style=\"font-size: small;\">[layout][layout_group][one_fourth]una donna pagana. \u201c\u00ab<i>Avvenga per te come desideri.<\/i><i>\u00bb <\/i><i>E da quell\u2019istante sua figlia fu guarita\u201d. <\/i><\/span><\/span><\/span><\/p>\n<p lang=\"it-IT\" align=\"LEFT\"><span style=\"color: #808080;\"><span style=\"font-family: Century Gothic,sans-serif;\"><span style=\"font-size: small;\">Ges\u00f9 non ha compiuto alcuna azione, Ges\u00f9 non ha cacciato il demonio. La fede della donna \u00e8 ci\u00f2 che caccia il demonio, figura del pregiudizio religioso che discrimina le persone. <\/span><\/span><\/span><\/p>\n<p lang=\"it-IT\" align=\"LEFT\"><span style=\"color: #808080;\"><span style=\"font-family: Century Gothic,sans-serif;\"><span style=\"font-size: small;\">Quindi, in questo brano l\u2019evangelista vuole educare la comunit\u00e0 cristiana ad aprirsi ai pagani e far comprendere che i pagani non vanno dominati secondo la tradizione del messia figlio di Davide, ma vanno serviti secondo la novit\u00e0 del messia figlio di Dio. <\/span><\/span><\/span><\/p>\n<p>&nbsp;<\/p>\n<p lang=\"it-IT\" align=\"LEFT\"><a href=\"http:\/\/absi.ch\/new\/wp-content\/uploads\/2014\/08\/TO-XX-17.8.2014.pdf\" target=\"_blank\">&gt; <em>testo in pdf<\/em><\/a><\/p>\n<p><a href=\"http:\/\/absi.ch\/new\/2014\/08\/toxx_17agosto2014\/\">&gt; <em>inizio pagina<\/em><\/a><\/p>\n<p><em><a href=\"http:\/\/absi.ch\/new\/commento-al-vangelo-3\/\">&gt; Commento al Vangelo<\/a><\/em><\/p>\n<p lang=\"it-IT\" align=\"LEFT\"><em><a href=\"http:\/\/absi.ch\/new\/formazione-biblica-2\/\">&gt; Formazione biblica<\/a><\/em><\/p>\n<p lang=\"it-IT\" align=\"LEFT\"><span style=\"color: #808080;\"><span style=\"font-family: Century Gothic,sans-serif;\"><span style=\"font-size: small;\">[\/one_fourth]<\/span><\/span><\/span>[one_fourth]<\/p>\n<p><a href=\"http:\/\/absi.ch\/new\/wp-content\/uploads\/2014\/08\/Drouais_Cristo_e_la_Cananea.jpg\"><img loading=\"lazy\" decoding=\"async\" class=\"wp-image-3202 alignnone\" alt=\"Drouais_Cristo_e_la_Cananea\" src=\"http:\/\/absi.ch\/new\/wp-content\/uploads\/2014\/08\/Drouais_Cristo_e_la_Cananea.jpg\" width=\"614\" height=\"480\" srcset=\"https:\/\/absi.ch\/new\/wp-content\/uploads\/2014\/08\/Drouais_Cristo_e_la_Cananea.jpg 1024w, https:\/\/absi.ch\/new\/wp-content\/uploads\/2014\/08\/Drouais_Cristo_e_la_Cananea-300x234.jpg 300w\" sizes=\"auto, (max-width: 614px) 100vw, 614px\" \/><\/a><\/p>\n<h5>Cristo e la Cananea<\/h5>\n<p><em>di Jean-Germain Drouais (1784)<\/em><\/p>\n<p>&nbsp;<\/p>\n<p>[\/one_fourth][one_fourth][\/one_fourth][one_fourth][\/one_fourth][\/layout_group][\/layout]<\/p>\n<div id=\"themify_builder_content-3208\" data-postid=\"3208\" class=\"themify_builder_content themify_builder_content-3208 themify_builder\">\n    <\/div>\n<!-- \/themify_builder_content -->\n","protected":false},"excerpt":{"rendered":"<p>[layout][layout_group][one_fourth]una donna pagana. \u201c\u00abAvvenga per te come desideri.\u00bb E da quell\u2019istante sua figlia fu guarita\u201d. Ges\u00f9 non ha compiuto alcuna azione, Ges\u00f9 non ha cacciato il demonio. La fede della donna \u00e8 ci\u00f2 che caccia il demonio, figura del pregiudizio religioso che discrimina le persone. Quindi, in questo brano l\u2019evangelista vuole educare la comunit\u00e0 cristiana [&hellip;]<\/p>\n","protected":false},"author":1,"featured_media":0,"parent":0,"menu_order":0,"comment_status":"closed","ping_status":"open","template":"","meta":{"footnotes":""},"class_list":["post-3208","page","type-page","status-publish","hentry","has-post-title","no-post-date","has-post-category","has-post-tag","has-post-comment","has-post-author",""],"builder_content":"","_links":{"self":[{"href":"https:\/\/absi.ch\/new\/wp-json\/wp\/v2\/pages\/3208","targetHints":{"allow":["GET"]}}],"collection":[{"href":"https:\/\/absi.ch\/new\/wp-json\/wp\/v2\/pages"}],"about":[{"href":"https:\/\/absi.ch\/new\/wp-json\/wp\/v2\/types\/page"}],"author":[{"embeddable":true,"href":"https:\/\/absi.ch\/new\/wp-json\/wp\/v2\/users\/1"}],"replies":[{"embeddable":true,"href":"https:\/\/absi.ch\/new\/wp-json\/wp\/v2\/comments?post=3208"}],"version-history":[{"count":4,"href":"https:\/\/absi.ch\/new\/wp-json\/wp\/v2\/pages\/3208\/revisions"}],"predecessor-version":[{"id":3216,"href":"https:\/\/absi.ch\/new\/wp-json\/wp\/v2\/pages\/3208\/revisions\/3216"}],"wp:attachment":[{"href":"https:\/\/absi.ch\/new\/wp-json\/wp\/v2\/media?parent=3208"}],"curies":[{"name":"wp","href":"https:\/\/api.w.org\/{rel}","templated":true}]}}