{"id":3229,"date":"2014-08-22T01:29:42","date_gmt":"2014-08-21T23:29:42","guid":{"rendered":"http:\/\/absi.ch\/new\/?page_id=3229"},"modified":"2014-08-31T03:30:38","modified_gmt":"2014-08-31T01:30:38","slug":"tu-sei-pietro-e-a-te-daro-le-chiavi-del-regno-dei-cieli_cont","status":"publish","type":"page","link":"https:\/\/absi.ch\/new\/tu-sei-pietro-e-a-te-daro-le-chiavi-del-regno-dei-cieli_cont\/","title":{"rendered":"TU SEI PIETRO, E A TE DARO\u2019 LE CHIAVI DEL REGNO DEI CIELI_cont."},"content":{"rendered":"<p>[layout][layout_group][one_fourth]<\/p>\n<p lang=\"it-IT\" align=\"LEFT\"><span style=\"color: #808080;\">\u201c<span style=\"font-family: Century Gothic,sans-serif;\"><span style=\"font-size: small;\"><i>\u00ab<\/i><i>Tutto ci\u00f2 che legherai sulla terra<\/i><i>\u00bb<\/i><i>\u201d, <\/i>qui l\u2019evangelista adopera un linguaggio rabbinico, che significa dichiarare autentica o meno una dottrina, <i>\u201c<\/i><i>\u00ab<\/i><i>sar\u00e0 legato nei cieli<\/i><i>\u00bb<\/i><i>\u201d, <\/i>cio\u00e8 in Dio, <i>\u201c<\/i><i>\u00ab<\/i><i>E tutto ci\u00f2 che scioglierai sulla terra sar\u00e0 sciolto nei cieli<\/i><i>\u00bb<\/i><i>\u201d. <\/i>Quello che Ges\u00f9 ora dice a Pietro poi pi\u00f9 tardi, al capitolo 18,18 lo dir\u00e0 a tutti i discepoli. <\/span><\/span><\/span><\/p>\n<p lang=\"it-IT\" align=\"LEFT\"><span style=\"color: #808080;\"><span style=\"font-family: Century Gothic,sans-serif;\"><span style=\"font-size: small;\">Le ultime parole che Ges\u00f9 adoperer\u00e0 in questo vangelo rappresentano l\u2019invio dei discepoli ad andare ad insegnare <i>\u201ctutto ci\u00f2 che vi ho comandato\u201d. <\/i>Quindi nell\u2019insegnamento di Ges\u00f9, questo messaggio che comunica vita, c\u2019\u00e8 l\u2019approvazione divina, da parte dei cieli. <\/span><\/span><\/span><\/p>\n<p lang=\"it-IT\" align=\"LEFT\"><span style=\"color: #808080;\"><span style=\"font-family: Century Gothic,sans-serif;\"><span style=\"font-size: small;\">Per\u00f2, ecco la sorpresa, <i>\u201cOrdin\u00f2 ai discepoli di non dire ad alcuno che egli era il Cristo\u201d. <\/i>Quando Ges\u00f9 ordina significa che c\u2019\u00e8 resistenza. Nella risposta di Pietro c\u2019era stata una parte positiva in quanto ha riconosciuto Ges\u00f9 come il figlio del Dio che comunica vita, il Dio vivente, ma la parte negativa qual \u00e8? La gente ha detto che tu sei il Cristo, cio\u00e8 il messia atteso dalla tradizione. Allora Ges\u00f9 dice: \u201cquesto non lo dovete dire a nessuno\u201d, perch\u00e9 lui non \u00e8 il messia atteso dalla tradizione. <\/span><\/span><\/span><\/p>\n<p lang=\"it-IT\" align=\"LEFT\"><span style=\"color: #808080;\"><span style=\"font-family: Century Gothic,sans-serif;\"><span style=\"font-size: small;\">Ges\u00f9 \u00e8 Cristo, \u00e8 il messia, ma in una forma completamente diversa, non adoperer\u00e0 il potere, ma l\u2019amore; non il comando, ma il servizio. E questo provocher\u00e0 adesso lo scontro proprio con Simone. Quello che era stato definito \u201cpietra\u201d da costruzione, diventer\u00e0 una pietra di scandalo. <\/span><\/span><\/span><\/p>\n<p>&nbsp;<\/p>\n<p lang=\"it-IT\" align=\"LEFT\"><a href=\"http:\/\/absi.ch\/new\/wp-content\/uploads\/2014\/08\/TO-XXI-24.8.2014.pdf\" target=\"_blank\">&gt; <em>testo in pdf<\/em><\/a><\/p>\n<p><a href=\"http:\/\/absi.ch\/new\/2014\/08\/toxxi24agosto2014\/\">&gt; <em>inizio pagina<\/em><\/a><\/p>\n<p><em><a href=\"http:\/\/absi.ch\/new\/commento-al-vangelo-3\/\">&gt; Commento al Vangelo<\/a><\/em><\/p>\n<p><em><a href=\"http:\/\/absi.ch\/new\/formazione-biblica-2\/\">&gt; Formazione biblica<\/a><\/em><\/p>\n<p>[\/one_fourth]<\/p>\n<p>&nbsp;<\/p>\n<p>[one_fourth]<\/p>\n<p>&nbsp;<\/p>\n<p><a href=\"http:\/\/absi.ch\/new\/wp-content\/uploads\/2014\/08\/Consegna-delle-chiavi-san-Pietro.jpg\"><img loading=\"lazy\" decoding=\"async\" class=\"wp-image-3230 alignnone\" alt=\"Consegna delle chiavi san Pietro\" src=\"http:\/\/absi.ch\/new\/wp-content\/uploads\/2014\/08\/Consegna-delle-chiavi-san-Pietro.jpg\" width=\"681\" height=\"402\" srcset=\"https:\/\/absi.ch\/new\/wp-content\/uploads\/2014\/08\/Consegna-delle-chiavi-san-Pietro.jpg 960w, https:\/\/absi.ch\/new\/wp-content\/uploads\/2014\/08\/Consegna-delle-chiavi-san-Pietro-300x177.jpg 300w\" sizes=\"auto, (max-width: 681px) 100vw, 681px\" \/><\/a><\/p>\n<h5>CONSEGNA DELLE CHIAVI A SAN PIETRO<\/h5>\n<p><em>di Ambrogio Buonvicino (Basilica di San Pietro in Vaticano)<\/em><\/p>\n<p>[\/one_fourth][one_fourth][\/one_fourth][one_fourth][\/one_fourth][\/layout_group][\/layout]<\/p>\n<div id=\"themify_builder_content-3229\" data-postid=\"3229\" class=\"themify_builder_content themify_builder_content-3229 themify_builder\">\n    <\/div>\n<!-- \/themify_builder_content -->\n","protected":false},"excerpt":{"rendered":"<p>[layout][layout_group][one_fourth] \u201c\u00abTutto ci\u00f2 che legherai sulla terra\u00bb\u201d, qui l\u2019evangelista adopera un linguaggio rabbinico, che significa dichiarare autentica o meno una dottrina, \u201c\u00absar\u00e0 legato nei cieli\u00bb\u201d, cio\u00e8 in Dio, \u201c\u00abE tutto ci\u00f2 che scioglierai sulla terra sar\u00e0 sciolto nei cieli\u00bb\u201d. Quello che Ges\u00f9 ora dice a Pietro poi pi\u00f9 tardi, al capitolo 18,18 lo dir\u00e0 a [&hellip;]<\/p>\n","protected":false},"author":1,"featured_media":0,"parent":0,"menu_order":0,"comment_status":"closed","ping_status":"open","template":"","meta":{"footnotes":""},"class_list":["post-3229","page","type-page","status-publish","hentry","has-post-title","no-post-date","has-post-category","has-post-tag","has-post-comment","has-post-author",""],"builder_content":"","_links":{"self":[{"href":"https:\/\/absi.ch\/new\/wp-json\/wp\/v2\/pages\/3229","targetHints":{"allow":["GET"]}}],"collection":[{"href":"https:\/\/absi.ch\/new\/wp-json\/wp\/v2\/pages"}],"about":[{"href":"https:\/\/absi.ch\/new\/wp-json\/wp\/v2\/types\/page"}],"author":[{"embeddable":true,"href":"https:\/\/absi.ch\/new\/wp-json\/wp\/v2\/users\/1"}],"replies":[{"embeddable":true,"href":"https:\/\/absi.ch\/new\/wp-json\/wp\/v2\/comments?post=3229"}],"version-history":[{"count":6,"href":"https:\/\/absi.ch\/new\/wp-json\/wp\/v2\/pages\/3229\/revisions"}],"predecessor-version":[{"id":3238,"href":"https:\/\/absi.ch\/new\/wp-json\/wp\/v2\/pages\/3229\/revisions\/3238"}],"wp:attachment":[{"href":"https:\/\/absi.ch\/new\/wp-json\/wp\/v2\/media?parent=3229"}],"curies":[{"name":"wp","href":"https:\/\/api.w.org\/{rel}","templated":true}]}}