{"id":363,"date":"2014-03-28T23:30:35","date_gmt":"2014-03-28T23:30:35","guid":{"rendered":"http:\/\/absi.ch\/new\/?page_id=363"},"modified":"2020-11-29T02:31:53","modified_gmt":"2020-11-29T01:31:53","slug":"lectures-pour-lafrique-et-toute-la-terre2014","status":"publish","type":"page","link":"https:\/\/absi.ch\/new\/lectures-pour-lafrique-et-toute-la-terre2014\/","title":{"rendered":"Lectures pour l&#8217;Afrique<br>et&#8230;toute la Terre &#8211; 2014"},"content":{"rendered":"<p>[layout][layout_group][one_sixth]<\/p>\n<h2>Lectures pour l&#8217;Afrique et&#8230;toute la Terre<\/h2>\n<h4>di Renzo Petraglio<\/h4>\n<p>\u00a0<\/p>\n<p><a href=\"http:\/\/absi.ch\/new\/wp-content\/uploads\/2014\/03\/Vetrata-nella-chiesa-di-Nostra-Signora-di-Loreto-a-Trapani.jpg\"><img loading=\"lazy\" decoding=\"async\" class=\"alignnone size-full wp-image-364\" src=\"http:\/\/absi.ch\/new\/wp-content\/uploads\/2014\/03\/Vetrata-nella-chiesa-di-Nostra-Signora-di-Loreto-a-Trapani.jpg\" alt=\"Vetrata nella chiesa di Nostra Signora di Loreto a Trapani\" width=\"502\" height=\"562\" srcset=\"https:\/\/absi.ch\/new\/wp-content\/uploads\/2014\/03\/Vetrata-nella-chiesa-di-Nostra-Signora-di-Loreto-a-Trapani.jpg 502w, https:\/\/absi.ch\/new\/wp-content\/uploads\/2014\/03\/Vetrata-nella-chiesa-di-Nostra-Signora-di-Loreto-a-Trapani-267x300.jpg 267w\" sizes=\"auto, (max-width: 502px) 100vw, 502px\" \/><\/a><\/p>\n<h5>\u00a0L&#8217;eucarestia<\/h5>\n<p><em>vetrata nella Chiesa di Nostra Signora di Loreto (Trapani)\u00a0 di Roberto Alabiso<\/em><\/p>\n<p>\u00a0<\/p>\n<p><a title=\"link al sito precedente\" href=\"http:\/\/www.absi.ch\/Commento-al-Vangelo_Maggi*\">&gt; testi fino al 30.03.2014<\/a><\/p>\n<h4>2014<\/h4>\n<ul>\n<li>21 d\u00e9cembre 2014<\/li>\n<\/ul>\n<p><a href=\"http:\/\/absi.ch\/new\/2014\/12\/eucharistie_21-12-2014-rp\/\" target=\"_blank\" rel=\"noopener noreferrer\">\u00abJusqu\u2019\u00e0 quand seras-tu cach\u00e9? Pour toujours?\u00bb (Ps 89,47)<\/a><\/p>\n<ul>\n<li>14 d\u00e9cembre 2014<\/li>\n<\/ul>\n<p><a href=\"http:\/\/absi.ch\/new\/2014\/12\/eucharistie_14-12-2014-rp\/\">Un beau message pour les plus d\u00e9muni(e)s<\/a><\/p>\n<ul>\n<li>7 d\u00e9cembre 2014<\/li>\n<\/ul>\n<p><a href=\"http:\/\/absi.ch\/new\/2014\/12\/ouvrez-un-chemin-pour-yhwh-is-403\/\">\u00abOuvrez un chemin pour Yhwh\u00bb (Is 40,3)<\/a><\/p>\n<ul>\n<li>30 novembre 2014<\/li>\n<\/ul>\n<p><a href=\"http:\/\/absi.ch\/new\/2014\/12\/ce-que-je-vous-dis-je-le-dis-a-tous-veillez\/\">Ce que je vous dis, je le dis \u00e0 tous : Veillez!<\/a><\/p>\n<ul>\n<li>23 novembre 2014<\/li>\n<\/ul>\n<p><a href=\"http:\/\/absi.ch\/new\/2014\/11\/un-roi-venu-pour-servir-et-donner-sa-vie\/\">Un roi venu pour servir et donner sa vie<\/a><\/p>\n<ul>\n<li>16 novembre 2014<\/li>\n<\/ul>\n<p><a href=\"http:\/\/absi.ch\/new\/2014\/11\/eucharistie-16-nov-2014\/\">Respecter Dieu et&#8230; s\u2019engager<\/a><\/p>\n<ul>\n<li>2 novembre 2014<\/li>\n<\/ul>\n<p><a href=\"http:\/\/absi.ch\/new\/2014\/11\/eucharistie-2-nov-2014\/\">Faire m\u00e9moire de nos morts et vivre fid\u00e8les \u00e0 ta Parole<\/a><\/p>\n<ul>\n<li>5 octobre 2014<\/li>\n<\/ul>\n<p><a href=\"http:\/\/absi.ch\/new\/2014\/10\/eucharistie-5-oct-2014\/\">Fais briller sur nous ton visage et nous serons sauv\u00e9s (Ps 80,8)<\/a><\/p>\n<ul>\n<li>14 septembre<\/li>\n<\/ul>\n<p><a href=\"http:\/\/absi.ch\/new\/2014\/09\/eucharistie-14-sept-2014\/\">Devant la mor<\/a><a href=\"http:\/\/absi.ch\/new\/2014\/09\/eucharistie-14-sept-2014\/\">t de Lucia, Olga et Bernardetta<\/a><\/p>\n<ul>\n<li>7 septembre<\/li>\n<\/ul>\n<p><a href=\"http:\/\/absi.ch\/new\/2014\/09\/eucharistie-7-sept-2014\/\">Co-responsable avec tes fr\u00e8res<\/a><\/p>\n<ul>\n<li>15 ao\u00fbtt<\/li>\n<\/ul>\n<p><a href=\"http:\/\/absi.ch\/new\/2014\/08\/eucharistie-15-aout-2014\/\">L\u2019Assomption de Marie : un signe pour l\u2019avenir des croyant<\/a>s<\/p>\n<p>[\/one_sixth]<\/p>\n<p>[one_sixth]<\/p>\n<p>\u00a0<\/p>\n<ul>\n<li>3 ao\u00fbtt<\/li>\n<\/ul>\n<p><a href=\"http:\/\/absi.ch\/new\/2014\/08\/eucharistie-3-aout-2014\/\">Le signe du Royaume : une table ouverte \u00e0 tous<\/a><\/p>\n<ul>\n<li>27\u00a0 juillet<\/li>\n<\/ul>\n<p><a href=\"http:\/\/absi.ch\/new\/2014\/07\/eucharistie-27-juillet-2014\/\">R\u00e9orienter notre vie<\/a><\/p>\n<ul>\n<li>20 juillet<\/li>\n<\/ul>\n<p><a href=\"http:\/\/absi.ch\/new\/2014\/07\/eucharistie-20-juillet-2014\/\">En faisant m\u00e9moire des vivants<\/a><\/p>\n<ul>\n<li>13 juillet<\/li>\n<\/ul>\n<p><a href=\"http:\/\/absi.ch\/new\/2014\/07\/eucharistie-13-juillet-2014\/\">Couronne et r\u00e9compense<\/a><\/p>\n<ul>\n<li>6 juillet<\/li>\n<\/ul>\n<p><a href=\"http:\/\/absi.ch\/new\/2014\/07\/eucharistie-6-juillet-2014\/\">Apprendre de celui qui est doux et non-violent<\/a><\/p>\n<ul>\n<li>22 juin<\/li>\n<\/ul>\n<p><a href=\"http:\/\/absi.ch\/new\/2014\/06\/eucharistie-22-juin-2014\/\">Solennit\u00e9 du corps et du sang du Christ<\/a><\/p>\n<ul>\n<li>15 juin<\/li>\n<\/ul>\n<p><a href=\"http:\/\/absi.ch\/new\/2014\/06\/eucharistie-15-juin-2014\/\">F\u00eate de la Sainte Trinit\u00e9<\/a><\/p>\n<ul>\n<li>1 juin<\/li>\n<\/ul>\n<p><a href=\"http:\/\/absi.ch\/new\/2014\/06\/eucharistie-1-juin-2014\/\">Le r\u00eave d\u2019une communaut\u00e9 fid\u00e8le et ouverte<\/a><\/p>\n<ul>\n<li>29 mai<\/li>\n<\/ul>\n<p><a href=\"http:\/\/absi.ch\/new\/2014\/06\/eucharistie-29-mai-2014\/\">Ascension\u00a0: \u00abS\u2019engager, d\u2019une bonne conscience, envers Dieu\u00bb (1 Pi 3,21)<\/a><\/p>\n<ul>\n<li>18 mai<\/li>\n<\/ul>\n<p><a href=\"http:\/\/absi.ch\/new\/2014\/05\/notre-desir\/\">Notre d\u00e9sir\u00a0: le lait de la parole de Dieu<\/a><\/p>\n<ul>\n<li>11 mai<\/li>\n<\/ul>\n<p><a href=\"http:\/\/absi.ch\/new\/2014\/05\/eucharistie-11-mai-2014\/\">Yhwh est mon berger, je ne manque de rien (Ps 23)<\/a><\/p>\n<p>[\/one_sixth][one_sixth]<\/p>\n<p>\u00a0<\/p>\n<ul>\n<li>4 mai<\/li>\n<\/ul>\n<p><a href=\"http:\/\/absi.ch\/new\/2014\/05\/eucharistie-4-mai-2014\/\">\u00abTu n\u2019abandonneras pas mon \u00e2me \u00e0 la mort\u00bb (Ps 16,10)<\/a><\/p>\n<ul>\n<li>27 avril<\/li>\n<\/ul>\n<p><a href=\"http:\/\/absi.ch\/new\/2014\/04\/eucharistie-27-avril-2014\/\">\u00abTu m\u2019as sauv\u00e9 des multiples \u00e9preuves\u00bb (Si 51,3)<\/a><\/p>\n<ul>\n<li>20 avril<\/li>\n<\/ul>\n<p><a href=\"http:\/\/absi.ch\/new\/2014\/04\/pasqua-2014\/\">P\u00e2ques <\/a><\/p>\n<ul>\n<li>13 avril<\/li>\n<\/ul>\n<p><a href=\"http:\/\/absi.ch\/new\/2014\/04\/dimanche-des-rameaux\/\">Dimanche des rameaux<\/a><\/p>\n<p>\u00a0<\/p>\n<p>[\/one_sixth][one_sixth][\/one_sixth][one_sixth][\/one_sixth][\/layout_group][\/layout]<\/p>\n\n<div id=\"themify_builder_content-363\" data-postid=\"363\" class=\"themify_builder_content themify_builder_content-363 themify_builder\">\n    <\/div>\n\n","protected":false},"excerpt":{"rendered":"<p>[layout][layout_group][one_sixth] Lectures pour l&#8217;Afrique et&#8230;toute la Terre di Renzo Petraglio \u00a0 \u00a0L&#8217;eucarestia vetrata nella Chiesa di Nostra Signora di Loreto (Trapani)\u00a0 di Roberto Alabiso \u00a0 &gt; testi fino al 30.03.2014 2014 21 d\u00e9cembre 2014 \u00abJusqu\u2019\u00e0 quand seras-tu cach\u00e9? Pour toujours?\u00bb (Ps 89,47) 14 d\u00e9cembre 2014 Un beau message pour les plus d\u00e9muni(e)s 7 d\u00e9cembre 2014 [&hellip;]<\/p>\n","protected":false},"author":1,"featured_media":0,"parent":0,"menu_order":0,"comment_status":"closed","ping_status":"open","template":"","meta":{"footnotes":""},"class_list":["post-363","page","type-page","status-publish","hentry","has-post-title","no-post-date","has-post-category","has-post-tag","has-post-comment","has-post-author",""],"builder_content":"","_links":{"self":[{"href":"https:\/\/absi.ch\/new\/wp-json\/wp\/v2\/pages\/363","targetHints":{"allow":["GET"]}}],"collection":[{"href":"https:\/\/absi.ch\/new\/wp-json\/wp\/v2\/pages"}],"about":[{"href":"https:\/\/absi.ch\/new\/wp-json\/wp\/v2\/types\/page"}],"author":[{"embeddable":true,"href":"https:\/\/absi.ch\/new\/wp-json\/wp\/v2\/users\/1"}],"replies":[{"embeddable":true,"href":"https:\/\/absi.ch\/new\/wp-json\/wp\/v2\/comments?post=363"}],"version-history":[{"count":69,"href":"https:\/\/absi.ch\/new\/wp-json\/wp\/v2\/pages\/363\/revisions"}],"predecessor-version":[{"id":15634,"href":"https:\/\/absi.ch\/new\/wp-json\/wp\/v2\/pages\/363\/revisions\/15634"}],"wp:attachment":[{"href":"https:\/\/absi.ch\/new\/wp-json\/wp\/v2\/media?parent=363"}],"curies":[{"name":"wp","href":"https:\/\/api.w.org\/{rel}","templated":true}]}}