{"id":3630,"date":"2014-11-06T00:15:05","date_gmt":"2014-11-05T23:15:05","guid":{"rendered":"http:\/\/absi.ch\/new\/?page_id=3630"},"modified":"2014-11-06T00:35:24","modified_gmt":"2014-11-05T23:35:24","slug":"distruggete-questo-tempio-e-in-tre-giorni-lo-faro-risorgere_cont","status":"publish","type":"page","link":"https:\/\/absi.ch\/new\/distruggete-questo-tempio-e-in-tre-giorni-lo-faro-risorgere_cont\/","title":{"rendered":"DISTRUGGETE QUESTO TEMPIO E IN TRE GIORNI LO FARO&#8217; RISORGERE_cont."},"content":{"rendered":"<p>[layout][layout_group][one_fourth]<\/p>\n<p>l&#8217;evangelista aveva scritto che il Verbo, la parola di Dio, il progetto di Dio si fece carne e venne ad abitare in mezzo a noi. Con Ges\u00f9 Dio non \u00e8 pi\u00f9 presente in un edificio, ma Dio \u00e8 presente in una persona e in quanti la accolgono.<\/p>\n<p lang=\"it-IT\" align=\"LEFT\">Mentre le persone si dovevano recare nell&#8217;antico santuario e non tutti potevano avervi accesso perch\u00e9 dovevano avere determinati requisiti, il nuovo santuario \u00e8 quello che va incontro proprio agli esclusi dalla religione, agli emarginati. E qui Ges\u00f9 \u00e8 il nuovo santuario dal quale si irradia, si manifesta l&#8217;amore di Dio.<\/p>\n<p lang=\"it-IT\" align=\"LEFT\">\u201c<i>\u00abIn tre giorni lo far\u00f2 risorgere\u00bb\u201d. <\/i>Perch\u00e9 la morte per Ges\u00f9 sar\u00e0 la massima manifestazione della gloria di Dio, dell&#8217;amore di Dio per l&#8217;umanit\u00e0.<\/p>\n<p lang=\"it-IT\" align=\"LEFT\">Naturalmente i giudei non comprendono e pensano che riguardi l&#8217;edificio e dicono: <i>\u201c\u00abQuesto santuario \u00e8 stato costruito in quarantasei anni e tu in tre giorni lo farai risorgere? Ma egli parlava del santuario del suo corpo.\u00bb\u201d <\/i><\/p>\n<p lang=\"it-IT\" align=\"LEFT\">In una mentalit\u00e0 dove il corpo veniva visto come la prigione dell&#8217;anima, l&#8217;evangelista ribalta tutto questo. Il corpo non \u00e8 la prigione dell&#8217;anima, ma il santuario dove si irradia e si manifesta l&#8217;amore di Dio. San Paolo poi dir\u00e0 chiaramente: <i>\u201cNon sapete che siete santuario di Dio?\u201d. <\/i><\/p>\n<p lang=\"it-IT\" align=\"LEFT\">Quindi non solo Ges\u00f9, ma ogni persona che lo accoglie, \u00e8 l&#8217;unico santuario dal quale si irradia l&#8217;amore di Dio. Allora in questo nuovo santuario non c&#8217;\u00e8 pi\u00f9 bisogno di offrire a Dio, ma accogliere un Dio che si offre all&#8217;uomo, chiede di essere accolto per dilatare la sua capacit\u00e0 d&#8217;amore e diventare l&#8217;unica vera manifestazione ed espressione dell&#8217;amore di Dio.<\/p>\n<p lang=\"it-IT\" align=\"LEFT\">\u201c<i>Quando poi fu risuscitato dai morti, i suoi discepoli si ricordarono\u201d &#8211; <\/i>\u00e8 l&#8217;esperienza che insegna &#8211; <i>\u201cche aveva detto questo, e credettero alla Scrittura\u201d &#8211; <\/i>il salmo 69 che \u00e8 stato citato poc&#8217;anzi verr\u00e0 citato pi\u00f9 volte nella passione di Ges\u00f9 &#8211; <i>\u201ce alla parola detta da Ges\u00f9\u201d. <\/i><\/p>\n<p>&nbsp;<\/p>\n<p lang=\"it-IT\" align=\"LEFT\"><a href=\"http:\/\/absi.ch\/new\/wp-content\/uploads\/2014\/11\/Dedicazione-Basilica-Lateranense-9.11.2014.pdf\" target=\"_blank\">&gt; <em>testo in pdf<\/em><\/a><\/p>\n<p><em><a href=\"http:\/\/absi.ch\/new\/commento-al-vangelo-3\/\">&gt; Commento al Vangelo<\/a><\/em><\/p>\n<p lang=\"it-IT\" align=\"LEFT\"><em><a href=\"http:\/\/absi.ch\/new\/formazione-biblica-2\/\">&gt; Formazione biblica<\/a><\/em><\/p>\n<p lang=\"it-IT\" align=\"LEFT\">[\/one_fourth][one_fourth]<\/p>\n<p lang=\"it-IT\" align=\"LEFT\"><a href=\"http:\/\/absi.ch\/new\/wp-content\/uploads\/2014\/11\/El_Greco_Tempelreinigung.jpg\"><img loading=\"lazy\" decoding=\"async\" alt=\"El_Greco_Tempelreinigung\" src=\"http:\/\/absi.ch\/new\/wp-content\/uploads\/2014\/11\/El_Greco_Tempelreinigung.jpg\" width=\"614\" height=\"500\" \/><\/a><\/p>\n<h5>Cacciata dei mercanti dal tempio<\/h5>\n<p lang=\"it-IT\" align=\"LEFT\">El Grego (ca. 1600)<\/p>\n<p lang=\"it-IT\" align=\"LEFT\">[\/one_fourth][one_fourth][\/one_fourth][one_fourth][\/one_fourth][\/layout_group][\/layout]<\/p>\n<div id=\"themify_builder_content-3630\" data-postid=\"3630\" class=\"themify_builder_content themify_builder_content-3630 themify_builder\">\n    <\/div>\n<!-- \/themify_builder_content -->\n","protected":false},"excerpt":{"rendered":"<p>[layout][layout_group][one_fourth] l&#8217;evangelista aveva scritto che il Verbo, la parola di Dio, il progetto di Dio si fece carne e venne ad abitare in mezzo a noi. Con Ges\u00f9 Dio non \u00e8 pi\u00f9 presente in un edificio, ma Dio \u00e8 presente in una persona e in quanti la accolgono. Mentre le persone si dovevano recare nell&#8217;antico [&hellip;]<\/p>\n","protected":false},"author":1,"featured_media":0,"parent":0,"menu_order":0,"comment_status":"closed","ping_status":"open","template":"","meta":{"footnotes":""},"class_list":["post-3630","page","type-page","status-publish","hentry","has-post-title","no-post-date","has-post-category","has-post-tag","has-post-comment","has-post-author",""],"builder_content":"","_links":{"self":[{"href":"https:\/\/absi.ch\/new\/wp-json\/wp\/v2\/pages\/3630","targetHints":{"allow":["GET"]}}],"collection":[{"href":"https:\/\/absi.ch\/new\/wp-json\/wp\/v2\/pages"}],"about":[{"href":"https:\/\/absi.ch\/new\/wp-json\/wp\/v2\/types\/page"}],"author":[{"embeddable":true,"href":"https:\/\/absi.ch\/new\/wp-json\/wp\/v2\/users\/1"}],"replies":[{"embeddable":true,"href":"https:\/\/absi.ch\/new\/wp-json\/wp\/v2\/comments?post=3630"}],"version-history":[{"count":4,"href":"https:\/\/absi.ch\/new\/wp-json\/wp\/v2\/pages\/3630\/revisions"}],"predecessor-version":[{"id":3636,"href":"https:\/\/absi.ch\/new\/wp-json\/wp\/v2\/pages\/3630\/revisions\/3636"}],"wp:attachment":[{"href":"https:\/\/absi.ch\/new\/wp-json\/wp\/v2\/media?parent=3630"}],"curies":[{"name":"wp","href":"https:\/\/api.w.org\/{rel}","templated":true}]}}