{"id":3672,"date":"2014-11-16T03:49:07","date_gmt":"2014-11-16T02:49:07","guid":{"rendered":"http:\/\/absi.ch\/new\/?page_id=3672"},"modified":"2014-11-16T03:59:53","modified_gmt":"2014-11-16T02:59:53","slug":"parabola-dei-talenti_cont","status":"publish","type":"page","link":"https:\/\/absi.ch\/new\/parabola-dei-talenti_cont\/","title":{"rendered":"Parabola dei talenti_cont."},"content":{"rendered":"<p lang=\"it-IT\" align=\"LEFT\">[layout][layout_group][one_fourth]<span style=\"color: #808080;\"><span style=\"font-family: Century Gothic,sans-serif;\"><span style=\"font-size: small;\">Questo \u00e8 importante, il \u201ctuo\u201d talento. Il padrone glielo aveva dato, infatti gli altri hanno detto \u201cquello che io ho\u201d. Invece lui non si \u00e8 mai considerato padrone di questo talento. Infatti dice \u201cIl tuo talento\u201d, e lo ripete, <i>\u201c<\/i><i>\u00ab<\/i><i>\u2019Ecco ci\u00f2 che \u00e8 tuo\u2019<\/i><i>\u00bb<\/i><i>\u201d. <\/i><\/span><\/span><\/span><\/p>\n<p lang=\"it-IT\" align=\"LEFT\"><span style=\"color: #808080;\"><span style=\"font-family: Century Gothic,sans-serif;\"><span style=\"font-size: small;\">Non l\u2019ha mai considerato proprio. La risposta del padrone \u00e8 molto severa. <i>\u201c<\/i><i>\u00ab<\/i><i>\u2019Servo malvagio e pigro\u2019\u00bb\u201d <\/i>&#8211; e omette di definirsi \u201cuomo duro\u201d, come il servo l\u2019aveva definito \u2013 <i>\u201c<\/i><i>\u00ab<\/i><i>\u2019Servo malvagio e pigro, tu sapevi che mieto dove non ho seminato e raccolgo dove non ho sparso?\u2019<\/i><i>\u00bb<\/i><i>\u201d, <\/i>l\u2019espressione del padrone \u00e8 in forma interrogativa, lui non \u00e8 cos\u00ec. \u201cSei tu che pensi che io sia cos\u00ec, sei tu che hai quest\u2019immagine sbagliata di me\u201d, quindi \u00e8 all\u2019interrogativo. <\/span><\/span><\/span><\/p>\n<p lang=\"it-IT\" align=\"LEFT\"><span style=\"color: #808080;\"><span style=\"font-family: Century Gothic,sans-serif;\"><span style=\"font-size: small;\">La paura di sbagliare nell\u2019individuo ha paralizzato la sua crescita e il padrone lo rimprovera dicendo: <i>\u201c<\/i><i>\u00ab<\/i><i>\u2019Avresti dovuto affidare il mio denaro ai banchieri e cos\u00ec, ritornando, avrei ritirato il mio con l\u2019interesse. Toglietegli dunque il talento \u2026\u2019<\/i><i>\u00bb<\/i><i>\u201d, <\/i>perch\u00e9 viene tolto il talento? E perch\u00e9 lasciargli quello che per lui \u00e8 soltanto motivo di angoscia, di ansia, di paura? <i>\u201c<\/i><i>\u00ab<\/i><i>\u2019 \u2026 E datelo a chi ha dieci talenti\u2019<\/i><i>\u00bb<\/i><i>\u201d. <\/i><\/span><\/span><\/span><\/p>\n<p lang=\"it-IT\" align=\"LEFT\"><span style=\"color: #808080;\"><span style=\"font-family: Century Gothic,sans-serif;\"><span style=\"font-size: small;\">Ed ecco qui la sentenza di Ges\u00f9, molto importante, che gi\u00e0 abbiamo ascoltato nella parabola dei quattro terreni, <i>\u201c<\/i><i>\u00ab<\/i><i>\u2019A chiunque ha verr\u00e0 dato e sar\u00e0 nell\u2019abbondanza; ma a chi no ha, verr\u00e0 tolto anche quello che ha\u2019<\/i><i>\u00bb<\/i><i>\u201d. <\/i><\/span><\/span><\/span><\/p>\n<p lang=\"it-IT\" align=\"LEFT\"><span style=\"color: #808080;\"><span style=\"font-family: Century Gothic,sans-serif;\"><span style=\"font-size: small;\">Il verbo \u201cavere\u201c (<span style=\"font-family: Bwgrkn;\"><span style=\"font-size: large;\"><b>e<\/b><\/span><\/span><span style=\"font-family: Bwgrkn;\"><span style=\"font-size: large;\"><b>;<\/b><\/span><\/span><span style=\"font-family: Bwgrkn;\"><span style=\"font-size: large;\"><b>cw<\/b><\/span><\/span>) \u00e8 un verbo risultativo, che \u00e8 il risultato sempre di qualcosa. Qui si tratta di produrre. A chi produce amore, viene data una ancor pi\u00f9 grande capacit\u00e0 d\u2019amare; ma chi non produce piano piano si sterilisce quella che ha e si trova a non avere pi\u00f9 niente. <\/span><\/span><\/span><\/p>\n<p lang=\"it-IT\" align=\"LEFT\"><span style=\"color: #808080;\"><span style=\"font-family: Century Gothic,sans-serif;\"><span style=\"font-size: small;\">Quindi non si tratta di un\u2019ingiustizia da parte del Signore, ma si tratta di una dinamica della vita. A chi fa fruttare i doni viene data un\u2019aumentata capacit\u00e0 di farli fruttare; pi\u00f9 si ama e pi\u00f9 si viene resi capaci di amare dal Signore. <\/span><\/span><\/span><\/p>\n<p lang=\"it-IT\" align=\"LEFT\"><span style=\"color: #808080;\"><span style=\"font-family: Century Gothic,sans-serif;\"><span style=\"font-size: small;\">Ed ecco la conclusione tremenda, molto severa. <i>\u201c<\/i><i>\u00ab\u2019<\/i><i>E il servo inutile \u2026\u2019<\/i><i>\u00bb<\/i><i>\u201d, <\/i>chiamato ad essere signore, \u00e8 rimasto servo. Ges\u00f9 vuole traghettare i suoi discepoli da una condizione di servi di Dio, come Mos\u00e8 aveva loro imposto &#8211; l\u2019alleanza di Mos\u00e8 \u00e8 un\u2019alleanza tra dei servi e il loro signore \u2013 a figli di Dio, signori come lui. <\/span><\/span><\/span><\/p>\n<p lang=\"it-IT\" align=\"LEFT\"><span style=\"color: #808080;\"><span style=\"font-family: Century Gothic,sans-serif;\"><span style=\"font-size: small;\">Ma Ges\u00f9 tiene presente la difficolt\u00e0 di passare da questa condizione e di obbedienza, a quella della libert\u00e0 dei figli di Dio. Non tutti ci riescono perch\u00e9 la libert\u00e0 non ha nessuna sicurezza se non quella della forza interiore. Allora il servo inutile, chiamato ad essere signore, ma rimasto servo, <i>\u201c<\/i><i>\u00ab<\/i><i>\u2019Gettatelo fuori nelle tenebre\u2019<\/i><i>\u00bb<\/i><i>\u201d, <\/i>perch\u00e9 nelle tenebre? Lui, avendo seppellito il suo talento, si era gi\u00e0 seppellito, lui era gi\u00e0 morto, non aveva vissuto. <i>\u201c<\/i><i>\u00ab<\/i><i>\u2019L\u00e0 sar\u00e0 pianto e stridore di denti\u2019<\/i><i>\u00bb<\/i><i>\u201d,[\/one_fourth]<\/i><\/span><\/span><\/span><\/p>\n<p lang=\"it-IT\" align=\"LEFT\"><span style=\"color: #808080;\"><span style=\"font-family: Century Gothic,sans-serif;\"><span style=\"font-size: small;\"><i>[one_fourth]<\/i>espressione con la quale nella Bibbia si indica il fallimento di un\u2019esistenza. E questa persona ha fallito la sua esistenza per la paura di Dio. <\/span><\/span><\/span><\/p>\n<p lang=\"it-IT\" align=\"LEFT\"><span style=\"color: #808080;\"><span style=\"font-family: Century Gothic,sans-serif;\"><span style=\"font-size: small;\">E\u2019 la religione che inculca la paura di Dio per dominare le persone. Ma Ges\u00f9 viene per liberare da questo. C\u2019\u00e8 nella prima lettera a Giovanni (4,17,18) un\u2019espressione molto bella: <i>\u201cnell\u2019amore non c\u2019\u00e8 timore [\u2026] e chi teme non \u00e8 perfetto nell\u2019amore\u201d. <\/i><\/span><\/span><\/span><\/p>\n<p lang=\"it-IT\" align=\"LEFT\"><span style=\"color: #808080;\"><span style=\"font-family: Century Gothic,sans-serif;\"><span style=\"font-size: small;\">Quindi non la paura di Dio deve regolare l\u2019atteggiamento del credente, ma l\u2019amore. L\u2019amore libera ed \u00e8 liberatore delle persone. <\/span><\/span><\/span><\/p>\n<p>&nbsp;<\/p>\n<p lang=\"it-IT\" align=\"LEFT\"><a href=\"http:\/\/absi.ch\/new\/wp-content\/uploads\/2014\/11\/TO-XXXIII-16.11.2014.pdf\" target=\"_blank\">&gt; <em>testo in pdf<\/em><\/a><\/p>\n<p><a href=\"http:\/\/absi.ch\/new\/2014\/11\/toxxxiii16novembre2014\/\">&gt; <em>inizio pagina<\/em><\/a><\/p>\n<p><em><a href=\"http:\/\/absi.ch\/new\/commento-al-vangelo-3\/\">&gt; Commento al Vangelo<\/a><\/em><\/p>\n<p><em><a href=\"http:\/\/absi.ch\/new\/formazione-biblica-2\/\">&gt; Formazione biblica<\/a><\/em><\/p>\n<p>&nbsp;<\/p>\n<p>[\/one_fourth][one_fourth]<\/p>\n<p><a href=\"http:\/\/absi.ch\/new\/wp-content\/uploads\/2014\/11\/the-parable-of-the-talents.jpg\"><img loading=\"lazy\" decoding=\"async\" alt=\"the parable of the talents\" src=\"http:\/\/absi.ch\/new\/wp-content\/uploads\/2014\/11\/the-parable-of-the-talents-944x1443.jpg\" width=\"458\" height=\"700\" \/><\/a><\/p>\n<h5>Parabola dei talenti<\/h5>\n<p><em>Our Lady Queen of Apostles, Hamtramck, Michigan, USA<\/em><\/p>\n<p>&nbsp;<\/p>\n<p>[\/one_fourth][one_fourth][\/one_fourth][one_fourth][\/one_fourth][\/layout_group][\/layout]<\/p>\n<div id=\"themify_builder_content-3672\" data-postid=\"3672\" class=\"themify_builder_content themify_builder_content-3672 themify_builder\">\n    <\/div>\n<!-- \/themify_builder_content -->\n","protected":false},"excerpt":{"rendered":"<p>[layout][layout_group][one_fourth]Questo \u00e8 importante, il \u201ctuo\u201d talento. Il padrone glielo aveva dato, infatti gli altri hanno detto \u201cquello che io ho\u201d. Invece lui non si \u00e8 mai considerato padrone di questo talento. Infatti dice \u201cIl tuo talento\u201d, e lo ripete, \u201c\u00ab\u2019Ecco ci\u00f2 che \u00e8 tuo\u2019\u00bb\u201d. Non l\u2019ha mai considerato proprio. La risposta del padrone \u00e8 molto [&hellip;]<\/p>\n","protected":false},"author":1,"featured_media":0,"parent":0,"menu_order":0,"comment_status":"closed","ping_status":"open","template":"","meta":{"footnotes":""},"class_list":["post-3672","page","type-page","status-publish","hentry","has-post-title","no-post-date","has-post-category","has-post-tag","has-post-comment","has-post-author",""],"builder_content":"","_links":{"self":[{"href":"https:\/\/absi.ch\/new\/wp-json\/wp\/v2\/pages\/3672","targetHints":{"allow":["GET"]}}],"collection":[{"href":"https:\/\/absi.ch\/new\/wp-json\/wp\/v2\/pages"}],"about":[{"href":"https:\/\/absi.ch\/new\/wp-json\/wp\/v2\/types\/page"}],"author":[{"embeddable":true,"href":"https:\/\/absi.ch\/new\/wp-json\/wp\/v2\/users\/1"}],"replies":[{"embeddable":true,"href":"https:\/\/absi.ch\/new\/wp-json\/wp\/v2\/comments?post=3672"}],"version-history":[{"count":7,"href":"https:\/\/absi.ch\/new\/wp-json\/wp\/v2\/pages\/3672\/revisions"}],"predecessor-version":[{"id":3685,"href":"https:\/\/absi.ch\/new\/wp-json\/wp\/v2\/pages\/3672\/revisions\/3685"}],"wp:attachment":[{"href":"https:\/\/absi.ch\/new\/wp-json\/wp\/v2\/media?parent=3672"}],"curies":[{"name":"wp","href":"https:\/\/api.w.org\/{rel}","templated":true}]}}