{"id":3728,"date":"2014-11-23T02:52:32","date_gmt":"2014-11-23T01:52:32","guid":{"rendered":"http:\/\/absi.ch\/new\/?page_id=3728"},"modified":"2014-12-08T00:37:45","modified_gmt":"2014-12-07T23:37:45","slug":"siedera-sul-trono-della-sua-gloria_cont","status":"publish","type":"page","link":"https:\/\/absi.ch\/new\/siedera-sul-trono-della-sua-gloria_cont\/","title":{"rendered":"SIEDERA\u2019 SUL TRONO DELLA SUA GLORIA_cont."},"content":{"rendered":"<p lang=\"it-IT\" align=\"LEFT\">[layout][layout_group][one_fourth]<span style=\"color: #808080;\"><span style=\"font-family: Century Gothic,sans-serif;\"><span style=\"font-size: small;\">l\u2019ultima volta che compare il diavolo e si annuncia la sua sconfitta definitiva perch\u00e9 il fuoco era quello che eliminava tutto &#8211; <i>\u201c<\/i><i>\u00ab<\/i><i>e per i suoi angeli<\/i><i>\u00bb<\/i><i>\u201d, <\/i>letteralmente \u201cinviati\u201d. Queste persone sono stati inviate dal diavolo perch\u00e9, anzich\u00e9 comunicare vita come i primi, hanno soltanto comunicato la morte.<\/span><\/span><\/span><\/p>\n<p lang=\"it-IT\" align=\"LEFT\"><span style=\"color: #808080;\"><span style=\"font-family: Century Gothic,sans-serif;\"><span style=\"font-size: small;\">\u201c<i>\u00abAnch\u2019essi allora risponderanno\u00bb\u201d, <\/i>e qui la risposta \u00e8 differente. Mentre i primi hanno detto \u201cquando mai ti abbiamo visto affamato e ti abbiamo dato da mangiare?\u201d, questi, molto pi\u00f9 sbrigativamente, riassumono il tutto. <i>\u201c<\/i><i>\u00ab<\/i><i>Quando ti abbiamo visto affamato o assetato o straniero o nudo o malato o in carcere e non ti abbiamo servito?<\/i><i>\u00bb<\/i><i>\u201d <\/i><\/span><\/span><\/span><\/p>\n<p lang=\"it-IT\" align=\"LEFT\"><span style=\"color: #808080;\"><span style=\"font-family: Century Gothic,sans-serif;\"><span style=\"font-size: small;\">Quindi riassumono le situazioni di bisogno verso le quali sono stati indifferenti. E\u2019 interessante il verbo adoperato, <span style=\"color: #808080;\">\u201c<span style=\"font-family: Calibri,Calibri,sans-serif;\"><span style=\"font-size: medium;\"><span style=\"font-family: Century Gothic,sans-serif;\"><span style=\"font-size: small;\">servire\u201d <\/span><\/span><span style=\"font-family: Calibri,Calibri,sans-serif;\"><span style=\"font-size: medium;\">(<\/span><\/span><span style=\"font-family: Bwgrkn;\"><span style=\"font-size: large;\"><b>diakon<\/b><\/span><\/span><span style=\"font-family: Bwgrkn;\"><span style=\"font-size: large;\"><b>e,<\/b><\/span><\/span><span style=\"font-family: Bwgrkn;\"><span style=\"font-size: large;\"><b>w<\/b><\/span><\/span><span style=\"font-family: Calibri,Calibri,sans-serif;\"><span style=\"font-size: medium;\">)<\/span><\/span><span style=\"font-family: Century Gothic,sans-serif;\"><span style=\"font-size: small;\">; questi<\/span><\/span><\/span><\/span><\/span> non hanno nulla a che fare con un Dio che non chiede di essere servito, ma di servire. Loro pensano di servire il Signore, ma non sanno che il Signore non \u00e8 venuto per essere servito, ma lui a servire. Loro credono di averlo servito mediante le pratiche religiose, magari proclamandolo Signore.<\/span><\/span><\/span><\/p>\n<p lang=\"it-IT\" align=\"LEFT\"><span style=\"color: #808080;\"><span style=\"font-family: Century Gothic,sans-serif;\"><span style=\"font-size: small;\">Ebbene, Ges\u00f9 con questi non ha nulla a che fare. Ges\u00f9 non conosce quelli che non hanno amato. In questo brano il Signore non chieder\u00e0 alle persone se hanno creduto, ma se hanno amato; non chieder\u00e0 se sono saliti al tempio, ma se hanno aperto la loro casa al bisognoso. Non chiede se hanno offerto, ma se hanno condiviso il loro pane con l\u2019affamato.<\/span><\/span><\/span><\/p>\n<p lang=\"it-IT\" align=\"LEFT\"><span style=\"color: #808080;\"><span style=\"font-family: Century Gothic,sans-serif;\"><span style=\"font-size: small;\">Ed ecco la sentenza: <i>\u201c<\/i><i>\u00ab<\/i><i>In verit\u00e0 io vi dico: tutto quello che non avete fatto a uno solo di questi pi\u00f9 piccoli, non l\u2019avete fatto a me. Ed essi se ne andranno: questi al supplizio eterno \u2026<\/i><i>\u00bb<\/i><i>\u201d, <\/i>letteralmente \u201cpunizione\u201d.<\/span><\/span><\/span><\/p>\n<p lang=\"it-IT\" align=\"LEFT\"><span style=\"color: #808080;\"><span style=\"font-family: Century Gothic,sans-serif;\"><span style=\"font-size: small;\">Il termine \u201cpunizione\u201d (<span style=\"font-family: Bwgrkn;\"><span style=\"font-size: large;\"><b>k<\/b><\/span><\/span><span style=\"font-family: Bwgrkn;\"><span style=\"font-size: large;\"><b>o,<\/b><\/span><\/span><span style=\"font-family: Bwgrkn;\"><span style=\"font-size: large;\"><b>lasij<\/b><\/span><\/span>) viene dal verbo (<span style=\"font-family: Bwgrkn;\"><span style=\"font-size: large;\"><b>kol<\/b><\/span><\/span><span style=\"font-family: Bwgrkn;\"><span style=\"font-size: large;\"><b>a,<\/b><\/span><\/span><span style=\"font-family: Bwgrkn;\"><span style=\"font-size: large;\"><b>zw<\/b><\/span><\/span>) che indica \u201cmutilare\u201d. La punizione non \u00e8 dovuta al Padre, ma sono essi stessi che si sono puniti in quanto la loro \u00e8 una vita mutilata, non giunta a pienezza. Hanno pensato soltanto a nutrire se stessi e non hanno nutrito gli altri. Quindi \u00e8 una vita mutilata. <\/span><\/span><\/span><\/p>\n<p lang=\"it-IT\" align=\"LEFT\"><span style=\"color: #808080;\">\u201c<span style=\"font-family: Century Gothic,sans-serif;\"><span style=\"font-size: small;\"><i>\u00ab<\/i><i>I giusti invece alla vita eterna<\/i><i>\u00bb<\/i><i>\u201d. <\/i>Ges\u00f9 sta citando il profeta Daniele per\u00f2 inverte la finale. Mentre il finale del profeta Daniele parlava di \u201cinfamia eterna\u201d, Ges\u00f9 lo volge al positivo, con un\u2019immagine al positivo, con la vita eterna. <\/span><\/span><\/span><\/p>\n<p lang=\"it-IT\" style=\"text-align: left;\" align=\"LEFT\"><span style=\"color: #808080;\"><span style=\"font-family: Century Gothic,sans-serif;\"><span style=\"font-size: small;\"><b>Per avere la vita eterna basta rispondere agli elementari bisogni delle persone. Non si chiedono azioni straordinarie, ma soltanto azioni umanitarie.\u00a0 \u00a0[\/one_fourth]<\/b><\/span><\/span><\/span><\/p>\n<p lang=\"it-IT\" style=\"text-align: left;\" align=\"LEFT\"><span style=\"color: #808080;\"><span style=\"font-family: Century Gothic,sans-serif;\"><span style=\"font-size: small;\"><em>[one_fourth]<\/em><\/span><\/span><\/span><a href=\"http:\/\/absi.ch\/new\/wp-content\/uploads\/2014\/11\/Christk\u00f6nig2.jpg\"><img loading=\"lazy\" decoding=\"async\" class=\"alignnone\" alt=\"Christk\u00f6nig2\" src=\"http:\/\/absi.ch\/new\/wp-content\/uploads\/2014\/11\/Christk\u00f6nig2.jpg\" width=\"532\" height=\"709\" \/><\/a><\/p>\n<h5 lang=\"it-IT\" align=\"LEFT\">Crisito Re &#8211; chiesa Christus K\u00f6nig a Thuine \/ Germania<\/h5>\n<p lang=\"it-IT\" align=\"LEFT\"><em>Mosaico di Georg Poppe (1883-1963)[\/one_fourth]<\/em><\/p>\n<p lang=\"it-IT\" align=\"LEFT\"><b>[one_fourth]<\/b><a href=\"http:\/\/absi.ch\/new\/wp-content\/uploads\/2014\/11\/TO-XXXIV-23.11.2014-Cristo-Re.pdf\" target=\"_blank\">&gt; <em>testo in pdf<\/em><\/a><\/p>\n<p><a href=\"http:\/\/absi.ch\/new\/2014\/11\/cristo-re-23nov2014\/\">&gt; <em>inizio pagina<\/em><\/a><\/p>\n<p><em><a href=\"http:\/\/absi.ch\/new\/commento-al-vangelo-3\/\">&gt; Commento al Vangelo<\/a><\/em><\/p>\n<p><em><a href=\"http:\/\/absi.ch\/new\/formazione-biblica-2\/\">&gt; Formazione biblica<\/a>\u00a0\u00a0\u00a0[\/one_fourth]<\/em><\/p>\n<p>[\/one_fourth][one_fourth][\/one_fourth][\/layout_group][\/layout]<\/p>\n<p>&nbsp;<\/p>\n<p>&nbsp;<\/p>\n<p>&nbsp;<\/p>\n<div id=\"themify_builder_content-3728\" data-postid=\"3728\" class=\"themify_builder_content themify_builder_content-3728 themify_builder\">\n    <\/div>\n<!-- \/themify_builder_content -->\n","protected":false},"excerpt":{"rendered":"<p>[layout][layout_group][one_fourth]l\u2019ultima volta che compare il diavolo e si annuncia la sua sconfitta definitiva perch\u00e9 il fuoco era quello che eliminava tutto &#8211; \u201c\u00abe per i suoi angeli\u00bb\u201d, letteralmente \u201cinviati\u201d. Queste persone sono stati inviate dal diavolo perch\u00e9, anzich\u00e9 comunicare vita come i primi, hanno soltanto comunicato la morte. \u201c\u00abAnch\u2019essi allora risponderanno\u00bb\u201d, e qui la risposta [&hellip;]<\/p>\n","protected":false},"author":1,"featured_media":0,"parent":0,"menu_order":0,"comment_status":"closed","ping_status":"open","template":"","meta":{"footnotes":""},"class_list":["post-3728","page","type-page","status-publish","hentry","has-post-title","no-post-date","has-post-category","has-post-tag","has-post-comment","has-post-author",""],"builder_content":"","_links":{"self":[{"href":"https:\/\/absi.ch\/new\/wp-json\/wp\/v2\/pages\/3728","targetHints":{"allow":["GET"]}}],"collection":[{"href":"https:\/\/absi.ch\/new\/wp-json\/wp\/v2\/pages"}],"about":[{"href":"https:\/\/absi.ch\/new\/wp-json\/wp\/v2\/types\/page"}],"author":[{"embeddable":true,"href":"https:\/\/absi.ch\/new\/wp-json\/wp\/v2\/users\/1"}],"replies":[{"embeddable":true,"href":"https:\/\/absi.ch\/new\/wp-json\/wp\/v2\/comments?post=3728"}],"version-history":[{"count":16,"href":"https:\/\/absi.ch\/new\/wp-json\/wp\/v2\/pages\/3728\/revisions"}],"predecessor-version":[{"id":3862,"href":"https:\/\/absi.ch\/new\/wp-json\/wp\/v2\/pages\/3728\/revisions\/3862"}],"wp:attachment":[{"href":"https:\/\/absi.ch\/new\/wp-json\/wp\/v2\/media?parent=3728"}],"curies":[{"name":"wp","href":"https:\/\/api.w.org\/{rel}","templated":true}]}}