{"id":3869,"date":"2014-12-08T01:52:51","date_gmt":"2014-12-08T00:52:51","guid":{"rendered":"http:\/\/absi.ch\/new\/?page_id=3869"},"modified":"2014-12-08T02:06:52","modified_gmt":"2014-12-08T01:06:52","slug":"immacolata-concezione-8dic2014_cont","status":"publish","type":"page","link":"https:\/\/absi.ch\/new\/immacolata-concezione-8dic2014_cont\/","title":{"rendered":"Immacolata concezione-8dic2014_cont."},"content":{"rendered":"<p lang=\"it-IT\" align=\"LEFT\">[layout][layout_group][one_fourth]<span style=\"color: #808080;\"><span style=\"font-family: Century Gothic,sans-serif;\"><span style=\"font-size: small;\">degli Apostoli, al momento della Pentecoste, quindi Maria \u00e8 la donna dello Spirito.<\/span><\/span><\/span><\/p>\n<p lang=\"it-IT\" align=\"LEFT\"><span style=\"color: #808080;\"><span style=\"font-family: Century Gothic,sans-serif;\"><span style=\"font-size: small;\">Lo Spirito Santo significa che in Ges\u00f9 si manifesta la vera e nuova definitiva creazione. \u201c\u00ab<i>Scender\u00e0 su di te la potenza dell\u2019Altissimo, ti coprir\u00e0 con la sua ombra perci\u00f2 colui che nascer\u00e0 sar\u00e0 Santo\u00bb\u201d <\/i>&#8211; cio\u00e8 consacrato &#8211; \u201c\u00ab<i>sar\u00e0 chiamato Figlio di Dio\u00bb\u201d<\/i>, sta dicendo che sar\u00e0 il Messia.<\/span><\/span><\/span><\/p>\n<p lang=\"it-IT\" align=\"LEFT\"><span style=\"color: #808080;\"><span style=\"font-family: Century Gothic,sans-serif;\"><span style=\"font-size: small;\">E come garanzia, come prova di quanto l\u2019angelo sta assicurando a Maria le dice che Elisabetta, sua parente, la moglie di Zaccaria, \u201c\u00ab<i>nella sua vecchiaia\u00bb\u201d<\/i>, quindi l\u2019evangelista sottolinea la difficolt\u00e0 di questa realizzazione, ma Dio \u00e8 fedele alle sua promesse nonostante ogni difficolt\u00e0. Solo che il compimento delle promesse esige collaborazione da parte dell\u2019uomo, con l\u2019ascolto della sua parola, con il fidarsi, e Zaccaria non si \u00e8 fidato, e soprattutto con l\u2019agire.<\/span><\/span><\/span><\/p>\n<p lang=\"it-IT\" align=\"LEFT\"><span style=\"color: #808080;\"><span style=\"font-family: Century Gothic,sans-serif;\"><span style=\"font-size: small;\">\u201c<i>\u00abEcco, Elisabetta ha concepito un figlio e questo \u00e8 il sesto mese per lei che era detta sterile\u00bb\u201d. <\/i>Vecchiaia e sterilit\u00e0 non sono problemi per l\u2019azione del Signore, per realizzare i suoi progetti. Perch\u00e9 nulla \u00e8 impossibile a Dio. La forza creatrice di Dio non ha limiti, per\u00f2 esige la collaborazione dell\u2019uomo che come abbiamo detto deve ascoltare la sua parola, fidarsi di questa parola, e poi agire di conseguenza.<\/span><\/span><\/span><\/p>\n<p lang=\"it-IT\" align=\"LEFT\"><span style=\"color: #808080;\"><span style=\"font-family: Century Gothic,sans-serif;\"><span style=\"font-size: small;\">\u201c\u00ab<i>Allora Maria disse: ecco la serva\u00bb\u201d<\/i>, Maria non dice che \u00e8 una serva del Signore, dice che \u00e8 la serva, nei testi biblici Israele viene chiamato il servo del Signore, quindi Maria si viene ad identificare, rappresentare quelli che sempre si sono fidati del Signore, l\u2019Israele del Signore.<\/span><\/span><\/span><\/p>\n<p lang=\"it-IT\" align=\"LEFT\"><span style=\"color: #808080;\"><span style=\"font-family: Century Gothic,sans-serif;\"><span style=\"font-size: small;\">E qui c\u2019\u00e8 l\u2019altra trasgressione con la quale si chiude questo brano, <i>\u201cavvenga di me secondo la tua parola\u201d<\/i>.<\/span><\/span><\/span><\/p>\n<p lang=\"it-IT\" align=\"LEFT\"><span style=\"color: #808080;\"><span style=\"font-family: Century Gothic,sans-serif;\"><span style=\"font-size: small;\">Come si permette Maria di accettare questa proposta senza aver consultato e ottenuto il permesso da parte del padre o del marito?<\/span><\/span><\/span><\/p>\n<p lang=\"it-IT\" align=\"LEFT\"><span style=\"color: #808080;\"><span style=\"font-family: Century Gothic,sans-serif;\"><span style=\"font-size: small;\">Era inconcepibile in una cultura del genere che una donna prendesse una qualsiasi decisione senza il permesso. L\u2019autorizzazione da parte del maschio di casa, ecco Maria continua questa trasgressione. Sar\u00e0 lei a dare il nome al figlio, e sar\u00e0 lei che decide senza chiedere nulla al marito n\u00e9 al padre.<\/span><\/span><\/span><\/p>\n<p><span style=\"color: #808080;\"><span style=\"font-family: Century Gothic,sans-serif;\"><span style=\"font-size: small;\">Quindi il vangelo di Luca si apre con questa novit\u00e0 di aprirsi al nuovo di cui Maria, la donna dello Spirito ne \u00e8 l\u2019esempio eclatante.<\/span><\/span><\/span><\/p>\n<p><a href=\"http:\/\/absi.ch\/new\/wp-content\/uploads\/2014\/12\/Immacolata-Concezione-8.12.2014.pdf\" target=\"_blank\">&gt; <\/a><em><a href=\"http:\/\/absi.ch\/new\/wp-content\/uploads\/2014\/12\/Immacolata-Concezione-8.12.2014.pdf\" target=\"_blank\">testo in pdf<\/a>\u00a0\u00a0\u00a0\u00a0\u00a0\u00a0\u00a0\u00a0\u00a0\u00a0\u00a0\u00a0\u00a0\u00a0\u00a0\u00a0\u00a0\u00a0\u00a0\u00a0\u00a0\u00a0\u00a0\u00a0\u00a0\u00a0\u00a0\u00a0\u00a0\u00a0\u00a0\u00a0\u00a0\u00a0\u00a0\u00a0\u00a0\u00a0\u00a0\u00a0\u00a0\u00a0\u00a0\u00a0\u00a0\u00a0\u00a0 <\/em><a href=\"http:\/\/absi.ch\/new\/2014\/12\/immacolata-concezione-8dic2014\/\">&gt; <em>inizio pagina<\/em><\/a><\/p>\n<p><em><a href=\"http:\/\/absi.ch\/new\/commento-al-vangelo-3\/\">&gt; Commento al Vangelo<\/a>\u00a0\u00a0\u00a0\u00a0\u00a0\u00a0\u00a0\u00a0\u00a0\u00a0\u00a0\u00a0\u00a0\u00a0\u00a0\u00a0\u00a0\u00a0\u00a0\u00a0\u00a0\u00a0\u00a0\u00a0 <a href=\"http:\/\/absi.ch\/new\/formazione-biblica-2\/\">&gt; Formazione biblica<\/a><\/em>[\/one_fourth]<\/p>\n<p>&nbsp;<\/p>\n<p lang=\"it-IT\" align=\"LEFT\">[one_fourth]<a href=\"http:\/\/absi.ch\/new\/wp-content\/uploads\/2014\/12\/Immacolata2.jpg\"><img loading=\"lazy\" decoding=\"async\" class=\"alignnone\" alt=\"Immacolata2\" src=\"http:\/\/absi.ch\/new\/wp-content\/uploads\/2014\/12\/Immacolata2-777x1443.jpg\" width=\"407\" height=\"754\" \/><\/a><\/p>\n<h5 lang=\"it-IT\" align=\"LEFT\">L&#8217;Immacolata Concezione<\/h5>\n<p><em> di Giambattista Tiepolo (1696 \u20131770)<\/em>[\/one_fourth]<\/p>\n<p>[one_fourth][\/one_fourth][one_fourth][\/one_fourth][\/layout_group][\/layout]<\/p>\n<div id=\"themify_builder_content-3869\" data-postid=\"3869\" class=\"themify_builder_content themify_builder_content-3869 themify_builder\">\n    <\/div>\n<!-- \/themify_builder_content -->\n","protected":false},"excerpt":{"rendered":"<p>[layout][layout_group][one_fourth]degli Apostoli, al momento della Pentecoste, quindi Maria \u00e8 la donna dello Spirito. Lo Spirito Santo significa che in Ges\u00f9 si manifesta la vera e nuova definitiva creazione. \u201c\u00abScender\u00e0 su di te la potenza dell\u2019Altissimo, ti coprir\u00e0 con la sua ombra perci\u00f2 colui che nascer\u00e0 sar\u00e0 Santo\u00bb\u201d &#8211; cio\u00e8 consacrato &#8211; \u201c\u00absar\u00e0 chiamato Figlio di [&hellip;]<\/p>\n","protected":false},"author":1,"featured_media":0,"parent":0,"menu_order":0,"comment_status":"closed","ping_status":"open","template":"","meta":{"footnotes":""},"class_list":["post-3869","page","type-page","status-publish","hentry","has-post-title","no-post-date","has-post-category","has-post-tag","has-post-comment","has-post-author",""],"builder_content":"","_links":{"self":[{"href":"https:\/\/absi.ch\/new\/wp-json\/wp\/v2\/pages\/3869","targetHints":{"allow":["GET"]}}],"collection":[{"href":"https:\/\/absi.ch\/new\/wp-json\/wp\/v2\/pages"}],"about":[{"href":"https:\/\/absi.ch\/new\/wp-json\/wp\/v2\/types\/page"}],"author":[{"embeddable":true,"href":"https:\/\/absi.ch\/new\/wp-json\/wp\/v2\/users\/1"}],"replies":[{"embeddable":true,"href":"https:\/\/absi.ch\/new\/wp-json\/wp\/v2\/comments?post=3869"}],"version-history":[{"count":13,"href":"https:\/\/absi.ch\/new\/wp-json\/wp\/v2\/pages\/3869\/revisions"}],"predecessor-version":[{"id":3892,"href":"https:\/\/absi.ch\/new\/wp-json\/wp\/v2\/pages\/3869\/revisions\/3892"}],"wp:attachment":[{"href":"https:\/\/absi.ch\/new\/wp-json\/wp\/v2\/media?parent=3869"}],"curies":[{"name":"wp","href":"https:\/\/api.w.org\/{rel}","templated":true}]}}