{"id":4119,"date":"2014-12-26T21:58:50","date_gmt":"2014-12-26T20:58:50","guid":{"rendered":"http:\/\/absi.ch\/new\/?page_id=4119"},"modified":"2014-12-26T23:44:09","modified_gmt":"2014-12-26T22:44:09","slug":"conoscere-loriente-in-occidente","status":"publish","type":"page","link":"https:\/\/absi.ch\/new\/conoscere-loriente-in-occidente\/","title":{"rendered":"Per conoscere l&#8217;Oriente in Occidente"},"content":{"rendered":"<p>[layout][layout_group][one_fourth]<\/p>\n<h2 style=\"text-align: justify;\">Per conoscere l&#8217;Oriente in Occidente<\/h2>\n<p>&nbsp;<\/p>\n<p style=\"text-align: justify;\"><a href=\"http:\/\/absi.ch\/new\/wp-content\/uploads\/2014\/12\/Bild-De-Carli.jpg\"><img loading=\"lazy\" decoding=\"async\" class=\"alignleft  wp-image-4120\" alt=\"Bild De Carli\" src=\"http:\/\/absi.ch\/new\/wp-content\/uploads\/2014\/12\/Bild-De-Carli.jpg\" width=\"207\" height=\"261\" srcset=\"https:\/\/absi.ch\/new\/wp-content\/uploads\/2014\/12\/Bild-De-Carli.jpg 200w, https:\/\/absi.ch\/new\/wp-content\/uploads\/2014\/12\/Bild-De-Carli-978x1232.jpg 978w\" sizes=\"auto, (max-width: 207px) 100vw, 207px\" \/><\/a>L\u2019absi \u00e8 lieta di proporre una serie di articoli del nostro socio <strong>Sergio De Carli<\/strong>, docente esperto di religioni e culture dell\u2019estremo oriente e di dialogo interreligioso. Sono testi divulgativi, rivolti ad un pubblico vasto, che pensiamo possano riscuotere l\u2019interesse di tutti coloro che desiderano conoscere da zero oppure conoscere meglio delle culture, in particolare quelle indu, che sono affascinanti e complesse, da un punto di vista intelligentemente occidentale.<\/p>\n<p style=\"text-align: justify;\"><em>Sergio De Carli, nato nel 1953, sposato e padre di quattro figli, \u00e8 insegnante di religione cattolica nelle scuole medie e medie-superiori in Italia dal 1976. Laureato in filosofia con una tesi in storia delle religioni, ha pubblicato articoli e saggi di didattica delle religioni. Come professore incaricato ha tenuto, dal 2005 al 2008, corsi sulla formazione al dialogo interreligioso presso l\u2019Universit\u00e0 degli Studi di Urbino. \u00c8 autore di libri di testo per la scuola media superiore. \u00c8 stato per dieci anni (1998-2008) Presidente dell\u2019Associazione Nazionale Insegnanti di Religione (Anir) in Italia, rappresentando l\u2019Associazione presso la Consulta Nazionale sull\u2019Irc della Conferenza Episcopale Italiana e presso il Forum europeo sull\u2019insegnamento della religione. Giornalista pubblicista, ha diretto la rivista di cultura e formazione politica \u201cOrientamenti\u201d (Milano) e \u201cPercorsi d\u2019arte e cultura del Liceo Frattini\u201d (Varese). Dal 2010 insegna religione cattolica anche nelle scuole medie e superiori del Canton Ticino.<\/em><\/p>\n<p>[\/one_fourth][one_fourth]<\/p>\n<p><em>Gli articoli sono a disposizione in formato pd<\/em>f<\/p>\n<h6>01\u00a0 <a href=\"http:\/\/absi.ch\/new\/wp-content\/uploads\/2014\/12\/01.+Indu01OrienteOccidente-1.pdf\" target=\"_blank\">Capire l&#8217;oriente in occidente<\/a><\/h6>\n<h6>02\u00a0 <a href=\"http:\/\/absi.ch\/new\/wp-content\/uploads\/2014\/12\/02a.pdf\" target=\"_blank\">L\u2019induismo \u00e8 una religione?<\/a><\/h6>\n<h6>03\u00a0 <a href=\"http:\/\/absi.ch\/new\/wp-content\/uploads\/2014\/12\/02b.+Indu02Veda.pdf\" target=\"_blank\">La religione dei Veda<\/a><\/h6>\n<h6>04\u00a0 <a href=\"http:\/\/absi.ch\/new\/wp-content\/uploads\/2014\/12\/03.+InduDioAssoluto.pdf\" target=\"_blank\">Dio o l&#8217;Assoluto indiano<\/a><\/h6>\n<h6>05\u00a0 <a href=\"http:\/\/absi.ch\/new\/wp-content\/uploads\/2014\/12\/04.+Indu04Uomo.pdf\" target=\"_blank\">L&#8217;uomo ind\u00f9<\/a><\/h6>\n<h6>06\u00a0 <a href=\"http:\/\/absi.ch\/new\/wp-content\/uploads\/2014\/12\/05.+InduVivereUmano.pdf\" target=\"_blank\">Del vivere umano<\/a><\/h6>\n<h6>07\u00a0 <a href=\"http:\/\/absi.ch\/new\/wp-content\/uploads\/2014\/12\/06.+InduDivinit\u00e0Ind\u00f9Visnu.pdf\" target=\"_blank\">Le divinit\u00e0 pi\u00f9 importanti: Visnu <\/a><\/h6>\n<h6>08\u00a0 <a href=\"http:\/\/absi.ch\/new\/wp-content\/uploads\/2014\/12\/07.+InduDivinit\u00e0Ind\u00f9Siva.pdf\" target=\"_blank\">Siva, lo yoga e la magia <\/a><\/h6>\n<h6>09\u00a0 <a href=\"http:\/\/absi.ch\/new\/wp-content\/uploads\/2014\/12\/09.+InduDivinit\u00e0Femminili.pdf\" target=\"_blank\">Divinit\u00e0 femminili e dialogo<\/a><\/h6>\n<h6>10\u00a0 <a href=\"http:\/\/absi.ch\/new\/wp-content\/uploads\/2014\/12\/10.+InduRiti-2.pdf\" target=\"_blank\">I riti ind\u00f9<\/a><\/h6>\n<h6>11\u00a0 <a href=\"http:\/\/absi.ch\/new\/wp-content\/uploads\/2014\/12\/11.+InduCaste.pdf\" target=\"_blank\">La divisione sociale in caste<\/a><\/h6>\n<h6>12\u00a0 <a href=\"http:\/\/absi.ch\/new\/wp-content\/uploads\/2014\/12\/12.+InduDonna.pdf\" target=\"_blank\">La donna e l\u2019induismo<\/a><\/h6>\n<h6>13\u00a0 <a href=\"http:\/\/absi.ch\/new\/wp-content\/uploads\/2014\/12\/13.+InduFeste.pdf\" target=\"_blank\">Le feste ind\u00f9<\/a><\/h6>\n<h6>14\u00a0 <a href=\"http:\/\/absi.ch\/new\/wp-content\/uploads\/2014\/12\/14.+InduFineMondo.pdf\" target=\"_blank\">La fine del mondo<\/a><\/h6>\n<h6>15\u00a0 <a href=\"http:\/\/absi.ch\/new\/wp-content\/uploads\/2014\/12\/15.+InduInduismi.pdf\" target=\"_blank\">Tanti induismi diversi<\/a><\/h6>\n<h6>17\u00a0 <a href=\"http:\/\/absi.ch\/new\/wp-content\/uploads\/2014\/12\/17.+InduInduismoInOccidente-1.pdf\" target=\"_blank\">L\u2019induismo in Occidente<\/a><\/h6>\n<h6>18\u00a0 <a href=\"http:\/\/absi.ch\/new\/wp-content\/uploads\/2014\/12\/18.+InduFondamentalismo.pdf\" target=\"_blank\">Induismo e fondamentalismo<\/a><\/h6>\n<h6>19\u00a0 <a href=\"http:\/\/absi.ch\/new\/wp-content\/uploads\/2014\/12\/19.+InduCristoAssoluto.pdf\" target=\"_blank\">Il Cristo e l\u2019assoluto<\/a><\/h6>\n<h6><\/h6>\n<p>[\/one_fourth][one_fourth][\/one_fourth][one_fourth][\/one_fourth][\/layout_group][\/layout]<\/p>\n<div id=\"themify_builder_content-4119\" data-postid=\"4119\" class=\"themify_builder_content themify_builder_content-4119 themify_builder\">\n    <\/div>\n<!-- \/themify_builder_content -->\n","protected":false},"excerpt":{"rendered":"<p>[layout][layout_group][one_fourth] Per conoscere l&#8217;Oriente in Occidente &nbsp; L\u2019absi \u00e8 lieta di proporre una serie di articoli del nostro socio Sergio De Carli, docente esperto di religioni e culture dell\u2019estremo oriente e di dialogo interreligioso. Sono testi divulgativi, rivolti ad un pubblico vasto, che pensiamo possano riscuotere l\u2019interesse di tutti coloro che desiderano conoscere da zero [&hellip;]<\/p>\n","protected":false},"author":1,"featured_media":4120,"parent":0,"menu_order":0,"comment_status":"closed","ping_status":"open","template":"","meta":{"footnotes":""},"class_list":["post-4119","page","type-page","status-publish","has-post-thumbnail","hentry","has-post-title","no-post-date","has-post-category","has-post-tag","has-post-comment","has-post-author",""],"builder_content":"","_links":{"self":[{"href":"https:\/\/absi.ch\/new\/wp-json\/wp\/v2\/pages\/4119","targetHints":{"allow":["GET"]}}],"collection":[{"href":"https:\/\/absi.ch\/new\/wp-json\/wp\/v2\/pages"}],"about":[{"href":"https:\/\/absi.ch\/new\/wp-json\/wp\/v2\/types\/page"}],"author":[{"embeddable":true,"href":"https:\/\/absi.ch\/new\/wp-json\/wp\/v2\/users\/1"}],"replies":[{"embeddable":true,"href":"https:\/\/absi.ch\/new\/wp-json\/wp\/v2\/comments?post=4119"}],"version-history":[{"count":43,"href":"https:\/\/absi.ch\/new\/wp-json\/wp\/v2\/pages\/4119\/revisions"}],"predecessor-version":[{"id":4185,"href":"https:\/\/absi.ch\/new\/wp-json\/wp\/v2\/pages\/4119\/revisions\/4185"}],"wp:featuredmedia":[{"embeddable":true,"href":"https:\/\/absi.ch\/new\/wp-json\/wp\/v2\/media\/4120"}],"wp:attachment":[{"href":"https:\/\/absi.ch\/new\/wp-json\/wp\/v2\/media?parent=4119"}],"curies":[{"name":"wp","href":"https:\/\/api.w.org\/{rel}","templated":true}]}}