{"id":4264,"date":"2014-12-27T22:34:12","date_gmt":"2014-12-27T21:34:12","guid":{"rendered":"http:\/\/absi.ch\/new\/?page_id=4264"},"modified":"2014-12-28T01:45:38","modified_gmt":"2014-12-28T00:45:38","slug":"videoradio-ex-abem","status":"publish","type":"page","link":"https:\/\/absi.ch\/new\/videoradio-ex-abem\/","title":{"rendered":"Video\/Radio (ex ABEM)"},"content":{"rendered":"<p>[layout][layout_group][one_sixth]<\/p>\n<h2>Video\/Radio<\/h2>\n<p>(ex sito ABEM)<\/p>\n<h3>Intervista a Padre Giorgio Butterini<\/h3>\n<p>Per coloro che hanno a cuore la\u00a0formazione interiore e la libert\u00e0 di coscienza consigliamo di leggere l&#8217;intervista\u00a0a padre Giorgio Butterini, socio ABEM e referente della nostra\u00a0associazione per il Trentino Alto-Adige, intervista che si pu\u00f2\u00a0raggiungere cliccando<em> qui <a href=\"http:\/\/trentinocorrierealpi.gelocal.it\/trento\/cronaca\/2014\/08\/23\/news\/padre-butterini-trasferito-a-terzolas-obbedisco-a-fatica-1.9805439\" target=\"_blank\">(link ersterno)<\/a><\/em><\/p>\n<p>_____________________________________________________________<\/p>\n<h3>Nuovi Video sul canale YoutTube<\/h3>\n<p>&#8211; <strong>27 aprile 2014, Parrocchia S. Pio X, Cinisello Balsamo (MI)<\/strong><br \/>\n<em><a href=\"https:\/\/www.youtube.com\/watch?v=NpdT5NbScV4\" target=\"_blank\">&#8220;Leggere per vivere, Conoscere la Bibbia nella vita di oggi&#8221;<\/a><\/em><br \/>\na cura di\u00a0Elena Lea Bartolini De Angeli\u00a0\u2013 Ernesto Borghi <a href=\"http:\/\/absi.ch\/new\/wp-content\/uploads\/2014\/12\/27.4.2014+testi.pdf\" target=\"_blank\"><br \/>\n<em> &gt; testodi riferimento<\/em><em> (pdf)<\/em><\/a><\/p>\n<p><strong>&#8211; 5 maggio 2014,\u00a0Chiesa SS. Trinit\u00e0,\u00a0\u00a0Momo (NO)<\/strong><br \/>\n<em><a href=\"https:\/\/www.youtube.com\/watch?v=lQCggzy_26A\" target=\"_blank\">&#8220;Ges\u00f9 di Nazareth \u00e8 ebreo o cristiano?&#8221;<\/a><br \/>\n<\/em>letture e riflessioni tra continuit\u00e0 giudaiche e novit\u00e0 cristiane,<br \/>\na cura di Ernesto Borghi\u00a0\u2013 Elena Lea Bartolini De Angeli<a href=\"http:\/\/absi.ch\/new\/wp-content\/uploads\/2014\/12\/5.5.2014-2.pdf\" target=\"_blank\"><br \/>\n<em>&gt; testo di riferimento<\/em> (pdf)<\/a><\/p>\n<p><strong>&#8211; 10 maggio 2014,<\/strong> Convento dei Frati Cappuccini, Trento<br \/>\n<em><strong>&#8220;Leggere per vivere.\u00a0Conoscere la Bibbia nella vita di oggi&#8221;<\/strong><\/em><br \/>\na cura di Ernesto Borghi e Giorgio Butterini. <a href=\"http:\/\/absi.ch\/new\/wp-content\/uploads\/2014\/12\/Trento1.pdf\" target=\"_blank\"><em><br \/>\n&gt; testo di riferimento (pdf)<\/em><\/a><\/p>\n<p><a href=\"http:\/\/youtu.be\/DWaXCKe6rFs\" target=\"_blank\">video 1 <\/a><br \/>\n<a href=\"http:\/\/youtu.be\/UOE49cEBHs0\" target=\"_blank\">video 2<\/a><br \/>\n<a href=\"http:\/\/youtu.be\/UFMB_v33Xtk\" target=\"_blank\">video 3 <\/a>[\/one_sixth]<\/p>\n<p>[one_sixth]<\/p>\n<p><strong>&#8211; 25 maggio 2014,\u00a0Centro di Pastorale Familiare,\u00a0Avellino<br \/>\n<\/strong><em><a href=\"http:\/\/youtu.be\/mCu5hiYtxiI\" target=\"_blank\">&#8220;La tenerezza di Dio nel dramma della separazione &#8211;\u00a0Vorrei accompagnarti non perche\u0300 ne so piu\u0300 di te&#8230;\u201d<\/a><\/em><br \/>\nriflessione biblica a cura di Ernesto Borghi.<br \/>\n<a href=\"http:\/\/absi.ch\/new\/wp-content\/uploads\/2014\/12\/Avellino.pdf\" target=\"_blank\"><em>&gt; testo di riferimento (pdf)<\/em><\/a><br \/>\n_____________________________________________________________<\/p>\n<h3>Papa Francesco in Terrasanta<\/h3>\n<p><a href=\"http:\/\/absi.ch\/new\/wp-content\/uploads\/2014\/12\/papa.jpg\"><img loading=\"lazy\" decoding=\"async\" class=\"alignleft size-full wp-image-4329\" alt=\"papa\" src=\"http:\/\/absi.ch\/new\/wp-content\/uploads\/2014\/12\/papa.jpg\" width=\"244\" height=\"146\" \/><\/a>Il pontefice ha tenuto, il 26 maggio scorso, un discorso molto bello a Yad Va-Shem che \u00e8 stato accolto positivamente dalle comunit\u00e0 ebraiche.\u00a0<em>Ecco il link per chi volesse ascoltarlo:\u00a0<a href=\"http:\/\/w2.vatican.va\/content\/francesco\/it\/speeches\/2014\/may\/documents\/papa-francesco_20140526_terra-santa-memoriale-yad-vashem.html\" target=\"_blank\">Terrasanta.<\/a><\/em><br \/>\n_____________________________________________________________<\/p>\n<h3>Gli Atti degli Apostoli e ABRAMO<\/h3>\n<p>Sul canale You Tube dell&#8217;Absi sono disponibili le nove \u00a0lezioni di un corso introduttivo alla lettura degli Atti degli Apostoli tenute dal Prof.\u00a0<a href=\"http:\/\/www.abem.it\/chi-siamo\/comitato-direttivo\/\" target=\"\">Ernesto Borghi<\/a>\u00a0a a Trento da gioved\u00ec 30 gennaio \u00a0sino al 21 febbraio 2014 presso il CSSR\/FBK. Ecco il link:<\/p>\n<p><a href=\"https:\/\/www.youtube.com\/watch?v=4XM6fGG6fPs\" target=\"_blank\">Prima Lezione<\/a><\/p>\n<p>E&#8217; anche visionabile il filmato riguardante la conferenza che\u00a0il prof. Ernesto Borghi ha tenuto\u00a0sul tema &#8220;Abramo, padre\u00a0nella fede ebraico-cristiana: dai testi biblici alla vita di oggi&#8221;\u00a0presso la parrocchia di San Pio X a Cinisello Balsamo (MI).\u00a0<a href=\"https:\/\/www.youtube.com\/watch?v=AsTLoX4vGRQ\" target=\"_blank\">QUI<\/a><\/p>\n<p>[\/one_sixth][one_sixth]<\/p>\n<h3>La giustizia della vita &#8211; Per leggere il Vangelo secondo Matteo<\/h3>\n<p>Sul canale You Tube dell&#8217;Absi sono disponibili i filmati riguardanti le due giornate di studio (23 febbraio e 30 marzo 2014) che si sono svolte\u00a0 al Convento del Monte Mesma &#8211; Ameno (Novara). Il prof. Ernesto Borghi (presidente ABEM),\u00a0 dopo una introduzione generale, ha affrontato letture di brani significativi del vangelo secondo Matteo, alla ricerca di una autentica giustizia per la vita di tutti. Ecco il <a href=\"https:\/\/www.youtube.com\/watch?v=qXXQPOGW07Q\" target=\"_blank\">link al primo filmat<\/a><a href=\"https:\/\/www.youtube.com\/watch?v=qXXQPOGW07Q\" target=\"_blank\">o <em>(link esterno)<\/em>:<\/a><br \/>\n_____________________________________________________________<\/p>\n<h3>&#8220;Dai Profeti dell&#8217;Antico Testamento al vangelo di Matteo&#8221;<\/h3>\n<p>Sull&#8217;home page del sito dell&#8217;Arciconfraternita San Raffaele di Nola (Napoli) \u00e8 disponibile il video riguardante la conferenza &#8220;Dai Profeti dell&#8217;Antico Testamento al vangelo di Matteo&#8221;, tenuto dal prof. Ernesto Borghi. L&#8217;indirizzo per vedere il filmato in questione e tutte le registrazioni del corso sui profeti che la Prof.ssa Maria Rosaria Cirella ha tenuto quest&#8217;anno presso la stessa sede <a href=\" http:\/\/www.confrsanraffaele.altervista.org\" target=\"_blank\">\u00e8 il seguente <em>(link esterno)<\/em><\/a>:<br \/>\n____________________________________________________________<\/p>\n<h3>Segni dei Tempi: Intervista ad Alberto Maggi<\/h3>\n<p>Recentemente padre Alberto Maggi (biblista, frate dell&#8217;Ordine dei Serviti e direttore del Centro Studi Biblici a Monte Fano in provincia di Ancona) ha concesso un&#8217;intervista a &#8220;Segni dei Tempi&#8221;, trasmissione del canale televisivo svizzero RSI. Questa arguta e densa [\/one_sixth][one_sixth]conversazione, che parte dalla presentazione dell&#8217;ultimo libro di padre Maggi Chi non muore si rivede, diventa un&#8217;occasione per approfondire temi quale la morte e il dolore. Da non perdere: <a href=\" http:\/\/la1.rsi.ch\/_dossiers\/player.cfm?uuid=8fc7419a-a44f-408d-894a-9c1f12d7050d\" target=\"_blank\">LA 1.rsi.ch <\/a><br \/>\n_____________________________________________________________<\/p>\n<h3>Dalla Bibbia alle culture del Mediterraneo<\/h3>\n<p>A Ragusa, da alcuni anni, opera la Cattedra del Dialogo tra le culture, istituzione nata dalla collaborazione tra l&#8217;Ateneo francescano San Bonaventura, l&#8217;Universit\u00e0 degli Studi di Catania e l&#8217;Universit\u00e0 &#8220;La Manouba&#8221; di Tunisi. Sul sito www.dialogotraculture.it si pu\u00f2 trovare il programma di incontri e conferenze di quest&#8217;anno, la VI edizione, intitolato &#8220;Alterit\u00e0, Responsabilit\u00e0, Solidariet\u00e0&#8221;, a cui ha partecipato venerd\u00ec 25 ottobre anche il presidente ABEM Ernesto Borghi.<\/p>\n<p>Chi volesse ascoltare la registrazione dell&#8217;intervento del prof. Borghi, si metta in contatto con Radio Karis, l&#8217;emittente radiofonica ragusana che ha ripreso interamente l&#8217;evento e lo propone da qualche giorno. Chi lo volesse ascoltare, clicchi <a href=\"http:\/\/www.radiokaris.it\/index.php?option=com_content&amp;view=category&amp;layout=blog&amp;id=4&amp;Itemid=11\" target=\"_blank\"><em>qui (link esterno)<\/em> <\/a>_____________________________________________________________<\/p>\n<h3>Una testimonianza di Paolo Dall&#8217;Oglio, il gesuita scomparso in Siria il 28 luglio scorso<\/h3>\n<p>Chi \u00e8 padre Paolo Dall&#8217;Oglio? Un pericoloso terrorista al soldo dei nemici del rais siriano Assad? Un uomo evangelico che ha sempre cercato di far dialogare cristiani e musulmani? Il 1\u00b0 ottobre 2012, nell&#8217;incontro a Milano &#8220;Pellegrinare nell&#8217;anno della fede&#8221;,[\/one_sixth][one_sixth]co-organizzato anche da ABEM, egli rese un&#8217;importante testimonianza di fede e di realismo evangelico (chi la volesse ascoltare, visiti la rubrica &#8220;Video\/Radio&#8221; del nostro sito alla voce &#8220;Pellegrinare nell&#8217;anno della fede&#8221;).<\/p>\n<p>Nel dicembre 2012, Paolo Tognina incontr\u00f2 il gesuita a Roma per la rubrica televisiva della RTSI &#8220;Segni dei Tempi&#8221;. Invitiamo<a href=\"http:\/\/la1.rsi.ch\/segnideitempi\/welcome.cfm?  idg=0&amp;ids=3120&amp;idc=43500.\" target=\"_blank\"> ad ascoltare l&#8217;intervista <em>(link esterno)<\/em><\/a><\/p>\n<p>Vedere ed ascoltare padre Dall&#8217;Oglio saranno esperienze culturali e spirituali davvero notevoli!<\/p>\n<p>_____________________________________________________________<\/p>\n<h3>Dillo al Don<\/h3>\n<p>La trasmissione Dillo al Don, su Radio Hinterland, del 14 giugno scorso \u00e8 stata dedicata al tema &#8220;Don Gallo, un prete di strada&#8221;. Hanno condotto questo spazio di riflessione Rosetta Cannarozzo e Gabriele Pugliese.<\/p>\n<p>L&#8217;ospite \u00e8 stato Ernesto Borghi. <a href=\"http:\/\/www.radiohinterland.com\/?q=node\/11536\" target=\"_blank\">Per ascoltare la trasmissione<\/a><a href=\"http:\/\/www.radiohinterland.com\/?q=node\/11536\" target=\"_blank\"> <em>(link esterno)<\/em><\/a><\/p>\n<p>_____________________________________________________________<\/p>\n<h3>Gli eventi dei primi giorni di giugno<\/h3>\n<p>Ecco gli ultimi due video\u00a0 che vi proponiamo:<\/p>\n<p>TRENTO &#8211; Conferenza di Ernesto Borghi all&#8217; Associazione Culturale Antonio Rosmini,\u00a0 sul tema &#8220;Dal vangelo secondo Luca all&#8217;estraneit\u00e0 della societ\u00e0 contemporanea&#8221;, occasione durante la quale \u00e8 stato affrontato il tema della grande rilevanza del testo lucano nel quadro di un ritorno alla centralit\u00e0 delle relazioni sociali per una vita sempre pi\u00f9 globalmente umana. <a href=\"http:\/\/www.youtube.com\/watch?v=pAqZ_azLyyE\" target=\"_blank\"><em>&gt; video su YouTube<\/em><\/a><em>[\/one_sixth][one_sixth]<\/em>MILANO &#8211; Presentazione del volume e del cd &#8220;Terra accogliente, Lauda a Maria, Parole, musiche e suoni&#8221;, di Giancarlo Airaghi. Insieme all&#8217;autore sono intervenuti Elena Lea Bartolini De Angeli, Sara Ferrari (docente di Lingua e Cultura Ebraica, Universit\u00e0 degli Studi di Milano). Moderatore \u00e8 stato Giuseppe Caffulli (direttore della rivista Terrasanta).\u00a0 <a href=\"http:\/\/www.youtube.com\/watch?v=QcF81RO3uIo\" target=\"_blank\"><em>&gt; video su YouTube<\/em><\/a><\/p>\n<p>_____________________________________________________________<\/p>\n<h3>Parents&#8217; Circle<\/h3>\n<p>A Gerusalemme il 5 gennaio 2013 si \u00e8 tenuto un incontro tra i partecipanti del viaggio &#8220;Gerusalemme nell&#8217;orizzonte delle fedi ebraica e cristiana&#8221; e uno dei fondatori del movimento &#8220;Parents Circle&#8221; (www.parentscircle.org), il neurologo palestinese Adel Misk, musulmano, che persegue da quasi vent&#8217;anni, insieme a molto palestinesi e israeliani, la riconciliazione anzitutto tra ebrei e palestinesi che hanno avuto lutti in famiglia a causa di tale conflitto. Questa \u00e8 la registrazione dell&#8217;intervento del\u00a0 dottor Misk. <a href=\"http:\/\/www.youtube.com\/watch?v=Qr7jfjlIu8k\" target=\"_blank\"><em>&gt; video su YouTube<\/em><\/a><\/p>\n<p>_____________________________________________________________<\/p>\n<h3>Ges\u00f9 di Nazareth, uomo in mezzo a noi<\/h3>\n<p>Alla Biblioteca Ambrosiana di Milano il 19 dicembre 2012 si \u00e8 tenuto un incontro spirituale di fine anno dal titolo Ges\u00f9 di Nazareth, uomo in mezzo a noi. Cenni storici, analisi antiche, interpretazioni contemporanee, a cura di Ernesto Borghi (Professore di Esegesi e Teologia del Nuovo Testamento; Facolt\u00e0 Telogica dell&#8217;Italia Meridionale &#8211; ISSR di Nola) <em>&gt;<a href=\"http:\/\/www.youtube.com\/watch?v=ociwFHd-DXk\" target=\"_blank\"> video su YouTube<\/a><\/em><\/p>\n<p><a href=\"http:\/\/absi.ch\/new\/videoradio-ex-abem_cont\/\"><em>&gt; continua<\/em><\/a><\/p>\n<div id=\"cc-m-7288662986\">\n<p>[\/one_sixth][one_sixth][\/one_sixth][\/layout_group][\/layout]<\/p>\n<\/div>\n<div id=\"themify_builder_content-4264\" data-postid=\"4264\" class=\"themify_builder_content themify_builder_content-4264 themify_builder\">\n    <\/div>\n<!-- \/themify_builder_content -->\n","protected":false},"excerpt":{"rendered":"<p>[layout][layout_group][one_sixth] Video\/Radio (ex sito ABEM) Intervista a Padre Giorgio Butterini Per coloro che hanno a cuore la\u00a0formazione interiore e la libert\u00e0 di coscienza consigliamo di leggere l&#8217;intervista\u00a0a padre Giorgio Butterini, socio ABEM e referente della nostra\u00a0associazione per il Trentino Alto-Adige, intervista che si pu\u00f2\u00a0raggiungere cliccando qui (link ersterno) _____________________________________________________________ Nuovi Video sul canale YoutTube &#8211; [&hellip;]<\/p>\n","protected":false},"author":1,"featured_media":0,"parent":0,"menu_order":0,"comment_status":"closed","ping_status":"open","template":"","meta":{"footnotes":""},"class_list":["post-4264","page","type-page","status-publish","hentry","has-post-title","no-post-date","has-post-category","has-post-tag","has-post-comment","has-post-author",""],"builder_content":"","_links":{"self":[{"href":"https:\/\/absi.ch\/new\/wp-json\/wp\/v2\/pages\/4264","targetHints":{"allow":["GET"]}}],"collection":[{"href":"https:\/\/absi.ch\/new\/wp-json\/wp\/v2\/pages"}],"about":[{"href":"https:\/\/absi.ch\/new\/wp-json\/wp\/v2\/types\/page"}],"author":[{"embeddable":true,"href":"https:\/\/absi.ch\/new\/wp-json\/wp\/v2\/users\/1"}],"replies":[{"embeddable":true,"href":"https:\/\/absi.ch\/new\/wp-json\/wp\/v2\/comments?post=4264"}],"version-history":[{"count":129,"href":"https:\/\/absi.ch\/new\/wp-json\/wp\/v2\/pages\/4264\/revisions"}],"predecessor-version":[{"id":4415,"href":"https:\/\/absi.ch\/new\/wp-json\/wp\/v2\/pages\/4264\/revisions\/4415"}],"wp:attachment":[{"href":"https:\/\/absi.ch\/new\/wp-json\/wp\/v2\/media?parent=4264"}],"curies":[{"name":"wp","href":"https:\/\/api.w.org\/{rel}","templated":true}]}}