{"id":5825,"date":"2015-06-25T00:52:32","date_gmt":"2015-06-24T22:52:32","guid":{"rendered":"http:\/\/absi.ch\/new\/?page_id=5825"},"modified":"2021-04-25T03:31:03","modified_gmt":"2021-04-25T01:31:03","slug":"ramadan-2015","status":"publish","type":"page","link":"https:\/\/absi.ch\/new\/ramadan-2015\/","title":{"rendered":"Ramadan 2015"},"content":{"rendered":"<h2>\u00a0<\/h2>\n<h5><em>di Renzo Petraglio<br \/><\/em><\/h5>\n<p style=\"text-align: left;\"><a href=\"http:\/\/absi.ch\/new\/wp-content\/uploads\/2014\/07\/ramadan-kareem-response-3.jpg\"><img loading=\"lazy\" decoding=\"async\" src=\"http:\/\/absi.ch\/new\/wp-content\/uploads\/2014\/07\/ramadan-kareem-response-3.jpg\" alt=\"ramadan-kareem-response-3\" width=\"700\" height=\"515\" \/><\/a><\/p>\n<p>\u00a0<\/p>\n<pre><a title=\"Anni 2012 e 2013\" href=\"http:\/\/www.absi.ch\/old\/Ramadan\" target=\"_blank\" rel=\"noopener noreferrer\">&gt; Anni 2012 e 2013 (sito precedente)\n&gt; <\/a><a href=\"http:\/\/absi.ch\/new\/ramadan2014\/\">Anno 2014<\/a><\/pre>\n<h3>\u00a0<\/h3>\n<ul>\n<li>premi\u00e8re semaine<\/li>\n<\/ul>\n<h5><a href=\"http:\/\/absi.ch\/new\/2015\/06\/ramadan-2015-premiere-semaine\/\">\u00ab LE TOUT MISERICORDE \u00bb<\/a><\/h5>\n<p>\u00a0<\/p>\n<ul>\n<li>deuxi\u00e8me semaine<\/li>\n<\/ul>\n<h5><a href=\"http:\/\/absi.ch\/new\/2015\/06\/ramadan-2015-deuxieme-semaine\/\">Celui qui vous a fa\u00e7onn\u00e9(e)s<\/a><\/h5>\n<p>\u00a0<\/p>\n<p>\u00a0<\/p>\n<p>\u00a0<\/p>\n\n<div id=\"themify_builder_content-5825\" data-postid=\"5825\" class=\"themify_builder_content themify_builder_content-5825 themify_builder\">\n    <\/div>\n\n","protected":false},"excerpt":{"rendered":"<p>\u00a0 di Renzo Petraglio \u00a0 &gt; Anni 2012 e 2013 (sito precedente) &gt; Anno 2014 \u00a0 premi\u00e8re semaine \u00ab LE TOUT MISERICORDE \u00bb \u00a0 deuxi\u00e8me semaine Celui qui vous a fa\u00e7onn\u00e9(e)s \u00a0 \u00a0 \u00a0<\/p>\n","protected":false},"author":1,"featured_media":0,"parent":0,"menu_order":0,"comment_status":"closed","ping_status":"open","template":"","meta":{"footnotes":""},"class_list":["post-5825","page","type-page","status-publish","hentry","has-post-title","no-post-date","has-post-category","has-post-tag","has-post-comment","has-post-author",""],"builder_content":"","_links":{"self":[{"href":"https:\/\/absi.ch\/new\/wp-json\/wp\/v2\/pages\/5825","targetHints":{"allow":["GET"]}}],"collection":[{"href":"https:\/\/absi.ch\/new\/wp-json\/wp\/v2\/pages"}],"about":[{"href":"https:\/\/absi.ch\/new\/wp-json\/wp\/v2\/types\/page"}],"author":[{"embeddable":true,"href":"https:\/\/absi.ch\/new\/wp-json\/wp\/v2\/users\/1"}],"replies":[{"embeddable":true,"href":"https:\/\/absi.ch\/new\/wp-json\/wp\/v2\/comments?post=5825"}],"version-history":[{"count":10,"href":"https:\/\/absi.ch\/new\/wp-json\/wp\/v2\/pages\/5825\/revisions"}],"predecessor-version":[{"id":16283,"href":"https:\/\/absi.ch\/new\/wp-json\/wp\/v2\/pages\/5825\/revisions\/16283"}],"wp:attachment":[{"href":"https:\/\/absi.ch\/new\/wp-json\/wp\/v2\/media?parent=5825"}],"curies":[{"name":"wp","href":"https:\/\/api.w.org\/{rel}","templated":true}]}}