{"id":6409,"date":"2015-12-05T00:08:08","date_gmt":"2015-12-04T23:08:08","guid":{"rendered":"http:\/\/absi.ch\/new\/?page_id=6409"},"modified":"2015-12-21T00:37:51","modified_gmt":"2015-12-20T23:37:51","slug":"avvento-2015","status":"publish","type":"page","link":"https:\/\/absi.ch\/new\/avvento-2015\/","title":{"rendered":"Avvento 2015"},"content":{"rendered":"<p>[layout][layout_group][one_third]<\/p>\n<h2 style=\"text-align: center;\">Avvento 2015<\/h2>\n<p style=\"text-align: center;\"><em><br \/>\n<\/em> Letture di Renzo Petraglio<em><br \/>\n<a href=\"http:\/\/absi.ch\/new\/wp-content\/uploads\/2014\/12\/Komet.jpg\"><img loading=\"lazy\" decoding=\"async\" class=\"wp-image-6401 aligncenter\" alt=\"Komet\" src=\"http:\/\/absi.ch\/new\/wp-content\/uploads\/2014\/12\/Komet.jpg\" width=\"586\" height=\"386\" srcset=\"https:\/\/absi.ch\/new\/wp-content\/uploads\/2014\/12\/Komet.jpg 885w, https:\/\/absi.ch\/new\/wp-content\/uploads\/2014\/12\/Komet-300x198.jpg 300w\" sizes=\"auto, (max-width: 586px) 100vw, 586px\" \/><\/a><\/em><\/p>\n<p>&nbsp;<\/p>\n<p>&nbsp;<\/p>\n<p style=\"text-align: justify;\">Pubblichiamo una nuova serie di letture biblico-coraniche che Renzo Petraglio sta scrivendo ogni settimana, durante l&#8217;Avvento cristiano, per il Centro Giovani Kamenge di Bujumbura (Burundi). Il tema \u00e8 di grande interesse anche tenendo conto di quanto si sta vivendo, da Parigi all&#8217;Europa al mondo intero, in luoghi pi\u00f9 o meno dimenticati, a livello di violenza e di paura: parlare della misericordia dalla Bibbia e dal Corano \u00e8 ad un tempo una sfida e un grande aiuto. Infatti una riflessione culturale che attrezzi la mente e allarghi il cuore da se stessi agli altri appare sempre pi\u00f9 necessaria. Buona lettura!<\/p>\n<p>[\/one_third][one_third]<\/p>\n<ul>\n<li>quatri\u00e8me semaine<\/li>\n<\/ul>\n<h5><a href=\"http:\/\/absi.ch\/new\/2015\/12\/avent-2015_iv-semaine\/\">La mis\u00e9ricorde de Dieu fait jaillir la mis\u00e9ricorde aussi dans nos c\u0153urs<\/a><\/h5>\n<ul>\n<li>troisi\u00e8me semaine<\/li>\n<\/ul>\n<h5><a href=\"http:\/\/absi.ch\/new\/2015\/12\/avent-2015_iii-semaine\/\">Mis\u00e9ricorde: un psaume et une page du Coran<\/a><\/h5>\n<ul>\n<li>deuxi\u00e8me semaine<\/li>\n<\/ul>\n<h5><a href=\"http:\/\/absi.ch\/new\/2015\/12\/avent-2015_ii-semaine\/\">Mis\u00e9ricorde: le message des proph\u00e8tes<\/a><\/h5>\n<ul>\n<li>premi\u00e8re semaine<\/li>\n<\/ul>\n<h5><a href=\"http:\/\/absi.ch\/new\/2015\/12\/avent-2015_i-semaine\/\" target=\"_blank\">Mis\u00e9ricorde: l\u2019Ancien Testament et le Coran<\/a><\/h5>\n<p>&nbsp;<\/p>\n<p><a href=\"http:\/\/absi.ch\/new\/formazione-biblica-2\/\"><em>&gt; formazione biblica<\/em><\/a><\/p>\n<p>[\/one_third][one_third][\/one_third][one_third][\/one_third][\/layout_group][\/layout]<\/p>\n<div id=\"themify_builder_content-6409\" data-postid=\"6409\" class=\"themify_builder_content themify_builder_content-6409 themify_builder\">\n    <\/div>\n<!-- \/themify_builder_content -->\n","protected":false},"excerpt":{"rendered":"<p>[layout][layout_group][one_third] Avvento 2015 Letture di Renzo Petraglio &nbsp; &nbsp; Pubblichiamo una nuova serie di letture biblico-coraniche che Renzo Petraglio sta scrivendo ogni settimana, durante l&#8217;Avvento cristiano, per il Centro Giovani Kamenge di Bujumbura (Burundi). Il tema \u00e8 di grande interesse anche tenendo conto di quanto si sta vivendo, da Parigi all&#8217;Europa al mondo intero, in [&hellip;]<\/p>\n","protected":false},"author":1,"featured_media":0,"parent":0,"menu_order":0,"comment_status":"closed","ping_status":"open","template":"","meta":{"footnotes":""},"class_list":["post-6409","page","type-page","status-publish","hentry","has-post-title","no-post-date","has-post-category","has-post-tag","has-post-comment","has-post-author",""],"builder_content":"","_links":{"self":[{"href":"https:\/\/absi.ch\/new\/wp-json\/wp\/v2\/pages\/6409","targetHints":{"allow":["GET"]}}],"collection":[{"href":"https:\/\/absi.ch\/new\/wp-json\/wp\/v2\/pages"}],"about":[{"href":"https:\/\/absi.ch\/new\/wp-json\/wp\/v2\/types\/page"}],"author":[{"embeddable":true,"href":"https:\/\/absi.ch\/new\/wp-json\/wp\/v2\/users\/1"}],"replies":[{"embeddable":true,"href":"https:\/\/absi.ch\/new\/wp-json\/wp\/v2\/comments?post=6409"}],"version-history":[{"count":9,"href":"https:\/\/absi.ch\/new\/wp-json\/wp\/v2\/pages\/6409\/revisions"}],"predecessor-version":[{"id":6536,"href":"https:\/\/absi.ch\/new\/wp-json\/wp\/v2\/pages\/6409\/revisions\/6536"}],"wp:attachment":[{"href":"https:\/\/absi.ch\/new\/wp-json\/wp\/v2\/media?parent=6409"}],"curies":[{"name":"wp","href":"https:\/\/api.w.org\/{rel}","templated":true}]}}