{"id":6589,"date":"2016-01-10T01:59:06","date_gmt":"2016-01-10T00:59:06","guid":{"rendered":"http:\/\/absi.ch\/new\/?page_id=6589"},"modified":"2020-11-06T14:12:27","modified_gmt":"2020-11-06T13:12:27","slug":"lectures-pour-lafrique-et-toute-la-terre-2016","status":"publish","type":"page","link":"https:\/\/absi.ch\/new\/lectures-pour-lafrique-et-toute-la-terre-2016\/","title":{"rendered":"Lectures pour l&#8217;Afrique et&#8230;<br>toute la Terre &#8211; 2016"},"content":{"rendered":"\n<p><\/p>\n\n\n<h4 style=\"text-align: left;\">di Renzo Petraglio<\/h4>\n<p><\/p>\n<p><a href=\"http:\/\/absi.ch\/new\/wp-content\/uploads\/2014\/03\/Vetrata-nella-chiesa-di-Nostra-Signora-di-Loreto-a-Trapani.jpg\"><img loading=\"lazy\" decoding=\"async\" class=\"alignleft\" src=\"http:\/\/absi.ch\/new\/wp-content\/uploads\/2014\/03\/Vetrata-nella-chiesa-di-Nostra-Signora-di-Loreto-a-Trapani.jpg\" alt=\"Vetrata nella chiesa di Nostra Signora di Loreto a Trapani\" width=\"502\" height=\"562\"><\/a><\/p>\n<h6>&nbsp;<\/h6>\n<h6>&nbsp;<\/h6>\n<h6>&nbsp;<\/h6>\n<h6>&nbsp;<\/h6>\n<h6>&nbsp;<\/h6>\n<h6>&nbsp;<\/h6>\n<h6>&nbsp;<\/h6>\n<h6>&nbsp;<\/h6>\n<h6>&nbsp;<\/h6>\n<h6>&nbsp;<\/h6>\n<h6>&nbsp;<\/h6>\n<h6>&nbsp;<\/h6>\n<h6 style=\"text-align: left;\">L&#8217;eucarestia<\/h6>\n<p style=\"text-align: left;\"><a title=\"Link esterno\" href=\"http:\/\/www.robertoalabiso.it\/index.php?option=com_content&amp;view=category&amp;layout=blog&amp;id=11&amp;Itemid=131\" target=\"_blank\" rel=\"noopener noreferrer\"><em>vetrata nella Chiesa di Nostra Signora di Loreto (Trapani) di Roberto Alabiso<\/em><\/a><\/p>\n<p><\/p>\n<p><a title=\"link al sito precedente\" href=\"http:\/\/www.absi.ch\/Commento-al-Vangelo_Maggi*\">&gt; testi fino al 30.03.2014 (sito precedente)<\/a><\/p>\n<p><a href=\"http:\/\/absi.ch\/new\/lectures-pour-lafrique-et-toute-la-terre2014\/\">&gt; 2014<\/a>&nbsp;&nbsp; <a href=\"http:\/\/absi.ch\/new\/lectures-pour-lafrique-et-toute-la-terre2015\/\">&gt; 2015<\/a><\/p>\n<h4>2016<\/h4>\n<ul>\n<li>11 d\u00e9cembre 2016<\/li>\n<\/ul>\n<p><a href=\"http:\/\/absi.ch\/new\/2016\/12\/eucharistie-11-dicembre-2016\/\">J\u00e9sus est venu. Comment attendre son retour?<\/a><\/p>\n<ul>\n<li>4 d\u00e9cembre 2016<\/li>\n<\/ul>\n<p><a href=\"http:\/\/absi.ch\/new\/2016\/12\/eucharistie-4-dicembre-2016\/\">\u00ab Pr\u00e9parez le chemin du Seigneur\u00bb (Mt 3,3)<\/a><\/p>\n<ul>\n<li>20 novembre 2016<\/li>\n<\/ul>\n<p><a href=\"http:\/\/absi.ch\/new\/2016\/11\/eucharistie-20-novembre-2016\/\">\u00ab Il nous a fait passer dans le royaume de son Fils tr\u00e8s-aim\u00e9 \u00bb (Col 1,13)<\/a><br><a href=\"http:\/\/absi.ch\/new\/2016\/11\/eucharistie-20-novembre-2016\/\"> Notre Seigneur J\u00e9sus Christ Roi de l\u2019univers<\/a><\/p>\n<ul>\n<li>6 novembre 2016<\/li>\n<\/ul>\n<p><a href=\"http:\/\/absi.ch\/new\/2016\/11\/httpabsi-chnew201610eucharistie-6-novembre-2016\/\" target=\"_blank\" rel=\"noopener noreferrer\">\u00abLe Roi du monde nous ressuscitera pour une vie nouvelle, \u00e9ternelle\u00bb (2 Macc 7,9)<\/a><\/p>\n<ul>\n<li>16 octobre 2016<\/li>\n<\/ul>\n<p><a href=\"http:\/\/absi.ch\/new\/2016\/10\/eucharistie-16-octobre-2016\/\">La constance dans la pri\u00e8re<\/a><\/p>\n<ul>\n<li>9 octobre 2016<\/li>\n<\/ul>\n<p><a href=\"http:\/\/absi.ch\/new\/2016\/10\/eucharistie-9-octobre-2016\/\" target=\"_blank\" rel=\"noopener noreferrer\">Des rencontres qui peuvent tout changer<\/a><\/p>\n<ul>\n<li>18 septembre 2016<\/li>\n<\/ul>\n<p><a href=\"http:\/\/absi.ch\/new\/2016\/09\/eucharistie-18-sept-2016\/\">\u00ab Vous ne pouvez pas servir Dieu et l\u2019argent \u00bb (Lc 16,13)<\/a><\/p>\n<ul>\n<li>11 septembre 2016<\/li>\n<\/ul>\n<p><a href=\"http:\/\/absi.ch\/new\/2016\/09\/eucharistie-11-sept-2016\/\">Il va la chercher et \u00abla met sur ses \u00e9paules\u00bb (Lc 15,5)<\/a><\/p>\n<ul>\n<li>28 ao\u00fbt 2016<\/li>\n<\/ul>\n<p><a href=\"http:\/\/absi.ch\/new\/2016\/08\/eucharistie-28-aout-2016\/\">\u00ab Sois humble, conscient de tes limites \u00bb (Si 3,18)<\/a><\/p>\n<ul>\n<li>21 ao\u00fbt 2016<\/li>\n<\/ul>\n<p><a href=\"http:\/\/absi.ch\/new\/2016\/08\/eucharistie-21-aout-2016\/\">\u00ab Son amour envers nous est le plus fort \u00bb (Ps 117,2)<\/a><\/p>\n<ul>\n<li>7 ao\u00fbt 2016<\/li>\n<\/ul>\n<p><a href=\"http:\/\/absi.ch\/new\/2016\/08\/eucharistie-7-aout-2016\/\">Travaillons, le regard tendu vers l\u2019avenir de Dieu<\/a><\/p>\n<ul>\n<li>23 juillet 2016<\/li>\n<\/ul>\n<p><a href=\"http:\/\/absi.ch\/new\/2016\/07\/eucharistie-23-juillet-2016\/\">\u00ab Le jour o\u00f9 je t\u2019ai appel\u00e9, tu m\u2019as r\u00e9pondu \u00bb (Ps 138,3)<\/a><\/p>\n<ul>\n<li>17 juillet 2016<\/li>\n<\/ul>\n<p><a href=\"http:\/\/absi.ch\/new\/2016\/07\/eucharistie-17-juillet-2016\/\">\u00ab Je lui donnerai une part avec la multitude \u00bb (Is 53,12)<\/a><\/p>\n<ul>\n<li>10 juillet 2016<\/li>\n<\/ul>\n<p><a href=\"http:\/\/absi.ch\/new\/2016\/07\/eucharistie-10-juillet-2016\/\">\u00ab Le voyant, il fut pris aux entrailles\u00bb (Lc 10,33)<\/a><\/p>\n<ul>\n<li>26 juin 2016<\/li>\n<\/ul>\n<p><a href=\"http:\/\/absi.ch\/new\/2016\/07\/eucharistie-26-juin-2016\/\">\u00ab Tu me feras conna\u00eetre la route de la vie \u00bb (Ps 16,11)<\/a><\/p>\n<ul>\n<li>19 juin 2016<\/li>\n<\/ul>\n<p><a href=\"http:\/\/absi.ch\/new\/2016\/06\/eucharistie-19-juin-2016\/\">\u00abIls regarderont vers moi, celui qu\u2019ils ont transperc\u00e9\u00bb <\/a><br><a href=\"http:\/\/absi.ch\/new\/2016\/06\/eucharistie-19-juin-2016\/\">(Za 12,10)<\/a><\/p>\n<ul>\n<li>12 juin 2016<\/li>\n<\/ul>\n<p><a href=\"http:\/\/absi.ch\/new\/2016\/06\/eucharistie-12-juin-2016\/\">Quand je reconnais mes fautes, Dieu me pardonne<\/a><br><a href=\"http:\/\/absi.ch\/new\/2016\/06\/eucharistie-12-juin-2016\/\">(Ps 32,5)<\/a><\/p>\n<ul>\n<li>24 avril 2016<\/li>\n<\/ul>\n<p><a href=\"http:\/\/absi.ch\/new\/2016\/04\/eucharistie-24-avril-2016\/\">L\u2019\u0153uvre de Dieu dans notre vie, toujours surprenante<\/a><\/p>\n<ul>\n<li>3 avril 2016<\/li>\n<\/ul>\n<p><a href=\"http:\/\/absi.ch\/new\/2016\/04\/eucharistie-3-avril-2016\/\">J\u00e9sus est vivant et il reste avec nous<\/a><\/p>\n<ul>\n<li>27 mars 2016<\/li>\n<\/ul>\n<p><a href=\"http:\/\/absi.ch\/new\/2016\/03\/paques-2016\/\">P\u00e2ques <\/a><\/p>\n<ul>\n<li>20 mars 2016<\/li>\n<\/ul>\n<p><a href=\"http:\/\/absi.ch\/new\/2016\/03\/eucharistie-20-mars-2016\/\">Dimanche des rameaux<\/a><\/p>\n<ul>\n<li>13 mars 2016<\/li>\n<\/ul>\n<p><a href=\"http:\/\/absi.ch\/new\/2016\/03\/eucharistie-13-mars-2016\/\">\u00abVoici: moi je fais du neuf\u00bb (Is 43,19)<\/a><\/p>\n<ul>\n<li>6 mars 2016<\/li>\n<\/ul>\n<p><a href=\"http:\/\/absi.ch\/new\/2016\/03\/eucharistie-6-mars-2016\/\">Nous \u00e9tions perdu(e)s et il nos a retrouv\u00e9(e)s<\/a><\/p>\n<ul>\n<li>28 f\u00e9vrier 2016<\/li>\n<\/ul>\n<p><a href=\"http:\/\/absi.ch\/new\/2016\/02\/eucharistie-28-fevrier-2016\/\">Dieu nous est proche\u2026 d\u2019une fa\u00e7on toujours surprenante<\/a><\/p>\n<ul>\n<li>21 f\u00e9vrier 2016<\/li>\n<\/ul>\n<p><a href=\"http:\/\/absi.ch\/new\/2016\/02\/eucharistie-21-fevrier-2016\/\">\u00abGuide-moi dans un sentier de droiture\u00bb (Ps 27,11)<\/a><\/p>\n<ul>\n<li>14 f\u00e9vrier 2016<\/li>\n<\/ul>\n<p>\u00abMon Dieu en qui je mets ma confiance\u00bb (Ps 91,2)<\/p>\n<ul>\n<li>31 janvier<\/li>\n<\/ul>\n<p><a href=\"http:\/\/absi.ch\/new\/2016\/01\/eucharistie-31-janvier-2016\/\" target=\"_blank\" rel=\"noopener noreferrer\">\u00abAvec toi moi je suis, pour te d\u00e9livrer\u00bb (<i>J\u00e9r<\/i> 1,8)<\/a><\/p>\n<ul>\n<li>17 janvier<\/li>\n<\/ul>\n<p><a href=\"http:\/\/absi.ch\/new\/2016\/01\/eucharistie-17-janvier-2016\/\">\u00abTu feras la joie de ton Dieu\u00bb (Is 62,5)<\/a><\/p>\n<ul>\n<li>10 janvier<\/li>\n<\/ul>\n<p><a href=\"http:\/\/absi.ch\/new\/2016\/01\/eucharistie-10-janvier-2016\/\">Le bapt\u00eame: gr\u00e2ce \u00e0 l\u2019Esprit, se d\u00e9couvrir filles et fils de Dieu<\/a><\/p>\n\n<div id=\"themify_builder_content-6589\" data-postid=\"6589\" class=\"themify_builder_content themify_builder_content-6589 themify_builder\">\n    <\/div>\n\n","protected":false},"excerpt":{"rendered":"<p>di Renzo Petraglio &nbsp; &nbsp; &nbsp; &nbsp; &nbsp; &nbsp; &nbsp; &nbsp; &nbsp; &nbsp; &nbsp; &nbsp; L&#8217;eucarestia vetrata nella Chiesa di Nostra Signora di Loreto (Trapani) di Roberto Alabiso &gt; testi fino al 30.03.2014 (sito precedente) &gt; 2014&nbsp;&nbsp; &gt; 2015 2016 11 d\u00e9cembre 2016 J\u00e9sus est venu. Comment attendre son retour? 4 d\u00e9cembre 2016 \u00ab Pr\u00e9parez [&hellip;]<\/p>\n","protected":false},"author":1,"featured_media":0,"parent":0,"menu_order":0,"comment_status":"closed","ping_status":"open","template":"","meta":{"footnotes":""},"class_list":["post-6589","page","type-page","status-publish","hentry","has-post-title","no-post-date","has-post-category","has-post-tag","has-post-comment","has-post-author",""],"builder_content":"","_links":{"self":[{"href":"https:\/\/absi.ch\/new\/wp-json\/wp\/v2\/pages\/6589","targetHints":{"allow":["GET"]}}],"collection":[{"href":"https:\/\/absi.ch\/new\/wp-json\/wp\/v2\/pages"}],"about":[{"href":"https:\/\/absi.ch\/new\/wp-json\/wp\/v2\/types\/page"}],"author":[{"embeddable":true,"href":"https:\/\/absi.ch\/new\/wp-json\/wp\/v2\/users\/1"}],"replies":[{"embeddable":true,"href":"https:\/\/absi.ch\/new\/wp-json\/wp\/v2\/comments?post=6589"}],"version-history":[{"count":49,"href":"https:\/\/absi.ch\/new\/wp-json\/wp\/v2\/pages\/6589\/revisions"}],"predecessor-version":[{"id":15208,"href":"https:\/\/absi.ch\/new\/wp-json\/wp\/v2\/pages\/6589\/revisions\/15208"}],"wp:attachment":[{"href":"https:\/\/absi.ch\/new\/wp-json\/wp\/v2\/media?parent=6589"}],"curies":[{"name":"wp","href":"https:\/\/api.w.org\/{rel}","templated":true}]}}