{"id":732,"date":"2014-04-07T14:16:46","date_gmt":"2014-04-07T14:16:46","guid":{"rendered":"http:\/\/absi.ch\/new\/?page_id=732"},"modified":"2014-04-07T14:38:07","modified_gmt":"2014-04-07T14:38:07","slug":"vangelo-continuazione-6-4-2014","status":"publish","type":"page","link":"https:\/\/absi.ch\/new\/vangelo-continuazione-6-4-2014\/","title":{"rendered":"Vangelo continuazione 6.4.2014"},"content":{"rendered":"<p>[layout][layout_group][one_sixth]<\/p>\n<p><span style=\"color: #333333;\">tutto. S\u00ec, si risuscita l\u2019ultimo giorno, ma non \u00e8 certo una speranza. E qui ci sono tre verbi imperativi che Ges\u00f9 comanda alla sua comunit\u00e0 e sono \u201ctogliere\u201d, \u201csciogliere\u201d e \u201clasciare\u201d.<\/span><\/p>\n<p align=\"LEFT\"><span style=\"color: #333333;\">Il primo \u201c<em>togliete la pietra\u201d. <\/em>Siete voi che avete messo questa pietra che impedisce la comunicazione tra i morti e i vivi.<\/span><\/p>\n<p align=\"LEFT\"><span style=\"color: #333333;\">\u201c<em>E gli rispose Marta, la sorella del morto\u201d. <\/em>E\u2019 strano che l\u2019evangelista ci ricordi che Marta \u00e8 la sorella del morto e non di Lazzaro, perch\u00e9 \u00e8 l\u2019idea della morte che domina questa comunit\u00e0. <em>\u201c<\/em><em>\u00ab<\/em><em>Signore, manda gi\u00e0 cattivo odore<\/em><em>\u00bb<\/em><em>\u201d. <\/em>La morte si considerava reale, definitiva al terzo giorno, quando iniziava ormai irreversibile la decomposizione de cadavere.<\/span><\/p>\n<p align=\"LEFT\"><span style=\"color: #333333;\">\u00a0Quindi nel quarto giorno il cadavere era gi\u00e0 in putrefazione e l\u2019effetto della morte \u00e8 la puzza. <em>\u201c\u00abE\u2019 l\u00ec da quattro giorni\u00bb. Le disse Ges\u00f9: \u00abNon ti ho detto che, se credi, vedrai la gloria di Dio?\u201d. <\/em>Ma Ges\u00f9 quando aveva chiesto a Marta se credeva le aveva chiesto \u201ccredi che chi vive e crede non muore?\u201d Adesso invece Ges\u00f9 dice: \u201cSe credi vedrai la gloria di Dio\u201d.<\/span><\/p>\n<p align=\"LEFT\"><span style=\"color: #333333;\">\u00a0Cosa vuole indicare? Che con la vita indistruttibile, capace di superare la morte, si manifesta la gloria di Dio. La gloria di Dio \u00e8 una vita capace di superare la morte.<\/span><\/p>\n<p align=\"LEFT\"><span style=\"color: #333333;\">\u201c<em>Tolsero dunque la pietra\u201d &#8211; <\/em>e il termine \u201cpietra\u201d appare per la terza volta <em>&#8211; \u201ce Ges\u00f9 grid\u00f2 a gran voce \u2026\u201d &#8211; <\/em>lui si rivolge ad un vivo <em>&#8211; \u201c<\/em><em>\u00ab<\/em><em>Lazzaro, vieni fuori!<\/em><em>\u00bb<\/em><em>\u201d <\/em>perch\u00e9 il regno dei morti non \u00e8 il luogo per un discepolo di Ges\u00f9. Chi ha dato adesione a Ges\u00f9, ha lo spirito, e lo spirito \u00e8 vita. E l\u00e0 dove c\u2019\u00e8 la vita, non ci pu\u00f2 essere la morte.<\/span><\/p>\n<p align=\"LEFT\"><span style=\"color: #333333;\">Ma, stranamente, mentre Ges\u00f9 ha chiamato Lazzaro, scrive l\u2019evangelista, <em>\u201cil morto usc\u00ec\u201d. <\/em>[\/one_sixth][one_sixth]<\/span><\/p>\n<p align=\"LEFT\"><span style=\"color: #333333;\"><em><\/em>Allora qui c\u2019\u00e8 un problema. Se \u00e8 morto non pu\u00f2 uscire, se \u00e8 vivo non \u00e8 pi\u00f9 morto. Perch\u00e9 l\u2019evangelista dice che il morto usc\u00ec? E addirittura dice <em>\u201ci piedi e le mani legati con bende\u201d? <\/em><\/span><\/p>\n<p align=\"LEFT\"><span style=\"color: #333333;\">Una delle immagini per indicare la morte, e la troviamo nel salmo 116,3 <em>\u201cmi stringevano le funi di morte\u201d. <\/em>\u00c8 la comunit\u00e0 che deve cambiare l\u2019immagine della morte e della risurrezione. Per loro Lazzaro \u00e8 morto e questo morto che deve uscire dal sepolcro per permettere poi a Lazzaro di essere presente nella comunit\u00e0.<\/span><\/p>\n<p align=\"LEFT\"><span style=\"color: #333333;\">Sono loro che lo hanno legato nelle funi della morte, considerando la morte come un fatto irreversibile. Ed ecco allora il comando di Ges\u00f9: <em>\u201c<\/em><em>\u00ab<\/em><em>Scioglietelo<\/em><em>\u00bb<\/em><em>\u201d, <\/em>sciogliendo il morto \u00e8 la comunit\u00e0 che si scioglie dalla paura della morte. E l\u2019ultimo strano comando di Ges\u00f9, non dice \u201candiamogli incontro, accogliamolo, facciamolo venire\u201d. Tra l\u2019altro Lazzaro poi scompare e non dice neanche una parola n\u00e9 a Ges\u00f9, n\u00e9 alle sue sorelle. <em>\u201c<\/em><em>\u00ab<\/em><em>Lasciatelo andare<\/em><em>\u00bb<\/em><em>\u201d. <\/em><\/span><\/p>\n<p align=\"LEFT\"><span style=\"color: #333333;\">Ma dove deve andare Lazzaro? O meglio, dove deve andare il morto? Deve continuare il cammino verso il Padre. Il verbo \u2018andare\u2019 (u`pa,gw) nel vangelo di Giovanni \u00e8 usato per Ges\u00f9 per indicare il suo itinerario verso il Padre.<\/span><\/p>\n<p align=\"LEFT\"><span style=\"color: #333333;\">Allora cosa vuol dire l\u2019evangelista attraverso queste immagini?<\/span><\/p>\n<p><span style=\"color: #333333;\">Che \u00e8 la comunit\u00e0 che deve liberarsi dall\u2019idea della morte come fine della persona perch\u00e9, fintanto che si piange una persona come morta, non la si pu\u00f2 sperimentare come vivente. Allora bisogna sciogliere il morto, lasciarlo andare verso il Padre, dove Lazzaro gi\u00e0 \u00e8 vivo, vivente pi\u00f9 che mai.<\/span><\/p>\n<p>[\/one_sixth][one_sixth]<\/p>\n<p><a href=\"\/sites\/default\/files\/VQuar_6.4.2014.pdf\" target=\"_blank\"><em>&gt; scarica il testo <img loading=\"lazy\" decoding=\"async\" alt=\"\" src=\"http:\/\/www.absi.ch\/sites\/default\/files\/immagine%20pdf3.jpg\" width=\"12\" height=\"16\" \/><\/em><\/a><\/p>\n<p>&nbsp;<\/p>\n<p><a href=\"http:\/\/absi.ch\/new\/2014\/04\/vg_maggi_6-4-14\/\"><em>&gt; torna all&#8217;inizio della pagina<\/em><\/a><\/p>\n<p><a href=\"http:\/\/absi.ch\/new\/commento-al-vangelo-2\/\"><em>&gt; torna a &#8220;Commento al Vangelo&#8221;<\/em><\/a><\/p>\n<p><a href=\"http:\/\/absi.ch\/new\/formazione-biblica-2\/\"><em>&gt; torna a &#8220;Formazione biblica<\/em><\/a><\/p>\n<p>&nbsp;<\/p>\n<p>[\/one_sixth][one_sixth][\/one_sixth][one_sixth][\/one_sixth][one_sixth][\/one_sixth][\/layout_group][\/layout]<\/p>\n<div id=\"themify_builder_content-732\" data-postid=\"732\" class=\"themify_builder_content themify_builder_content-732 themify_builder\">\n    <\/div>\n<!-- \/themify_builder_content -->\n","protected":false},"excerpt":{"rendered":"<p>[layout][layout_group][one_sixth] tutto. S\u00ec, si risuscita l\u2019ultimo giorno, ma non \u00e8 certo una speranza. E qui ci sono tre verbi imperativi che Ges\u00f9 comanda alla sua comunit\u00e0 e sono \u201ctogliere\u201d, \u201csciogliere\u201d e \u201clasciare\u201d. Il primo \u201ctogliete la pietra\u201d. Siete voi che avete messo questa pietra che impedisce la comunicazione tra i morti e i vivi. \u201cE [&hellip;]<\/p>\n","protected":false},"author":1,"featured_media":0,"parent":0,"menu_order":0,"comment_status":"closed","ping_status":"open","template":"","meta":{"footnotes":""},"class_list":["post-732","page","type-page","status-publish","hentry","has-post-title","no-post-date","has-post-category","has-post-tag","has-post-comment","has-post-author",""],"builder_content":"","_links":{"self":[{"href":"https:\/\/absi.ch\/new\/wp-json\/wp\/v2\/pages\/732","targetHints":{"allow":["GET"]}}],"collection":[{"href":"https:\/\/absi.ch\/new\/wp-json\/wp\/v2\/pages"}],"about":[{"href":"https:\/\/absi.ch\/new\/wp-json\/wp\/v2\/types\/page"}],"author":[{"embeddable":true,"href":"https:\/\/absi.ch\/new\/wp-json\/wp\/v2\/users\/1"}],"replies":[{"embeddable":true,"href":"https:\/\/absi.ch\/new\/wp-json\/wp\/v2\/comments?post=732"}],"version-history":[{"count":3,"href":"https:\/\/absi.ch\/new\/wp-json\/wp\/v2\/pages\/732\/revisions"}],"predecessor-version":[{"id":747,"href":"https:\/\/absi.ch\/new\/wp-json\/wp\/v2\/pages\/732\/revisions\/747"}],"wp:attachment":[{"href":"https:\/\/absi.ch\/new\/wp-json\/wp\/v2\/media?parent=732"}],"curies":[{"name":"wp","href":"https:\/\/api.w.org\/{rel}","templated":true}]}}