{"id":8976,"date":"2017-04-15T01:28:42","date_gmt":"2017-04-14T23:28:42","guid":{"rendered":"http:\/\/absi.ch\/new\/?page_id=8976"},"modified":"2017-04-15T03:35:44","modified_gmt":"2017-04-15T01:35:44","slug":"presepe-pasquale-2017_2","status":"publish","type":"page","link":"https:\/\/absi.ch\/new\/presepe-pasquale-2017_2\/","title":{"rendered":"Presepe pasquale 2017_2"},"content":{"rendered":"<p>[layout][layout_group][one_sixth]<\/p>\n<p style=\"text-align: justify;\">lavoratori\/pescatori galilei l\u00ec riunito avesse tale abitudine.<br \/>\nLa cena, di carattere pasquale, di cui si parla nei testi evangelici, \u00e8 l\u2019ultima di una serie di incontri conviviali vissuti dal Nazareno nei contesti pi\u00f9 vari, senza badare a convenienze sociali o a norme di purit\u00e0 religiosa, ma pensando essenzialmente alle relazioni umane. In quest\u2019ultima cena, desiderata profondamente da Ges\u00f9 (cfr. Lc 22), in cui egli esprime la sua scelta di donazione anzitutto favore dei presenti, le parole \u201cil mio corpo \u00e8 questo\u201d &#8211; \u201cIl mio sangue dell\u2019alleanza \u00e8 questo\u201d &#8211; \u201cFate questo in memoria di me\u201d appaiono tra le pi\u00f9 probabilmente storiche tra le molte messe in bocca a Ges\u00f9 nei testi evangelici. Esse proiettano qualsiasi lettrice o lettore verso la possibilit\u00e0 di considerare quella come la logica di fondo anche per la propria vita.<\/p>\n<h5 align=\"CENTER\">IL PROCESSO GIUDAICO<\/h5>\n<p style=\"text-align: center;\"><strong>Il primo processo<\/strong><\/p>\n<p style=\"text-align: center;\"><a title=\"03. Getsemani\" href=\"http:\/\/absi.ch\/new\/wp-content\/uploads\/2017\/04\/03.-Getsemani.jpg\" target=\"_blank\"><img loading=\"lazy\" decoding=\"async\" class=\" wp-image-8934 aligncenter\" alt=\"03. Getsemani\" src=\"http:\/\/absi.ch\/new\/wp-content\/uploads\/2017\/04\/03.-Getsemani-1115x836.jpg\" width=\"311\" height=\"232\" srcset=\"https:\/\/absi.ch\/new\/wp-content\/uploads\/2017\/04\/03.-Getsemani-1115x836.jpg 1115w, https:\/\/absi.ch\/new\/wp-content\/uploads\/2017\/04\/03.-Getsemani-300x225.jpg 300w, https:\/\/absi.ch\/new\/wp-content\/uploads\/2017\/04\/03.-Getsemani-249x187.jpg 249w, https:\/\/absi.ch\/new\/wp-content\/uploads\/2017\/04\/03.-Getsemani-528x396.jpg 528w, https:\/\/absi.ch\/new\/wp-content\/uploads\/2017\/04\/03.-Getsemani-737x553.jpg 737w, https:\/\/absi.ch\/new\/wp-content\/uploads\/2017\/04\/03.-Getsemani-1056x792.jpg 1056w, https:\/\/absi.ch\/new\/wp-content\/uploads\/2017\/04\/03.-Getsemani-1474x1106.jpg 1474w\" sizes=\"auto, (max-width: 311px) 100vw, 311px\" \/><\/a><\/p>\n<p style=\"text-align: center;\"><a title=\"04. Luogo Processo giudaico\" href=\"http:\/\/absi.ch\/new\/wp-content\/uploads\/2017\/04\/04.-Luogo-Processo-giudaico_9266.jpg\" target=\"_blank\"><img loading=\"lazy\" decoding=\"async\" class=\"alignrigth  wp-image-8935 aligncenter\" alt=\"04. Luogo Processo giudaico_9266\" src=\"http:\/\/absi.ch\/new\/wp-content\/uploads\/2017\/04\/04.-Luogo-Processo-giudaico_9266-1115x836.jpg\" width=\"311\" height=\"232\" srcset=\"https:\/\/absi.ch\/new\/wp-content\/uploads\/2017\/04\/04.-Luogo-Processo-giudaico_9266-1115x836.jpg 1115w, https:\/\/absi.ch\/new\/wp-content\/uploads\/2017\/04\/04.-Luogo-Processo-giudaico_9266-300x225.jpg 300w, https:\/\/absi.ch\/new\/wp-content\/uploads\/2017\/04\/04.-Luogo-Processo-giudaico_9266-249x187.jpg 249w, https:\/\/absi.ch\/new\/wp-content\/uploads\/2017\/04\/04.-Luogo-Processo-giudaico_9266-528x396.jpg 528w, https:\/\/absi.ch\/new\/wp-content\/uploads\/2017\/04\/04.-Luogo-Processo-giudaico_9266-737x553.jpg 737w, https:\/\/absi.ch\/new\/wp-content\/uploads\/2017\/04\/04.-Luogo-Processo-giudaico_9266-1056x792.jpg 1056w, https:\/\/absi.ch\/new\/wp-content\/uploads\/2017\/04\/04.-Luogo-Processo-giudaico_9266-1474x1106.jpg 1474w\" sizes=\"auto, (max-width: 311px) 100vw, 311px\" \/><\/a><\/p>\n<p>[\/one_sixth][one_sixth]<\/p>\n<p style=\"text-align: justify;\" align=\"JUSTIFY\">Dopo l\u2019arresto, avvenuto al Getsemani <strong>(cfr. plastico &#8211; a destra del punto n. 6) <\/strong>Ges\u00f9 viene portato in Gerusalemme nelle casa del sommo sacerdote Caifa. Di questo edificio sono state individuate dagli archeologi le tracce, che lo collocano nelle vicinanze del Cenacolo <strong>(cfr. plastico &#8211; punto n. 3)<\/strong> ma non ci dicono nulla sul suo aspetto. Siamo tuttavia nello stesso quartiere della citt\u00e0 alta che sotto Erode il Grande era stato profondamente trasformato sul modello romano.<\/p>\n<p style=\"text-align: justify;\" align=\"JUSTIFY\">E un personaggio importante come un sommo sacerdote doveva per forza abitare in un edificio adeguato, qualcosa di pi\u00f9 di una normale casa anche se non un vero palazzo. Di certo sappiamo che disponeva di un ampio cortile recintato, nel quale si svolse l\u2019episodio del rinnegamento di Pietro, e di una sala abbastanza grande per ospitare la riunione notturna Il vangelo secondo Giovanni racconta (Gv 18,13-18) che Giovanni stesso, \u201cnoto al sommo sacerdote\u201d, fece entrare Pietro, attraverso una porta sorvegliata, nell\u2019atrio dove i servi e le guardie stavano in piedi a scaldarsi al fuoco. E gli altri tre evangelisti confermano questa situazione.<\/p>\n<p style=\"text-align: justify;\" align=\"JUSTIFY\">Nulla invece sta scritto circa il locale nel quale si svolge il processo. Le dimensioni notevoli per ospitare una tale assemblea fanno pensare ad un salone di rappresentanza, quindi ad una certa ricercatezza, ma non si trattava in alcun modo del tribunale del Sinedrio, che si trovava altrove, addossato alle mura occidentali del Tempio. Mancava di conseguenza ogni struttura fissa (scranni ecc.). Il vangelo secondo Giovanni (cfr. 18,18) dice che nel cortile i servi avevano acceso dei carboni perch\u00e9 era freddo e anche Pietro stava l\u00ec vicino per scaldarsi. Si pu\u00f2 dunque ragionevolmente supporre che facesse freddo anche nel salone e che pure questo fosse riscaldato e illuminato da grandi bracieri di bronzo.<\/p>\n<p>[\/one_sixth][one_sixth]<\/p>\n<p style=\"text-align: justify;\" align=\"JUSTIFY\">La riunione notturna e la procedura sono del tutto anomale e illegali, tant\u2019\u00e8 che Luca (Lc 22,66ss) precisa come appena fu giorno si dovette tenere una riunione ufficiale nella sede del Sinedrio per dare una veste di legalit\u00e0 formale al processo, mentre durante la notte Ges\u00f9 fu semplicemente trattenuto nella casa, abbandonato agli insulti e alle percosse degli uomini che l\u2019avevano arrestato. Matteo (26,57ss) e Marco (14,53ss) concordano invece sulla versione di un primo processo irrituale notturno seguito da un consiglio mattutino conforme alla procedura. E il modello segue questa versione dei fatti. Solo Giovanni (cfr. 18,19-24) accenna a un doppio interrogatorio notturno, prima da parte di Anna (sommo sacerdote emerito, suocero di Caifa) e poi di Caifa, sommo sacerdote incarica. Sono presenti anche le due altre componenti del Sinedrio, gli Anziani e gli Scribi, cio\u00e8 le persone ragguardevoli per censo e gli studiosi delle Scritture.<\/p>\n<h5 style=\"text-align: center;\">CROCIFISSIONE<\/h5>\n<p><a title=\"05.-Golgota\" href=\"http:\/\/absi.ch\/new\/wp-content\/uploads\/2017\/04\/05.-Golgota.jpg\" target=\"_blank\"><img loading=\"lazy\" decoding=\"async\" class=\"wp-image-8936 aligncenter\" alt=\"05. Golgota\" src=\"http:\/\/absi.ch\/new\/wp-content\/uploads\/2017\/04\/05.-Golgota-1115x836.jpg\" width=\"311\" height=\"232\" srcset=\"https:\/\/absi.ch\/new\/wp-content\/uploads\/2017\/04\/05.-Golgota-1115x836.jpg 1115w, https:\/\/absi.ch\/new\/wp-content\/uploads\/2017\/04\/05.-Golgota-300x225.jpg 300w, https:\/\/absi.ch\/new\/wp-content\/uploads\/2017\/04\/05.-Golgota-249x187.jpg 249w, https:\/\/absi.ch\/new\/wp-content\/uploads\/2017\/04\/05.-Golgota-528x396.jpg 528w, https:\/\/absi.ch\/new\/wp-content\/uploads\/2017\/04\/05.-Golgota-737x553.jpg 737w, https:\/\/absi.ch\/new\/wp-content\/uploads\/2017\/04\/05.-Golgota-1056x792.jpg 1056w, https:\/\/absi.ch\/new\/wp-content\/uploads\/2017\/04\/05.-Golgota-1474x1106.jpg 1474w\" sizes=\"auto, (max-width: 311px) 100vw, 311px\" \/><\/a><\/p>\n<p style=\"text-align: justify;\">La crocifissione di Ges\u00f9 \u00e8 descritta in Mc-Mt-Lc-Gv in modo abbastanza dettagliato per consentire una ricostruzione attendibile.<br \/>\nIl Calvario (o Golgota) era un minuscolo rilievo roccioso alto pochi metri e situato appena fuori le mura della citt\u00e0,<\/p>\n<p>[\/one_sixth][one_sixth]<\/p>\n<p style=\"text-align: justify;\">quasi di fronte alla fortezza Antonia <strong>(cfr. nel plastico &#8211; punto n. 4)<\/strong>. Poich\u00e9 il Calvario era luogo fisso di tutt\u2019altro che rare crocifissioni, un certo numero di pali verticali erano certamente stabilmente presenti e assicurati nella roccia, per risparmiare\u00a0 inutili fatiche agli esecutori. Quello che veniva caricato e legato sulle spalle dei condannati era l\u2019elemento orizzontale, il <em>patibulum<\/em>. La croce tradizionalmente posta sulle spalle del Cristo non corrisponde all\u2019uso. Il condannato, appeso al <em>patibulum<\/em>, veniva poi issato sul palo mediante corde e una scala.<br \/>\nLa procedura romana prevedeva che sul <em>patibulum<\/em> o appeso al collo del condannato ci fosse un cartello con il motivo della condanna\u00a0 (cfr. Gv 19,19; Mc 15,26) o in ebraico, in latino e in greco, e tutti concordano che come reato portava la pretesa di essere re dei Giudei.\u00a0 Abbiamo 4 vangeli e 4 leggermente diverse versioni del testo.<br \/>\nI Padri della Chiesa e gli studiosi della Santa Sindone affermano che sulla croce Cristo era completamente nudo. E la procedura romana prevedeva infatti la denudazione del condannato. I 4 evangelisti sono concordi nel riportare l\u2019episodio dei soldati che sul Calvario si dividono le vesti del Signore come diritto loro spettante per il lavoro svolto. Giovanni entra nel dettaglio della tunica tessuta di un pezzo che viene tirata a sorte, mentre il resto venne diviso in 4 parti, una per soldato (Gv 19,23-24) e cita il Salmo\u00a0 22 (cfr. v. 19). C\u2019erano dunque 4 soldati.<br \/>\nSecondo Matteo (27,31) e Marco (15,20) dopo la flagellazione Cristo viene rivestito con le sue vesti, mentre in Luca e Giovanni non se ne fa cenno. Nel primo\u00a0 caso le vesti arrivano al Calvario indosso a Ges\u00f9, e quando gli vengono tolte di nuovo sono per forza vistosamente insanguinate. Nel secondo caso le vesti arrivano al Calvario perch\u00e9 i 4 soldati non vogliono farsi sfuggire il bottino, e quindi sono pulite.<\/p>\n<p>[\/one_sixth][one_sixth]<\/p>\n<h5 align=\"CENTER\">SEPOLTURA &#8211; RISURREZIONE<\/h5>\n<p><a title=\"06.-Sepolcro\" href=\"http:\/\/absi.ch\/new\/wp-content\/uploads\/2017\/04\/06.-Sepolcro.jpg\" target=\"_blank\"><img loading=\"lazy\" decoding=\"async\" class=\"size-large wp-image-8937 aligncenter\" alt=\"06. Sepolcro\" src=\"http:\/\/absi.ch\/new\/wp-content\/uploads\/2017\/04\/06.-Sepolcro-1115x836.jpg\" width=\"311\" height=\"232\" srcset=\"https:\/\/absi.ch\/new\/wp-content\/uploads\/2017\/04\/06.-Sepolcro-1115x836.jpg 1115w, https:\/\/absi.ch\/new\/wp-content\/uploads\/2017\/04\/06.-Sepolcro-300x225.jpg 300w, https:\/\/absi.ch\/new\/wp-content\/uploads\/2017\/04\/06.-Sepolcro-249x187.jpg 249w, https:\/\/absi.ch\/new\/wp-content\/uploads\/2017\/04\/06.-Sepolcro-528x396.jpg 528w, https:\/\/absi.ch\/new\/wp-content\/uploads\/2017\/04\/06.-Sepolcro-737x553.jpg 737w, https:\/\/absi.ch\/new\/wp-content\/uploads\/2017\/04\/06.-Sepolcro-1056x792.jpg 1056w, https:\/\/absi.ch\/new\/wp-content\/uploads\/2017\/04\/06.-Sepolcro-1474x1106.jpg 1474w\" sizes=\"auto, (max-width: 311px) 100vw, 311px\" \/><\/a><\/p>\n<p><a title=\"07.-E-risorto-2\" href=\"http:\/\/absi.ch\/new\/wp-content\/uploads\/2017\/04\/07.-E-risorto-2.jpg\" target=\"_blank\"><img loading=\"lazy\" decoding=\"async\" class=\"size-large wp-image-8938 aligncenter\" alt=\"07. E' risorto 2\" src=\"http:\/\/absi.ch\/new\/wp-content\/uploads\/2017\/04\/07.-E-risorto-2-1115x909.jpg\" width=\"311\" height=\"232\" srcset=\"https:\/\/absi.ch\/new\/wp-content\/uploads\/2017\/04\/07.-E-risorto-2-249x187.jpg 249w, https:\/\/absi.ch\/new\/wp-content\/uploads\/2017\/04\/07.-E-risorto-2-528x396.jpg 528w, https:\/\/absi.ch\/new\/wp-content\/uploads\/2017\/04\/07.-E-risorto-2-737x553.jpg 737w, https:\/\/absi.ch\/new\/wp-content\/uploads\/2017\/04\/07.-E-risorto-2-1056x792.jpg 1056w, https:\/\/absi.ch\/new\/wp-content\/uploads\/2017\/04\/07.-E-risorto-2-1474x1106.jpg 1474w\" sizes=\"auto, (max-width: 311px) 100vw, 311px\" \/><\/a><\/p>\n<p style=\"text-align: justify;\">Centro dell\u2019intera vicenda pasquale e fondamento della fede cristiana \u00e8 la Resurrezione, che per\u00f2 \u00e8 anche un evento assolutamente straordinario, senza precedenti, avvenuto nel silenzio della notte, nel chiuso del sepolcro e in modo del tutto misterioso. Come sarebbe dunque possibile rappresentarlo?<br \/>\nIn una scena post factum il Cristo risorto che appare alle donne o ai discepoli di Emmaus o agli Apostoli riuniti \u00e8 per un verso lo stesso di prima e tutto diverso, tanto che dapprima non lo riconoscono. Non \u00e8 un risuscitato, uno tornato alla vita come Lazzaro o la figlia di Giairo (che poi moriranno di nuovo). \u00c8 uno che \u00e8 entrato in una vita nuova e per sempre.<\/p>\n<p>[\/one_sixth][one_sixth]<\/p>\n<p style=\"text-align: justify;\">Secondo i dati di vari studi archeologici, la collina attigua al Calvario, e meglio una piccola porzione del suo fianco orientale, era una cava di pietra nelle pareti della\u00a0 quale erano scavati dei sepolcri <strong>(cfr. nel plastico &#8211; punto n. 5)<\/strong>. Nella nostra rappresentazione ve ne sono due, uno chiuso e uno aperto. Da quest\u2019ultimo esce un fascio di luce bianca, come la traccia dell\u2019avvenimento e la scia di una presenza (che si potrebbe collegare con quella degli angeli risplendenti di Lc 24,4 e Mt 28,3). Del resto, sia la pittura \u2018alta\u2019 sia soprattutto quella popolare e devozionale hanno rappresentato il Cristo risorto diverso dal precedente, e spesso lo connotano con un alone luminoso o con simbolo equivalente. Collina e cava sono state spianate e sono oggi ricoperte dalla chiesa del S.Sepolcro.<br \/>\nImportanti sono le figure di donna: sono quelle che vengono di buon mattino con gli aromi, e sono le stesse che accompagnavano Ges\u00f9 verso Gerusalemme e poi sul Calvario. Gv 20\u00a0 ne cita una sola (Maria Maddalena), Lc 24 tre e pi\u00f9, Mc 16 tre e Mt 28 due. Poche ore dopo, anche Pietro e Giovanni si troveranno a guardare dentro lo stesso sepolcro, vedranno il sudario ripiegato e le bende per terra (Gv 20,5-6) e forse anche il lenzuolo bianco che avvolgeva la salma (Lc 23,53 \/Mc 15,46\/ Mt 27,59).<br \/>\nUn\u2019ultima considerazione, forse non immediata e che sembra importante: questa scena coinvolge (o dovrebbe farlo!) in modo del tutto particolare perch\u00e9, come ricorda Paolo (Romani 6,3-4) noi\u00a0<em> siamo stati battezzati nella sua morte. Dunque siamo stati sepolti con lui nella sua morte mediante il battesimo, affinch\u00e9 come Cristo \u00e8 risuscitato dai morti\u2026cos\u00ec noi pure dobbiamo camminare in una vita nuova. Una vita che \u00e8 degna di lui solo se cerca di svolgersi per amore e anzitutto per amore\u2026<\/em><\/p>\n<p style=\"text-align: justify;\"><a href=\"https:\/\/goo.gl\/photos\/SJZRfrJ8xr27H3bZ7\" target=\"_blank\"><em>&gt; pi\u00f9 fotografie su https:\/\/goo.gl\/photos\/SJZRfrJ8xr27H3bZ7<\/em><\/a><\/p>\n<p>[\/one_sixth][\/layout_group][\/layout]<\/p>\n<p><span style=\"border-radius: 2px; text-indent: 20px; width: auto; padding: 0px 4px 0px 0px; text-align: center; font: bold 11px\/20px 'Helvetica Neue',Helvetica,sans-serif; color: #ffffff; background: #bd081c url('data:image\/svg+xml;base64,PHN2ZyB4bWxucz0iaHR0cDovL3d3dy53My5vcmcvMjAwMC9zdmciIGhlaWdodD0iMzBweCIgd2lkdGg9IjMwcHgiIHZpZXdCb3g9Ii0xIC0xIDMxIDMxIj48Zz48cGF0aCBkPSJNMjkuNDQ5LDE0LjY2MiBDMjkuNDQ5LDIyLjcyMiAyMi44NjgsMjkuMjU2IDE0Ljc1LDI5LjI1NiBDNi42MzIsMjkuMjU2IDAuMDUxLDIyLjcyMiAwLjA1MSwxNC42NjIgQzAuMDUxLDYuNjAxIDYuNjMyLDAuMDY3IDE0Ljc1LDAuMDY3IEMyMi44NjgsMC4wNjcgMjkuNDQ5LDYuNjAxIDI5LjQ0OSwxNC42NjIiIGZpbGw9IiNmZmYiIHN0cm9rZT0iI2ZmZiIgc3Ryb2tlLXdpZHRoPSIxIj48L3BhdGg+PHBhdGggZD0iTTE0LjczMywxLjY4NiBDNy41MTYsMS42ODYgMS42NjUsNy40OTUgMS42NjUsMTQuNjYyIEMxLjY2NSwyMC4xNTkgNS4xMDksMjQuODU0IDkuOTcsMjYuNzQ0IEM5Ljg1NiwyNS43MTggOS43NTMsMjQuMTQzIDEwLjAxNiwyMy4wMjIgQzEwLjI1MywyMi4wMSAxMS41NDgsMTYuNTcyIDExLjU0OCwxNi41NzIgQzExLjU0OCwxNi41NzIgMTEuMTU3LDE1Ljc5NSAxMS4xNTcsMTQuNjQ2IEMxMS4xNTcsMTIuODQyIDEyLjIxMSwxMS40OTUgMTMuNTIyLDExLjQ5NSBDMTQuNjM3LDExLjQ5NSAxNS4xNzUsMTIuMzI2IDE1LjE3NSwxMy4zMjMgQzE1LjE3NSwxNC40MzYgMTQuNDYyLDE2LjEgMTQuMDkzLDE3LjY0MyBDMTMuNzg1LDE4LjkzNSAxNC43NDUsMTkuOTg4IDE2LjAyOCwxOS45ODggQzE4LjM1MSwxOS45ODggMjAuMTM2LDE3LjU1NiAyMC4xMzYsMTQuMDQ2IEMyMC4xMzYsMTAuOTM5IDE3Ljg4OCw4Ljc2NyAxNC42NzgsOC43NjcgQzEwLjk1OSw4Ljc2NyA4Ljc3NywxMS41MzYgOC43NzcsMTQuMzk4IEM4Ljc3NywxNS41MTMgOS4yMSwxNi43MDkgOS43NDksMTcuMzU5IEM5Ljg1NiwxNy40ODggOS44NzIsMTcuNiA5Ljg0LDE3LjczMSBDOS43NDEsMTguMTQxIDkuNTIsMTkuMDIzIDkuNDc3LDE5LjIwMyBDOS40MiwxOS40NCA5LjI4OCwxOS40OTEgOS4wNCwxOS4zNzYgQzcuNDA4LDE4LjYyMiA2LjM4NywxNi4yNTIgNi4zODcsMTQuMzQ5IEM2LjM4NywxMC4yNTYgOS4zODMsNi40OTcgMTUuMDIyLDYuNDk3IEMxOS41NTUsNi40OTcgMjMuMDc4LDkuNzA1IDIzLjA3OCwxMy45OTEgQzIzLjA3OCwxOC40NjMgMjAuMjM5LDIyLjA2MiAxNi4yOTcsMjIuMDYyIEMxNC45NzMsMjIuMDYyIDEzLjcyOCwyMS4zNzkgMTMuMzAyLDIwLjU3MiBDMTMuMzAyLDIwLjU3MiAxMi42NDcsMjMuMDUgMTIuNDg4LDIzLjY1NyBDMTIuMTkzLDI0Ljc4NCAxMS4zOTYsMjYuMTk2IDEwLjg2MywyNy4wNTggQzEyLjA4NiwyNy40MzQgMTMuMzg2LDI3LjYzNyAxNC43MzMsMjcuNjM3IEMyMS45NSwyNy42MzcgMjcuODAxLDIxLjgyOCAyNy44MDEsMTQuNjYyIEMyNy44MDEsNy40OTUgMjEuOTUsMS42ODYgMTQuNzMzLDEuNjg2IiBmaWxsPSIjYmQwODFjIj48L3BhdGg+PC9nPjwvc3ZnPg==') no-repeat scroll 3px 50% \/ 14px 14px; position: absolute; opacity: 1; z-index: 8675309; display: none; cursor: pointer; top: 1397px; left: 380px;\">Save<\/span><\/p>\n<p><span style=\"border-radius: 2px; text-indent: 20px; width: auto; padding: 0px 4px 0px 0px; text-align: center; font: bold 11px\/20px 'Helvetica Neue',Helvetica,sans-serif; color: #ffffff; background: #bd081c url('data:image\/svg+xml;base64,PHN2ZyB4bWxucz0iaHR0cDovL3d3dy53My5vcmcvMjAwMC9zdmciIGhlaWdodD0iMzBweCIgd2lkdGg9IjMwcHgiIHZpZXdCb3g9Ii0xIC0xIDMxIDMxIj48Zz48cGF0aCBkPSJNMjkuNDQ5LDE0LjY2MiBDMjkuNDQ5LDIyLjcyMiAyMi44NjgsMjkuMjU2IDE0Ljc1LDI5LjI1NiBDNi42MzIsMjkuMjU2IDAuMDUxLDIyLjcyMiAwLjA1MSwxNC42NjIgQzAuMDUxLDYuNjAxIDYuNjMyLDAuMDY3IDE0Ljc1LDAuMDY3IEMyMi44NjgsMC4wNjcgMjkuNDQ5LDYuNjAxIDI5LjQ0OSwxNC42NjIiIGZpbGw9IiNmZmYiIHN0cm9rZT0iI2ZmZiIgc3Ryb2tlLXdpZHRoPSIxIj48L3BhdGg+PHBhdGggZD0iTTE0LjczMywxLjY4NiBDNy41MTYsMS42ODYgMS42NjUsNy40OTUgMS42NjUsMTQuNjYyIEMxLjY2NSwyMC4xNTkgNS4xMDksMjQuODU0IDkuOTcsMjYuNzQ0IEM5Ljg1NiwyNS43MTggOS43NTMsMjQuMTQzIDEwLjAxNiwyMy4wMjIgQzEwLjI1MywyMi4wMSAxMS41NDgsMTYuNTcyIDExLjU0OCwxNi41NzIgQzExLjU0OCwxNi41NzIgMTEuMTU3LDE1Ljc5NSAxMS4xNTcsMTQuNjQ2IEMxMS4xNTcsMTIuODQyIDEyLjIxMSwxMS40OTUgMTMuNTIyLDExLjQ5NSBDMTQuNjM3LDExLjQ5NSAxNS4xNzUsMTIuMzI2IDE1LjE3NSwxMy4zMjMgQzE1LjE3NSwxNC40MzYgMTQuNDYyLDE2LjEgMTQuMDkzLDE3LjY0MyBDMTMuNzg1LDE4LjkzNSAxNC43NDUsMTkuOTg4IDE2LjAyOCwxOS45ODggQzE4LjM1MSwxOS45ODggMjAuMTM2LDE3LjU1NiAyMC4xMzYsMTQuMDQ2IEMyMC4xMzYsMTAuOTM5IDE3Ljg4OCw4Ljc2NyAxNC42NzgsOC43NjcgQzEwLjk1OSw4Ljc2NyA4Ljc3NywxMS41MzYgOC43NzcsMTQuMzk4IEM4Ljc3NywxNS41MTMgOS4yMSwxNi43MDkgOS43NDksMTcuMzU5IEM5Ljg1NiwxNy40ODggOS44NzIsMTcuNiA5Ljg0LDE3LjczMSBDOS43NDEsMTguMTQxIDkuNTIsMTkuMDIzIDkuNDc3LDE5LjIwMyBDOS40MiwxOS40NCA5LjI4OCwxOS40OTEgOS4wNCwxOS4zNzYgQzcuNDA4LDE4LjYyMiA2LjM4NywxNi4yNTIgNi4zODcsMTQuMzQ5IEM2LjM4NywxMC4yNTYgOS4zODMsNi40OTcgMTUuMDIyLDYuNDk3IEMxOS41NTUsNi40OTcgMjMuMDc4LDkuNzA1IDIzLjA3OCwxMy45OTEgQzIzLjA3OCwxOC40NjMgMjAuMjM5LDIyLjA2MiAxNi4yOTcsMjIuMDYyIEMxNC45NzMsMjIuMDYyIDEzLjcyOCwyMS4zNzkgMTMuMzAyLDIwLjU3MiBDMTMuMzAyLDIwLjU3MiAxMi42NDcsMjMuMDUgMTIuNDg4LDIzLjY1NyBDMTIuMTkzLDI0Ljc4NCAxMS4zOTYsMjYuMTk2IDEwLjg2MywyNy4wNTggQzEyLjA4NiwyNy40MzQgMTMuMzg2LDI3LjYzNyAxNC43MzMsMjcuNjM3IEMyMS45NSwyNy42MzcgMjcuODAxLDIxLjgyOCAyNy44MDEsMTQuNjYyIEMyNy44MDEsNy40OTUgMjEuOTUsMS42ODYgMTQuNzMzLDEuNjg2IiBmaWxsPSIjYmQwODFjIj48L3BhdGg+PC9nPjwvc3ZnPg==') no-repeat scroll 3px 50% \/ 14px 14px; position: absolute; opacity: 1; z-index: 8675309; display: none; cursor: pointer;\">Save<\/span><\/p>\n<p><span style=\"border-radius: 2px; text-indent: 20px; width: auto; padding: 0px 4px 0px 0px; text-align: center; font: bold 11px\/20px 'Helvetica Neue',Helvetica,sans-serif; color: #ffffff; background: #bd081c url('data:image\/svg+xml;base64,PHN2ZyB4bWxucz0iaHR0cDovL3d3dy53My5vcmcvMjAwMC9zdmciIGhlaWdodD0iMzBweCIgd2lkdGg9IjMwcHgiIHZpZXdCb3g9Ii0xIC0xIDMxIDMxIj48Zz48cGF0aCBkPSJNMjkuNDQ5LDE0LjY2MiBDMjkuNDQ5LDIyLjcyMiAyMi44NjgsMjkuMjU2IDE0Ljc1LDI5LjI1NiBDNi42MzIsMjkuMjU2IDAuMDUxLDIyLjcyMiAwLjA1MSwxNC42NjIgQzAuMDUxLDYuNjAxIDYuNjMyLDAuMDY3IDE0Ljc1LDAuMDY3IEMyMi44NjgsMC4wNjcgMjkuNDQ5LDYuNjAxIDI5LjQ0OSwxNC42NjIiIGZpbGw9IiNmZmYiIHN0cm9rZT0iI2ZmZiIgc3Ryb2tlLXdpZHRoPSIxIj48L3BhdGg+PHBhdGggZD0iTTE0LjczMywxLjY4NiBDNy41MTYsMS42ODYgMS42NjUsNy40OTUgMS42NjUsMTQuNjYyIEMxLjY2NSwyMC4xNTkgNS4xMDksMjQuODU0IDkuOTcsMjYuNzQ0IEM5Ljg1NiwyNS43MTggOS43NTMsMjQuMTQzIDEwLjAxNiwyMy4wMjIgQzEwLjI1MywyMi4wMSAxMS41NDgsMTYuNTcyIDExLjU0OCwxNi41NzIgQzExLjU0OCwxNi41NzIgMTEuMTU3LDE1Ljc5NSAxMS4xNTcsMTQuNjQ2IEMxMS4xNTcsMTIuODQyIDEyLjIxMSwxMS40OTUgMTMuNTIyLDExLjQ5NSBDMTQuNjM3LDExLjQ5NSAxNS4xNzUsMTIuMzI2IDE1LjE3NSwxMy4zMjMgQzE1LjE3NSwxNC40MzYgMTQuNDYyLDE2LjEgMTQuMDkzLDE3LjY0MyBDMTMuNzg1LDE4LjkzNSAxNC43NDUsMTkuOTg4IDE2LjAyOCwxOS45ODggQzE4LjM1MSwxOS45ODggMjAuMTM2LDE3LjU1NiAyMC4xMzYsMTQuMDQ2IEMyMC4xMzYsMTAuOTM5IDE3Ljg4OCw4Ljc2NyAxNC42NzgsOC43NjcgQzEwLjk1OSw4Ljc2NyA4Ljc3NywxMS41MzYgOC43NzcsMTQuMzk4IEM4Ljc3NywxNS41MTMgOS4yMSwxNi43MDkgOS43NDksMTcuMzU5IEM5Ljg1NiwxNy40ODggOS44NzIsMTcuNiA5Ljg0LDE3LjczMSBDOS43NDEsMTguMTQxIDkuNTIsMTkuMDIzIDkuNDc3LDE5LjIwMyBDOS40MiwxOS40NCA5LjI4OCwxOS40OTEgOS4wNCwxOS4zNzYgQzcuNDA4LDE4LjYyMiA2LjM4NywxNi4yNTIgNi4zODcsMTQuMzQ5IEM2LjM4NywxMC4yNTYgOS4zODMsNi40OTcgMTUuMDIyLDYuNDk3IEMxOS41NTUsNi40OTcgMjMuMDc4LDkuNzA1IDIzLjA3OCwxMy45OTEgQzIzLjA3OCwxOC40NjMgMjAuMjM5LDIyLjA2MiAxNi4yOTcsMjIuMDYyIEMxNC45NzMsMjIuMDYyIDEzLjcyOCwyMS4zNzkgMTMuMzAyLDIwLjU3MiBDMTMuMzAyLDIwLjU3MiAxMi42NDcsMjMuMDUgMTIuNDg4LDIzLjY1NyBDMTIuMTkzLDI0Ljc4NCAxMS4zOTYsMjYuMTk2IDEwLjg2MywyNy4wNTggQzEyLjA4NiwyNy40MzQgMTMuMzg2LDI3LjYzNyAxNC43MzMsMjcuNjM3IEMyMS45NSwyNy42MzcgMjcuODAxLDIxLjgyOCAyNy44MDEsMTQuNjYyIEMyNy44MDEsNy40OTUgMjEuOTUsMS42ODYgMTQuNzMzLDEuNjg2IiBmaWxsPSIjYmQwODFjIj48L3BhdGg+PC9nPjwvc3ZnPg==') no-repeat scroll 3px 50% \/ 14px 14px; position: absolute; opacity: 1; z-index: 8675309; display: none; cursor: pointer;\">Save<\/span><\/p>\n<p><span style=\"border-radius: 2px; text-indent: 20px; width: auto; padding: 0px 4px 0px 0px; text-align: center; font: bold 11px\/20px 'Helvetica Neue',Helvetica,sans-serif; color: #ffffff; background: #bd081c url('data:image\/svg+xml;base64,PHN2ZyB4bWxucz0iaHR0cDovL3d3dy53My5vcmcvMjAwMC9zdmciIGhlaWdodD0iMzBweCIgd2lkdGg9IjMwcHgiIHZpZXdCb3g9Ii0xIC0xIDMxIDMxIj48Zz48cGF0aCBkPSJNMjkuNDQ5LDE0LjY2MiBDMjkuNDQ5LDIyLjcyMiAyMi44NjgsMjkuMjU2IDE0Ljc1LDI5LjI1NiBDNi42MzIsMjkuMjU2IDAuMDUxLDIyLjcyMiAwLjA1MSwxNC42NjIgQzAuMDUxLDYuNjAxIDYuNjMyLDAuMDY3IDE0Ljc1LDAuMDY3IEMyMi44NjgsMC4wNjcgMjkuNDQ5LDYuNjAxIDI5LjQ0OSwxNC42NjIiIGZpbGw9IiNmZmYiIHN0cm9rZT0iI2ZmZiIgc3Ryb2tlLXdpZHRoPSIxIj48L3BhdGg+PHBhdGggZD0iTTE0LjczMywxLjY4NiBDNy41MTYsMS42ODYgMS42NjUsNy40OTUgMS42NjUsMTQuNjYyIEMxLjY2NSwyMC4xNTkgNS4xMDksMjQuODU0IDkuOTcsMjYuNzQ0IEM5Ljg1NiwyNS43MTggOS43NTMsMjQuMTQzIDEwLjAxNiwyMy4wMjIgQzEwLjI1MywyMi4wMSAxMS41NDgsMTYuNTcyIDExLjU0OCwxNi41NzIgQzExLjU0OCwxNi41NzIgMTEuMTU3LDE1Ljc5NSAxMS4xNTcsMTQuNjQ2IEMxMS4xNTcsMTIuODQyIDEyLjIxMSwxMS40OTUgMTMuNTIyLDExLjQ5NSBDMTQuNjM3LDExLjQ5NSAxNS4xNzUsMTIuMzI2IDE1LjE3NSwxMy4zMjMgQzE1LjE3NSwxNC40MzYgMTQuNDYyLDE2LjEgMTQuMDkzLDE3LjY0MyBDMTMuNzg1LDE4LjkzNSAxNC43NDUsMTkuOTg4IDE2LjAyOCwxOS45ODggQzE4LjM1MSwxOS45ODggMjAuMTM2LDE3LjU1NiAyMC4xMzYsMTQuMDQ2IEMyMC4xMzYsMTAuOTM5IDE3Ljg4OCw4Ljc2NyAxNC42NzgsOC43NjcgQzEwLjk1OSw4Ljc2NyA4Ljc3NywxMS41MzYgOC43NzcsMTQuMzk4IEM4Ljc3NywxNS41MTMgOS4yMSwxNi43MDkgOS43NDksMTcuMzU5IEM5Ljg1NiwxNy40ODggOS44NzIsMTcuNiA5Ljg0LDE3LjczMSBDOS43NDEsMTguMTQxIDkuNTIsMTkuMDIzIDkuNDc3LDE5LjIwMyBDOS40MiwxOS40NCA5LjI4OCwxOS40OTEgOS4wNCwxOS4zNzYgQzcuNDA4LDE4LjYyMiA2LjM4NywxNi4yNTIgNi4zODcsMTQuMzQ5IEM2LjM4NywxMC4yNTYgOS4zODMsNi40OTcgMTUuMDIyLDYuNDk3IEMxOS41NTUsNi40OTcgMjMuMDc4LDkuNzA1IDIzLjA3OCwxMy45OTEgQzIzLjA3OCwxOC40NjMgMjAuMjM5LDIyLjA2MiAxNi4yOTcsMjIuMDYyIEMxNC45NzMsMjIuMDYyIDEzLjcyOCwyMS4zNzkgMTMuMzAyLDIwLjU3MiBDMTMuMzAyLDIwLjU3MiAxMi42NDcsMjMuMDUgMTIuNDg4LDIzLjY1NyBDMTIuMTkzLDI0Ljc4NCAxMS4zOTYsMjYuMTk2IDEwLjg2MywyNy4wNTggQzEyLjA4NiwyNy40MzQgMTMuMzg2LDI3LjYzNyAxNC43MzMsMjcuNjM3IEMyMS45NSwyNy42MzcgMjcuODAxLDIxLjgyOCAyNy44MDEsMTQuNjYyIEMyNy44MDEsNy40OTUgMjEuOTUsMS42ODYgMTQuNzMzLDEuNjg2IiBmaWxsPSIjYmQwODFjIj48L3BhdGg+PC9nPjwvc3ZnPg==') no-repeat scroll 3px 50% \/ 14px 14px; position: absolute; opacity: 1; z-index: 8675309; display: none; cursor: pointer; top: 2579px; left: 286px;\">Save<\/span><\/p>\n<div id=\"themify_builder_content-8976\" data-postid=\"8976\" class=\"themify_builder_content themify_builder_content-8976 themify_builder\">\n    <\/div>\n<!-- \/themify_builder_content -->\n","protected":false},"excerpt":{"rendered":"<p>[layout][layout_group][one_sixth] lavoratori\/pescatori galilei l\u00ec riunito avesse tale abitudine. La cena, di carattere pasquale, di cui si parla nei testi evangelici, \u00e8 l\u2019ultima di una serie di incontri conviviali vissuti dal Nazareno nei contesti pi\u00f9 vari, senza badare a convenienze sociali o a norme di purit\u00e0 religiosa, ma pensando essenzialmente alle relazioni umane. In quest\u2019ultima cena, [&hellip;]<\/p>\n","protected":false},"author":1,"featured_media":0,"parent":0,"menu_order":0,"comment_status":"closed","ping_status":"open","template":"","meta":{"footnotes":""},"class_list":["post-8976","page","type-page","status-publish","hentry","has-post-title","no-post-date","has-post-category","has-post-tag","has-post-comment","has-post-author",""],"builder_content":"","_links":{"self":[{"href":"https:\/\/absi.ch\/new\/wp-json\/wp\/v2\/pages\/8976","targetHints":{"allow":["GET"]}}],"collection":[{"href":"https:\/\/absi.ch\/new\/wp-json\/wp\/v2\/pages"}],"about":[{"href":"https:\/\/absi.ch\/new\/wp-json\/wp\/v2\/types\/page"}],"author":[{"embeddable":true,"href":"https:\/\/absi.ch\/new\/wp-json\/wp\/v2\/users\/1"}],"replies":[{"embeddable":true,"href":"https:\/\/absi.ch\/new\/wp-json\/wp\/v2\/comments?post=8976"}],"version-history":[{"count":53,"href":"https:\/\/absi.ch\/new\/wp-json\/wp\/v2\/pages\/8976\/revisions"}],"predecessor-version":[{"id":9077,"href":"https:\/\/absi.ch\/new\/wp-json\/wp\/v2\/pages\/8976\/revisions\/9077"}],"wp:attachment":[{"href":"https:\/\/absi.ch\/new\/wp-json\/wp\/v2\/media?parent=8976"}],"curies":[{"name":"wp","href":"https:\/\/api.w.org\/{rel}","templated":true}]}}